{"id":109,"date":"2022-09-08T10:38:58","date_gmt":"2022-09-08T10:38:58","guid":{"rendered":"https:\/\/meat-machine.com\/?post_type=product&#038;p=109"},"modified":"2026-03-17T17:54:44","modified_gmt":"2026-03-17T09:54:44","slug":"maquina-para-hacer-albondigas","status":"publish","type":"product","link":"https:\/\/meat-machine.com\/es\/product\/meatball-making-machine\/","title":{"rendered":"M\u00e1quina para hacer alb\u00f3ndigas"},"content":{"rendered":"<div class=\"kk-star-ratings kksr-auto kksr-align-left kksr-valign-top\"     data-payload='{&quot;align&quot;:&quot;left&quot;,&quot;id&quot;:&quot;109&quot;,&quot;slug&quot;:&quot;default&quot;,&quot;valign&quot;:&quot;top&quot;,&quot;ignore&quot;:&quot;&quot;,&quot;reference&quot;:&quot;auto&quot;,&quot;class&quot;:&quot;&quot;,&quot;count&quot;:&quot;26&quot;,&quot;legendonly&quot;:&quot;&quot;,&quot;readonly&quot;:&quot;&quot;,&quot;score&quot;:&quot;4.8&quot;,&quot;starsonly&quot;:&quot;&quot;,&quot;best&quot;:&quot;5&quot;,&quot;gap&quot;:&quot;5&quot;,&quot;greet&quot;:&quot;Rate this product&quot;,&quot;legend&quot;:&quot;4.8\\\/5 - (26 votos)&quot;,&quot;size&quot;:&quot;24&quot;,&quot;title&quot;:&quot;Meatball Making Machine&quot;,&quot;width&quot;:&quot;136.7&quot;,&quot;_legend&quot;:&quot;{score}\\\/{best} - ({count} {votes})&quot;,&quot;font_factor&quot;:&quot;1.25&quot;}'>              <div class=\"kksr-stars\">      <div class=\"kksr-stars-inactive\">             <div class=\"kksr-star\" data-star=\"1\" style=\"padding-right: 5px\">               <div class=\"kksr-icon\" style=\"width: 24px; height: 24px;\"><\/div>         <\/div>             <div class=\"kksr-star\" data-star=\"2\" style=\"padding-right: 5px\">               <div class=\"kksr-icon\" style=\"width: 24px; height: 24px;\"><\/div>         <\/div>             <div class=\"kksr-star\" data-star=\"3\" style=\"padding-right: 5px\">               <div class=\"kksr-icon\" style=\"width: 24px; height: 24px;\"><\/div>         <\/div>             <div class=\"kksr-star\" data-star=\"4\" style=\"padding-right: 5px\">               <div class=\"kksr-icon\" style=\"width: 24px; height: 24px;\"><\/div>         <\/div>             <div class=\"kksr-star\" data-star=\"5\" style=\"padding-right: 5px\">               <div class=\"kksr-icon\" style=\"width: 24px; height: 24px;\"><\/div>         <\/div>     <\/div>      <div class=\"kksr-stars-active\" style=\"width: 136.7px;\">             <div class=\"kksr-star\" style=\"padding-right: 5px\">               <div class=\"kksr-icon\" style=\"width: 24px; height: 24px;\"><\/div>         <\/div>             <div class=\"kksr-star\" style=\"padding-right: 5px\">               <div class=\"kksr-icon\" style=\"width: 24px; height: 24px;\"><\/div>         <\/div>             <div class=\"kksr-star\" style=\"padding-right: 5px\">               <div class=\"kksr-icon\" style=\"width: 24px; height: 24px;\"><\/div>         <\/div>             <div class=\"kksr-star\" style=\"padding-right: 5px\">               <div class=\"kksr-icon\" style=\"width: 24px; height: 24px;\"><\/div>         <\/div>             <div class=\"kksr-star\" style=\"padding-right: 5px\">               <div class=\"kksr-icon\" style=\"width: 24px; height: 24px;\"><\/div>         <\/div>     <\/div> <\/div>                   <div class=\"kksr-legend\" style=\"font-size: 19.2px;\">             4,8\/5 - (26 votos)    <\/div>     <\/div>  <p class=\"wp-block-paragraph translation-block\">La <strong>m\u00e1quina para hacer alb\u00f3ndigas<\/strong> puede formar autom\u00e1ticamente alb\u00f3ndigas uniformes y suaves a partir de pasta de carne preparada. Con un sistema de formaci\u00f3n autom\u00e1tico, la m\u00e1quina puede producir continuamente alb\u00f3ndigas de tama\u00f1o uniforme, forma redonda y peso estable. <\/p>    <p class=\"wp-block-paragraph translation-block\">La m\u00e1quina puede producir tanto <strong>alb\u00f3ndigas s\u00f3lidas como alb\u00f3ndigas rellenas<\/strong>, satisfaciendo las necesidades de diferentes productos alimenticios. Su capacidad de producci\u00f3n puede alcanzar <strong>500\u2013600 unidades\/min<\/strong>, mejorando en gran medida la eficiencia de producci\u00f3n para procesamiento a gran escala.<\/p>    <p class=\"wp-block-paragraph translation-block\">La m\u00e1quina para hacer alb\u00f3ndigas puede procesar una variedad de materias primas, incluyendo <strong>pasta de carne de res, pasta de cerdo, pasta de pollo, pasta de pescado y materiales de carne mezclada<\/strong>. Tambi\u00e9n puede manejar mezclas combinadas con almid\u00f3n, condimentos y otros ingredientes, lo que la hace adecuada para producir alb\u00f3ndigas de res, cerdo, pollo, pescado y otros productos similares.<\/p>    <p class=\"wp-block-paragraph\">Se utiliza ampliamente en plantas de procesamiento de alimentos, cocinas centrales, restaurantes y f\u00e1bricas de alimentos congelados para mejorar la eficiencia de producci\u00f3n y garantizar una calidad constante del producto. <\/p>    <figure class=\"wp-block-embed is-type-video is-provider-youtube wp-block-embed-youtube wp-embed-aspect-9-16 wp-has-aspect-ratio\"><div class=\"wp-block-embed__wrapper\"> <iframe loading=\"lazy\" title=\"M\u00e1quina comercial para hacer alb\u00f3ndigas | Alta eficiencia en la producci\u00f3n de alb\u00f3ndigas #alb\u00f3ndigas #procesamientodealimentos\" width=\"422\" height=\"750\" src=\"https:\/\/www.youtube.com\/embed\/66EHhpuL-2U?feature=oembed\" frameborder=\"0\" allow=\"accelerometer; autoplay; clipboard-write; encrypted-media; gyroscope; picture-in-picture; web-share\" referrerpolicy=\"strict-origin-when-cross-origin\" allowfullscreen><\/iframe> <\/div><figcaption class=\"wp-element-caption\">V\u00eddeo de funcionamiento de la m\u00e1quina para hacer alb\u00f3ndigas.<\/figcaption><\/figure>    <h2 id=\"h-how-are-meatballs-made\" class=\"wp-block-heading\">\u00bfC\u00f3mo se hacen las alb\u00f3ndigas?<\/h2>    <div class=\"wp-block-media-text is-stacked-on-mobile\"><figure class=\"wp-block-media-text__media\"><img loading=\"lazy\" decoding=\"async\" width=\"720\" height=\"540\" src=\"https:\/\/meat-machine.com\/wp-content\/uploads\/2022\/09\/meat-ball-making-machine-for-sale.webp\" alt=\"M\u00e1quina para hacer alb\u00f3ndigas en venta\" class=\"wp-image-751 size-full\" title=\"\" srcset=\"https:\/\/meat-machine.com\/wp-content\/uploads\/2022\/09\/meat-ball-making-machine-for-sale.webp 720w, https:\/\/meat-machine.com\/wp-content\/uploads\/2022\/09\/meat-ball-making-machine-for-sale-300x225.webp 300w, https:\/\/meat-machine.com\/wp-content\/uploads\/2022\/09\/meat-ball-making-machine-for-sale-16x12.webp 16w\" sizes=\"auto, (max-width: 720px) 100vw, 720px\" \/><\/figure><div class=\"wp-block-media-text__content\"> <ul class=\"wp-block-list\"> <li>Limpiar la carne.<br>Aseg\u00farese de que la carne est\u00e9 completamente limpia para mantener la higiene.<\/li>    <li>Pica la carne.<br>Utilice un comercial <a href=\"https:\/\/meat-machine.com\/es\/producto\/maquina-picadora-de-carne-comercial\/\" data-type=\"link\" data-id=\"https:\/\/meat-machine.com\/product\/commercial-meat-mincer-machine\/\">m\u00e1quina picadora de carne<\/a> Cortar la carne en trozos peque\u00f1os.<\/li> <\/ul> <\/div><\/div>    <div class=\"wp-block-media-text has-media-on-the-right is-stacked-on-mobile\"><div class=\"wp-block-media-text__content\"> <ul class=\"wp-block-list\"> <li>Haz una pasta de carne.<br>Procese la carne cortada en cubitos hasta obtener una pasta suave con un despulpador de carne.<\/li>    <li>Preparar carne picada.<br>Transfiera la pasta de carne a un machacador de carne para batir y mezclar hasta obtener una consistencia finamente picada.<\/li> <\/ul> <\/div><figure class=\"wp-block-media-text__media\"><img loading=\"lazy\" decoding=\"async\" width=\"720\" height=\"540\" src=\"https:\/\/meat-machine.com\/wp-content\/uploads\/2022\/09\/meatball.webp\" alt=\"alb\u00f3ndiga\" class=\"wp-image-893 size-full\" title=\"\" srcset=\"https:\/\/meat-machine.com\/wp-content\/uploads\/2022\/09\/meatball.webp 720w, https:\/\/meat-machine.com\/wp-content\/uploads\/2022\/09\/meatball-300x225.webp 300w, https:\/\/meat-machine.com\/wp-content\/uploads\/2022\/09\/meatball-16x12.webp 16w\" sizes=\"auto, (max-width: 720px) 100vw, 720px\" \/><\/figure><\/div>    <div class=\"wp-block-media-text is-stacked-on-mobile\"><figure class=\"wp-block-media-text__media\"><img loading=\"lazy\" decoding=\"async\" width=\"720\" height=\"540\" src=\"https:\/\/meat-machine.com\/wp-content\/uploads\/2022\/09\/meat-ball-making-machine.webp\" alt=\"M\u00e1quina para hacer alb\u00f3ndigas\" class=\"wp-image-752 size-full\" title=\"\" srcset=\"https:\/\/meat-machine.com\/wp-content\/uploads\/2022\/09\/meat-ball-making-machine.webp 720w, https:\/\/meat-machine.com\/wp-content\/uploads\/2022\/09\/meat-ball-making-machine-300x225.webp 300w, https:\/\/meat-machine.com\/wp-content\/uploads\/2022\/09\/meat-ball-making-machine-16x12.webp 16w\" sizes=\"auto, (max-width: 720px) 100vw, 720px\" \/><\/figure><div class=\"wp-block-media-text__content\"> <ul class=\"wp-block-list\"> <li>Configura la m\u00e1quina para hacer alb\u00f3ndigas. <ul class=\"wp-block-list\"> <li>Enciende la m\u00e1quina para hacer alb\u00f3ndigas.<\/li>    <li>Conecte la tuber\u00eda de suministro de agua y abra la tuber\u00eda de agua en la placa deslizante para permitir el drenaje del agua.<\/li> <\/ul> <\/li>    <li>Cargue la m\u00e1quina. <ul class=\"wp-block-list\"> <li>Coloque la pasta de carne preparada en el puerto de alimentaci\u00f3n de la m\u00e1quina para hacer alb\u00f3ndigas.<\/li> <\/ul> <\/li> <\/ul> <\/div><\/div>    <div class=\"wp-block-media-text has-media-on-the-right is-stacked-on-mobile\"><div class=\"wp-block-media-text__content\"> <ul class=\"wp-block-list\"> <li>Recoge las alb\u00f3ndigas. <ul class=\"wp-block-list\"> <li>Coloca un recipiente con agua tibia en la salida de la m\u00e1quina.<\/li>    <li>Espera a que la m\u00e1quina d\u00e9 forma y suelte las alb\u00f3ndigas en el recipiente.<\/li> <\/ul> <\/li> <\/ul> <\/div><figure class=\"wp-block-media-text__media\"><img loading=\"lazy\" decoding=\"async\" width=\"720\" height=\"540\" src=\"https:\/\/meat-machine.com\/wp-content\/uploads\/2022\/09\/meatballs.webp\" alt=\"alb\u00f3ndigas\" class=\"wp-image-894 size-full\" title=\"\" srcset=\"https:\/\/meat-machine.com\/wp-content\/uploads\/2022\/09\/meatballs.webp 720w, https:\/\/meat-machine.com\/wp-content\/uploads\/2022\/09\/meatballs-300x225.webp 300w, https:\/\/meat-machine.com\/wp-content\/uploads\/2022\/09\/meatballs-16x12.webp 16w\" sizes=\"auto, (max-width: 720px) 100vw, 720px\" \/><\/figure><\/div>    <p class=\"wp-block-paragraph\">Este proceso garantiza una producci\u00f3n eficiente e higi\u00e9nica de alb\u00f3ndigas de alta calidad.<\/p>    <h2 id=\"h-what-are-the-characteristics-of-the-commercial-meatball-making-machine\" class=\"wp-block-heading\">\u00bfCu\u00e1les son las caracter\u00edsticas de la m\u00e1quina comercial para hacer alb\u00f3ndigas?<\/h2>    <div class=\"wp-block-media-text is-stacked-on-mobile\"><figure class=\"wp-block-media-text__media\"><img loading=\"lazy\" decoding=\"async\" width=\"980\" height=\"562\" src=\"https:\/\/meat-machine.com\/wp-content\/uploads\/2022\/09\/application-of-meatball-maker-machine.webp\" alt=\"aplicaci\u00f3n de la m\u00e1quina para hacer alb\u00f3ndigas\" class=\"wp-image-111 size-full\" title=\"\" srcset=\"https:\/\/meat-machine.com\/wp-content\/uploads\/2022\/09\/application-of-meatball-maker-machine.webp 980w, https:\/\/meat-machine.com\/wp-content\/uploads\/2022\/09\/application-of-meatball-maker-machine-300x172.webp 300w, https:\/\/meat-machine.com\/wp-content\/uploads\/2022\/09\/application-of-meatball-maker-machine-768x440.webp 768w\" sizes=\"auto, (max-width: 980px) 100vw, 980px\" \/><\/figure><div class=\"wp-block-media-text__content\"> <ul class=\"wp-block-list\"> <li>Alta eficiencia de trabajo. Produce 500-600 alb\u00f3ndigas por minuto, aumentando significativamente la productividad.<\/li>    <li>Amplia gama de aplicaciones. Capaz de hacer varios tipos de alb\u00f3ndigas y <a href=\"https:\/\/en.wikipedia.org\/wiki\/Seafood\" data-type=\"link\" data-id=\"https:\/\/en.wikipedia.org\/wiki\/Seafood\" target=\"_blank\" rel=\"noopener\">mariscos<\/a> pelotas.<\/li>    <li>Tama\u00f1o de alb\u00f3ndiga ajustable. El di\u00e1metro de las alb\u00f3ndigas se puede personalizar para satisfacer necesidades espec\u00edficas.<\/li> <\/ul> <\/div><\/div>    <div class=\"wp-block-media-text has-media-on-the-right is-stacked-on-mobile\"><div class=\"wp-block-media-text__content\"> <ul class=\"wp-block-list\"> <li>Alb\u00f3ndigas uniformes y de gran calidad. Produce alb\u00f3ndigas de tama\u00f1o uniforme, buen sabor y elasticidad, resistentes a romperse incluso despu\u00e9s de una ebullici\u00f3n prolongada.<\/li>    <li>Construcci\u00f3n duradera de acero inoxidable. Fabricado en acero inoxidable apto para uso alimentario, lo que garantiza seguridad, durabilidad y una larga vida \u00fatil.<\/li> <\/ul> <\/div><figure class=\"wp-block-media-text__media\"><img loading=\"lazy\" decoding=\"async\" width=\"540\" height=\"720\" src=\"https:\/\/meat-machine.com\/wp-content\/uploads\/2022\/09\/Meatball-Making-Machine-moulds.webp\" alt=\"Meatball Making Machine moulds\" class=\"wp-image-1186 size-full\" title=\"\" srcset=\"https:\/\/meat-machine.com\/wp-content\/uploads\/2022\/09\/Meatball-Making-Machine-moulds.webp 540w, https:\/\/meat-machine.com\/wp-content\/uploads\/2022\/09\/Meatball-Making-Machine-moulds-225x300.webp 225w, https:\/\/meat-machine.com\/wp-content\/uploads\/2022\/09\/Meatball-Making-Machine-moulds-9x12.webp 9w\" sizes=\"auto, (max-width: 540px) 100vw, 540px\" \/><\/figure><\/div>    <div class=\"wp-block-media-text is-stacked-on-mobile\"><figure class=\"wp-block-media-text__media\"><img loading=\"lazy\" decoding=\"async\" width=\"540\" height=\"720\" src=\"https:\/\/meat-machine.com\/wp-content\/uploads\/2022\/09\/meatball-forming-machine-for-sale.webp\" alt=\"m\u00e1quina formadora de alb\u00f3ndigas en venta\" class=\"wp-image-1181 size-full\" title=\"\" srcset=\"https:\/\/meat-machine.com\/wp-content\/uploads\/2022\/09\/meatball-forming-machine-for-sale.webp 540w, https:\/\/meat-machine.com\/wp-content\/uploads\/2022\/09\/meatball-forming-machine-for-sale-225x300.webp 225w, https:\/\/meat-machine.com\/wp-content\/uploads\/2022\/09\/meatball-forming-machine-for-sale-9x12.webp 9w\" sizes=\"auto, (max-width: 540px) 100vw, 540px\" \/><\/figure><div class=\"wp-block-media-text__content\"> <ul class=\"wp-block-list\"> <li>Velocidad ajustable. La velocidad de salida de las alb\u00f3ndigas se puede modificar para un mejor control.<\/li>    <li>Dise\u00f1o compacto y flexible. Ocupa el m\u00ednimo espacio, lo que permite colocarlo de forma flexible en diferentes entornos de trabajo.<\/li> <\/ul> <\/div><\/div>    <h2 class=\"wp-block-heading\">Par\u00e1metros de la m\u00e1quina para hacer alb\u00f3ndigas<\/h2>    <figure class=\"wp-block-table\"><table class=\"has-fixed-layout\"><thead><tr><th>Par\u00e1metro<\/th><th>Especificaci\u00f3n<\/th><\/tr><\/thead><tbody><tr><td>Modelo<\/td><td>TZ-1<\/td><\/tr><tr><td>Voltaje<\/td><td>380V 50Hz Trif\u00e1sico<\/td><\/tr><tr><td>Capacidad<\/td><td>500\u2013600 piezas\/min<\/td><\/tr><tr><td>Tama\u00f1o<\/td><td>1050 \u00d7 600 \u00d7 1800 mm<\/td><\/tr><tr><td>Peso<\/td><td>160 kg<\/td><\/tr><\/tbody><\/table><figcaption class=\"wp-element-caption\">par\u00e1metros de la m\u00e1quina para hacer alb\u00f3ndigas<\/figcaption><\/figure>    <h2 class=\"wp-block-heading\">Equipo de soporte de la m\u00e1quina formadora de alb\u00f3ndigas<\/h2>    <p class=\"wp-block-paragraph translation-block\">La <strong>m\u00e1quina formadora de alb\u00f3ndigas<\/strong> puede usarse junto con equipos de apoyo para crear un proceso de producci\u00f3n m\u00e1s eficiente y automatizado. Despu\u00e9s de formar las alb\u00f3ndigas, se pueden transferir directamente a una <strong>m\u00e1quina de ebullici\u00f3n de alb\u00f3ndigas a temperatura constante<\/strong> para cocinar o a una <strong>m\u00e1quina de fritura profunda<\/strong> para fre\u00edr, dependiendo de los requisitos del producto final. <\/p>    <p class=\"wp-block-paragraph\">La m\u00e1quina de ebullici\u00f3n a temperatura constante asegura que las alb\u00f3ndigas se cocinen de manera uniforme y mantengan una superficie lisa y buena textura, mientras que la m\u00e1quina de fritura es adecuada para producir alb\u00f3ndigas fritas crujientes con sabor intenso. <\/p>    <p class=\"wp-block-paragraph\">Al combinar la m\u00e1quina formadora de alb\u00f3ndigas con estas m\u00e1quinas de apoyo, los usuarios pueden construir una l\u00ednea de procesamiento continua de alb\u00f3ndigas, mejorando en gran medida la eficiencia de producci\u00f3n y la calidad del producto.<\/p>    <figure class=\"wp-block-gallery has-nested-images columns-default is-cropped wp-block-gallery-2 is-layout-flex wp-block-gallery-is-layout-flex\"> <figure class=\"wp-block-image size-large\"><img loading=\"lazy\" decoding=\"async\" width=\"540\" height=\"720\" data-id=\"1183\" src=\"https:\/\/meat-machine.com\/wp-content\/uploads\/2022\/09\/commercial-meatball-molding-machine.webp\" alt=\"m\u00e1quina comercial de moldeado de alb\u00f3ndigas\" class=\"wp-image-1183\" title=\"\" srcset=\"https:\/\/meat-machine.com\/wp-content\/uploads\/2022\/09\/commercial-meatball-molding-machine.webp 540w, https:\/\/meat-machine.com\/wp-content\/uploads\/2022\/09\/commercial-meatball-molding-machine-225x300.webp 225w, https:\/\/meat-machine.com\/wp-content\/uploads\/2022\/09\/commercial-meatball-molding-machine-9x12.webp 9w\" sizes=\"auto, (max-width: 540px) 100vw, 540px\" \/><figcaption class=\"wp-element-caption\">M\u00e1quina comercial de moldeado de alb\u00f3ndigas<\/figcaption><\/figure>    <figure class=\"wp-block-image size-large\"><img loading=\"lazy\" decoding=\"async\" width=\"720\" height=\"540\" data-id=\"1044\" src=\"https:\/\/meat-machine.com\/wp-content\/uploads\/2026\/02\/frying-machine-1.webp\" alt=\"freidora\" class=\"wp-image-1044\" title=\"\" srcset=\"https:\/\/meat-machine.com\/wp-content\/uploads\/2026\/02\/frying-machine-1.webp 720w, https:\/\/meat-machine.com\/wp-content\/uploads\/2026\/02\/frying-machine-1-300x225.webp 300w, https:\/\/meat-machine.com\/wp-content\/uploads\/2026\/02\/frying-machine-1-16x12.webp 16w\" sizes=\"auto, (max-width: 720px) 100vw, 720px\" \/><figcaption class=\"wp-element-caption\">M\u00e1quina de fritura<\/figcaption><\/figure> <\/figure>    <h2 id=\"h-meatball-making-machine-for-sale\" class=\"wp-block-heading\">Vendo maquina para hacer alb\u00f3ndigas<\/h2>    <p class=\"wp-block-paragraph\">Taizy ofrece una amplia gama de m\u00e1quinas formadoras de alb\u00f3ndigas, disponibles en varios modelos con rendimientos y tama\u00f1os personalizables. <\/p>    <p class=\"wp-block-paragraph\">Como fabricante chino confiable con m\u00e1s de 10 a\u00f1os de experiencia, ofrecemos m\u00e1quinas de alta calidad a precios competitivos, respaldados por un soporte posventa confiable. <\/p>    <p class=\"wp-block-paragraph\">Si est\u00e1s buscando un proveedor de m\u00e1quinas para alb\u00f3ndigas confiable, \u00a1cont\u00e1ctanos hoy!<\/p>   <div class=\"wp-block-image\"> <figure class=\"aligncenter size-full\"><img loading=\"lazy\" decoding=\"async\" width=\"980\" height=\"375\" src=\"https:\/\/meat-machine.com\/wp-content\/uploads\/2022\/09\/meatball-forming-machine-details.webp\" alt=\"Detalles de la m\u00e1quina formadora de alb\u00f3ndigas\" class=\"wp-image-113\" title=\"\" srcset=\"https:\/\/meat-machine.com\/wp-content\/uploads\/2022\/09\/meatball-forming-machine-details.webp 980w, https:\/\/meat-machine.com\/wp-content\/uploads\/2022\/09\/meatball-forming-machine-details-300x115.webp 300w, https:\/\/meat-machine.com\/wp-content\/uploads\/2022\/09\/meatball-forming-machine-details-768x294.webp 768w\" sizes=\"auto, (max-width: 980px) 100vw, 980px\" \/><figcaption class=\"wp-element-caption\">Detalles de la m\u00e1quina formadora de alb\u00f3ndigas<\/figcaption><\/figure> <\/div>   <h2 id=\"h-meatball-forming-machine-price\" class=\"wp-block-heading\">Precio de la m\u00e1quina formadora de alb\u00f3ndigas<\/h2>    <div class=\"wp-block-media-text is-stacked-on-mobile\"><figure class=\"wp-block-media-text__media\"><img loading=\"lazy\" decoding=\"async\" width=\"540\" height=\"720\" src=\"https:\/\/meat-machine.com\/wp-content\/uploads\/2022\/09\/meatball-making-machine-price-1.webp\" alt=\"precio de la m\u00e1quina para hacer alb\u00f3ndigas\" class=\"wp-image-1182 size-full\" title=\"\" srcset=\"https:\/\/meat-machine.com\/wp-content\/uploads\/2022\/09\/meatball-making-machine-price-1.webp 540w, https:\/\/meat-machine.com\/wp-content\/uploads\/2022\/09\/meatball-making-machine-price-1-225x300.webp 225w, https:\/\/meat-machine.com\/wp-content\/uploads\/2022\/09\/meatball-making-machine-price-1-9x12.webp 9w\" sizes=\"auto, (max-width: 540px) 100vw, 540px\" \/><\/figure><div class=\"wp-block-media-text__content\"> <p class=\"wp-block-paragraph\">El precio de una m\u00e1quina comercial para hacer alb\u00f3ndigas depende de varios factores, como la producci\u00f3n, la distancia y los tipos impositivos. Los precios en l\u00ednea suelen ser estimaciones, no el costo real.<\/p>    <p class=\"wp-block-paragraph\">Para obtener precios precisos, debe comunicarse con nosotros directamente para analizar los detalles de la m\u00e1quina y recibir una cotizaci\u00f3n precisa.<\/p> <\/div><\/div>    <h2 id=\"h-precautions-for-use-of-commercial-meatball-forming-equipment\" class=\"wp-block-heading\">Precauciones para el uso de la m\u00e1quina comercial para hacer alb\u00f3ndigas.<\/h2>    <div class=\"wp-block-media-text has-media-on-the-right is-stacked-on-mobile\"><div class=\"wp-block-media-text__content\"> <ul class=\"wp-block-list\"> <li>Coloque la m\u00e1quina sobre una superficie estable y aseg\u00farese de que las conexiones de alimentaci\u00f3n y tierra sean adecuadas.<\/li>    <li>Limpiar la m\u00e1quina antes y despu\u00e9s de su uso.<\/li>    <li>Realice una prueba vac\u00eda para confirmar el funcionamiento normal antes de comenzar.<\/li>    <li>Procese la carne a trav\u00e9s de una picadora antes de introducirla en la m\u00e1quina.<\/li>    <li>Utilice agua tibia en la salida para recoger las alb\u00f3ndigas.<\/li>    <li>Ajuste el peso, el relleno y la velocidad seg\u00fan sea necesario.<\/li> <\/ul> <\/div><figure class=\"wp-block-media-text__media\"><img loading=\"lazy\" decoding=\"async\" width=\"540\" height=\"720\" src=\"https:\/\/meat-machine.com\/wp-content\/uploads\/2026\/02\/meatball-making-machine-price.webp\" alt=\"precio de la m\u00e1quina para hacer alb\u00f3ndigas\" class=\"wp-image-1048 size-full\" title=\"\" srcset=\"https:\/\/meat-machine.com\/wp-content\/uploads\/2026\/02\/meatball-making-machine-price.webp 540w, https:\/\/meat-machine.com\/wp-content\/uploads\/2026\/02\/meatball-making-machine-price-225x300.webp 225w, https:\/\/meat-machine.com\/wp-content\/uploads\/2026\/02\/meatball-making-machine-price-9x12.webp 9w\" sizes=\"auto, (max-width: 540px) 100vw, 540px\" \/><\/figure><\/div>    <h2 class=\"wp-block-heading\">Conclusi\u00f3n<\/h2>    <p class=\"wp-block-paragraph translation-block\">Si busca una soluci\u00f3n eficiente para producir alb\u00f3ndigas de alta calidad, nuestra <strong>m\u00e1quina para hacer alb\u00f3ndigas<\/strong> es una excelente opci\u00f3n. <\/p>    <p class=\"wp-block-paragraph\">No dude en contactarnos para m\u00e1s detalles, videos de la m\u00e1quina y una cotizaci\u00f3n personalizada. Nuestro equipo le ayudar\u00e1 a elegir el equipo m\u00e1s adecuado para su l\u00ednea de producci\u00f3n.<\/p>","protected":false},"excerpt":{"rendered":"<p>La m\u00e1quina para hacer alb\u00f3ndigas puede producir una variedad de alb\u00f3ndigas, incluyendo bolas de carne de res, cerdo, pollo, cordero, camarones y pescado. <\/p>","protected":false},"author":1,"featured_media":112,"parent":0,"template":"","tags":[23],"product-type":[4],"class_list":["post-109","product","type-product","status-publish","has-post-thumbnail","hentry","tag-meatball-making-machine","product-type-meat-grinder"],"_links":{"self":[{"href":"https:\/\/meat-machine.com\/es\/wp-json\/wp\/v2\/product\/109","targetHints":{"allow":["GET"]}}],"collection":[{"href":"https:\/\/meat-machine.com\/es\/wp-json\/wp\/v2\/product"}],"about":[{"href":"https:\/\/meat-machine.com\/es\/wp-json\/wp\/v2\/types\/product"}],"author":[{"embeddable":true,"href":"https:\/\/meat-machine.com\/es\/wp-json\/wp\/v2\/users\/1"}],"wp:featuredmedia":[{"embeddable":true,"href":"https:\/\/meat-machine.com\/es\/wp-json\/wp\/v2\/media\/112"}],"wp:attachment":[{"href":"https:\/\/meat-machine.com\/es\/wp-json\/wp\/v2\/media?parent=109"}],"wp:term":[{"taxonomy":"post_tag","embeddable":true,"href":"https:\/\/meat-machine.com\/es\/wp-json\/wp\/v2\/tags?post=109"},{"taxonomy":"product-type","embeddable":true,"href":"https:\/\/meat-machine.com\/es\/wp-json\/wp\/v2\/product-type?post=109"}],"curies":[{"name":"wp","href":"https:\/\/api.w.org\/{rel}","templated":true}]}}