{"id":101,"date":"2022-09-08T09:03:47","date_gmt":"2022-09-08T09:03:47","guid":{"rendered":"https:\/\/meat-machine.com\/?post_type=product&#038;p=101"},"modified":"2024-12-16T16:44:22","modified_gmt":"2024-12-16T08:44:22","slug":"maquina-deshuesadora-de-pescado","status":"publish","type":"product","link":"https:\/\/meat-machine.com\/es\/product\/fish-deboner-machine\/","title":{"rendered":"M\u00e1quina deshuesadora de pescado | M\u00e1quina separadora de huesos de carne de pescado"},"content":{"rendered":"<div class=\"kk-star-ratings kksr-auto kksr-align-left kksr-valign-top\"     data-payload='{&quot;align&quot;:&quot;left&quot;,&quot;id&quot;:&quot;101&quot;,&quot;slug&quot;:&quot;default&quot;,&quot;valign&quot;:&quot;top&quot;,&quot;ignore&quot;:&quot;&quot;,&quot;reference&quot;:&quot;auto&quot;,&quot;class&quot;:&quot;&quot;,&quot;count&quot;:&quot;7&quot;,&quot;legendonly&quot;:&quot;&quot;,&quot;readonly&quot;:&quot;&quot;,&quot;score&quot;:&quot;4.7&quot;,&quot;starsonly&quot;:&quot;&quot;,&quot;best&quot;:&quot;5&quot;,&quot;gap&quot;:&quot;5&quot;,&quot;greet&quot;:&quot;Rate this product&quot;,&quot;legend&quot;:&quot;4.7\\\/5 - (7 votos)&quot;,&quot;size&quot;:&quot;24&quot;,&quot;title&quot;:&quot;Fish Deboner Machine | Fish Meat Bone Separator Machine&quot;,&quot;width&quot;:&quot;133.8&quot;,&quot;_legend&quot;:&quot;{score}\\\/{best} - ({count} {votes})&quot;,&quot;font_factor&quot;:&quot;1.25&quot;}'>              <div class=\"kksr-stars\">      <div class=\"kksr-stars-inactive\">             <div class=\"kksr-star\" data-star=\"1\" style=\"padding-right: 5px\">               <div class=\"kksr-icon\" style=\"width: 24px; height: 24px;\"><\/div>         <\/div>             <div class=\"kksr-star\" data-star=\"2\" style=\"padding-right: 5px\">               <div class=\"kksr-icon\" style=\"width: 24px; height: 24px;\"><\/div>         <\/div>             <div class=\"kksr-star\" data-star=\"3\" style=\"padding-right: 5px\">               <div class=\"kksr-icon\" style=\"width: 24px; height: 24px;\"><\/div>         <\/div>             <div class=\"kksr-star\" data-star=\"4\" style=\"padding-right: 5px\">               <div class=\"kksr-icon\" style=\"width: 24px; height: 24px;\"><\/div>         <\/div>             <div class=\"kksr-star\" data-star=\"5\" style=\"padding-right: 5px\">               <div class=\"kksr-icon\" style=\"width: 24px; height: 24px;\"><\/div>         <\/div>     <\/div>      <div class=\"kksr-stars-active\" style=\"width: 133.8px;\">             <div class=\"kksr-star\" style=\"padding-right: 5px\">               <div class=\"kksr-icon\" style=\"width: 24px; height: 24px;\"><\/div>         <\/div>             <div class=\"kksr-star\" style=\"padding-right: 5px\">               <div class=\"kksr-icon\" style=\"width: 24px; height: 24px;\"><\/div>         <\/div>             <div class=\"kksr-star\" style=\"padding-right: 5px\">               <div class=\"kksr-icon\" style=\"width: 24px; height: 24px;\"><\/div>         <\/div>             <div class=\"kksr-star\" style=\"padding-right: 5px\">               <div class=\"kksr-icon\" style=\"width: 24px; height: 24px;\"><\/div>         <\/div>             <div class=\"kksr-star\" style=\"padding-right: 5px\">               <div class=\"kksr-icon\" style=\"width: 24px; height: 24px;\"><\/div>         <\/div>     <\/div> <\/div>                   <div class=\"kksr-legend\" style=\"font-size: 19.2px;\">             4,7\/5 - (7 votos)    <\/div>     <\/div>  <p class=\"wp-block-paragraph\">La m\u00e1quina deshuesadora de pescado puede extraer eficientemente la carne de pescado, separ\u00e1ndola de las espinas y la piel. Esta m\u00e1quina vers\u00e1til sirve como separador de carne y como picadora, lo que permite una extracci\u00f3n limpia de la carne de pescado. Puede procesar todo tipo de pescado, lo que la hace ideal para producir productos como bolas de pescado y otros productos a base de pescado.<\/p>    <p class=\"wp-block-paragraph\">Con capacidades que van desde 180 kg\/h hasta 1500 kg\/h, la m\u00e1quina deshuesadora de pescado es adecuada para necesidades de producci\u00f3n tanto a peque\u00f1a como a gran escala. Se utiliza ampliamente en f\u00e1bricas de procesamiento de alimentos, restaurantes, hoteles y otras industrias alimentarias donde se requiere carne de pescado de alta calidad. <\/p>    <figure class=\"wp-block-embed is-type-video is-provider-youtube wp-block-embed-youtube wp-embed-aspect-16-9 wp-has-aspect-ratio\"><div class=\"wp-block-embed__wrapper\"> <iframe loading=\"lazy\" title=\"M\u00e1quina separadora de huesos de carne de pescado | \u00bfC\u00f3mo funciona la m\u00e1quina deshuesadora de pescado?\" width=\"500\" height=\"281\" src=\"https:\/\/www.youtube.com\/embed\/1CjSzOEuwnU?feature=oembed\" frameborder=\"0\" allow=\"accelerometer; autoplay; clipboard-write; encrypted-media; gyroscope; picture-in-picture; web-share\" referrerpolicy=\"strict-origin-when-cross-origin\" allowfullscreen><\/iframe> <\/div><figcaption class=\"wp-element-caption\">V\u00eddeo de funcionamiento de la m\u00e1quina deshuesadora de pescado<\/figcaption><\/figure>    <h2 class=\"wp-block-heading\" id=\"h-characteristics-of-automatic-fish-deboner-machine\">Caracter\u00edsticas de la m\u00e1quina deshuesadora de pescado autom\u00e1tica<\/h2>    <ul class=\"wp-block-list\"> <li>Construido con acero inoxidable 304 apto para uso alimentario para mayor durabilidad y seguridad.<\/li>    <li>Logra una recolecci\u00f3n de carne de pescado de hasta 95% al separar eficientemente espinas, piel y costillas.<\/li>    <li>Adecuado para peces de agua dulce y marinos, procesando peces peque\u00f1os directamente y peces m\u00e1s grandes despu\u00e9s de la segmentaci\u00f3n.<\/li>    <li>Apoya la producci\u00f3n de bolas de pescado, alb\u00f3ndigas, tofu y otros productos a base de pescado.<\/li>    <li>Compacto, eficiente y rentable, mejora el valor del pescado de bajo costo y ahorra mano de obra.<\/li> <\/ul>   <div class=\"wp-block-image\"> <figure class=\"aligncenter size-full\"><img loading=\"lazy\" decoding=\"async\" width=\"800\" height=\"500\" src=\"https:\/\/meat-machine.com\/wp-content\/uploads\/2022\/09\/application-scope-of-fish-deboning-machine.webp\" alt=\"\u00e1mbito de aplicaci\u00f3n de la m\u00e1quina deshuesadora de pescado\" class=\"wp-image-103\" title=\"\" srcset=\"https:\/\/meat-machine.com\/wp-content\/uploads\/2022\/09\/application-scope-of-fish-deboning-machine.webp 800w, https:\/\/meat-machine.com\/wp-content\/uploads\/2022\/09\/application-scope-of-fish-deboning-machine-300x188.webp 300w, https:\/\/meat-machine.com\/wp-content\/uploads\/2022\/09\/application-scope-of-fish-deboning-machine-768x480.webp 768w\" sizes=\"auto, (max-width: 800px) 100vw, 800px\" \/><figcaption class=\"wp-element-caption\">\u00e1mbito de aplicaci\u00f3n de la m\u00e1quina deshuesadora de pescado<\/figcaption><\/figure> <\/div>   <h2 class=\"wp-block-heading\">Estructura de la m\u00e1quina deshuesadora de pescado<\/h2>    <p class=\"wp-block-paragraph translation-block\">La <strong>m\u00e1quina despinadora de pescado<\/strong> cuenta con una estructura robusta y eficiente dise\u00f1ada para agilizar la separaci\u00f3n de carne y huesos de pescado. Sus componentes clave incluyen:<\/p>    <div class=\"wp-block-media-text is-stacked-on-mobile\"><figure class=\"wp-block-media-text__media\"><img loading=\"lazy\" decoding=\"async\" width=\"720\" height=\"540\" src=\"https:\/\/meat-machine.com\/wp-content\/uploads\/2022\/09\/automatic-fish-deboner-machine.webp\" alt=\"M\u00e1quina autom\u00e1tica deshuesadora de pescado\" class=\"wp-image-700 size-full\" title=\"\" srcset=\"https:\/\/meat-machine.com\/wp-content\/uploads\/2022\/09\/automatic-fish-deboner-machine.webp 720w, https:\/\/meat-machine.com\/wp-content\/uploads\/2022\/09\/automatic-fish-deboner-machine-300x225.webp 300w, https:\/\/meat-machine.com\/wp-content\/uploads\/2022\/09\/automatic-fish-deboner-machine-16x12.webp 16w\" sizes=\"auto, (max-width: 720px) 100vw, 720px\" \/><\/figure><div class=\"wp-block-media-text__content\"> <ul class=\"wp-block-list\"> <li><strong>Dispositivo de motor y transmisi\u00f3n.<\/strong>Estos controlan la operaci\u00f3n de la m\u00e1quina, asegurando un rendimiento suave.<\/li>    <li><strong>Rodillo con rascador interior<\/strong>. El rodillo es fundamental para separar las espinas del pescado de la carne. Los orificios de tamiz distribuidos uniformemente en el tambor permiten que la carne del pescado pase mientras las espinas permanecen afuera. El raspador interior separa la carne de la pared interior del rodillo para una recogida eficiente.<\/li> <\/ul> <\/div><\/div>    <div class=\"wp-block-media-text has-media-on-the-right is-stacked-on-mobile\"><div class=\"wp-block-media-text__content\"> <ul class=\"wp-block-list\"> <li><strong>Cinta recolectora de carne<\/strong>. Trabaja junto al rodillo para ejercer presi\u00f3n, exprimiendo el pescado y permitiendo la separaci\u00f3n de carne y espinas.<\/li>    <li><strong>Dispositivo de ajuste autom\u00e1tico<\/strong>. Ajusta autom\u00e1ticamente la presi\u00f3n y restablece el espacio durante la operaci\u00f3n, lo que garantiza una calidad de separaci\u00f3n constante.<\/li>    <li><strong>Rascadores (interiores y exteriores)<\/strong>. El raspador interior retira la carne del tambor, mientras que el raspador exterior retira los huesos y la piel de la superficie del rodillo.<\/li> <\/ul> <\/div><figure class=\"wp-block-media-text__media\"><img loading=\"lazy\" decoding=\"async\" width=\"720\" height=\"540\" src=\"https:\/\/meat-machine.com\/wp-content\/uploads\/2022\/09\/fish-deboner-machine-for-sale.webp\" alt=\"M\u00e1quina desespinadora de pescado en venta\" class=\"wp-image-701 size-full\" title=\"\" srcset=\"https:\/\/meat-machine.com\/wp-content\/uploads\/2022\/09\/fish-deboner-machine-for-sale.webp 720w, https:\/\/meat-machine.com\/wp-content\/uploads\/2022\/09\/fish-deboner-machine-for-sale-300x225.webp 300w, https:\/\/meat-machine.com\/wp-content\/uploads\/2022\/09\/fish-deboner-machine-for-sale-16x12.webp 16w\" sizes=\"auto, (max-width: 720px) 100vw, 720px\" \/><\/figure><\/div>    <div class=\"wp-block-media-text is-stacked-on-mobile\"><figure class=\"wp-block-media-text__media\"><img loading=\"lazy\" decoding=\"async\" width=\"720\" height=\"540\" src=\"https:\/\/meat-machine.com\/wp-content\/uploads\/2022\/09\/fish-deboner-machine-1.webp\" alt=\"m\u00e1quina deshuesadora de pescado\" class=\"wp-image-702 size-full\" title=\"\" srcset=\"https:\/\/meat-machine.com\/wp-content\/uploads\/2022\/09\/fish-deboner-machine-1.webp 720w, https:\/\/meat-machine.com\/wp-content\/uploads\/2022\/09\/fish-deboner-machine-1-300x225.webp 300w, https:\/\/meat-machine.com\/wp-content\/uploads\/2022\/09\/fish-deboner-machine-1-16x12.webp 16w\" sizes=\"auto, (max-width: 720px) 100vw, 720px\" \/><\/figure><div class=\"wp-block-media-text__content\"> <ul class=\"wp-block-list\"> <li><strong>Asas de ajuste de espacios y correas.<\/strong>Estos permiten el ajuste fino del espacio entre el rodillo y la correa y ajustan la tensi\u00f3n de la correa para un rendimiento \u00f3ptimo.<\/li>    <li><strong>Entradas y salidas<\/strong>. La entrada gu\u00eda el pescado hacia la m\u00e1quina, mientras que las salidas separadas manejan la carne picada y las espinas de pescado.<\/li>    <li><strong>tambor de carne<\/strong>. Recoge y procesa eficazmente la carne de pescado separada.<\/li> <\/ul> <\/div><\/div>    <p class=\"wp-block-paragraph\">Esta estructura integral permite que la m\u00e1quina deshuesadora de pescado ofrezca alta eficiencia y precisi\u00f3n, lo que la hace indispensable en las operaciones de procesamiento de pescado.<\/p>    <h2 class=\"wp-block-heading\" id=\"h-what-is-the-working-principle-of-the-fish-meat-bone-separator-machine\">\u00bfCu\u00e1l es el principio de funcionamiento de la m\u00e1quina separadora de huesos de carne de pescado?<\/h2>    <div class=\"wp-block-media-text is-stacked-on-mobile\"><figure class=\"wp-block-media-text__media\"><img loading=\"lazy\" decoding=\"async\" width=\"720\" height=\"540\" src=\"https:\/\/meat-machine.com\/wp-content\/uploads\/2022\/09\/fish-bones-and-skins-come-out-of-the-machine.webp\" alt=\"Las espinas y pieles de pescado salen de la m\u00e1quina.\" class=\"wp-image-104 size-full\" title=\"\" srcset=\"https:\/\/meat-machine.com\/wp-content\/uploads\/2022\/09\/fish-bones-and-skins-come-out-of-the-machine.webp 720w, https:\/\/meat-machine.com\/wp-content\/uploads\/2022\/09\/fish-bones-and-skins-come-out-of-the-machine-300x225.webp 300w\" sizes=\"auto, (max-width: 720px) 100vw, 720px\" \/><\/figure><div class=\"wp-block-media-text__content\"> <ul class=\"wp-block-list\"> <li>El <strong>m\u00e1quina separadora de huesos de carne de pescado<\/strong> Cuenta con un barril para carne y una correa de goma para prensar.<\/li>    <li>Durante la operaci\u00f3n, el barril rodante para carne y la correa de goma presionan el pescado para extraer la carne dentro del barril.<\/li>    <li>La piel y las espinas del pescado quedan fuera del barril de carne y se retiran con un raspador.<\/li>    <li>La carne de pescado procesada se descarga a trav\u00e9s de una salida separada.<\/li> <\/ul> <\/div><\/div>    <h2 class=\"wp-block-heading\" id=\"h-how-to-use-the-fish-deboner-machine-correctly\">\u00bfC\u00f3mo utilizar correctamente la m\u00e1quina deshuesadora de pescado?<\/h2>    <ul class=\"wp-block-list\"> <li>Para peces peque\u00f1os, puede introducirlos directamente en el <strong>m\u00e1quina deshuesadora de pescado<\/strong> sin preparaci\u00f3n.<\/li>    <li>En el caso de pescados grandes, retire las v\u00edsceras y las escamas antes de procesarlos; Se recomienda utilizar un escalador y un cortador de carne.<\/li>    <li>Antes de operar, inspeccione la m\u00e1quina para detectar cualquier problema y d\u00e9jela inactiva durante 30 segundos para garantizar un funcionamiento sin problemas.<\/li>    <li>Evite colocar las manos u objetos duros en la abertura de alimentaci\u00f3n durante la operaci\u00f3n.<\/li>    <li>Despu\u00e9s de terminar el trabajo, apague la alimentaci\u00f3n inmediatamente y limpie cualquier residuo de pescado restante dentro de la m\u00e1quina.<\/li> <\/ul>   <div class=\"wp-block-image\"> <figure class=\"aligncenter size-full\"><img loading=\"lazy\" decoding=\"async\" width=\"720\" height=\"540\" src=\"https:\/\/meat-machine.com\/wp-content\/uploads\/2022\/09\/fish-meat-bone-separator.webp\" alt=\"separador de huesos de carne de pescado\" class=\"wp-image-108\" title=\"\" srcset=\"https:\/\/meat-machine.com\/wp-content\/uploads\/2022\/09\/fish-meat-bone-separator.webp 720w, https:\/\/meat-machine.com\/wp-content\/uploads\/2022\/09\/fish-meat-bone-separator-300x225.webp 300w\" sizes=\"auto, (max-width: 720px) 100vw, 720px\" \/><figcaption class=\"wp-element-caption\">separador de huesos de carne de pescado<\/figcaption><\/figure> <\/div>   <h2 class=\"wp-block-heading\">Par\u00e1metros de la m\u00e1quina separadora de huesos de carne de pescado<\/h2>    <figure class=\"wp-block-table\"><table class=\"has-fixed-layout\"><tbody><tr><td>Modelo<\/td><td>Dimensi\u00f3n (mm)<\/td><td>Capacidad (kg\/h)<\/td><td>Potencia (kW)<\/td><td>Grosor de la correa (mm)<\/td><td>Longitud de la correa (mm)<\/td><td>Di\u00e1metro del barril (mm)<\/td><td>Espesor del barril (mm)<\/td><td>Grosor de los agujeros (mm)<\/td><td>Peso (kg)<\/td><\/tr><tr><td>TZ-F150<\/td><td>850*680*900<\/td><td>180<\/td><td>2.2<\/td><td>20<\/td><td>1195<\/td><td>162<\/td><td>8<\/td><td>2.7<\/td><td>220<\/td><\/tr><tr><td>TZ-F200<\/td><td>900*880*950<\/td><td>280<\/td><td>2.2<\/td><td>20<\/td><td>1450<\/td><td>219<\/td><td>8<\/td><td>2.7<\/td><td>260<\/td><\/tr><tr><td>TZ-F300<\/td><td>1150*870*1060<\/td><td>360<\/td><td>2.2<\/td><td>20<\/td><td>1450<\/td><td>219<\/td><td>8<\/td><td>2.7<\/td><td>320<\/td><\/tr><tr><td>TZ-F350<\/td><td>1300*1000*1050<\/td><td>1500<\/td><td>2.2<\/td><td>20<\/td><td>2500<\/td><td>300<\/td><td>12<\/td><td>4\/4.5\/5\/6<\/td><td>750<\/td><\/tr><\/tbody><\/table><\/figure>   <div class=\"wp-block-image\"> <figure class=\"aligncenter size-full\"><img loading=\"lazy\" decoding=\"async\" width=\"720\" height=\"540\" src=\"https:\/\/meat-machine.com\/wp-content\/uploads\/2022\/09\/fish-deboner-machine.webp\" alt=\"m\u00e1quina deshuesadora de pescado\" class=\"wp-image-106\" title=\"\" srcset=\"https:\/\/meat-machine.com\/wp-content\/uploads\/2022\/09\/fish-deboner-machine.webp 720w, https:\/\/meat-machine.com\/wp-content\/uploads\/2022\/09\/fish-deboner-machine-300x225.webp 300w\" sizes=\"auto, (max-width: 720px) 100vw, 720px\" \/><figcaption class=\"wp-element-caption\">m\u00e1quina deshuesadora de pescado<\/figcaption><\/figure> <\/div>   <h2 class=\"wp-block-heading\" id=\"h-faq\">Preguntas frecuentes sobre el separador de huesos de carne de pescado<\/h2>   <div id=\"rank-math-faq\" class=\"rank-math-block\"> <div class=\"rank-math-list\"> <div id=\"faq-question-1734332979439\" class=\"rank-math-list-item\"> <h3 class=\"rank-math-question\">\u00bfPuede la m\u00e1quina quitar las espinas de pescado?<\/h3> <div class=\"rank-math-answer\">  <p>S\u00ed, el di\u00e1metro de la malla puede ser tan peque\u00f1o como 3 mm, lo que elimina eficazmente las espinas del pescado.<\/p>  <\/div> <\/div> <div id=\"faq-question-1734332997476\" class=\"rank-math-list-item\"> <h3 class=\"rank-math-question\">\u00bfLa m\u00e1quina est\u00e1 fabricada \u00edntegramente en acero inoxidable?<\/h3> <div class=\"rank-math-answer\">  <p>La mayor\u00eda de las piezas son de acero inoxidable, excepto el bastidor y el engranaje del motor, que est\u00e1n hechos de hierro fundido.<\/p>  <\/div> <\/div> <div id=\"faq-question-1734333042417\" class=\"rank-math-list-item\"> <h3 class=\"rank-math-question\">\u00bfSe puede ajustar el tama\u00f1o de la malla?<\/h3> <div class=\"rank-math-answer\">  <p>El tama\u00f1o de la malla es ajustable hasta un m\u00e1ximo de 5 mm.<\/p>  <\/div> <\/div> <div id=\"faq-question-1734333056183\" class=\"rank-math-list-item\"> <h3 class=\"rank-math-question\">\u00bfEs necesario preparar el pescado grande antes de procesarlo?<\/h3> <div class=\"rank-math-answer\">  <p>S\u00ed, los peces grandes deben ser eviscerados y descamados. Sin embargo, los pescados peque\u00f1os se pueden procesar directamente sin preparaci\u00f3n.<\/p>  <\/div> <\/div> <div id=\"faq-question-1734333087423\" class=\"rank-math-list-item\"> <h3 class=\"rank-math-question\">\u00bfPuede la m\u00e1quina procesar trozos de pescado en lugar de carne picada?<\/h3> <div class=\"rank-math-answer\">  <p>No, el di\u00e1metro m\u00e1ximo de malla es de 5 mm, dise\u00f1ado para carne de pescado picada, no para trozos m\u00e1s grandes.<\/p>  <\/div> <\/div> <\/div> <\/div>  <div class=\"wp-block-image\"> <figure class=\"aligncenter size-full\"><img loading=\"lazy\" decoding=\"async\" width=\"720\" height=\"540\" src=\"https:\/\/meat-machine.com\/wp-content\/uploads\/2022\/09\/brand-new-fish-deboner-machine-shipped-to-India.webp\" alt=\"Nueva m\u00e1quina deshuesadora de pescado enviada a la India\" class=\"wp-image-301\" title=\"\" srcset=\"https:\/\/meat-machine.com\/wp-content\/uploads\/2022\/09\/brand-new-fish-deboner-machine-shipped-to-India.webp 720w, https:\/\/meat-machine.com\/wp-content\/uploads\/2022\/09\/brand-new-fish-deboner-machine-shipped-to-India-300x225.webp 300w\" sizes=\"auto, (max-width: 720px) 100vw, 720px\" \/><figcaption class=\"wp-element-caption\">Nueva m\u00e1quina deshuesadora de pescado enviada a la India<\/figcaption><\/figure> <\/div>   <h2 class=\"wp-block-heading\">Conclusi\u00f3n<\/h2>    <p class=\"wp-block-paragraph translation-block\">Ya sea que est\u00e9s produciendo <a href=\"https:\/\/en.wikipedia.org\/wiki\/Fish\" data-type=\"link\" data-id=\"https:\/\/en.wikipedia.org\/wiki\/Fish\" target=\"_blank\" rel=\"noopener\">bolas de pescado<\/a>, pasta de pescado u otros productos a base de pescado, esta m\u00e1quina es una excelente adici\u00f3n a tu l\u00ednea de procesamiento.<\/p>    <p class=\"wp-block-paragraph translation-block\">Adem\u00e1s de la M\u00e1quina Despinadora de Pescado, tambi\u00e9n ofrecemos una gama de otros <a href=\"https:\/\/meat-machine.com\/es\/productos\/picadora-de-carne\/\" data-type=\"link\" data-id=\"https:\/\/meat-machine.com\/products\/meat-grinder\/\">equipos de procesamiento de pescado<\/a>. Para m\u00e1s detalles o para solicitar un presupuesto, \u00a1no dudes en contactarnos hoy!<\/p>","protected":false},"excerpt":{"rendered":"<p>La m\u00e1quina deshuesadora de pescado puede extraer eficientemente la carne de pescado, separ\u00e1ndola de las espinas y la piel. <\/p>","protected":false},"author":1,"featured_media":107,"parent":0,"template":"","tags":[34,18],"product-type":[25],"class_list":["post-101","product","type-product","status-publish","has-post-thumbnail","hentry","tag-fish","tag-fish-deboner-machine","product-type-fish-processing-machine"],"_links":{"self":[{"href":"https:\/\/meat-machine.com\/es\/wp-json\/wp\/v2\/product\/101","targetHints":{"allow":["GET"]}}],"collection":[{"href":"https:\/\/meat-machine.com\/es\/wp-json\/wp\/v2\/product"}],"about":[{"href":"https:\/\/meat-machine.com\/es\/wp-json\/wp\/v2\/types\/product"}],"author":[{"embeddable":true,"href":"https:\/\/meat-machine.com\/es\/wp-json\/wp\/v2\/users\/1"}],"wp:featuredmedia":[{"embeddable":true,"href":"https:\/\/meat-machine.com\/es\/wp-json\/wp\/v2\/media\/107"}],"wp:attachment":[{"href":"https:\/\/meat-machine.com\/es\/wp-json\/wp\/v2\/media?parent=101"}],"wp:term":[{"taxonomy":"post_tag","embeddable":true,"href":"https:\/\/meat-machine.com\/es\/wp-json\/wp\/v2\/tags?post=101"},{"taxonomy":"product-type","embeddable":true,"href":"https:\/\/meat-machine.com\/es\/wp-json\/wp\/v2\/product-type?post=101"}],"curies":[{"name":"wp","href":"https:\/\/api.w.org\/{rel}","templated":true}]}}