{"id":33,"date":"2022-09-06T10:32:08","date_gmt":"2022-09-06T10:32:08","guid":{"rendered":"https:\/\/meat-machine.com\/?page_id=33"},"modified":"2022-09-13T02:57:11","modified_gmt":"2022-09-13T02:57:11","slug":"sobre-nosotros","status":"publish","type":"page","link":"https:\/\/meat-machine.com\/es\/about-us\/","title":{"rendered":"Sobre nosotros"},"content":{"rendered":"<p class=\"wp-block-paragraph\">Somos una empresa especializada en la producci\u00f3n y fabricaci\u00f3n de maquinaria c\u00e1rnica. M\u00e1s de 10 a\u00f1os de experiencia en la producci\u00f3n de maquinaria alimentaria nos permiten producir m\u00e1quinas de producci\u00f3n de alimentos de alta calidad para los clientes y brindarles servicios personalizados \u00fanicos.<\/p>    <h2 class=\"wp-block-heading\" id=\"h-what-machines-do-we-have\">\u00bfQu\u00e9 m\u00e1quinas tenemos?<\/h2>    <p class=\"wp-block-paragraph translation-block\">En <a href=\"https:\/\/meat-machine.com\/es\/\">Taizy Machinery<\/a>, nuestra maquinaria de procesamiento de carne incluye <a href=\"https:\/\/meat-machine.com\/es\/producto\/maquina-automatica-de-corte-de-pollo\/\">cortadores autom\u00e1ticos de carne<\/a>, <a href=\"https:\/\/meat-machine.com\/es\/producto\/cortadora-de-carne-congelada-comercial\/\">cortadoras de carne para carne congelada<\/a>, <a href=\"https:\/\/meat-machine.com\/es\/producto\/maquina-para-cortar-carne\/\">picadoras de carne congelada<\/a>, <a href=\"https:\/\/meat-machine.com\/es\/producto\/molinillo-de-huesos\/\">trituradores de huesos<\/a>, <a href=\"https:\/\/meat-machine.com\/es\/producto\/separador-de-huesos-de-carne\/\">m\u00e1quinas separadoras de hueso y carne<\/a>, <a href=\"https:\/\/meat-machine.com\/es\/producto\/maquina-deshuesadora-de-pescado\/\">m\u00e1quinas deshuesadoras de pescado<\/a>, <a href=\"https:\/\/meat-machine.com\/es\/producto\/maquina-para-hacer-albondigas\/\">fabricadoras de alb\u00f3ndigas<\/a>, <a href=\"https:\/\/meat-machine.com\/es\/producto\/fabricante-de-hamburguesas-comercial\/\">m\u00e1quinas de hamburguesas<\/a>, <a href=\"https:\/\/meat-machine.com\/es\/producto\/maquina-picadora-de-carne-comercial\/\">moliendas industriales de carne<\/a>, etc. Adem\u00e1s, tambi\u00e9n contamos con ahumadores comerciales, m\u00e1quinas de amasado enrollado para la venta. Por lo tanto, nuestra empresa ofrece una amplia variedad de equipos de producci\u00f3n de carne. Si tiene alguna necesidad de maquinaria c\u00e1rnica, no dude en contactarnos.<\/p>    <h2 class=\"wp-block-heading\" id=\"h-rich-experience-in-machinery-export\">Rica experiencia en exportaci\u00f3n de maquinaria.<\/h2>    <p class=\"wp-block-paragraph\">Nuestra maquinaria se ha exportado a Estados Unidos, Canad\u00e1, Francia, Nigeria, Tanzania, Arabia Saudita, Malasia, Corea del Sur, Brasil, Per\u00fa, M\u00e9xico, Suiza y muchos otros pa\u00edses. Por eso tenemos una rica experiencia en la exportaci\u00f3n de maquinaria.<\/p>    <figure class=\"wp-block-image size-full\"><img loading=\"lazy\" decoding=\"async\" width=\"1024\" height=\"620\" src=\"https:\/\/meat-machine.com\/wp-content\/uploads\/2022\/09\/people-from-many-countries-have-chosen-us.webp\" alt=\"gente de muchos pa\u00edses nos ha elegido\" class=\"wp-image-153\" title=\"\" srcset=\"https:\/\/meat-machine.com\/wp-content\/uploads\/2022\/09\/people-from-many-countries-have-chosen-us.webp 1024w, https:\/\/meat-machine.com\/wp-content\/uploads\/2022\/09\/people-from-many-countries-have-chosen-us-300x182.webp 300w, https:\/\/meat-machine.com\/wp-content\/uploads\/2022\/09\/people-from-many-countries-have-chosen-us-768x465.webp 768w\" sizes=\"auto, (max-width: 1024px) 100vw, 1024px\" \/><figcaption>Personas de muchos pa\u00edses nos han elegido<\/figcaption><\/figure>","protected":false},"excerpt":{"rendered":"<p>We are a company specializing in the production and manufacture of meat machinery. More than 10 years of food machinery production experience allows us to produce high-quality food production machines for customers and provide customers with unique customized services. What machines do we have? At Taizy Machinery, our meat processing machinery includes automatic meat cutters, [&hellip;]<\/p>\n","protected":false},"author":1,"featured_media":0,"parent":0,"menu_order":0,"comment_status":"closed","ping_status":"closed","template":"","meta":{"_crdt_document":"","footnotes":""},"class_list":["post-33","page","type-page","status-publish","hentry"],"_links":{"self":[{"href":"https:\/\/meat-machine.com\/es\/wp-json\/wp\/v2\/pages\/33","targetHints":{"allow":["GET"]}}],"collection":[{"href":"https:\/\/meat-machine.com\/es\/wp-json\/wp\/v2\/pages"}],"about":[{"href":"https:\/\/meat-machine.com\/es\/wp-json\/wp\/v2\/types\/page"}],"author":[{"embeddable":true,"href":"https:\/\/meat-machine.com\/es\/wp-json\/wp\/v2\/users\/1"}],"replies":[{"embeddable":true,"href":"https:\/\/meat-machine.com\/es\/wp-json\/wp\/v2\/comments?post=33"}],"version-history":[{"count":0,"href":"https:\/\/meat-machine.com\/es\/wp-json\/wp\/v2\/pages\/33\/revisions"}],"wp:attachment":[{"href":"https:\/\/meat-machine.com\/es\/wp-json\/wp\/v2\/media?parent=33"}],"curies":[{"name":"wp","href":"https:\/\/api.w.org\/{rel}","templated":true}]}}