{"id":88,"date":"2022-09-08T07:20:45","date_gmt":"2022-09-08T07:20:45","guid":{"rendered":"https:\/\/meat-machine.com\/?post_type=product&#038;p=88"},"modified":"2026-04-02T16:52:26","modified_gmt":"2026-04-02T08:52:26","slug":"kommerzieller-fleischwolf","status":"publish","type":"product","link":"https:\/\/meat-machine.com\/de\/product\/commercial-meat-mincer-machine\/","title":{"rendered":"Kommerzielle Fleischwolfmaschine"},"content":{"rendered":"<div class=\"kk-star-ratings kksr-auto kksr-align-left kksr-valign-top\"     data-payload='{&quot;align&quot;:&quot;left&quot;,&quot;id&quot;:&quot;88&quot;,&quot;slug&quot;:&quot;default&quot;,&quot;valign&quot;:&quot;top&quot;,&quot;ignore&quot;:&quot;&quot;,&quot;reference&quot;:&quot;auto&quot;,&quot;class&quot;:&quot;&quot;,&quot;count&quot;:&quot;14&quot;,&quot;legendonly&quot;:&quot;&quot;,&quot;readonly&quot;:&quot;&quot;,&quot;score&quot;:&quot;4.5&quot;,&quot;starsonly&quot;:&quot;&quot;,&quot;best&quot;:&quot;5&quot;,&quot;gap&quot;:&quot;5&quot;,&quot;greet&quot;:&quot;Rate this product&quot;,&quot;legend&quot;:&quot;4.5\\\/5 - (14 votes)&quot;,&quot;size&quot;:&quot;24&quot;,&quot;title&quot;:&quot;Commercial Meat Mincer Machine&quot;,&quot;width&quot;:&quot;128&quot;,&quot;_legend&quot;:&quot;{score}\\\/{best} - ({count} {votes})&quot;,&quot;font_factor&quot;:&quot;1.25&quot;}'>              <div class=\"kksr-stars\">      <div class=\"kksr-stars-inactive\">             <div class=\"kksr-star\" data-star=\"1\" style=\"padding-right: 5px\">               <div class=\"kksr-icon\" style=\"width: 24px; height: 24px;\"><\/div>         <\/div>             <div class=\"kksr-star\" data-star=\"2\" style=\"padding-right: 5px\">               <div class=\"kksr-icon\" style=\"width: 24px; height: 24px;\"><\/div>         <\/div>             <div class=\"kksr-star\" data-star=\"3\" style=\"padding-right: 5px\">               <div class=\"kksr-icon\" style=\"width: 24px; height: 24px;\"><\/div>         <\/div>             <div class=\"kksr-star\" data-star=\"4\" style=\"padding-right: 5px\">               <div class=\"kksr-icon\" style=\"width: 24px; height: 24px;\"><\/div>         <\/div>             <div class=\"kksr-star\" data-star=\"5\" style=\"padding-right: 5px\">               <div class=\"kksr-icon\" style=\"width: 24px; height: 24px;\"><\/div>         <\/div>     <\/div>      <div class=\"kksr-stars-active\" style=\"width: 128px;\">             <div class=\"kksr-star\" style=\"padding-right: 5px\">               <div class=\"kksr-icon\" style=\"width: 24px; height: 24px;\"><\/div>         <\/div>             <div class=\"kksr-star\" style=\"padding-right: 5px\">               <div class=\"kksr-icon\" style=\"width: 24px; height: 24px;\"><\/div>         <\/div>             <div class=\"kksr-star\" style=\"padding-right: 5px\">               <div class=\"kksr-icon\" style=\"width: 24px; height: 24px;\"><\/div>         <\/div>             <div class=\"kksr-star\" style=\"padding-right: 5px\">               <div class=\"kksr-icon\" style=\"width: 24px; height: 24px;\"><\/div>         <\/div>             <div class=\"kksr-star\" style=\"padding-right: 5px\">               <div class=\"kksr-icon\" style=\"width: 24px; height: 24px;\"><\/div>         <\/div>     <\/div> <\/div>                   <div class=\"kksr-legend\" style=\"font-size: 19.2px;\">             4,5\/5 - (14 Stimmen)    <\/div>     <\/div>  <p class=\"wp-block-paragraph\">Die gewerbliche Fleischwolfmaschine kann gro\u00dfe Mengen Fleisch effizient f\u00fcr die Lebensmittelverarbeitung zerkleinern. Sie kann gefrorenes Fleisch in einheitliches Hackfleisch umwandeln, das dann f\u00fcr die weitere Herstellung von Produkten wie W\u00fcrsten, Fleischb\u00e4llchen, Burger-Patties, Teigtaschenf\u00fcllungen und anderen verarbeiteten Fleischprodukten verwendet werden kann.<\/p>    <p class=\"wp-block-paragraph\">Der gewerbliche Fleischwolf ist f\u00fcr eine Vielzahl von Rohstoffen geeignet, einschlie\u00dflich Schwein, Rind, Huhn, Lamm, Fisch und anderen boneless Fleischsorten. Verschiedene Lochplatten k\u00f6nnen installiert werden, um je nach Endproduktanforderungen unterschiedliche Mahlgr\u00f6\u00dfen zu erzeugen. <\/p>    <p class=\"wp-block-paragraph translation-block\">Die Maschinenkapazit\u00e4t liegt typischerweise zwischen <strong>500 kg\/h und 50.000 kg\/h<\/strong>. Sie wird h\u00e4ufig in Metzgereien, Fleischverarbeitungsbetrieben, Lebensmittelwerken und Zentralen K\u00fcchen eingesetzt, wo eine gleichm\u00e4\u00dfige Fleischtextur und hohe Produktivit\u00e4t erforderlich sind.<\/p>    <figure class=\"wp-block-embed is-type-video is-provider-youtube wp-block-embed-youtube wp-embed-aspect-9-16 wp-has-aspect-ratio\"><div class=\"wp-block-embed__wrapper\"> <iframe loading=\"lazy\" title=\"Automatisches Arbeitsvideo der Fleischwolfmaschine | Leistungsstarker Fleischwolf #Fleisch #Lebensmittelverarbeitung #Mahlmaschine\" width=\"422\" height=\"750\" src=\"https:\/\/www.youtube.com\/embed\/PiKyUP9N3R0?feature=oembed\" frameborder=\"0\" allow=\"accelerometer; autoplay; clipboard-write; encrypted-media; gyroscope; picture-in-picture; web-share\" referrerpolicy=\"strict-origin-when-cross-origin\" allowfullscreen><\/iframe> <\/div><figcaption class=\"wp-element-caption\">Arbeitsvideo der gewerblichen Fleischwolfmaschine<\/figcaption><\/figure>    <h2 id=\"h-working-principle-of-commercial-meat-mincer-machine\" class=\"wp-block-heading\">Wie funktioniert der kommerzielle Fleischwolf?<\/h2>    <ul class=\"wp-block-list\"> <li>Die Maschine beginnt zu arbeiten, wenn der Motor eingeschaltet wird, und treibt die internen Komponenten an, um den Mahlvorgang zu starten.<\/li>    <li>Gefrorenes Fleisch wird in die Zufuhrrinne gelegt, um in das Mahlssystem einzutreten.<\/li>    <li>Ein rotierender Schneckenf\u00f6rderer schiebt das Fleisch kontinuierlich in Richtung des Schneideinheit.<\/li>    <li>Die wechselnde Steigung der Schraube komprimiert das Fleisch und baut w\u00e4hrend des Zuf\u00fchrprozesses Druck auf.<\/li>    <li>Das komprimierte Fleisch wird durch das rotierende Messer in kleine St\u00fccke geschnitten.<\/li>    <li>Das gehackte Fleisch wird durch die perforierte Platte gedr\u00fcckt, um gleichm\u00e4\u00dfig zerkleinertes Fleisch zu bilden.<\/li>    <li>Das fertige Hackfleisch wird aus dem Ausgang entlassen und f\u00fcr weitere Lebensmittelverarbeitungen wie <a href=\"https:\/\/meat-machine.com\/de\/produkt\/maschine-zur-herstellung-von-fleischballchen\/\" data-type=\"link\" data-id=\"https:\/\/meat-machine.com\/product\/meatball-making-machine\/\">Fleischb\u00e4llchen<\/a> oder <a href=\"https:\/\/meat-machine.com\/de\/produkt\/kommerzieller-burger-patty-maker\/\" data-type=\"link\" data-id=\"https:\/\/meat-machine.com\/product\/commercial-burger-patty-maker\/\">Burger<\/a>.<\/li> <\/ul>    <figure class=\"wp-block-gallery has-nested-images columns-default is-cropped wp-block-gallery-2 is-layout-flex wp-block-gallery-is-layout-flex\"> <figure class=\"wp-block-image size-full\"><img loading=\"lazy\" decoding=\"async\" width=\"720\" height=\"540\" data-id=\"1146\" src=\"https:\/\/meat-machine.com\/wp-content\/uploads\/2022\/09\/Commercial-Meat-Mincer-Machine-Structure.webp\" alt=\"Struktur der gewerblichen Fleischwolfmaschine\" class=\"wp-image-1146\" title=\"\" srcset=\"https:\/\/meat-machine.com\/wp-content\/uploads\/2022\/09\/Commercial-Meat-Mincer-Machine-Structure.webp 720w, https:\/\/meat-machine.com\/wp-content\/uploads\/2022\/09\/Commercial-Meat-Mincer-Machine-Structure-300x225.webp 300w, https:\/\/meat-machine.com\/wp-content\/uploads\/2022\/09\/Commercial-Meat-Mincer-Machine-Structure-16x12.webp 16w\" sizes=\"auto, (max-width: 720px) 100vw, 720px\" \/><figcaption class=\"wp-element-caption\">Struktur der gewerblichen Fleischwolfmaschine<\/figcaption><\/figure>    <figure class=\"wp-block-image size-full\"><img loading=\"lazy\" decoding=\"async\" width=\"720\" height=\"540\" data-id=\"1145\" src=\"https:\/\/meat-machine.com\/wp-content\/uploads\/2022\/09\/Commercial-Meat-Mincer-Machine-1.webp\" alt=\"Kommerzielle Fleischwolfmaschine\" class=\"wp-image-1145\" title=\"\" srcset=\"https:\/\/meat-machine.com\/wp-content\/uploads\/2022\/09\/Commercial-Meat-Mincer-Machine-1.webp 720w, https:\/\/meat-machine.com\/wp-content\/uploads\/2022\/09\/Commercial-Meat-Mincer-Machine-1-300x225.webp 300w, https:\/\/meat-machine.com\/wp-content\/uploads\/2022\/09\/Commercial-Meat-Mincer-Machine-1-16x12.webp 16w\" sizes=\"auto, (max-width: 720px) 100vw, 720px\" \/><figcaption class=\"wp-element-caption\">Kommerzielle Fleischwolfmaschine<\/figcaption><\/figure> <\/figure>    <h2 id=\"h-characteristics-of-industrial-meat-grinder-machine\" class=\"wp-block-heading\">Merkmale der gefrorenen Fleischwolfmaschine<\/h2>    <div class=\"wp-block-media-text has-media-on-the-right is-stacked-on-mobile\"><div class=\"wp-block-media-text__content\"> <ul class=\"wp-block-list\"> <li>Ausgestattet mit einem <strong>Motor mit niedriger Drehzahl und hohem Drehmoment (ca. 80 U\/min)<\/strong> das es erm\u00f6glicht, gefrorenes Fleisch reibungslos zu mahlen, ohne die Fleischfasern zu \u00fcberhitzen.<\/li>    <li>Der <strong>Gro\u00dfer Edelstahl-Futtertrichter<\/strong> ist so konzipiert, dass es vorgefrorene Fleischbl\u00f6cke aufnimmt und das Material direkt in das Schraubenf\u00f6rderband f\u00fchrt.<\/li>    <li>Verwendet eine <strong>Schwerlast-Spiralschnecke (Schnecke)<\/strong> mit allm\u00e4hlich wechselnder Steigung, um gefrorenes Fleisch effizient zu komprimieren und voranzutreiben.<\/li>    <li>Der <strong>Das Schneidsystem kombiniert ein rotierendes Messer und eine perforierte Platte.<\/strong>, das es erm\u00f6glicht, das Fleisch gleichzeitig zu schneiden und extrudieren.<\/li> <\/ul> <\/div><figure class=\"wp-block-media-text__media\"><img loading=\"lazy\" decoding=\"async\" width=\"720\" height=\"540\" src=\"https:\/\/meat-machine.com\/wp-content\/uploads\/2022\/09\/finished-product.webp\" alt=\"fertiges Produkt\" class=\"wp-image-96 size-full\" title=\"\" srcset=\"https:\/\/meat-machine.com\/wp-content\/uploads\/2022\/09\/finished-product.webp 720w, https:\/\/meat-machine.com\/wp-content\/uploads\/2022\/09\/finished-product-300x225.webp 300w\" sizes=\"auto, (max-width: 720px) 100vw, 720px\" \/><\/figure><\/div>    <div class=\"wp-block-media-text is-stacked-on-mobile\"><figure class=\"wp-block-media-text__media\"><img loading=\"lazy\" decoding=\"async\" width=\"720\" height=\"540\" src=\"https:\/\/meat-machine.com\/wp-content\/uploads\/2022\/09\/Commercial-Meat-Mincer-Machine-details.webp\" alt=\"Details zur gewerblichen Fleischwolfmaschine\" class=\"wp-image-1147 size-full\" title=\"\" srcset=\"https:\/\/meat-machine.com\/wp-content\/uploads\/2022\/09\/Commercial-Meat-Mincer-Machine-details.webp 720w, https:\/\/meat-machine.com\/wp-content\/uploads\/2022\/09\/Commercial-Meat-Mincer-Machine-details-300x225.webp 300w, https:\/\/meat-machine.com\/wp-content\/uploads\/2022\/09\/Commercial-Meat-Mincer-Machine-details-16x12.webp 16w\" sizes=\"auto, (max-width: 720px) 100vw, 720px\" \/><\/figure><div class=\"wp-block-media-text__content\"> <ul class=\"wp-block-list\"> <li><strong>Mehrlochplattengr\u00f6\u00dfen (4\u201315 mm, anpassbar)<\/strong> kann installiert werden, um verschiedene Feinheitsgrade des Hackfleisches zu produzieren.<\/li>    <li>Der <strong>Die gesamte lebensmittelechte Struktur besteht aus Edelstahl<\/strong>, der Korrosionsbest\u00e4ndigkeit und einfache Reinigung in Fleischverarbeitungsumgebungen gew\u00e4hrleistet.<\/li>    <li>Der <strong>verst\u00e4rktes Getriebe und Antriebssystem<\/strong> sind so konstruiert, dass sie den w\u00e4hrend des Gefriermahlens entstehenden Widerstand aushalten.<\/li>    <li>Die Maschine unterst\u00fctzt <strong>kontinuierlicher industrieller Betrieb<\/strong>, was ihn f\u00fcr gro\u00df angelegte Fleischverarbeitungsanlagen geeignet macht.<\/li> <\/ul> <\/div><\/div>    <h2 class=\"wp-block-heading\">Fleischwolf Maschinenparameter<\/h2>    <figure class=\"wp-block-table\"><table class=\"has-fixed-layout\"><thead><tr><th>Modell<\/th><th>100<\/th><th>120<\/th><th>130<\/th><th>160<\/th><th>200<\/th><th>250<\/th><\/tr><\/thead><tbody><tr><td>Leistung<\/td><td>5,5 kW<\/td><td>7,5 kW<\/td><td>11 kW<\/td><td>14 kW<\/td><td>30 kW<\/td><td>37 kW<\/td><\/tr><tr><td>Stromspannung<\/td><td>380 V<\/td><td>380 V<\/td><td>380 V<\/td><td>380 V<\/td><td>380 V<\/td><td>380 V<\/td><\/tr><tr><td>Kapazit\u00e4t<\/td><td>500 kg\/h<\/td><td>1000 kg\/h<\/td><td>1500 kg\/h<\/td><td>2\u20133 t\/h<\/td><td>3\u20134 t\/h<\/td><td>4\u20135 t\/h<\/td><\/tr><tr><td>Maschinengr\u00f6\u00dfe<\/td><td>900 \u00d7 570 \u00d7 1030 mm<\/td><td>1150 \u00d7 630 \u00d7 1180 mm<\/td><td>1220 \u00d7 770 \u00d7 1200 mm<\/td><td>1220 \u00d7 770 \u00d7 1200 mm<\/td><td>1560 \u00d7 850 \u00d7 1400 mm<\/td><td>1720 \u00d7 1200 \u00d7 1580 mm<\/td><\/tr><tr><td>Futter\u00f6ffnung Gr\u00f6\u00dfe<\/td><td>460 \u00d7 440 \u00d7 400 mm<\/td><td>630 \u00d7 520 \u00d7 430 mm<\/td><td>\u2014<\/td><td>710 \u00d7 660 \u00d7 480 mm<\/td><td>\u2014<\/td><td>\u2014<\/td><\/tr><tr><td>Lochplatte<\/td><td>6 \/ 8 \/ 10 mm<\/td><td>6 \/ 8 \/ 10 mm<\/td><td>6 \/ 8 \/ 10 mm<\/td><td>6 \/ 8 \/ 10 mm<\/td><td>6 \/ 8 \/ 10 mm<\/td><td>\u2014<\/td><\/tr><\/tbody><\/table><figcaption class=\"wp-element-caption\">Parameter des Fleischwolfs<\/figcaption><\/figure>    <figure class=\"wp-block-gallery has-nested-images columns-default is-cropped wp-block-gallery-3 is-layout-flex wp-block-gallery-is-layout-flex\"> <figure class=\"wp-block-image size-large\"><img loading=\"lazy\" decoding=\"async\" width=\"720\" height=\"540\" data-id=\"722\" src=\"https:\/\/meat-machine.com\/wp-content\/uploads\/2022\/09\/frozen-meat.webp\" alt=\"gefrorenes Fleisch\" class=\"wp-image-722\" title=\"\" srcset=\"https:\/\/meat-machine.com\/wp-content\/uploads\/2022\/09\/frozen-meat.webp 720w, https:\/\/meat-machine.com\/wp-content\/uploads\/2022\/09\/frozen-meat-300x225.webp 300w, https:\/\/meat-machine.com\/wp-content\/uploads\/2022\/09\/frozen-meat-16x12.webp 16w\" sizes=\"auto, (max-width: 720px) 100vw, 720px\" \/><figcaption class=\"wp-element-caption\">Fleisch<\/figcaption><\/figure>    <figure class=\"wp-block-image size-large\"><img loading=\"lazy\" decoding=\"async\" width=\"540\" height=\"720\" data-id=\"1150\" src=\"https:\/\/meat-machine.com\/wp-content\/uploads\/2022\/09\/meat-grinding-machine-1.webp\" alt=\"Fleischwolfmaschine\" class=\"wp-image-1150\" title=\"\" srcset=\"https:\/\/meat-machine.com\/wp-content\/uploads\/2022\/09\/meat-grinding-machine-1.webp 540w, https:\/\/meat-machine.com\/wp-content\/uploads\/2022\/09\/meat-grinding-machine-1-225x300.webp 225w, https:\/\/meat-machine.com\/wp-content\/uploads\/2022\/09\/meat-grinding-machine-1-9x12.webp 9w\" sizes=\"auto, (max-width: 540px) 100vw, 540px\" \/><figcaption class=\"wp-element-caption\">Fleischmahlmaschine<\/figcaption><\/figure> <\/figure>    <h2 id=\"h-how-to-use-a-meat-mincer-machine\" class=\"wp-block-heading\">Wie reinigt man einen kommerziellen Fleischwolf?<\/h2>    <div class=\"wp-block-media-text is-stacked-on-mobile\"><figure class=\"wp-block-media-text__media\"><img loading=\"lazy\" decoding=\"async\" width=\"540\" height=\"720\" src=\"https:\/\/meat-machine.com\/wp-content\/uploads\/2022\/09\/meat-grinder-effective.webp\" alt=\"Effektiver Fleischwolf\" class=\"wp-image-1148 size-full\" title=\"\" srcset=\"https:\/\/meat-machine.com\/wp-content\/uploads\/2022\/09\/meat-grinder-effective.webp 540w, https:\/\/meat-machine.com\/wp-content\/uploads\/2022\/09\/meat-grinder-effective-225x300.webp 225w, https:\/\/meat-machine.com\/wp-content\/uploads\/2022\/09\/meat-grinder-effective-9x12.webp 9w\" sizes=\"auto, (max-width: 540px) 100vw, 540px\" \/><\/figure><div class=\"wp-block-media-text__content\"> <ul class=\"wp-block-list\"> <li><strong>Entfernen Sie das Mahlwerk.<\/strong> Nehmen Sie den Fleischwolf von der Maschine ab und achten Sie darauf, dass Sie in die entgegengesetzte Richtung arbeiten.<\/li>    <li><strong>Reinigen Sie den Hohlraum.<\/strong> Entfernen Sie Fleischschaum und \u00fcbrig gebliebene Fleischst\u00fccke aus dem Maschinenraum.<\/li>    <li><strong>In Sp\u00fclmittel einweichen.<\/strong> Weichen Sie die Maschinenteile in warmem Wasser mit Reinigungsmittel ein, um eventuelle R\u00fcckst\u00e4nde zu l\u00f6sen.<\/li> <\/ul> <\/div><\/div>    <div class=\"wp-block-media-text has-media-on-the-right is-stacked-on-mobile\"><div class=\"wp-block-media-text__content\"> <ul class=\"wp-block-list\"> <li><strong>Schrubben Sie die Teile.<\/strong> Reinigen Sie alle Komponenten gr\u00fcndlich mit einer B\u00fcrste.<\/li>    <li><strong>Mit Wasser absp\u00fclen.<\/strong> Sp\u00fclen Sie die Teile zweimal mit Leitungswasser ab, um Reinigungsmittel und R\u00fcckst\u00e4nde zu entfernen.<\/li>    <li><strong>Trocknen Sie die Teile.<\/strong> Stellen Sie die gereinigten Komponenten an einen k\u00fchlen, bel\u00fcfteten Ort, um sie vollst\u00e4ndig zu trocknen.<\/li> <\/ul> <\/div><figure class=\"wp-block-media-text__media\"><img loading=\"lazy\" decoding=\"async\" width=\"540\" height=\"720\" src=\"https:\/\/meat-machine.com\/wp-content\/uploads\/2022\/09\/meat-grinder-2.webp\" alt=\"Fleischwolf\" class=\"wp-image-1149 size-full\" title=\"\" srcset=\"https:\/\/meat-machine.com\/wp-content\/uploads\/2022\/09\/meat-grinder-2.webp 540w, https:\/\/meat-machine.com\/wp-content\/uploads\/2022\/09\/meat-grinder-2-225x300.webp 225w, https:\/\/meat-machine.com\/wp-content\/uploads\/2022\/09\/meat-grinder-2-9x12.webp 9w\" sizes=\"auto, (max-width: 540px) 100vw, 540px\" \/><\/figure><\/div>    <h2 class=\"wp-block-heading\">Tipps zur Verwendung einer Fleischwolfmaschine<\/h2>    <div class=\"wp-block-media-text is-stacked-on-mobile\"><figure class=\"wp-block-media-text__media\"><img loading=\"lazy\" decoding=\"async\" width=\"720\" height=\"540\" src=\"https:\/\/meat-machine.com\/wp-content\/uploads\/2022\/09\/Commercial-Meat-Mincer-Machine-sale.webp\" alt=\"Verkauf von gewerblichen Fleischwolfmaschinen\" class=\"wp-image-1144 size-full\" title=\"\" srcset=\"https:\/\/meat-machine.com\/wp-content\/uploads\/2022\/09\/Commercial-Meat-Mincer-Machine-sale.webp 720w, https:\/\/meat-machine.com\/wp-content\/uploads\/2022\/09\/Commercial-Meat-Mincer-Machine-sale-300x225.webp 300w, https:\/\/meat-machine.com\/wp-content\/uploads\/2022\/09\/Commercial-Meat-Mincer-Machine-sale-16x12.webp 16w\" sizes=\"auto, (max-width: 720px) 100vw, 720px\" \/><\/figure><div class=\"wp-block-media-text__content\"> <ul class=\"wp-block-list\"> <li><strong>Richtig einfrieren<\/strong> im Gefrierfach f\u00fcr gleichm\u00e4\u00dfiges Einfrieren.<\/li>    <li><strong>Fleisch bei -5\u00b0C bis -18\u00b0C verwenden<\/strong> f\u00fcr die besten Mahlergebnisse und um ein Anhaften zu verhindern.<\/li>    <li><strong>Gro\u00dfe St\u00fccke vorzerkleinern<\/strong> mit einem Fleischzerkleinerer, falls n\u00f6tig.<\/li>    <li><strong>Fleisch in kleinen St\u00fccken einfrieren<\/strong> f\u00fcr eine reibungslosere Verarbeitung.<\/li> <\/ul> <\/div><\/div>    <h2 class=\"wp-block-heading\">Zusatzger\u00e4t f\u00fcr den Fleischwolf<\/h2>    <p class=\"wp-block-paragraph\">Um eine h\u00f6here Effizienz und eine bessere Nutzung der Rohstoffe zu erreichen, kann der Fleischwolf in Verbindung mit unserem Knochenschneider und Knochenzerkleinerer verwendet werden. <\/p>    <p class=\"wp-block-paragraph translation-block\">Der <a href=\"https:\/\/meat-machine.com\/de\/produkt\/fleischknochentrenner\/\" data-type=\"link\" data-id=\"https:\/\/meat-machine.com\/product\/meat-bone-separator\/\">Knochenschneider<\/a> trennt zun\u00e4chst verbleibendes Fleisch von Tierknochen, maximiert die Fleischr\u00fcckgewinnung, w\u00e4hrend die <a href=\"https:\/\/meat-machine.com\/de\/produkt\/knochenbrechmaschine\/\" data-type=\"link\" data-id=\"https:\/\/meat-machine.com\/product\/bone-crushing-machine\/\">Knochenzerkleinerungsmaschine<\/a> harte Knochen in kleinere Partikel verarbeitet, die f\u00fcr die weitere Verwendung geeignet sind. <\/p>    <p class=\"wp-block-paragraph\">In Kombination mit dem Fleischwolf bildet dieses Zusatzger\u00e4t eine vollst\u00e4ndige und effiziente Verarbeitungslinie, reduziert Abfall, verbessert die Ausbeutequalit\u00e4t und erweitert die Anwendungsm\u00f6glichkeiten in der Fleisch- und Nebenproduktverarbeitung.<\/p>    <figure class=\"wp-block-gallery has-nested-images columns-default is-cropped wp-block-gallery-4 is-layout-flex wp-block-gallery-is-layout-flex\"> <figure class=\"wp-block-image size-full\"><img loading=\"lazy\" decoding=\"async\" width=\"720\" height=\"540\" data-id=\"764\" src=\"https:\/\/meat-machine.com\/wp-content\/uploads\/2022\/09\/bone-crusher-machine.webp\" alt=\"Knochenbrechermaschine\" class=\"wp-image-764\" title=\"\" srcset=\"https:\/\/meat-machine.com\/wp-content\/uploads\/2022\/09\/bone-crusher-machine.webp 720w, https:\/\/meat-machine.com\/wp-content\/uploads\/2022\/09\/bone-crusher-machine-300x225.webp 300w, https:\/\/meat-machine.com\/wp-content\/uploads\/2022\/09\/bone-crusher-machine-16x12.webp 16w\" sizes=\"auto, (max-width: 720px) 100vw, 720px\" \/><figcaption class=\"wp-element-caption\">Knochenzerkleinerer Maschine<\/figcaption><\/figure>    <figure class=\"wp-block-image size-full\"><img loading=\"lazy\" decoding=\"async\" width=\"540\" height=\"720\" data-id=\"1132\" src=\"https:\/\/meat-machine.com\/wp-content\/uploads\/2023\/05\/bone-meat-separating-machine.webp\" alt=\"Knochen-Fleisch-Trennmaschine\" class=\"wp-image-1132\" title=\"\" srcset=\"https:\/\/meat-machine.com\/wp-content\/uploads\/2023\/05\/bone-meat-separating-machine.webp 540w, https:\/\/meat-machine.com\/wp-content\/uploads\/2023\/05\/bone-meat-separating-machine-225x300.webp 225w, https:\/\/meat-machine.com\/wp-content\/uploads\/2023\/05\/bone-meat-separating-machine-9x12.webp 9w\" sizes=\"auto, (max-width: 540px) 100vw, 540px\" \/><figcaption class=\"wp-element-caption\">Knochen-Fleisch-Trennmaschine<\/figcaption><\/figure> <\/figure>    <p class=\"wp-block-paragraph translation-block\">Der <strong>gewerbliche Fleischwolf<\/strong> kann auch in verschiedene Fleischverarbeitungsanlagen wie <strong><a href=\"https:\/\/meat-machine.com\/de\/produkt\/wurstverarbeitungslinie\/\" data-type=\"link\" data-id=\"https:\/\/meat-machine.com\/product\/sausage-processing-line\/\">Wurstproduktionslinien<\/a> und <a href=\"https:\/\/meat-machine.com\/de\/produkt\/meat-patty-making-machine-production-line\/\" data-type=\"link\" data-id=\"https:\/\/meat-machine.com\/product\/meat-patty-making-machine-production-line\/\">Fleischpatty-Produktionslinien<\/a><\/strong> integriert werden. In diesen Systemen wird die Maschine verwendet, um gefrorenes Fleisch vor dem n\u00e4chsten Verarbeitungsschritt zu zerkleinern. <\/p>    <p class=\"wp-block-paragraph\">Das verarbeitete Fleisch kann anschlie\u00dfend automatisch an Ger\u00e4te wie Mischer, F\u00fcller oder Formmaschinen f\u00fcr die weitere Produktion \u00fcbertragen werden. <\/p>    <p class=\"wp-block-paragraph\">Durch die Integration in eine vollst\u00e4ndige Verarbeitungslinie tr\u00e4gt der Fleischwolf zur Steigerung der Produktionseffizienz bei, sorgt f\u00fcr eine gleichm\u00e4\u00dfige Fleischtextur und unterst\u00fctzt die kontinuierliche Herstellung gro\u00dfer Fleischmengen.<\/p>    <figure class=\"wp-block-gallery has-nested-images columns-default is-cropped wp-block-gallery-5 is-layout-flex wp-block-gallery-is-layout-flex\"> <figure class=\"wp-block-image size-large\"><img loading=\"lazy\" decoding=\"async\" width=\"720\" height=\"540\" data-id=\"459\" src=\"https:\/\/meat-machine.com\/wp-content\/uploads\/2023\/08\/sausage-production-line.webp\" alt=\"Wurstherstellungsger\u00e4te\" class=\"wp-image-459\" title=\"\" srcset=\"https:\/\/meat-machine.com\/wp-content\/uploads\/2023\/08\/sausage-production-line.webp 720w, https:\/\/meat-machine.com\/wp-content\/uploads\/2023\/08\/sausage-production-line-300x225.webp 300w\" sizes=\"auto, (max-width: 720px) 100vw, 720px\" \/><figcaption class=\"wp-element-caption\">Wurstherstellungsger\u00e4te<\/figcaption><\/figure>    <figure class=\"wp-block-image size-large\"><img loading=\"lazy\" decoding=\"async\" width=\"720\" height=\"540\" data-id=\"1017\" src=\"https:\/\/meat-machine.com\/wp-content\/uploads\/2026\/02\/Meat-patty-making-machine-production-line.webp\" alt=\"Fleischpatty-Herstellungsmaschine Produktionslinie\" class=\"wp-image-1017\" title=\"\" srcset=\"https:\/\/meat-machine.com\/wp-content\/uploads\/2026\/02\/Meat-patty-making-machine-production-line.webp 720w, https:\/\/meat-machine.com\/wp-content\/uploads\/2026\/02\/Meat-patty-making-machine-production-line-300x225.webp 300w, https:\/\/meat-machine.com\/wp-content\/uploads\/2026\/02\/Meat-patty-making-machine-production-line-16x12.webp 16w\" sizes=\"auto, (max-width: 720px) 100vw, 720px\" \/><figcaption><\/figcaption><\/figure> <\/figure>    <h2 class=\"wp-block-heading\">Abschluss<\/h2>    <p class=\"wp-block-paragraph\">Wenn Sie nach einer leistungsstarken, kosteneffizienten L\u00f6sung f\u00fcr Ihre Fleischwolfbed\u00fcrfnisse suchen, laden wir Sie ein, uns f\u00fcr ein pers\u00f6nliches Angebot zu kontaktieren. Lassen Sie uns Ihnen helfen, Ihre Produktion mit unseren hochwertigen Fleischwolfmaschinen zu verbessern!<\/p>","protected":false},"excerpt":{"rendered":"<p>Die gewerbliche Fleischwolfmaschine kann gro\u00dfe Mengen Fleisch effizient f\u00fcr die Lebensmittelverarbeitung zerkleinern. <\/p>","protected":false},"author":1,"featured_media":1155,"parent":0,"template":"","tags":[17],"product-type":[2],"class_list":["post-88","product","type-product","status-publish","has-post-thumbnail","hentry","tag-meat-mincer-machine","product-type-meat-cutting-machine"],"_links":{"self":[{"href":"https:\/\/meat-machine.com\/de\/wp-json\/wp\/v2\/product\/88","targetHints":{"allow":["GET"]}}],"collection":[{"href":"https:\/\/meat-machine.com\/de\/wp-json\/wp\/v2\/product"}],"about":[{"href":"https:\/\/meat-machine.com\/de\/wp-json\/wp\/v2\/types\/product"}],"author":[{"embeddable":true,"href":"https:\/\/meat-machine.com\/de\/wp-json\/wp\/v2\/users\/1"}],"wp:featuredmedia":[{"embeddable":true,"href":"https:\/\/meat-machine.com\/de\/wp-json\/wp\/v2\/media\/1155"}],"wp:attachment":[{"href":"https:\/\/meat-machine.com\/de\/wp-json\/wp\/v2\/media?parent=88"}],"wp:term":[{"taxonomy":"post_tag","embeddable":true,"href":"https:\/\/meat-machine.com\/de\/wp-json\/wp\/v2\/tags?post=88"},{"taxonomy":"product-type","embeddable":true,"href":"https:\/\/meat-machine.com\/de\/wp-json\/wp\/v2\/product-type?post=88"}],"curies":[{"name":"wp","href":"https:\/\/api.w.org\/{rel}","templated":true}]}}