{"id":77,"date":"2022-09-07T10:41:37","date_gmt":"2022-09-07T10:41:37","guid":{"rendered":"https:\/\/meat-machine.com\/?post_type=product&#038;p=77"},"modified":"2026-03-02T17:57:09","modified_gmt":"2026-03-02T09:57:09","slug":"fleischknochentrenner","status":"publish","type":"product","link":"https:\/\/meat-machine.com\/de\/product\/meat-bone-separator\/","title":{"rendered":"Fleischknochen-Separator"},"content":{"rendered":"<div class=\"kk-star-ratings kksr-auto kksr-align-left kksr-valign-top\"     data-payload='{&quot;align&quot;:&quot;left&quot;,&quot;id&quot;:&quot;77&quot;,&quot;slug&quot;:&quot;default&quot;,&quot;valign&quot;:&quot;top&quot;,&quot;ignore&quot;:&quot;&quot;,&quot;reference&quot;:&quot;auto&quot;,&quot;class&quot;:&quot;&quot;,&quot;count&quot;:&quot;28&quot;,&quot;legendonly&quot;:&quot;&quot;,&quot;readonly&quot;:&quot;&quot;,&quot;score&quot;:&quot;4.7&quot;,&quot;starsonly&quot;:&quot;&quot;,&quot;best&quot;:&quot;5&quot;,&quot;gap&quot;:&quot;5&quot;,&quot;greet&quot;:&quot;Rate this product&quot;,&quot;legend&quot;:&quot;4.7\\\/5 - (28 votes)&quot;,&quot;size&quot;:&quot;24&quot;,&quot;title&quot;:&quot;Meat Bone Separator&quot;,&quot;width&quot;:&quot;133.8&quot;,&quot;_legend&quot;:&quot;{score}\\\/{best} - ({count} {votes})&quot;,&quot;font_factor&quot;:&quot;1.25&quot;}'>              <div class=\"kksr-stars\">      <div class=\"kksr-stars-inactive\">             <div class=\"kksr-star\" data-star=\"1\" style=\"padding-right: 5px\">               <div class=\"kksr-icon\" style=\"width: 24px; height: 24px;\"><\/div>         <\/div>             <div class=\"kksr-star\" data-star=\"2\" style=\"padding-right: 5px\">               <div class=\"kksr-icon\" style=\"width: 24px; height: 24px;\"><\/div>         <\/div>             <div class=\"kksr-star\" data-star=\"3\" style=\"padding-right: 5px\">               <div class=\"kksr-icon\" style=\"width: 24px; height: 24px;\"><\/div>         <\/div>             <div class=\"kksr-star\" data-star=\"4\" style=\"padding-right: 5px\">               <div class=\"kksr-icon\" style=\"width: 24px; height: 24px;\"><\/div>         <\/div>             <div class=\"kksr-star\" data-star=\"5\" style=\"padding-right: 5px\">               <div class=\"kksr-icon\" style=\"width: 24px; height: 24px;\"><\/div>         <\/div>     <\/div>      <div class=\"kksr-stars-active\" style=\"width: 133.8px;\">             <div class=\"kksr-star\" style=\"padding-right: 5px\">               <div class=\"kksr-icon\" style=\"width: 24px; height: 24px;\"><\/div>         <\/div>             <div class=\"kksr-star\" style=\"padding-right: 5px\">               <div class=\"kksr-icon\" style=\"width: 24px; height: 24px;\"><\/div>         <\/div>             <div class=\"kksr-star\" style=\"padding-right: 5px\">               <div class=\"kksr-icon\" style=\"width: 24px; height: 24px;\"><\/div>         <\/div>             <div class=\"kksr-star\" style=\"padding-right: 5px\">               <div class=\"kksr-icon\" style=\"width: 24px; height: 24px;\"><\/div>         <\/div>             <div class=\"kksr-star\" style=\"padding-right: 5px\">               <div class=\"kksr-icon\" style=\"width: 24px; height: 24px;\"><\/div>         <\/div>     <\/div> <\/div>                   <div class=\"kksr-legend\" style=\"font-size: 19.2px;\">             4,7\/5 - (28 Bewertungen)    <\/div>     <\/div>  <p class=\"wp-block-paragraph translation-block\">Der <strong>Fleischknochen-Separator<\/strong> kann <strong>verbleibendes Fleisch von Knochen trennen<\/strong>, was die Rohstoffnutzung verbessert und die Produktionskosten senkt. Er verwendet mechanische Extrusion, um effektiv <strong>Fleischpaste und Knochenreste<\/strong> zu trennen. <\/p>    <p class=\"wp-block-paragraph translation-block\">Dieses Ger\u00e4t ist <strong>speziell f\u00fcr Gefl\u00fcgel (Huhn und Ente) und Fischrohstoffe<\/strong>, einschlie\u00dflich H\u00fchnerrahmen, H\u00fchnerhals, H\u00fchnerknorpel, Entenrahmen, Fischknochen und \u00e4hnliche Materialien konzipiert. <\/p>    <p class=\"wp-block-paragraph\">Das getrennte Fleischp\u00fcree ist f\u00fcr die Weiterverarbeitung zu W\u00fcrstchen, Frikadellen, Patties, Surimi-Produkten und anderen verarbeiteten Lebensmitteln geeignet, w\u00e4hrend die Knochenreste wieder f\u00fcr Futter oder weitere Verarbeitung verwendet werden k\u00f6nnen. <\/p>    <p class=\"wp-block-paragraph translation-block\">Der Fleischknochen-Separator ist in <strong>drei Modellen<\/strong> erh\u00e4ltlich, mit einer <strong>Kapazit\u00e4tsspanne von 300\u20131200 kg\/h<\/strong>, was ihn sowohl f\u00fcr kleine als auch mittelgro\u00dfe Fleischverarbeitungsbetriebe geeignet macht.<\/p>    <figure class=\"wp-block-embed is-type-video is-provider-youtube wp-block-embed-youtube wp-embed-aspect-9-16 wp-has-aspect-ratio\"><div class=\"wp-block-embed__wrapper\"> <iframe loading=\"lazy\" title=\"Video zur Arbeitsweise des Knochen- und Fleischseparators | Fabrikverarbeitung #knochen #fleisch #lebensmittelverarbeitung\" width=\"422\" height=\"750\" src=\"https:\/\/www.youtube.com\/embed\/f45DGjWDgkM?feature=oembed\" frameborder=\"0\" allow=\"accelerometer; autoplay; clipboard-write; encrypted-media; gyroscope; picture-in-picture; web-share\" referrerpolicy=\"strict-origin-when-cross-origin\" allowfullscreen><\/iframe> <\/div><figcaption class=\"wp-element-caption\">Video zum Betrieb des Fleischknochen-Separators<\/figcaption><\/figure>    <h2 class=\"wp-block-heading\">Geeignete Materialien f\u00fcr Fleischknochen-Separatoren<\/h2>    <p class=\"wp-block-paragraph translation-block\">Der <strong>Fleischknochen-Separator<\/strong> ist haupts\u00e4chlich f\u00fcr <strong>Gefl\u00fcgel- und Kleintierrohstoffe<\/strong>, einschlie\u00dflich <strong>Huhn, Ente, Gans, Fisch und Kaninchen<\/strong>, konzipiert. Er ist <strong>nicht geeignet f\u00fcr harte Knochen wie Rinder- oder Schafsknochen<\/strong>. <\/p>    <p class=\"wp-block-paragraph translation-block\">F\u00fcr optimale Trennungseffizienz und Fleischr\u00fcckgewinnung wird die empfohlene Verarbeitungstemperatur f\u00fcr Gefl\u00fcgelfrischmaterial bei <strong>\u20132\u00b0C bis \u20138\u00b0C<\/strong>, da halbfroze Frischmaterial eine bessere Textur und eine sauberere Trennung gew\u00e4hrleistet. Frisches Rohmaterial kann ebenfalls verarbeitet werden, aber halbfrohes Gefl\u00fcgel liefert eine stabilere Leistung und hochwertigere Hackfleischprodukte.<\/p>    <figure class=\"wp-block-gallery has-nested-images columns-default is-cropped wp-block-gallery-2 is-layout-flex wp-block-gallery-is-layout-flex\"> <figure class=\"wp-block-image size-large\"><img loading=\"lazy\" decoding=\"async\" width=\"720\" height=\"540\" data-id=\"1095\" src=\"https:\/\/meat-machine.com\/wp-content\/uploads\/2022\/09\/chicken.webp\" alt=\"H\u00e4hnchen\" class=\"wp-image-1095\" title=\"\" srcset=\"https:\/\/meat-machine.com\/wp-content\/uploads\/2022\/09\/chicken.webp 720w, https:\/\/meat-machine.com\/wp-content\/uploads\/2022\/09\/chicken-300x225.webp 300w, https:\/\/meat-machine.com\/wp-content\/uploads\/2022\/09\/chicken-16x12.webp 16w\" sizes=\"auto, (max-width: 720px) 100vw, 720px\" \/><figcaption class=\"wp-element-caption\">Huhn<\/figcaption><\/figure>    <figure class=\"wp-block-image size-large\"><img loading=\"lazy\" decoding=\"async\" width=\"720\" height=\"540\" data-id=\"1096\" src=\"https:\/\/meat-machine.com\/wp-content\/uploads\/2022\/09\/duck.webp\" alt=\"duck\" class=\"wp-image-1096\" title=\"\" srcset=\"https:\/\/meat-machine.com\/wp-content\/uploads\/2022\/09\/duck.webp 720w, https:\/\/meat-machine.com\/wp-content\/uploads\/2022\/09\/duck-300x225.webp 300w, https:\/\/meat-machine.com\/wp-content\/uploads\/2022\/09\/duck-16x12.webp 16w\" sizes=\"auto, (max-width: 720px) 100vw, 720px\" \/><figcaption class=\"wp-element-caption\">Ente<\/figcaption><\/figure> <\/figure>    <h2 id=\"h-working-principle-of-meat-bone-separator\" class=\"wp-block-heading\">Wie funktioniert der Fleischknochen-Separator?<\/h2>    <div class=\"wp-block-media-text is-stacked-on-mobile\"><figure class=\"wp-block-media-text__media\"><img loading=\"lazy\" decoding=\"async\" width=\"540\" height=\"720\" src=\"https:\/\/meat-machine.com\/wp-content\/uploads\/2022\/09\/Meat-Bone-Separator-sale.webp\" alt=\"Verkauf von Fleischknochen-Separatoren\" class=\"wp-image-1081 size-full\" title=\"\" srcset=\"https:\/\/meat-machine.com\/wp-content\/uploads\/2022\/09\/Meat-Bone-Separator-sale.webp 540w, https:\/\/meat-machine.com\/wp-content\/uploads\/2022\/09\/Meat-Bone-Separator-sale-225x300.webp 225w, https:\/\/meat-machine.com\/wp-content\/uploads\/2022\/09\/Meat-Bone-Separator-sale-9x12.webp 9w\" sizes=\"auto, (max-width: 540px) 100vw, 540px\" \/><\/figure><div class=\"wp-block-media-text__content\"> <ul class=\"wp-block-list\"> <li><strong>Materialzufuhr<\/strong> <ul class=\"wp-block-list\"> <li>Rohes Gefl\u00fcgel- oder Fischfleisch mit Knochen wird durch die Zuf\u00fchrung in die Maschine eingebracht.<\/li> <\/ul> <\/li>    <li><strong>Schraubentransport<\/strong> <ul class=\"wp-block-list\"> <li>Eine rotierende Schraube schiebt das Material kontinuierlich in die Knochen- und Fleischtrennkammer.<\/li> <\/ul> <\/li>    <li><strong>Mechanisches Pressen &amp; Zerkleinern<\/strong> <ul class=\"wp-block-list\"> <li>Angetrieben vom Motor erzeugt die Pressschraube starken Druck, zerdr\u00fcckt das Fleisch und die Knochen in kleinere St\u00fccke.<\/li> <\/ul> <\/li> <\/ul> <\/div><\/div>    <div class=\"wp-block-media-text has-media-on-the-right is-stacked-on-mobile\"><div class=\"wp-block-media-text__content\"> <ul class=\"wp-block-list\"> <li><strong>Bildschirm &amp; Trennung<\/strong> <ul class=\"wp-block-list\"> <li>Fein gehacktes Fleisch wird durch die feinen L\u00fccken des Filters gepresst, w\u00e4hrend Knochenpartikel zur\u00fcckgehalten werden.<\/li> <\/ul> <\/li>    <li><strong>Fleischentladung<\/strong> <ul class=\"wp-block-list\"> <li>Das getrennte Hackfleisch wird reibungslos aus dem Hackfleisch-Auslass entlassen.<\/li> <\/ul> <\/li>    <li><strong>Knochenresteausschuss<\/strong> <ul class=\"wp-block-list\"> <li>Knochentr\u00fcmmer werden durch eine separate Auslass\u00f6ffnung ausgesto\u00dfen, wodurch der Fleisch- und Knochen-Trennprozess abgeschlossen wird.<\/li> <\/ul> <\/li> <\/ul> <\/div><figure class=\"wp-block-media-text__media\"><img loading=\"lazy\" decoding=\"async\" width=\"540\" height=\"720\" src=\"https:\/\/meat-machine.com\/wp-content\/uploads\/2022\/09\/Meat-Bone-Separator-price.webp\" alt=\"Preis f\u00fcr Fleischknochen-Separator\" class=\"wp-image-1082 size-full\" title=\"\" srcset=\"https:\/\/meat-machine.com\/wp-content\/uploads\/2022\/09\/Meat-Bone-Separator-price.webp 540w, https:\/\/meat-machine.com\/wp-content\/uploads\/2022\/09\/Meat-Bone-Separator-price-225x300.webp 225w, https:\/\/meat-machine.com\/wp-content\/uploads\/2022\/09\/Meat-Bone-Separator-price-9x12.webp 9w\" sizes=\"auto, (max-width: 540px) 100vw, 540px\" \/><\/figure><\/div>    <h2 id=\"h-working-video-of-poultry-deboning-machine\" class=\"wp-block-heading\">Vorteile des Fleischknochen-Separatoren<\/h2>    <div class=\"wp-block-media-text is-stacked-on-mobile\"><figure class=\"wp-block-media-text__media\"><img loading=\"lazy\" decoding=\"async\" width=\"540\" height=\"720\" src=\"https:\/\/meat-machine.com\/wp-content\/uploads\/2022\/09\/bone-and-meat-separator-factory.webp\" alt=\"Knochen- und Fleischseparator-Fabrik\" class=\"wp-image-1087 size-full\" title=\"\" srcset=\"https:\/\/meat-machine.com\/wp-content\/uploads\/2022\/09\/bone-and-meat-separator-factory.webp 540w, https:\/\/meat-machine.com\/wp-content\/uploads\/2022\/09\/bone-and-meat-separator-factory-225x300.webp 225w, https:\/\/meat-machine.com\/wp-content\/uploads\/2022\/09\/bone-and-meat-separator-factory-9x12.webp 9w\" sizes=\"auto, (max-width: 540px) 100vw, 540px\" \/><\/figure><div class=\"wp-block-media-text__content\"> <ul class=\"wp-block-list\"> <li><strong>Hohe Effizienz &amp; Energieeinsparung<\/strong> \u2013 Kompaktes Design mit geringem Energieverbrauch, verarbeitet bis zu 1200 kg\/h bei stabilem Output.<\/li>    <li><strong>Robuste Edelstahlkonstruktion<\/strong> \u2013 Alle lebensmittelber\u00fchrenden Teile und der Hauptk\u00f6rper sind aus hochwertigem Edelstahl gefertigt, erf\u00fcllen die Lebensmittelhygienestandards und gew\u00e4hrleisten eine lange Lebensdauer.<\/li>    <li><strong>Stabiler &amp; Zuverl\u00e4ssiger Betrieb<\/strong> \u2013 Vollst\u00e4ndig verschlossene Getriebe\u00fcbertragung sorgt f\u00fcr reibungslosen Lauf, reduzierte Ger\u00e4uschentwicklung und zuverl\u00e4ssige Leistung.<\/li> <\/ul> <\/div><\/div>    <div class=\"wp-block-media-text has-media-on-the-right is-stacked-on-mobile\"><div class=\"wp-block-media-text__content\"> <ul class=\"wp-block-list\"> <li><strong>\u00dcberlegene Fleischqualit\u00e4t<\/strong> \u2013 Produziert feines Hackfleisch mit minimaler Faserbesch\u00e4digung und ohne Knochenreste, verbessert die Textur des Endprodukts.<\/li>    <li><strong>Einfache Bedienung &amp; Wartung<\/strong> \u2013 Einfache Struktur, benutzerfreundliche Bedienung und bequeme Reinigung reduzieren Ausfallzeiten und Arbeitskosten.<\/li>    <li><strong>Sicheres &amp; Hygienisches Design<\/strong> \u2013 Glatte Oberfl\u00e4chen ohne tote Ecken, verhindern Schmutzansammlungen und gew\u00e4hrleisten die Sicherheit des Bedieners.<\/li>    <li><strong>Breites Anwendungsspektrum<\/strong> \u2013 Geeignet als Gefl\u00fcgelentbeinungsmaschine, Fischfleischseparator und f\u00fcr andere weiche Knochen trennende Anwendungen.<\/li> <\/ul> <\/div><figure class=\"wp-block-media-text__media\"><img loading=\"lazy\" decoding=\"async\" width=\"540\" height=\"720\" src=\"https:\/\/meat-machine.com\/wp-content\/uploads\/2022\/09\/chicken-deboning-machine-sale.webp\" alt=\"Verkauf von H\u00fchnerentbeinungsmaschinen\" class=\"wp-image-1088 size-full\" title=\"\" srcset=\"https:\/\/meat-machine.com\/wp-content\/uploads\/2022\/09\/chicken-deboning-machine-sale.webp 540w, https:\/\/meat-machine.com\/wp-content\/uploads\/2022\/09\/chicken-deboning-machine-sale-225x300.webp 225w, https:\/\/meat-machine.com\/wp-content\/uploads\/2022\/09\/chicken-deboning-machine-sale-9x12.webp 9w\" sizes=\"auto, (max-width: 540px) 100vw, 540px\" \/><\/figure><\/div>    <h2 id=\"h-machine-parameters\" class=\"wp-block-heading\">Parameter der H\u00fchnerentbeinungsmaschine<\/h2>    <figure class=\"wp-block-table\"><table class=\"has-fixed-layout\"><thead><tr><th>Modell<\/th><th>Stromspannung<\/th><th>Leistung<\/th><th>Kapazit\u00e4t<\/th><th>Abmessungen (mm)<\/th><th>Maschinengewicht<\/th><\/tr><\/thead><tbody><tr><td>TZ-300<\/td><td>380V 50Hz 3 Phasen<\/td><td>7,5 kW<\/td><td>300\u2013500 kg\/h<\/td><td>1400 \u00d7 650 \u00d7 980<\/td><td>400 kg<\/td><\/tr><tr><td>TZ-500<\/td><td>380V 50Hz 3 Phasen<\/td><td>8 kW<\/td><td>600\u2013800 kg\/h<\/td><td>1500 \u00d7 660 \u00d7 980<\/td><td>600 kg<\/td><\/tr><tr><td>TZ-1000<\/td><td>380V 50Hz<\/td><td>13\u201316 kW<\/td><td>1000\u20131200 kg\/h<\/td><td>2100 \u00d7 780 \u00d7 1430<\/td><td>1100 kg<\/td><\/tr><\/tbody><\/table><figcaption class=\"wp-element-caption\">Parameter des Fleischknochen-Separator<\/figcaption><\/figure>    <h2 class=\"wp-block-heading\">Kernkomponenten &amp; Materialkonfiguration des Knochen- und Fleischseparators<\/h2>    <div class=\"wp-block-media-text is-stacked-on-mobile\"><figure class=\"wp-block-media-text__media\"><img loading=\"lazy\" decoding=\"async\" width=\"540\" height=\"720\" src=\"https:\/\/meat-machine.com\/wp-content\/uploads\/2022\/09\/bone-meat-separating-machine-supplier.webp\" alt=\"Lieferant f\u00fcr Knochen-Fleisch-Trennmaschinen\" class=\"wp-image-1091 size-full\" title=\"\" srcset=\"https:\/\/meat-machine.com\/wp-content\/uploads\/2022\/09\/bone-meat-separating-machine-supplier.webp 540w, https:\/\/meat-machine.com\/wp-content\/uploads\/2022\/09\/bone-meat-separating-machine-supplier-225x300.webp 225w, https:\/\/meat-machine.com\/wp-content\/uploads\/2022\/09\/bone-meat-separating-machine-supplier-9x12.webp 9w\" sizes=\"auto, (max-width: 540px) 100vw, 540px\" \/><\/figure><div class=\"wp-block-media-text__content\"> <ul class=\"wp-block-list\"> <li><strong>Motor<\/strong>: Inl\u00e4ndischer reiner Kupferkernmotor, wartungsfrei, stabile Leistung und lange Lebensdauer.<\/li>    <li><strong>Reduzierer<\/strong>: Selbstentwickelter schwerer Zahnfl\u00e4chenreduzierer, geeignet f\u00fcr kontinuierlichen Hochlastbetrieb.<\/li>    <li><strong>Elektrische Steuerung<\/strong>: Zuverl\u00e4ssiges elektrisches Steuersystem f\u00fcr sicheren und stabilen Maschinenbetrieb.<\/li>    <li><strong>Lager<\/strong>: Hochwertige Lager sorgen f\u00fcr reibungslosen Betrieb und verl\u00e4ngerte Haltbarkeit.<\/li>    <li><strong>Entladungsmethode<\/strong>: Vollst\u00e4ndig verschlossene Rohrleitungsentladung, hygienisch und auslaufsicher.<\/li>    <li><strong>Material<\/strong>: Alle Teile, die mit Rohstoffen in Kontakt kommen, sowie der Au\u00dfenrahmen und das Geh\u00e4use, sind aus Edelstahl gefertigt, um Korrosionsbest\u00e4ndigkeit und einfache Reinigung zu gew\u00e4hrleisten.<\/li> <\/ul> <\/div><\/div>    <h2 id=\"h-application-scope-of-poultry-deboning-machine\" class=\"wp-block-heading\">Anwendungsbereich des Fleischknochen-Trennmaschinen<\/h2>    <p class=\"wp-block-paragraph translation-block\">Der Fleischknochen-Separator wird h\u00e4ufig in <strong>Fleischverarbeitungsbetrieben<\/strong>, einschlie\u00dflich <strong>Fleischb\u00e4llchen- und Wurstproduktion<\/strong>, wie Schweinefleischschinkenwurst, Taiwan-Rostwurst, Aufschnitt und Frankfurter verwendet. <\/p>    <p class=\"wp-block-paragraph translation-block\">Das verbleibende Knochenmaterial kann weiterverarbeitet werden zu <strong>Knochensuppe, Tierfutter, Knochenpulver oder Suppenbasis<\/strong>, wodurch separate Knochenmahlger\u00e4te entfallen.<\/p>    <figure class=\"wp-block-image size-full\"><img loading=\"lazy\" decoding=\"async\" width=\"720\" height=\"540\" src=\"https:\/\/meat-machine.com\/wp-content\/uploads\/2022\/09\/meat-1.webp\" alt=\"Fleisch\" class=\"wp-image-1090\" title=\"\" srcset=\"https:\/\/meat-machine.com\/wp-content\/uploads\/2022\/09\/meat-1.webp 720w, https:\/\/meat-machine.com\/wp-content\/uploads\/2022\/09\/meat-1-300x225.webp 300w, https:\/\/meat-machine.com\/wp-content\/uploads\/2022\/09\/meat-1-16x12.webp 16w\" sizes=\"auto, (max-width: 720px) 100vw, 720px\" \/><figcaption class=\"wp-element-caption\">Fleisch<\/figcaption><\/figure>    <h2 class=\"wp-block-heading\">Abschluss<\/h2>    <p class=\"wp-block-paragraph translation-block\">Der <strong>Fleischknochen-Separator<\/strong> ist eine ideale L\u00f6sung f\u00fcr Verarbeiter, die <strong>Fleischausbeute erh\u00f6hen, Produktqualit\u00e4t verbessern und Rohstoffverschwendung reduzieren<\/strong>, mit stabiler und hygienischer Leistung. <\/p>    <p class=\"wp-block-paragraph translation-block\">Wenn Sie nach einer kosteneffektiven und langlebigen Fleischknochen-Separator suchen, <strong>z\u00f6gern Sie nicht, <a href=\"https:\/\/meat-machine.com\/de\/kontaktieren-sie-uns\/\" data-type=\"link\" data-id=\"https:\/\/meat-machine.com\/contact-us\/\">uns zu kontaktieren<\/a> f\u00fcr detaillierte Spezifikationen, Preise und ma\u00dfgeschneiderte L\u00f6sungen<\/strong>. <\/p>","protected":false},"excerpt":{"rendered":"<p>Der Fleischknochen-Separator kann verbleibendes Fleisch von Knochen trennen, was die Rohstoffnutzung verbessert und die Produktionskosten senkt. Er verwendet mechanische Extrusion, um Fleischpaste und Knochenreste effektiv zu trennen. <\/p>","protected":false},"author":1,"featured_media":1080,"parent":0,"template":"","tags":[21],"product-type":[3],"class_list":["post-77","product","type-product","status-publish","has-post-thumbnail","hentry","tag-meat-bone-separator","product-type-bone-grinder"],"_links":{"self":[{"href":"https:\/\/meat-machine.com\/de\/wp-json\/wp\/v2\/product\/77","targetHints":{"allow":["GET"]}}],"collection":[{"href":"https:\/\/meat-machine.com\/de\/wp-json\/wp\/v2\/product"}],"about":[{"href":"https:\/\/meat-machine.com\/de\/wp-json\/wp\/v2\/types\/product"}],"author":[{"embeddable":true,"href":"https:\/\/meat-machine.com\/de\/wp-json\/wp\/v2\/users\/1"}],"wp:featuredmedia":[{"embeddable":true,"href":"https:\/\/meat-machine.com\/de\/wp-json\/wp\/v2\/media\/1080"}],"wp:attachment":[{"href":"https:\/\/meat-machine.com\/de\/wp-json\/wp\/v2\/media?parent=77"}],"wp:term":[{"taxonomy":"post_tag","embeddable":true,"href":"https:\/\/meat-machine.com\/de\/wp-json\/wp\/v2\/tags?post=77"},{"taxonomy":"product-type","embeddable":true,"href":"https:\/\/meat-machine.com\/de\/wp-json\/wp\/v2\/product-type?post=77"}],"curies":[{"name":"wp","href":"https:\/\/api.w.org\/{rel}","templated":true}]}}