{"id":631,"date":"2024-07-24T15:05:18","date_gmt":"2024-07-24T07:05:18","guid":{"rendered":"https:\/\/meat-machine.com\/?post_type=product&#038;p=631"},"modified":"2026-02-28T14:36:24","modified_gmt":"2026-02-28T06:36:24","slug":"knochenbrechmaschine","status":"publish","type":"product","link":"https:\/\/meat-machine.com\/de\/product\/bone-crushing-machine\/","title":{"rendered":"Knochenbrecher- und -mahlmaschine"},"content":{"rendered":"<div class=\"kk-star-ratings kksr-auto kksr-align-left kksr-valign-top\"     data-payload='{&quot;align&quot;:&quot;left&quot;,&quot;id&quot;:&quot;631&quot;,&quot;slug&quot;:&quot;default&quot;,&quot;valign&quot;:&quot;top&quot;,&quot;ignore&quot;:&quot;&quot;,&quot;reference&quot;:&quot;auto&quot;,&quot;class&quot;:&quot;&quot;,&quot;count&quot;:&quot;30&quot;,&quot;legendonly&quot;:&quot;&quot;,&quot;readonly&quot;:&quot;&quot;,&quot;score&quot;:&quot;4.6&quot;,&quot;starsonly&quot;:&quot;&quot;,&quot;best&quot;:&quot;5&quot;,&quot;gap&quot;:&quot;5&quot;,&quot;greet&quot;:&quot;Rate this product&quot;,&quot;legend&quot;:&quot;4.6\\\/5 - (30 votes)&quot;,&quot;size&quot;:&quot;24&quot;,&quot;title&quot;:&quot;Bone crusher and grinder machine&quot;,&quot;width&quot;:&quot;130.9&quot;,&quot;_legend&quot;:&quot;{score}\\\/{best} - ({count} {votes})&quot;,&quot;font_factor&quot;:&quot;1.25&quot;}'>              <div class=\"kksr-stars\">      <div class=\"kksr-stars-inactive\">             <div class=\"kksr-star\" data-star=\"1\" style=\"padding-right: 5px\">               <div class=\"kksr-icon\" style=\"width: 24px; height: 24px;\"><\/div>         <\/div>             <div class=\"kksr-star\" data-star=\"2\" style=\"padding-right: 5px\">               <div class=\"kksr-icon\" style=\"width: 24px; height: 24px;\"><\/div>         <\/div>             <div class=\"kksr-star\" data-star=\"3\" style=\"padding-right: 5px\">               <div class=\"kksr-icon\" style=\"width: 24px; height: 24px;\"><\/div>         <\/div>             <div class=\"kksr-star\" data-star=\"4\" style=\"padding-right: 5px\">               <div class=\"kksr-icon\" style=\"width: 24px; height: 24px;\"><\/div>         <\/div>             <div class=\"kksr-star\" data-star=\"5\" style=\"padding-right: 5px\">               <div class=\"kksr-icon\" style=\"width: 24px; height: 24px;\"><\/div>         <\/div>     <\/div>      <div class=\"kksr-stars-active\" style=\"width: 130.9px;\">             <div class=\"kksr-star\" style=\"padding-right: 5px\">               <div class=\"kksr-icon\" style=\"width: 24px; height: 24px;\"><\/div>         <\/div>             <div class=\"kksr-star\" style=\"padding-right: 5px\">               <div class=\"kksr-icon\" style=\"width: 24px; height: 24px;\"><\/div>         <\/div>             <div class=\"kksr-star\" style=\"padding-right: 5px\">               <div class=\"kksr-icon\" style=\"width: 24px; height: 24px;\"><\/div>         <\/div>             <div class=\"kksr-star\" style=\"padding-right: 5px\">               <div class=\"kksr-icon\" style=\"width: 24px; height: 24px;\"><\/div>         <\/div>             <div class=\"kksr-star\" style=\"padding-right: 5px\">               <div class=\"kksr-icon\" style=\"width: 24px; height: 24px;\"><\/div>         <\/div>     <\/div> <\/div>                   <div class=\"kksr-legend\" style=\"font-size: 19.2px;\">             4,6\/5 - (30 Bewertungen)    <\/div>     <\/div>  <p class=\"wp-block-paragraph translation-block\">Die <strong>Knochenm\u00fchle und -zerkleinerungsmaschine<\/strong> mit einer Kapazit\u00e4t von <strong>200\u2013400 kg\/h<\/strong> kann Tierknochen effizient zerkleinern und mahlen, um sie in <strong>kleine Partikel<\/strong> zu verwandeln, was sie f\u00fcr die Nassknochenverarbeitung geeignet macht. Bei der Verarbeitung <strong>frischer (nasser) Knochen<\/strong> betr\u00e4gt die endg\u00fcltige Partikelgr\u00f6\u00dfe typischerweise <strong>3\u20134 mm<\/strong>, mit gleichm\u00e4\u00dfigen und stabilen Ergebnissen.<\/p>    <p class=\"wp-block-paragraph\">Diese Maschine integriert Zerkleinerungs- und Mahlfunktionen in einer Einheit, sorgt f\u00fcr hohe Effizienz, gleichm\u00e4\u00dfigen Output und reduzierte Arbeitsbelastung. Sie arbeitet reibungslos und unterst\u00fctzt die kontinuierliche Produktion f\u00fcr kleine bis mittlere Verarbeitungsanforderungen.<\/p>    <p class=\"wp-block-paragraph\">Die Maschine wird in der Lebensmittelverarbeitung, Tiernahrungsproduktion, Tierfutterherstellung, D\u00fcngemittelverarbeitung und Knochenrecyclingindustrien weit verbreitet eingesetzt. Geeignete Materialien sind Schweine-, Rind-, H\u00fchner- und Fischknochen sowie andere Tierknochen. Sie ist aus Edelstahl gefertigt, erf\u00fcllt Hygienevorschriften, ist leicht zu reinigen und bietet eine zuverl\u00e4ssige Langzeitleistung.<\/p>    <figure class=\"wp-block-embed is-type-video is-provider-youtube wp-block-embed-youtube wp-embed-aspect-9-16 wp-has-aspect-ratio\"><div class=\"wp-block-embed__wrapper\"> <iframe loading=\"lazy\" title=\"Knochenzerkleinerer und -m\u00fchle Arbeitsprozess | Leistungsstarke Knochenzerkleinerung #knochen #zerkleinerer #m\u00fchle\" width=\"422\" height=\"750\" src=\"https:\/\/www.youtube.com\/embed\/FAYbi7X99Ls?feature=oembed\" frameborder=\"0\" allow=\"accelerometer; autoplay; clipboard-write; encrypted-media; gyroscope; picture-in-picture; web-share\" referrerpolicy=\"strict-origin-when-cross-origin\" allowfullscreen><\/iframe> <\/div><figcaption class=\"wp-element-caption\">Video zur Arbeitsweise der Knochenbrecher- und Mahmaschinen<\/figcaption><\/figure>    <h2 class=\"wp-block-heading\">Vorteile der Knochenbrecher- und Mahmaschinen<\/h2>    <ol class=\"wp-block-list\"> <li><strong>Konstruktion aus Edelstahl<\/strong>. Hergestellt aus lebensmittelechtem Edelstahl 304 f\u00fcr St\u00e4rke und Haltbarkeit.<\/li>    <li><strong>Austauschbarer Bildschirm<\/strong>. Erm\u00f6glicht mehrere Partikelgr\u00f6\u00dfen mit einer Mindestzerkleinerungsgr\u00f6\u00dfe von 3 mm.<\/li>    <li><strong>Hochwertige Klingen<\/strong>. SKD-11-Klingen bieten Verschlei\u00dffestigkeit und eine lange Lebensdauer.<\/li>    <li><strong>Schneckenf\u00f6rderer<\/strong>. Verhindert Materialstaus f\u00fcr einen reibungslosen Betrieb.<\/li>    <li><strong>\u00dcberlastschutz<\/strong>. Ausgestattet mit einer \u00dcberlastschutzvorrichtung f\u00fcr einen sicheren Maschinenbetrieb.<\/li>    <li><strong>Breites Anwendungsspektrum<\/strong>. Kann verschiedene Gefl\u00fcgel- und Tierknochen zerkleinern.<\/li> <\/ol>    <figure class=\"wp-block-gallery has-nested-images columns-default is-cropped wp-block-gallery-2 is-layout-flex wp-block-gallery-is-layout-flex\"> <figure class=\"wp-block-image size-large\"><img loading=\"lazy\" decoding=\"async\" width=\"540\" height=\"720\" data-id=\"643\" src=\"https:\/\/meat-machine.com\/wp-content\/uploads\/2024\/07\/screen.webp\" alt=\"Bildschirm\" class=\"wp-image-643\" title=\"\" srcset=\"https:\/\/meat-machine.com\/wp-content\/uploads\/2024\/07\/screen.webp 540w, https:\/\/meat-machine.com\/wp-content\/uploads\/2024\/07\/screen-225x300.webp 225w, https:\/\/meat-machine.com\/wp-content\/uploads\/2024\/07\/screen-9x12.webp 9w\" sizes=\"auto, (max-width: 540px) 100vw, 540px\" \/><figcaption class=\"wp-element-caption\">Bildschirm<\/figcaption><\/figure>    <figure class=\"wp-block-image size-large\"><img loading=\"lazy\" decoding=\"async\" width=\"540\" height=\"720\" data-id=\"644\" src=\"https:\/\/meat-machine.com\/wp-content\/uploads\/2024\/07\/screw-conveyor-shaft.webp\" alt=\"Schneckenf\u00f6rdererwelle\" class=\"wp-image-644\" title=\"\" srcset=\"https:\/\/meat-machine.com\/wp-content\/uploads\/2024\/07\/screw-conveyor-shaft.webp 540w, https:\/\/meat-machine.com\/wp-content\/uploads\/2024\/07\/screw-conveyor-shaft-225x300.webp 225w, https:\/\/meat-machine.com\/wp-content\/uploads\/2024\/07\/screw-conveyor-shaft-9x12.webp 9w\" sizes=\"auto, (max-width: 540px) 100vw, 540px\" \/><figcaption class=\"wp-element-caption\">Schneckenf\u00f6rderwelle<\/figcaption><\/figure>    <figure class=\"wp-block-image size-large\"><img loading=\"lazy\" decoding=\"async\" width=\"540\" height=\"720\" data-id=\"633\" src=\"https:\/\/meat-machine.com\/wp-content\/uploads\/2024\/07\/blades.webp\" alt=\"Klingen\" class=\"wp-image-633\" title=\"\" srcset=\"https:\/\/meat-machine.com\/wp-content\/uploads\/2024\/07\/blades.webp 540w, https:\/\/meat-machine.com\/wp-content\/uploads\/2024\/07\/blades-225x300.webp 225w, https:\/\/meat-machine.com\/wp-content\/uploads\/2024\/07\/blades-9x12.webp 9w\" sizes=\"auto, (max-width: 540px) 100vw, 540px\" \/><figcaption class=\"wp-element-caption\">Klingen<\/figcaption><\/figure> <\/figure>    <h2 class=\"wp-block-heading\">Anwendungen der Tierknochen-Zerkleinerungs- und Zerkleinerungsmaschine<\/h2>    <p class=\"wp-block-paragraph translation-block\">Die Taizy-Knochenbrecher- und -m\u00fchlenmaschine f\u00fcr Tiere ist f\u00fcr die Verarbeitung einer Vielzahl von Tier- und Gefl\u00fcgelknochen konzipiert. Sie ist ein vielseitiges Werkzeug, das die folgenden <a href=\"https:\/\/en.wikipedia.org\/wiki\/Bone\" data-type=\"link\" data-id=\"https:\/\/en.wikipedia.org\/wiki\/Bone\" target=\"_blank\" rel=\"noopener\">Knochen<\/a> verarbeiten kann:<\/p>    <ul class=\"wp-block-list\"> <li>H\u00fchnerknochen, Entenknochen, Kuhknochen, Fischknochen, Schafsknochen, Schweineknochen, Truthahnknochen, Kaninchenknochen, Hirschknochen, andere Tier- und Gefl\u00fcgelknochen<\/li> <\/ul>    <p class=\"wp-block-paragraph\">Dank ihrer F\u00e4higkeit, verschiedene Knochentypen effizient zu mahlen, wird diese Maschine in verschiedenen Branchen h\u00e4ufig eingesetzt. Zu den wichtigsten Anwendungen geh\u00f6ren:<\/p>    <div class=\"wp-block-media-text is-stacked-on-mobile\"><figure class=\"wp-block-media-text__media\"><img loading=\"lazy\" decoding=\"async\" width=\"720\" height=\"540\" src=\"https:\/\/meat-machine.com\/wp-content\/uploads\/2023\/01\/poultry-bones-and-livestock-bones.webp\" alt=\"Gefl\u00fcgelknochen und Viehknochen\" class=\"wp-image-277 size-full\" title=\"\" srcset=\"https:\/\/meat-machine.com\/wp-content\/uploads\/2023\/01\/poultry-bones-and-livestock-bones.webp 720w, https:\/\/meat-machine.com\/wp-content\/uploads\/2023\/01\/poultry-bones-and-livestock-bones-300x225.webp 300w\" sizes=\"auto, (max-width: 720px) 100vw, 720px\" \/><\/figure><div class=\"wp-block-media-text__content\"> <ul class=\"wp-block-list\"> <li><strong>Fleischverarbeitungsbetriebe<\/strong>. Die Maschine ist unverzichtbar f\u00fcr die Verarbeitung von Knochenresten aus der Fleischproduktion.<\/li>    <li><strong>Produktionsst\u00e4tten f\u00fcr Tiernahrung<\/strong>. Wird zur Herstellung von Knochenmehl f\u00fcr die Tiernahrungsproduktion verwendet.<\/li>    <li><strong>Anlagen zur Herstellung von Knochenmehl<\/strong>. Ideal zur Herstellung von feinem Knochenpulver, das in D\u00fcngemitteln verwendet wird.<\/li> <\/ul> <\/div><\/div>    <p class=\"wp-block-paragraph\">Wenn Sie sich nicht sicher sind, ob Ihre Rohstoffe mit der Tierknochen-Zerkleinerungs- und Zerkleinerungsmaschine von Taizy kompatibel sind, z\u00f6gern Sie bitte nicht, uns \u00fcber das Kontaktformular in der unteren rechten Ecke zu kontaktieren. Wir helfen Ihnen gerne weiter!<\/p>    <h2 class=\"wp-block-heading\">Wie funktioniert die Maschine zum Brechen und Zerkleinern von Tierknochen?<\/h2>    <p class=\"wp-block-paragraph translation-block\">Die Knochenbrecher- und -m\u00fchlenmaschine ist daf\u00fcr ausgelegt, Knochen effizient zu feinen Partikeln zu verarbeiten. Nachfolgend finden Sie eine schrittweise Aufschl\u00fcsselung des Betriebs:<\/p>    <div class=\"wp-block-media-text has-media-on-the-right is-stacked-on-mobile\"><div class=\"wp-block-media-text__content\"> <ul class=\"wp-block-list\"> <li>Die Knochen werden \u00fcber einen vorgesehenen Zuf\u00fchrtrichter in die Maschine eingef\u00fchrt.<\/li>    <li>Im prim\u00e4ren Zerkleinerungssystem zertr\u00fcmmern Hochgeschwindigkeitsklingen gro\u00dfe Knochen in kleinere St\u00fccke.<\/li>    <li>Die kleinen St\u00fccke gelangen dann in das Feinzerkleinerungssystem f\u00fcr weiteres Mahlen zu 3\u20134 mm Partikeln.<\/li>    <li>Knochenpartikel, die die Gr\u00f6\u00dfenanforderung erf\u00fcllen, werden \u00fcber den Auslass entladen.<\/li>    <li>\u00dcberdimensionierte Partikel werden automatisch zum Feinzerschleifer zur\u00fcckgef\u00fchrt und erneut verarbeitet, bis sie die gew\u00fcnschte Gr\u00f6\u00dfe erreichen.<\/li> <\/ul> <\/div><figure class=\"wp-block-media-text__media\"><img loading=\"lazy\" decoding=\"async\" width=\"720\" height=\"540\" src=\"https:\/\/meat-machine.com\/wp-content\/uploads\/2024\/07\/working-process.webp\" alt=\"Arbeitsprozess der Tierknochenbrechermaschine\" class=\"wp-image-645 size-full\" title=\"\" srcset=\"https:\/\/meat-machine.com\/wp-content\/uploads\/2024\/07\/working-process.webp 720w, https:\/\/meat-machine.com\/wp-content\/uploads\/2024\/07\/working-process-300x225.webp 300w, https:\/\/meat-machine.com\/wp-content\/uploads\/2024\/07\/working-process-16x12.webp 16w\" sizes=\"auto, (max-width: 720px) 100vw, 720px\" \/><\/figure><\/div>    <p class=\"wp-block-paragraph\">Dieses System sorgt f\u00fcr eine pr\u00e4zise Kontrolle der Partikelgr\u00f6\u00dfe und macht die Knochenbrecher- und -mahlmaschine zu einem zuverl\u00e4ssigen Werkzeug f\u00fcr Branchen, die fein gemahlene Knochenpartikel ben\u00f6tigen.<\/p>    <h2 class=\"wp-block-heading\">Der Aufbau der Knochenbrecher- und -mahlmaschine<\/h2>    <p class=\"wp-block-paragraph\">Knochenzerkleinerungsmaschinen bestehen im Wesentlichen aus Einlass, Zerkleinerungsmesser, Mahlspirale, Siebgewebe, Motor, Abdeckung und Auslass.<\/p>   <div class=\"wp-block-image\"> <figure class=\"aligncenter size-full\"><img loading=\"lazy\" decoding=\"async\" width=\"720\" height=\"540\" src=\"https:\/\/meat-machine.com\/wp-content\/uploads\/2024\/07\/machine-structure.webp\" alt=\"Maschinenstruktur\" class=\"wp-image-641\" title=\"\" srcset=\"https:\/\/meat-machine.com\/wp-content\/uploads\/2024\/07\/machine-structure.webp 720w, https:\/\/meat-machine.com\/wp-content\/uploads\/2024\/07\/machine-structure-300x225.webp 300w, https:\/\/meat-machine.com\/wp-content\/uploads\/2024\/07\/machine-structure-16x12.webp 16w\" sizes=\"auto, (max-width: 720px) 100vw, 720px\" \/><figcaption class=\"wp-element-caption\">Maschinenstruktur<\/figcaption><\/figure> <\/div>   <h2 class=\"wp-block-heading\">Technische Daten der Knochenbrecher- und -schleifmaschine<\/h2>    <figure class=\"wp-block-table\"><table class=\"has-fixed-layout\"><thead><tr><th>Position<\/th><th>Spezifikation<\/th><\/tr><\/thead><tbody><tr><td>Gesamtabmessungen<\/td><td>1200 \u00d7 1000 \u00d7 1470 mm<\/td><\/tr><tr><td>Zerkleinerungsleistung<\/td><td>5,5 kW<\/td><\/tr><tr><td>Zerkleinerungsleistung<\/td><td>7,5 kW<\/td><\/tr><tr><td>Kapazit\u00e4t<\/td><td>200\u2013400 kg\/h<\/td><\/tr><tr><td>Material<\/td><td>Edelstahl 304<\/td><\/tr><tr><td>Gewicht<\/td><td>540 kg<\/td><\/tr><\/tbody><\/table><figcaption class=\"wp-element-caption\">Parameter der Knochenbrecher- und -schleifmaschine<\/figcaption><\/figure>    <div class=\"wp-block-media-text is-stacked-on-mobile\"><figure class=\"wp-block-media-text__media\"><img loading=\"lazy\" decoding=\"async\" width=\"720\" height=\"540\" src=\"https:\/\/meat-machine.com\/wp-content\/uploads\/2022\/09\/commercial-bone-grinder-for-sale.webp\" alt=\"Knochenbrecher und -schleifmaschine zu verkaufen\" class=\"wp-image-74 size-full\" title=\"\" srcset=\"https:\/\/meat-machine.com\/wp-content\/uploads\/2022\/09\/commercial-bone-grinder-for-sale.webp 720w, https:\/\/meat-machine.com\/wp-content\/uploads\/2022\/09\/commercial-bone-grinder-for-sale-300x225.webp 300w\" sizes=\"auto, (max-width: 720px) 100vw, 720px\" \/><\/figure><div class=\"wp-block-media-text__content\"> <p class=\"wp-block-paragraph\">Unsere Knochenm\u00fchle kann 200-400 kg Rohmaterial pro Stunde verarbeiten. Egal, ob es sich um eine kleine oder gro\u00dfe Fleischverarbeitungsanlage handelt, diese Maschine kann die Produktionsanforderungen sehr gut erf\u00fcllen.<\/p>    <p class=\"wp-block-paragraph translation-block\">Zus\u00e4tzlich zu dieser neuen Modellmaschine haben wir auch ein altes Modell <a href=\"https:\/\/meat-machine.com\/de\/produkt\/knochenschleifer\/\">Knochenbrechermaschine<\/a> zum Verkauf. Die alte Modellmaschine kann Knochen zu 10-mm-Knochenpartikeln mahlen.<\/p> <\/div><\/div>    <h2 class=\"wp-block-heading\">Preis der Knochenbrecher- und -schleifmaschine<\/h2>    <p class=\"wp-block-paragraph\">Der Preis f\u00fcr eine Knochenbrecher- und Mahlmaschine variiert stark und liegt typischerweise zwischen einigen Tausend und Zehntausenden von Dollar, abh\u00e4ngig von Faktoren wie Modelltyp, Kapazit\u00e4t und Materialien. <\/p>    <p class=\"wp-block-paragraph\">Einfache Modelle sind erschwinglicher und eignen sich f\u00fcr Kleinbetriebe wie die Verarbeitung von Tierfutter, w\u00e4hrend hochwertige Maschinen f\u00fcr den industriellen Einsatz mit gr\u00f6\u00dferer Haltbarkeit und Leistung konzipiert sind. <\/p>    <p class=\"wp-block-paragraph\">Bei der Auswahl einer Maschine ist es wichtig, Ihre Produktionsgr\u00f6\u00dfe, Ihr Budget und Ihre Leistungsanforderungen zu ber\u00fccksichtigen. F\u00fcr genaue Preisangaben und ma\u00dfgeschneiderte L\u00f6sungen k\u00f6nnen Sie uns gerne f\u00fcr ein individuelles Angebot kontaktieren.<\/p>    <figure class=\"wp-block-gallery has-nested-images columns-default is-cropped wp-block-gallery-3 is-layout-flex wp-block-gallery-is-layout-flex\"> <figure class=\"wp-block-image size-large\"><img loading=\"lazy\" decoding=\"async\" width=\"720\" height=\"540\" data-id=\"637\" src=\"https:\/\/meat-machine.com\/wp-content\/uploads\/2024\/07\/bone-crushing-machine.webp\" alt=\"Industrielle Knochenbrechmaschine zu verkaufen\" class=\"wp-image-637\" title=\"\" srcset=\"https:\/\/meat-machine.com\/wp-content\/uploads\/2024\/07\/bone-crushing-machine.webp 720w, https:\/\/meat-machine.com\/wp-content\/uploads\/2024\/07\/bone-crushing-machine-300x225.webp 300w, https:\/\/meat-machine.com\/wp-content\/uploads\/2024\/07\/bone-crushing-machine-16x12.webp 16w\" sizes=\"auto, (max-width: 720px) 100vw, 720px\" \/><figcaption class=\"wp-element-caption\">Industrielle Knochenbrechmaschine zu verkaufen<\/figcaption><\/figure>    <figure class=\"wp-block-image size-large\"><img loading=\"lazy\" decoding=\"async\" width=\"720\" height=\"540\" data-id=\"639\" src=\"https:\/\/meat-machine.com\/wp-content\/uploads\/2024\/07\/discharge-port.webp\" alt=\"Entlade\u00f6ffnung\" class=\"wp-image-639\" title=\"\" srcset=\"https:\/\/meat-machine.com\/wp-content\/uploads\/2024\/07\/discharge-port.webp 720w, https:\/\/meat-machine.com\/wp-content\/uploads\/2024\/07\/discharge-port-300x225.webp 300w, https:\/\/meat-machine.com\/wp-content\/uploads\/2024\/07\/discharge-port-16x12.webp 16w\" sizes=\"auto, (max-width: 720px) 100vw, 720px\" \/><figcaption><\/figcaption><\/figure> <\/figure>    <h2 class=\"wp-block-heading\">Taizy-Knochenbrechermaschine nach Australien verkauft<\/h2>    <p class=\"wp-block-paragraph\">Im M\u00e4rz 2024 haben wir erfolgreich eine Knochenzerkleinerungsmaschine an einen Tiernahrungshersteller in Australien geliefert. Dieses Unternehmen ist auf die Herstellung hochwertiger Tiernahrung spezialisiert, insbesondere auf nahrhafte Futtermittel, die reich an Knochenmehl und Kalzium sind.<\/p>    <p class=\"wp-block-paragraph\">Sie kauften unsere Knochenzerkleinerungsmaschine haupts\u00e4chlich zum Zerkleinern von Schweine-, Kuh- und H\u00fchnerknochen. Der Kunde erwartet, dass das fertige Produkt eine Fertiggr\u00f6\u00dfe von 3 Millimetern hat. Dies wird als wichtige Zutat f\u00fcr Tiernahrung verwendet.<\/p>    <p class=\"wp-block-paragraph\">Das Material, der Preis und die Arbeitsweise unserer Maschine erf\u00fcllen die Bed\u00fcrfnisse des Kunden sehr gut. Die Maschine l\u00e4uft jetzt in der Fabrik des Kunden.<\/p>    <figure class=\"wp-block-gallery has-nested-images columns-default is-cropped wp-block-gallery-4 is-layout-flex wp-block-gallery-is-layout-flex\"> <figure class=\"wp-block-image size-large\"><img loading=\"lazy\" decoding=\"async\" width=\"720\" height=\"540\" data-id=\"642\" src=\"https:\/\/meat-machine.com\/wp-content\/uploads\/2024\/07\/packing-picture.webp\" alt=\"Verpackungsbild\" class=\"wp-image-642\" title=\"\" srcset=\"https:\/\/meat-machine.com\/wp-content\/uploads\/2024\/07\/packing-picture.webp 720w, https:\/\/meat-machine.com\/wp-content\/uploads\/2024\/07\/packing-picture-300x225.webp 300w, https:\/\/meat-machine.com\/wp-content\/uploads\/2024\/07\/packing-picture-16x12.webp 16w\" sizes=\"auto, (max-width: 720px) 100vw, 720px\" \/><figcaption class=\"wp-element-caption\">Verpackungsbild<\/figcaption><\/figure>    <figure class=\"wp-block-image size-large\"><img loading=\"lazy\" decoding=\"async\" width=\"720\" height=\"540\" data-id=\"635\" src=\"https:\/\/meat-machine.com\/wp-content\/uploads\/2024\/07\/bone-crusher-shipped-to-Australia.webp\" alt=\"Knochenbrecher nach Australien versandt\" class=\"wp-image-635\" title=\"\" srcset=\"https:\/\/meat-machine.com\/wp-content\/uploads\/2024\/07\/bone-crusher-shipped-to-Australia.webp 720w, https:\/\/meat-machine.com\/wp-content\/uploads\/2024\/07\/bone-crusher-shipped-to-Australia-300x225.webp 300w, https:\/\/meat-machine.com\/wp-content\/uploads\/2024\/07\/bone-crusher-shipped-to-Australia-16x12.webp 16w\" sizes=\"auto, (max-width: 720px) 100vw, 720px\" \/><figcaption class=\"wp-element-caption\">Knochenbrecher nach Australien geliefert<\/figcaption><\/figure> <\/figure>    <h2 class=\"wp-block-heading\">Kontaktieren Sie uns f\u00fcr die aktuellen Preise!<\/h2>    <p class=\"wp-block-paragraph\">Bei Taizy Machinery haben wir eine gro\u00dfe Auswahl an Knochenzerkleinerungsmaschinen zum Verkauf. Wenn Sie nach einem hochwertigen Knochenpulverisierer suchen, z\u00f6gern Sie bitte nicht, uns zu kontaktieren. <\/p>    <p class=\"wp-block-paragraph\">Kontaktieren Sie uns gerne \u00fcber das Popup-Fenster in der unteren rechten Ecke. Unsere Mitarbeiter werden Sie beim ersten Mal kontaktieren und Ihnen das aktuelle Angebot zusenden.<\/p>","protected":false},"excerpt":{"rendered":"<p>Die Knochenm\u00fchle mit einer Kapazit\u00e4t von 200\u2013400 kg\/h kann Tierknochen effizient zerkleinern und mahlen, was sie f\u00fcr die Nassknochenverarbeitung geeignet macht.<\/p>","protected":false},"author":1,"featured_media":646,"parent":0,"template":"","tags":[41,13],"product-type":[3],"class_list":["post-631","product","type-product","status-publish","has-post-thumbnail","hentry","tag-bone","tag-bone-crushing-machine","product-type-bone-grinder"],"_links":{"self":[{"href":"https:\/\/meat-machine.com\/de\/wp-json\/wp\/v2\/product\/631","targetHints":{"allow":["GET"]}}],"collection":[{"href":"https:\/\/meat-machine.com\/de\/wp-json\/wp\/v2\/product"}],"about":[{"href":"https:\/\/meat-machine.com\/de\/wp-json\/wp\/v2\/types\/product"}],"author":[{"embeddable":true,"href":"https:\/\/meat-machine.com\/de\/wp-json\/wp\/v2\/users\/1"}],"wp:featuredmedia":[{"embeddable":true,"href":"https:\/\/meat-machine.com\/de\/wp-json\/wp\/v2\/media\/646"}],"wp:attachment":[{"href":"https:\/\/meat-machine.com\/de\/wp-json\/wp\/v2\/media?parent=631"}],"wp:term":[{"taxonomy":"post_tag","embeddable":true,"href":"https:\/\/meat-machine.com\/de\/wp-json\/wp\/v2\/tags?post=631"},{"taxonomy":"product-type","embeddable":true,"href":"https:\/\/meat-machine.com\/de\/wp-json\/wp\/v2\/product-type?post=631"}],"curies":[{"name":"wp","href":"https:\/\/api.w.org\/{rel}","templated":true}]}}