{"id":59,"date":"2022-09-07T07:13:04","date_gmt":"2022-09-07T07:13:04","guid":{"rendered":"https:\/\/meat-machine.com\/?post_type=product&#038;p=59"},"modified":"2026-03-20T17:06:19","modified_gmt":"2026-03-20T09:06:19","slug":"fleischwurfelmaschine","status":"publish","type":"product","link":"https:\/\/meat-machine.com\/de\/product\/meat-dicing-machine\/","title":{"rendered":"Fleischw\u00fcrfelmaschine | Kommerzielle Fleischw\u00fcrfelmaschine"},"content":{"rendered":"<div class=\"kk-star-ratings kksr-auto kksr-align-left kksr-valign-top\"     data-payload='{&quot;align&quot;:&quot;left&quot;,&quot;id&quot;:&quot;59&quot;,&quot;slug&quot;:&quot;default&quot;,&quot;valign&quot;:&quot;top&quot;,&quot;ignore&quot;:&quot;&quot;,&quot;reference&quot;:&quot;auto&quot;,&quot;class&quot;:&quot;&quot;,&quot;count&quot;:&quot;23&quot;,&quot;legendonly&quot;:&quot;&quot;,&quot;readonly&quot;:&quot;&quot;,&quot;score&quot;:&quot;4.3&quot;,&quot;starsonly&quot;:&quot;&quot;,&quot;best&quot;:&quot;5&quot;,&quot;gap&quot;:&quot;5&quot;,&quot;greet&quot;:&quot;Rate this product&quot;,&quot;legend&quot;:&quot;4.3\\\/5 - (23 votes)&quot;,&quot;size&quot;:&quot;24&quot;,&quot;title&quot;:&quot;Meat Dicing Machine | Commercial Meat Dicer Machine&quot;,&quot;width&quot;:&quot;122.2&quot;,&quot;_legend&quot;:&quot;{score}\\\/{best} - ({count} {votes})&quot;,&quot;font_factor&quot;:&quot;1.25&quot;}'>              <div class=\"kksr-stars\">      <div class=\"kksr-stars-inactive\">             <div class=\"kksr-star\" data-star=\"1\" style=\"padding-right: 5px\">               <div class=\"kksr-icon\" style=\"width: 24px; height: 24px;\"><\/div>         <\/div>             <div class=\"kksr-star\" data-star=\"2\" style=\"padding-right: 5px\">               <div class=\"kksr-icon\" style=\"width: 24px; height: 24px;\"><\/div>         <\/div>             <div class=\"kksr-star\" data-star=\"3\" style=\"padding-right: 5px\">               <div class=\"kksr-icon\" style=\"width: 24px; height: 24px;\"><\/div>         <\/div>             <div class=\"kksr-star\" data-star=\"4\" style=\"padding-right: 5px\">               <div class=\"kksr-icon\" style=\"width: 24px; height: 24px;\"><\/div>         <\/div>             <div class=\"kksr-star\" data-star=\"5\" style=\"padding-right: 5px\">               <div class=\"kksr-icon\" style=\"width: 24px; height: 24px;\"><\/div>         <\/div>     <\/div>      <div class=\"kksr-stars-active\" style=\"width: 122.2px;\">             <div class=\"kksr-star\" style=\"padding-right: 5px\">               <div class=\"kksr-icon\" style=\"width: 24px; height: 24px;\"><\/div>         <\/div>             <div class=\"kksr-star\" style=\"padding-right: 5px\">               <div class=\"kksr-icon\" style=\"width: 24px; height: 24px;\"><\/div>         <\/div>             <div class=\"kksr-star\" style=\"padding-right: 5px\">               <div class=\"kksr-icon\" style=\"width: 24px; height: 24px;\"><\/div>         <\/div>             <div class=\"kksr-star\" style=\"padding-right: 5px\">               <div class=\"kksr-icon\" style=\"width: 24px; height: 24px;\"><\/div>         <\/div>             <div class=\"kksr-star\" style=\"padding-right: 5px\">               <div class=\"kksr-icon\" style=\"width: 24px; height: 24px;\"><\/div>         <\/div>     <\/div> <\/div>                   <div class=\"kksr-legend\" style=\"font-size: 19.2px;\">             4,3\/5 - (23 Bewertungen)    <\/div>     <\/div>  <p class=\"wp-block-paragraph translation-block\">Die <strong>Fleischw\u00fcrfel-Schneidemaschine<\/strong> ist in der Lage, sowohl frisches als auch gefrorenes Fleisch zu verarbeiten und liefert konsistente und gleichm\u00e4\u00dfige Ergebnisse f\u00fcr eine Vielzahl von Anwendungen.<\/p>    <p class=\"wp-block-paragraph\">Dieses vielseitige Ger\u00e4t kann Fleisch in W\u00fcrfel, Streifen, Scheiben und Flocken schneiden, um verschiedenen Verarbeitungsanforderungen gerecht zu werden. Es unterst\u00fctzt Rohmaterialgr\u00f6\u00dfen von 8,5 cm bis 12 cm, und die Schnittgr\u00f6\u00dfe ist zwischen 5\u201330 mm einstellbar, was Flexibilit\u00e4t f\u00fcr verschiedene Produkt-Spezifikationen gew\u00e4hrleistet.<\/p>    <p class=\"wp-block-paragraph translation-block\">Mit einer Produktionskapazit\u00e4t von <strong>400\u20131200 kg\/h<\/strong> verbessert die Maschine die Produktivit\u00e4t erheblich und reduziert die Arbeitskosten. Sie ist aus lebensmittelechtem Edelstahl gefertigt, langlebig, hygienisch und leicht zu reinigen. Das ausgestattete Sicherheitst\u00fcr-Design erh\u00f6ht den Schutz des Bedieners w\u00e4hrend des Betriebs.<\/p>    <p class=\"wp-block-paragraph\">Geeignet f\u00fcr die Verarbeitung von Schweinefleisch, Rind, Lamm, Huhn, Ente, Wurstwaren sowie bestimmten Gem\u00fcse- und Obstsorten, bietet diese Fleischw\u00fcrfel-Schneidemaschine hervorragende Leistung und Multifunktionalit\u00e4t, was sie zu einer idealen Wahl f\u00fcr moderne Lebensmittelverarbeitungsbetriebe macht.<\/p>    <figure class=\"wp-block-embed is-type-video is-provider-youtube wp-block-embed-youtube wp-embed-aspect-9-16 wp-has-aspect-ratio\"><div class=\"wp-block-embed__wrapper\"> <iframe loading=\"lazy\" title=\"Meat Cube Cutting Machine for Beef, Chicken &amp; Pork #meat #cutter #chicken #pork #beef\" width=\"422\" height=\"750\" src=\"https:\/\/www.youtube.com\/embed\/Q3hVgoJI4BM?feature=oembed\" frameborder=\"0\" allow=\"accelerometer; autoplay; clipboard-write; encrypted-media; gyroscope; picture-in-picture; web-share\" referrerpolicy=\"strict-origin-when-cross-origin\" allowfullscreen><\/iframe> <\/div><figcaption class=\"wp-element-caption\">Video der Fleischw\u00fcrfel-Schneidemaschine in Betrieb<\/figcaption><\/figure>    <h2 class=\"wp-block-heading\">Anwendungen der Fleischw\u00fcrfel-Schneidemaschine<\/h2>    <div class=\"wp-block-media-text is-stacked-on-mobile\"><figure class=\"wp-block-media-text__media\"><img loading=\"lazy\" decoding=\"async\" width=\"720\" height=\"540\" src=\"https:\/\/meat-machine.com\/wp-content\/uploads\/2022\/09\/meat.webp\" alt=\"Fleisch\" class=\"wp-image-610 size-full\" title=\"\" srcset=\"https:\/\/meat-machine.com\/wp-content\/uploads\/2022\/09\/meat.webp 720w, https:\/\/meat-machine.com\/wp-content\/uploads\/2022\/09\/meat-300x225.webp 300w, https:\/\/meat-machine.com\/wp-content\/uploads\/2022\/09\/meat-16x12.webp 16w\" sizes=\"auto, (max-width: 720px) 100vw, 720px\" \/><\/figure><div class=\"wp-block-media-text__content\"> <p class=\"wp-block-paragraph\">Die Fleischw\u00fcrfelmaschine ist ideal f\u00fcr die Verarbeitung von gefrorenem, gekochtem und frischem Fleisch wie Schweinefleisch, Rindfleisch, Lammfleisch, H\u00fchnerfleisch, Entenfleisch und Wurst. <\/p>    <p class=\"wp-block-paragraph\">Sie kann auch Gem\u00fcse und Obst verarbeiten und bietet vielseitige Einsatzm\u00f6glichkeiten in der Lebensmittelverarbeitung. <\/p>    <p class=\"wp-block-paragraph\">Ob als kommerzielle H\u00e4hnchen- oder Rindfleischw\u00fcrfelmaschine, sie bietet eine effiziente und zuverl\u00e4ssige L\u00f6sung.<\/p> <\/div><\/div>    <h2 id=\"h-how-does-the-meat-cube-dicer-work\" class=\"wp-block-heading\">Wie funktioniert der Fleischw\u00fcrfelschneider?<\/h2>    <div class=\"wp-block-media-text has-media-on-the-right is-stacked-on-mobile\"><div class=\"wp-block-media-text__content\"> <ul class=\"wp-block-list\"> <li>Geben Sie das Fleisch zur Verarbeitung in die Maschine ein.<\/li>    <li>Die Maschine verwendet <strong>Hochgeschwindigkeit <a href=\"https:\/\/en.wikipedia.org\/wiki\/Centrifugal_force\" data-type=\"link\" data-id=\"https:\/\/en.wikipedia.org\/wiki\/Centrifugal_force\" target=\"_blank\" rel=\"noopener\">Zentrifugalkraft<\/a><\/strong> zusammen mit scharfen Klingen, um das Fleisch in Streifen zu schneiden.<\/li>    <li>A <strong>Quer-Schneideblatt<\/strong> dann schneidet sie die Streifen in einheitliche W\u00fcrfel.<\/li>    <li>Dieser Prozess stellt sicher, dass die endg\u00fcltigen Fleischw\u00fcrfel <strong>einheitlich in der Gr\u00f6\u00dfe und ordentlich geschnitten<\/strong>.<\/li> <\/ul> <\/div><figure class=\"wp-block-media-text__media\"><img loading=\"lazy\" decoding=\"async\" width=\"720\" height=\"540\" src=\"https:\/\/meat-machine.com\/wp-content\/uploads\/2022\/09\/meat-cube-dicer-for-sale.jpg\" alt=\"Fleischw\u00fcrfelschneider zu verkaufen\" class=\"wp-image-64 size-full\" title=\"\" srcset=\"https:\/\/meat-machine.com\/wp-content\/uploads\/2022\/09\/meat-cube-dicer-for-sale.jpg 720w, https:\/\/meat-machine.com\/wp-content\/uploads\/2022\/09\/meat-cube-dicer-for-sale-300x225.jpg 300w\" sizes=\"auto, (max-width: 720px) 100vw, 720px\" \/><\/figure><\/div>    <h2 id=\"h-characteristics-of-meat-dicing-machine\" class=\"wp-block-heading\">Merkmale der Fleischw\u00fcrfelmaschine<\/h2>    <div class=\"wp-block-media-text is-stacked-on-mobile\"><figure class=\"wp-block-media-text__media\"><img loading=\"lazy\" decoding=\"async\" width=\"720\" height=\"540\" src=\"https:\/\/meat-machine.com\/wp-content\/uploads\/2022\/09\/machine-for-making-meat-cubes.webp\" alt=\"Maschine zum Herstellen von Fleischw\u00fcrfeln\" class=\"wp-image-608 size-full\" title=\"\" srcset=\"https:\/\/meat-machine.com\/wp-content\/uploads\/2022\/09\/machine-for-making-meat-cubes.webp 720w, https:\/\/meat-machine.com\/wp-content\/uploads\/2022\/09\/machine-for-making-meat-cubes-300x225.webp 300w, https:\/\/meat-machine.com\/wp-content\/uploads\/2022\/09\/machine-for-making-meat-cubes-16x12.webp 16w\" sizes=\"auto, (max-width: 720px) 100vw, 720px\" \/><\/figure><div class=\"wp-block-media-text__content\"> <ul class=\"wp-block-list\"> <li>Die Maschine ist vollst\u00e4ndig aus <strong>Lebensmittelechter Edelstahl<\/strong>, um Haltbarkeit, Korrosionsbest\u00e4ndigkeit und hohe Hygienestandards zu gew\u00e4hrleisten.<\/li>    <li>Es kann verarbeiten <strong>Gefrorenes Fleisch bei Temperaturen bis zu -6\u00b0C<\/strong>, um die Produktqualit\u00e4t beim Schneiden effektiv zu bewahren.<\/li>    <li>Der <strong>Schnittgr\u00f6\u00dfe kann durch Wechseln des Messersatzes leicht angepasst werden.<\/strong>, um flexible Produktion f\u00fcr verschiedene Spezifikationen zu erm\u00f6glichen.<\/li>    <li>In der Lage, Fleisch in <strong>W\u00fcrfel, Streifen, Flocken und Granulate<\/strong>, um unterschiedliche Verarbeitungsbed\u00fcrfnisse zu erf\u00fcllen.<\/li> <\/ul> <\/div><\/div>    <div class=\"wp-block-media-text has-media-on-the-right is-stacked-on-mobile\"><div class=\"wp-block-media-text__content\"> <ul class=\"wp-block-list\"> <li>Die Endprodukte zeichnen sich durch <strong>einheitliche Gr\u00f6\u00dfe, saubere Schnittfl\u00e4chen und kein Anhaften<\/strong>, um ein hervorragendes Produktbild zu gew\u00e4hrleisten.<\/li>    <li>Schl\u00fcsselkomponenten sind ausgelegt f\u00fcr <strong>einfache Demontage<\/strong>, was die Reinigung und Wartung einfach und effizient macht.<\/li>    <li>Ausgestattet mit einem <strong>Sicherheits- Schutzsystem<\/strong>, funktioniert die Maschine nicht, wenn die Auslassklappe ge\u00f6ffnet ist, um die Sicherheit des Bedieners zu gew\u00e4hrleisten.<\/li> <\/ul> <\/div><figure class=\"wp-block-media-text__media\"><img loading=\"lazy\" decoding=\"async\" width=\"720\" height=\"540\" src=\"https:\/\/meat-machine.com\/wp-content\/uploads\/2022\/09\/meat-dicer.webp\" alt=\"Fleischw\u00fcrfelschneider\" class=\"wp-image-609 size-full\" title=\"\" srcset=\"https:\/\/meat-machine.com\/wp-content\/uploads\/2022\/09\/meat-dicer.webp 720w, https:\/\/meat-machine.com\/wp-content\/uploads\/2022\/09\/meat-dicer-300x225.webp 300w, https:\/\/meat-machine.com\/wp-content\/uploads\/2022\/09\/meat-dicer-16x12.webp 16w\" sizes=\"auto, (max-width: 720px) 100vw, 720px\" \/><\/figure><\/div>    <h2 class=\"wp-block-heading\">Technische Parameter der kommerziellen Fleischw\u00fcrfelmaschine<\/h2>    <figure class=\"wp-block-table\"><table class=\"has-fixed-layout\"><thead><tr><th>Modell<\/th><th>TP-400<\/th><th>TP-600<\/th><\/tr><\/thead><tbody><tr><td>Nettogewicht<\/td><td>290 kg<\/td><td>380 kg<\/td><\/tr><tr><td>Stromspannung<\/td><td>220V 2P \/ 380V 3P<\/td><td>380V<\/td><\/tr><tr><td>Produktionskapazit\u00e4t<\/td><td>400\u20131000 kg\/h<\/td><td>700\u20131200 kg\/h<\/td><\/tr><tr><td>Gesamtleistung<\/td><td>2,5 kW<\/td><td>3,7 kW<\/td><\/tr><tr><td>Abmessungen (L\u00d7B\u00d7H)<\/td><td>1440\u00d7780\u00d7960 mm<\/td><td>1790\u00d7920\u00d71000 mm<\/td><\/tr><tr><td>Hoppergr\u00f6\u00dfe (L\u00d7W\u00d7H)<\/td><td>85\u00d785\u00d7400 mm<\/td><td>120\u00d7120\u00d7600 mm<\/td><\/tr><tr><td>Materialoptionen<\/td><td>SUS304 \/ 201<\/td><td>SUS304 \/ 201<\/td><\/tr><tr><td>Schnittgr\u00f6\u00dfenoptionen<\/td><td>3\/4\/5\/6\/7\/8\/9\/12\/14\/17\/21\/28 mm<\/td><td>5\/6\/7\/8\/9\/10\/11\/12\/13\/15\/17\/20\/24\/30\/40 mm<\/td><\/tr><\/tbody><\/table><figcaption class=\"wp-element-caption\">Parameter der Fleischw\u00fcrfel-Schneidemaschine<\/figcaption><\/figure>   <div class=\"wp-block-image\"> <figure class=\"aligncenter size-full\"><img loading=\"lazy\" decoding=\"async\" width=\"720\" height=\"540\" src=\"https:\/\/meat-machine.com\/wp-content\/uploads\/2022\/09\/Meat-Dicing-Machine-factory.webp\" alt=\"Fabrik f\u00fcr Fleischw\u00fcrfel-Schneidemaschinen\" class=\"wp-image-1197\" title=\"\" srcset=\"https:\/\/meat-machine.com\/wp-content\/uploads\/2022\/09\/Meat-Dicing-Machine-factory.webp 720w, https:\/\/meat-machine.com\/wp-content\/uploads\/2022\/09\/Meat-Dicing-Machine-factory-300x225.webp 300w, https:\/\/meat-machine.com\/wp-content\/uploads\/2022\/09\/Meat-Dicing-Machine-factory-16x12.webp 16w\" sizes=\"auto, (max-width: 720px) 100vw, 720px\" \/><figcaption class=\"wp-element-caption\">Fabrik f\u00fcr Fleischw\u00fcrfel-Schneidemaschinen<\/figcaption><\/figure> <\/div>   <h2 class=\"wp-block-heading\">Wie pflegt man einen Fleischw\u00fcrfelschneider?<\/h2>    <p class=\"wp-block-paragraph\">Um die Leistung und Langlebigkeit Ihres Fleischw\u00fcrfelschneiders sicherzustellen, ist die Wartung Ihrer Maschine von entscheidender Bedeutung. Hier finden Sie einige Tipps zur Wartung Ihrer Fleischw\u00fcrfelmaschine.<\/p>    <div class=\"wp-block-media-text is-stacked-on-mobile\"><figure class=\"wp-block-media-text__media\"><img loading=\"lazy\" decoding=\"async\" width=\"720\" height=\"540\" src=\"https:\/\/meat-machine.com\/wp-content\/uploads\/2022\/09\/frozen-meat-cutting-machine.webp\" alt=\"Schneidemaschine f\u00fcr gefrorenes Fleisch\" class=\"wp-image-607 size-full\" title=\"\" srcset=\"https:\/\/meat-machine.com\/wp-content\/uploads\/2022\/09\/frozen-meat-cutting-machine.webp 720w, https:\/\/meat-machine.com\/wp-content\/uploads\/2022\/09\/frozen-meat-cutting-machine-300x225.webp 300w, https:\/\/meat-machine.com\/wp-content\/uploads\/2022\/09\/frozen-meat-cutting-machine-16x12.webp 16w\" sizes=\"auto, (max-width: 720px) 100vw, 720px\" \/><\/figure><div class=\"wp-block-media-text__content\"> <ul class=\"wp-block-list\"> <li><strong>Reinigung<\/strong>: die Maschine zerlegen und gr\u00fcndlich mit warmem Wasser und Reinigungsmittel waschen, um Lebensmittelreste zu entfernen.<\/li>    <li><strong>Desinfizieren<\/strong>: regelm\u00e4\u00dfig einen lebensmittelechten Desinfektionsmittel anwenden, um Bakterienwachstum zu verhindern.<\/li>    <li><strong>Schmierend<\/strong>: Lebensmittelgeeignetes Schmiermittel an geeigneten Stellen verwenden, um einen reibungslosen Betrieb zu gew\u00e4hrleisten.<\/li>    <li><strong>Regelm\u00e4\u00dfige Inspektion<\/strong>: Klingen, Antriebsteile und Kabel auf Verschlei\u00df oder Besch\u00e4digung \u00fcberpr\u00fcfen und bei Bedarf austauschen.<\/li>    <li><strong>Schrauben festziehen<\/strong>: Schrauben regelm\u00e4\u00dfig \u00fcberpr\u00fcfen, insbesondere in sicherheitskritischen Bereichen, und bei Bedarf nachziehen.<\/li> <\/ul> <\/div><\/div>    <h2 class=\"wp-block-heading\">Was kostet die Fleischw\u00fcrfel-Schneidemaschine?<\/h2>    <p class=\"wp-block-paragraph\">Der Preis einer Gefrierfleisch-W\u00fcrfelschneidemaschine wird von vielen Faktoren beeinflusst, wie z. B. der Leistung, der Entfernung und den individuellen Dienstleistungen. Wie wir alle wissen, ist der Preis von Maschinen mit hoher Leistung h\u00f6her als der von Maschinen mit geringer Leistung. <\/p>    <p class=\"wp-block-paragraph\">Die Fracht ist einer der Faktoren, die den Preis der Maschine beeinflussen, und auch ein Faktor, den K\u00e4ufer ber\u00fccksichtigen m\u00fcssen. Je weiter das Einfuhrland vom Ausfuhrland entfernt ist, desto teurer ist der Preis. <\/p>    <p class=\"wp-block-paragraph\">Wenn Sie den genauen Preis der Maschine erfahren m\u00f6chten, kontaktieren Sie uns bitte \u00fcber das Popup-Fenster in der unteren rechten Ecke. Wir werden uns so schnell wie m\u00f6glich mit Ihnen in Verbindung setzen.<\/p>   <div class=\"wp-block-image\"> <figure class=\"aligncenter size-full\"><img loading=\"lazy\" decoding=\"async\" width=\"980\" height=\"375\" src=\"https:\/\/meat-machine.com\/wp-content\/uploads\/2022\/09\/application-of-frozen-meat-dicing-machine.jpg\" alt=\"W\u00fcrfelschneidemaschine f\u00fcr gefrorenes Fleisch\" class=\"wp-image-61\" title=\"\" srcset=\"https:\/\/meat-machine.com\/wp-content\/uploads\/2022\/09\/application-of-frozen-meat-dicing-machine.jpg 980w, https:\/\/meat-machine.com\/wp-content\/uploads\/2022\/09\/application-of-frozen-meat-dicing-machine-300x115.jpg 300w, https:\/\/meat-machine.com\/wp-content\/uploads\/2022\/09\/application-of-frozen-meat-dicing-machine-768x294.jpg 768w\" sizes=\"auto, (max-width: 980px) 100vw, 980px\" \/><figcaption class=\"wp-element-caption\">W\u00fcrfelschneidemaschine f\u00fcr gefrorenes Fleisch<\/figcaption><\/figure> <\/div>   <h2 class=\"wp-block-heading\">Ein gelungener Fall der kommerziellen Fleischw\u00fcrfelmaschine<\/h2>    <p class=\"wp-block-paragraph\">Ein Kunde aus Indonesien hat eine Fleischverarbeitungsanlage in seiner N\u00e4he. Da das Gesch\u00e4ft w\u00e4chst, m\u00f6chte er eine Fleischw\u00fcrfelmaschine kaufen, um die Produktion zu unterst\u00fctzen. <\/p>    <p class=\"wp-block-paragraph\">\u00dcber Google fand er drei Fleischmaschinenhersteller. Nach langem Vergleichen und Verstehen entschied er sich, die Maschine bei unserem Unternehmen zu kaufen. Weil das Material, der Kundendienst und die Produktionskapazit\u00e4t unserer Maschine seinen Anforderungen entsprechen. <\/p>    <p class=\"wp-block-paragraph\">Die Maschine wurde im November 2025 nach Qingdao geliefert. Im Dezember 2025 erhielten wir Kundenfeedback. Der Kunde ist sehr zufrieden mit der Arbeitsleistung dieser Maschine.<\/p>    <figure class=\"wp-block-gallery has-nested-images columns-default is-cropped wp-block-gallery-2 is-layout-flex wp-block-gallery-is-layout-flex\"> <figure class=\"wp-block-image size-large\"><img loading=\"lazy\" decoding=\"async\" width=\"720\" height=\"540\" data-id=\"536\" src=\"https:\/\/meat-machine.com\/wp-content\/uploads\/2024\/01\/shipment-picture-1.webp\" alt=\"Fleischw\u00fcrfelschneider nach Indonesien versandt\" class=\"wp-image-536\" title=\"\" srcset=\"https:\/\/meat-machine.com\/wp-content\/uploads\/2024\/01\/shipment-picture-1.webp 720w, https:\/\/meat-machine.com\/wp-content\/uploads\/2024\/01\/shipment-picture-1-300x225.webp 300w\" sizes=\"auto, (max-width: 720px) 100vw, 720px\" \/><figcaption class=\"wp-element-caption\">Fleischw\u00fcrfelmaschine nach Indonesien geliefert<\/figcaption><\/figure>    <figure class=\"wp-block-image size-large\"><img loading=\"lazy\" decoding=\"async\" width=\"720\" height=\"540\" data-id=\"537\" src=\"https:\/\/meat-machine.com\/wp-content\/uploads\/2024\/01\/shipment-picture-2-1.webp\" alt=\"Verpackungsbild\" class=\"wp-image-537\" title=\"\" srcset=\"https:\/\/meat-machine.com\/wp-content\/uploads\/2024\/01\/shipment-picture-2-1.webp 720w, https:\/\/meat-machine.com\/wp-content\/uploads\/2024\/01\/shipment-picture-2-1-300x225.webp 300w\" sizes=\"auto, (max-width: 720px) 100vw, 720px\" \/><figcaption class=\"wp-element-caption\">Verpackungsbild<\/figcaption><\/figure> <\/figure>    <h2 class=\"wp-block-heading\">Abschluss<\/h2>    <p class=\"wp-block-paragraph translation-block\"><strong>Kontaktieren Sie uns jetzt<\/strong>, um den besten <em>Preis f\u00fcr die Fleischw\u00fcrfel-Schneidemaschine<\/em>, detaillierte Spezifikationen und ma\u00dfgeschneiderte L\u00f6sungen basierend auf Ihren Produktionsanforderungen zu erhalten. Unser erfahrenes Team bietet professionelle Unterst\u00fctzung von der Maschinenauswahl bis zur Installation und After-Sales-Service.<\/p>    <p class=\"wp-block-paragraph translation-block\">Wir bieten auch eine vollst\u00e4ndige Palette an <strong><a href=\"https:\/\/meat-machine.com\/de\/produkte\/fleischwolf\/\" data-type=\"link\" data-id=\"https:\/\/meat-machine.com\/products\/meat-grinder\/\">Fleischverarbeitungsger\u00e4ten<\/a><\/strong> an. Fragen Sie nach unserem vollst\u00e4ndigen Produktangebot, um eine effiziente und rentable Fleischverarbeitungsl\u00f6sung zu entwickeln.<\/p>    <figure class=\"wp-block-gallery has-nested-images columns-default is-cropped wp-block-gallery-3 is-layout-flex wp-block-gallery-is-layout-flex\"> <figure class=\"wp-block-image size-large\"><img loading=\"lazy\" decoding=\"async\" width=\"720\" height=\"540\" data-id=\"1200\" src=\"https:\/\/meat-machine.com\/wp-content\/uploads\/2022\/09\/Meat-Dicing-Machine-supplier.webp\" alt=\"Fabrik f\u00fcr Fleischw\u00fcrfel-Schneidemaschinen\" class=\"wp-image-1200\" title=\"\" srcset=\"https:\/\/meat-machine.com\/wp-content\/uploads\/2022\/09\/Meat-Dicing-Machine-supplier.webp 720w, https:\/\/meat-machine.com\/wp-content\/uploads\/2022\/09\/Meat-Dicing-Machine-supplier-300x225.webp 300w, https:\/\/meat-machine.com\/wp-content\/uploads\/2022\/09\/Meat-Dicing-Machine-supplier-16x12.webp 16w\" sizes=\"auto, (max-width: 720px) 100vw, 720px\" \/><figcaption class=\"wp-element-caption\">Lieferant f\u00fcr Fleischw\u00fcrfel-Schneidemaschinen<\/figcaption><\/figure>    <figure class=\"wp-block-image size-large\"><img loading=\"lazy\" decoding=\"async\" width=\"720\" height=\"540\" data-id=\"1199\" src=\"https:\/\/meat-machine.com\/wp-content\/uploads\/2022\/09\/meat-cube.webp\" alt=\"meat cube\" class=\"wp-image-1199\" title=\"\" srcset=\"https:\/\/meat-machine.com\/wp-content\/uploads\/2022\/09\/meat-cube.webp 720w, https:\/\/meat-machine.com\/wp-content\/uploads\/2022\/09\/meat-cube-300x225.webp 300w, https:\/\/meat-machine.com\/wp-content\/uploads\/2022\/09\/meat-cube-16x12.webp 16w\" sizes=\"auto, (max-width: 720px) 100vw, 720px\" \/><figcaption class=\"wp-element-caption\">Fleischw\u00fcrfel<\/figcaption><\/figure> <\/figure>","protected":false},"excerpt":{"rendered":"<p>Die Fleischw\u00fcrfelschneidemaschine ist in der Lage, sowohl frisches als auch gefrorenes Fleisch zu verarbeiten und liefert konsistente und gleichm\u00e4\u00dfige Ergebnisse f\u00fcr eine Vielzahl von Anwendungen.<\/p>","protected":false},"author":1,"featured_media":62,"parent":0,"template":"","tags":[31,22],"product-type":[2],"class_list":["post-59","product","type-product","status-publish","has-post-thumbnail","hentry","tag-making-meat-cube","tag-meat-dicing-machine","product-type-meat-cutting-machine"],"_links":{"self":[{"href":"https:\/\/meat-machine.com\/de\/wp-json\/wp\/v2\/product\/59","targetHints":{"allow":["GET"]}}],"collection":[{"href":"https:\/\/meat-machine.com\/de\/wp-json\/wp\/v2\/product"}],"about":[{"href":"https:\/\/meat-machine.com\/de\/wp-json\/wp\/v2\/types\/product"}],"author":[{"embeddable":true,"href":"https:\/\/meat-machine.com\/de\/wp-json\/wp\/v2\/users\/1"}],"wp:featuredmedia":[{"embeddable":true,"href":"https:\/\/meat-machine.com\/de\/wp-json\/wp\/v2\/media\/62"}],"wp:attachment":[{"href":"https:\/\/meat-machine.com\/de\/wp-json\/wp\/v2\/media?parent=59"}],"wp:term":[{"taxonomy":"post_tag","embeddable":true,"href":"https:\/\/meat-machine.com\/de\/wp-json\/wp\/v2\/tags?post=59"},{"taxonomy":"product-type","embeddable":true,"href":"https:\/\/meat-machine.com\/de\/wp-json\/wp\/v2\/product-type?post=59"}],"curies":[{"name":"wp","href":"https:\/\/api.w.org\/{rel}","templated":true}]}}