{"id":510,"date":"2024-01-23T16:05:49","date_gmt":"2024-01-23T08:05:49","guid":{"rendered":"https:\/\/meat-machine.com\/?post_type=product&#038;p=510"},"modified":"2025-08-08T18:27:34","modified_gmt":"2025-08-08T10:27:34","slug":"produktionslinie-fur-burger-pattys","status":"publish","type":"product","link":"https:\/\/meat-machine.com\/de\/product\/burger-patty-production-line\/","title":{"rendered":"Burger-Patty-Produktionslinie zur Herstellung von Fleisch-Patties und vegetarischen Patties"},"content":{"rendered":"<div class=\"kk-star-ratings kksr-auto kksr-align-left kksr-valign-top\"     data-payload='{&quot;align&quot;:&quot;left&quot;,&quot;id&quot;:&quot;510&quot;,&quot;slug&quot;:&quot;default&quot;,&quot;valign&quot;:&quot;top&quot;,&quot;ignore&quot;:&quot;&quot;,&quot;reference&quot;:&quot;auto&quot;,&quot;class&quot;:&quot;&quot;,&quot;count&quot;:&quot;26&quot;,&quot;legendonly&quot;:&quot;&quot;,&quot;readonly&quot;:&quot;&quot;,&quot;score&quot;:&quot;4.8&quot;,&quot;starsonly&quot;:&quot;&quot;,&quot;best&quot;:&quot;5&quot;,&quot;gap&quot;:&quot;5&quot;,&quot;greet&quot;:&quot;Rate this product&quot;,&quot;legend&quot;:&quot;4.8\\\/5 - (26 votes)&quot;,&quot;size&quot;:&quot;24&quot;,&quot;title&quot;:&quot;Burger Patty Production Line for Making Meat Patties, Vegetarian Patties&quot;,&quot;width&quot;:&quot;136.7&quot;,&quot;_legend&quot;:&quot;{score}\\\/{best} - ({count} {votes})&quot;,&quot;font_factor&quot;:&quot;1.25&quot;}'>              <div class=\"kksr-stars\">      <div class=\"kksr-stars-inactive\">             <div class=\"kksr-star\" data-star=\"1\" style=\"padding-right: 5px\">               <div class=\"kksr-icon\" style=\"width: 24px; height: 24px;\"><\/div>         <\/div>             <div class=\"kksr-star\" data-star=\"2\" style=\"padding-right: 5px\">               <div class=\"kksr-icon\" style=\"width: 24px; height: 24px;\"><\/div>         <\/div>             <div class=\"kksr-star\" data-star=\"3\" style=\"padding-right: 5px\">               <div class=\"kksr-icon\" style=\"width: 24px; height: 24px;\"><\/div>         <\/div>             <div class=\"kksr-star\" data-star=\"4\" style=\"padding-right: 5px\">               <div class=\"kksr-icon\" style=\"width: 24px; height: 24px;\"><\/div>         <\/div>             <div class=\"kksr-star\" data-star=\"5\" style=\"padding-right: 5px\">               <div class=\"kksr-icon\" style=\"width: 24px; height: 24px;\"><\/div>         <\/div>     <\/div>      <div class=\"kksr-stars-active\" style=\"width: 136.7px;\">             <div class=\"kksr-star\" style=\"padding-right: 5px\">               <div class=\"kksr-icon\" style=\"width: 24px; height: 24px;\"><\/div>         <\/div>             <div class=\"kksr-star\" style=\"padding-right: 5px\">               <div class=\"kksr-icon\" style=\"width: 24px; height: 24px;\"><\/div>         <\/div>             <div class=\"kksr-star\" style=\"padding-right: 5px\">               <div class=\"kksr-icon\" style=\"width: 24px; height: 24px;\"><\/div>         <\/div>             <div class=\"kksr-star\" style=\"padding-right: 5px\">               <div class=\"kksr-icon\" style=\"width: 24px; height: 24px;\"><\/div>         <\/div>             <div class=\"kksr-star\" style=\"padding-right: 5px\">               <div class=\"kksr-icon\" style=\"width: 24px; height: 24px;\"><\/div>         <\/div>     <\/div> <\/div>                   <div class=\"kksr-legend\" style=\"font-size: 19.2px;\">             4,8\/5 - (26 Bewertungen)    <\/div>     <\/div>  <p class=\"wp-block-paragraph\">Die Produktionslinie f\u00fcr Frikadellen ist ein hocheffizientes, automatisiertes Produktionssystem, das f\u00fcr die Gro\u00dfproduktion von Fleisch- und pflanzlichen Frikadellen entwickelt wurde. <\/p>    <p class=\"wp-block-paragraph\">Diese Produktionslinie umfasst typischerweise Prozesse wie Fleischwolf, Formen, Panieren (z. B. Teig, Paniermehl), Frittieren, Entfetten und Verpacken, was einen optimierten One-Stop-Betrieb erm\u00f6glicht, der die Produktionseffizienz und Produktkonsistenz erheblich verbessert. <\/p>    <p class=\"wp-block-paragraph\">Die Ausr\u00fcstung besteht in der Regel aus lebensmittelechtem Edelstahl, entspricht den Hygienestandards und erm\u00f6glicht eine pr\u00e4zise Steuerung von Gr\u00f6\u00dfe, Form und Dicke der Frikadellen. Sie kann eine Vielzahl von Rohstoffen wie Rindfleisch, H\u00e4hnchen, Fisch, Gem\u00fcse und Sojaprodukte verarbeiten, um sowohl den Fleisch- als auch den vegetarischen Markt zu bedienen.<\/p>    <figure class=\"wp-block-embed is-type-video is-provider-youtube wp-block-embed-youtube wp-embed-aspect-16-9 wp-has-aspect-ratio\"><div class=\"wp-block-embed__wrapper\"> <iframe loading=\"lazy\" title=\"Automatische Frikadellenmaschine f\u00fcr die Fast-Food-Produktion #burger #meat #foodprocessing\" width=\"500\" height=\"281\" src=\"https:\/\/www.youtube.com\/embed\/bq-CJ3gIBmE?feature=oembed\" frameborder=\"0\" allow=\"accelerometer; autoplay; clipboard-write; encrypted-media; gyroscope; picture-in-picture; web-share\" referrerpolicy=\"strict-origin-when-cross-origin\" allowfullscreen><\/iframe> <\/div><figcaption class=\"wp-element-caption\">Arbeitsvideo der Frikadellenmaschine<\/figcaption><\/figure>    <h2 class=\"wp-block-heading\">Maschinen zur Herstellung von Hamburger-Patties<\/h2>    <div class=\"wp-block-media-text is-stacked-on-mobile\"><figure class=\"wp-block-media-text__media\"><img loading=\"lazy\" decoding=\"async\" width=\"720\" height=\"540\" src=\"https:\/\/meat-machine.com\/wp-content\/uploads\/2024\/01\/commercial-meat-chopper-machine.webp\" alt=\"kommerzielle Fleischzerkleinerer\" class=\"wp-image-520 size-full\" title=\"\" srcset=\"https:\/\/meat-machine.com\/wp-content\/uploads\/2024\/01\/commercial-meat-chopper-machine.webp 720w, https:\/\/meat-machine.com\/wp-content\/uploads\/2024\/01\/commercial-meat-chopper-machine-300x225.webp 300w\" sizes=\"auto, (max-width: 720px) 100vw, 720px\" \/><\/figure><div class=\"wp-block-media-text__content\"> <p class=\"wp-block-paragraph translation-block\"><strong>Fleischwolfmaschine f\u00fcr den Gewerbegebrauch<\/strong><\/p>    <p class=\"wp-block-paragraph\">Sie zerkleinert rohes Fleisch schnell zu Hackfleisch und mischt es mit Zutaten und Wasser, um eine gleichm\u00e4\u00dfige Verteilung f\u00fcr eine konsistente Frikadellenstruktur zu gew\u00e4hrleisten.<\/p> <\/div><\/div>    <div class=\"wp-block-media-text has-media-on-the-right is-stacked-on-mobile\"><div class=\"wp-block-media-text__content\"> <p class=\"wp-block-paragraph translation-block\"><strong>Frikadellenformmaschine<\/strong><\/p>    <p class=\"wp-block-paragraph translation-block\">Die <a href=\"https:\/\/meat-machine.com\/de\/produkt\/kommerzieller-burger-patty-maker\/\" data-type=\"link\" data-id=\"https:\/\/meat-machine.com\/product\/commercial-burger-patty-maker\/\">Frikadellenformmaschine<\/a> kann gemischtes Hackfleisch schnell und effizient zu gleichm\u00e4\u00dfigen Frikadellen mit konsistenter Gr\u00f6\u00dfe und Form verarbeiten. <\/p>    <p class=\"wp-block-paragraph\">Ihr automatisierter Prozess verbessert die Produktionsgeschwindigkeit und erm\u00f6glicht eine pr\u00e4zise Steuerung von Gr\u00f6\u00dfe, Dicke und Form der Frikadellen, um unterschiedliche Kundenbed\u00fcrfnisse zu erf\u00fcllen.<\/p> <\/div><figure class=\"wp-block-media-text__media\"><img loading=\"lazy\" decoding=\"async\" width=\"720\" height=\"540\" src=\"https:\/\/meat-machine.com\/wp-content\/uploads\/2022\/09\/automatic-meat-patty-forming-machine.webp\" alt=\"automatische Pastetenmaschine\" class=\"wp-image-310 size-full\" title=\"\" srcset=\"https:\/\/meat-machine.com\/wp-content\/uploads\/2022\/09\/automatic-meat-patty-forming-machine.webp 720w, https:\/\/meat-machine.com\/wp-content\/uploads\/2022\/09\/automatic-meat-patty-forming-machine-300x225.webp 300w\" sizes=\"auto, (max-width: 720px) 100vw, 720px\" \/><\/figure><\/div>    <div class=\"wp-block-media-text is-stacked-on-mobile\"><figure class=\"wp-block-media-text__media\"><img loading=\"lazy\" decoding=\"async\" width=\"720\" height=\"540\" src=\"https:\/\/meat-machine.com\/wp-content\/uploads\/2024\/01\/starching-machien-and-crumb-breading-machine.webp\" alt=\"St\u00e4rkemaschine und Kr\u00fcmelpaniermaschine\" class=\"wp-image-527 size-full\" title=\"\" srcset=\"https:\/\/meat-machine.com\/wp-content\/uploads\/2024\/01\/starching-machien-and-crumb-breading-machine.webp 720w, https:\/\/meat-machine.com\/wp-content\/uploads\/2024\/01\/starching-machien-and-crumb-breading-machine-300x225.webp 300w\" sizes=\"auto, (max-width: 720px) 100vw, 720px\" \/><\/figure><div class=\"wp-block-media-text__content\"> <p class=\"wp-block-paragraph translation-block\"><strong>St\u00e4rkemaschine<\/strong><\/p>    <p class=\"wp-block-paragraph\">Die St\u00e4rkemaschine kann verschiedene Geschmacksrichtungen hinzuf\u00fcgen. Sie \u00fcberzieht die Frikadellen gleichm\u00e4\u00dfig mit aromatisierter Fl\u00fcssigkeit oder Teig und verbessert so den Geschmack. <\/p>    <p class=\"wp-block-paragraph\">Ausgestattet mit einem Windger\u00e4t zur Entfernung von \u00fcbersch\u00fcssigem Coating erm\u00f6glicht sie die Anpassung von Rezepten und Coating-Mengen, um Geschmacksrichtungen f\u00fcr verschiedene M\u00e4rkte und Verbraucherpr\u00e4ferenzen anzupassen.<\/p> <\/div><\/div>    <div class=\"wp-block-media-text has-media-on-the-right is-stacked-on-mobile\"><div class=\"wp-block-media-text__content\"> <p class=\"wp-block-paragraph translation-block\"><strong>Paniermaschine<\/strong><\/p>    <p class=\"wp-block-paragraph\">Paniermaschinen \u00fcberziehen Frikadellen mit Paniermehl und verbessern so ihr Aussehen, ihre Textur und ihren Geschmack. <\/p>    <p class=\"wp-block-paragraph\">Dieser Schritt ist entscheidend, um das Produkt im Fast-Food- und Restaurantmarkt attraktiver zu machen.<\/p> <\/div><figure class=\"wp-block-media-text__media\"><img loading=\"lazy\" decoding=\"async\" width=\"720\" height=\"540\" src=\"https:\/\/meat-machine.com\/wp-content\/uploads\/2024\/01\/Crumb-breading-machine.webp\" alt=\"Kr\u00fcmelpaniermaschine\" class=\"wp-image-857 size-full\" title=\"\" srcset=\"https:\/\/meat-machine.com\/wp-content\/uploads\/2024\/01\/Crumb-breading-machine.webp 720w, https:\/\/meat-machine.com\/wp-content\/uploads\/2024\/01\/Crumb-breading-machine-300x225.webp 300w, https:\/\/meat-machine.com\/wp-content\/uploads\/2024\/01\/Crumb-breading-machine-16x12.webp 16w\" sizes=\"auto, (max-width: 720px) 100vw, 720px\" \/><\/figure><\/div>    <div class=\"wp-block-media-text is-stacked-on-mobile\"><figure class=\"wp-block-media-text__media\"><img loading=\"lazy\" decoding=\"async\" width=\"720\" height=\"540\" src=\"https:\/\/meat-machine.com\/wp-content\/uploads\/2024\/01\/frying-machine.webp\" alt=\"Frittiermaschine\" class=\"wp-image-523 size-full\" title=\"\" srcset=\"https:\/\/meat-machine.com\/wp-content\/uploads\/2024\/01\/frying-machine.webp 720w, https:\/\/meat-machine.com\/wp-content\/uploads\/2024\/01\/frying-machine-300x225.webp 300w\" sizes=\"auto, (max-width: 720px) 100vw, 720px\" \/><\/figure><div class=\"wp-block-media-text__content\"> <p class=\"wp-block-paragraph translation-block\"><strong>Frittiermaschine<\/strong><\/p>    <p class=\"wp-block-paragraph\">Frittiermaschinen garen Frikadellen bis zum gew\u00fcnschten Gargrad und erzeugen eine knusprige \u00e4u\u00dfere Schicht, w\u00e4hrend das Innere feucht und saftig bleibt. <\/p> <\/div><\/div>    <div class=\"wp-block-media-text has-media-on-the-right is-stacked-on-mobile\"><div class=\"wp-block-media-text__content\"> <p class=\"wp-block-paragraph translation-block\"><strong>Vibrationsentfettungsmaschine<\/strong><\/p>    <p class=\"wp-block-paragraph\">Der Vibrationsentfetter entfernt \u00fcbersch\u00fcssiges Fett von der Oberfl\u00e4che der frittierten Frikadellen durch Vibration. <\/p>    <p class=\"wp-block-paragraph\">Durch die Entfernung des \u00fcbersch\u00fcssigen Fetts wird sichergestellt, dass das Endprodukt aufgrund von \u00fcbersch\u00fcssigem Fett nicht zu fettig wird.<\/p> <\/div><figure class=\"wp-block-media-text__media\"><img loading=\"lazy\" decoding=\"async\" width=\"720\" height=\"540\" src=\"https:\/\/meat-machine.com\/wp-content\/uploads\/2024\/01\/vibratory-degreasing-machine.webp\" alt=\"Vibrationsentfettungsmaschine\" class=\"wp-image-529 size-full\" title=\"\" srcset=\"https:\/\/meat-machine.com\/wp-content\/uploads\/2024\/01\/vibratory-degreasing-machine.webp 720w, https:\/\/meat-machine.com\/wp-content\/uploads\/2024\/01\/vibratory-degreasing-machine-300x225.webp 300w\" sizes=\"auto, (max-width: 720px) 100vw, 720px\" \/><\/figure><\/div>    <div class=\"wp-block-media-text is-stacked-on-mobile\"><figure class=\"wp-block-media-text__media\"><img loading=\"lazy\" decoding=\"async\" width=\"720\" height=\"540\" src=\"https:\/\/meat-machine.com\/wp-content\/uploads\/2024\/01\/vacuum-meat-packaging-machine.webp\" alt=\"Vakuum-Fleischverpackungsmaschine\" class=\"wp-image-528 size-full\" title=\"\" srcset=\"https:\/\/meat-machine.com\/wp-content\/uploads\/2024\/01\/vacuum-meat-packaging-machine.webp 720w, https:\/\/meat-machine.com\/wp-content\/uploads\/2024\/01\/vacuum-meat-packaging-machine-300x225.webp 300w\" sizes=\"auto, (max-width: 720px) 100vw, 720px\" \/><\/figure><div class=\"wp-block-media-text__content\"> <p class=\"wp-block-paragraph translation-block\"><strong>Vakuumverpackungsmaschine f\u00fcr Fleisch<\/strong><\/p>    <p class=\"wp-block-paragraph translation-block\">Die <a href=\"https:\/\/meat-machine.com\/de\/produkt\/vakuumverpackungsmaschine-fur-fleisch\/\">Vakuumverpackungsmaschine<\/a> ist der letzte Schritt in der Produktionslinie f\u00fcr Frikadellen. Sie verl\u00e4ngert die Haltbarkeit, indem sie die Luft aus der Verpackung entfernt. <\/p>    <p class=\"wp-block-paragraph\">Taizy Meat Machinery bietet sowohl Ein- als auch Zweikammer-Vakuumverpackungsmaschinen an.<\/p> <\/div><\/div>    <h2 class=\"wp-block-heading\">Vorteile der Produktionslinie f\u00fcr Frikadellen<\/h2>    <div class=\"wp-block-media-text has-media-on-the-right is-stacked-on-mobile\"><div class=\"wp-block-media-text__content\"> <ol class=\"wp-block-list\"> <li>Die Produktionslinie bietet ein hohes Ma\u00df an Automatisierung f\u00fcr einen effizienten und konsistenten Betrieb.<\/li>    <li>Maschinen und Formen k\u00f6nnen an spezifische Kundenbed\u00fcrfnisse angepasst werden.<\/li>    <li>Alle Ger\u00e4te bestehen aus lebensmittelechtem Edelstahl, um Sicherheit und Hygiene zu gew\u00e4hrleisten.<\/li>    <li>Die Linie umfasst mehrere Funktionsmodule, die eine vielseitige und umfassende Frikadellenproduktion erm\u00f6glichen.<\/li>    <li>Das einfache Design der Ger\u00e4te erm\u00f6glicht eine einfache Reinigung und Wartung.<\/li> <\/ol> <\/div><figure class=\"wp-block-media-text__media\"><img loading=\"lazy\" decoding=\"async\" width=\"720\" height=\"540\" src=\"https:\/\/meat-machine.com\/wp-content\/uploads\/2024\/01\/burger-patty-production-line.webp\" alt=\"Produktionslinie f\u00fcr Burger-Pattys\" class=\"wp-image-519 size-full\" title=\"\" srcset=\"https:\/\/meat-machine.com\/wp-content\/uploads\/2024\/01\/burger-patty-production-line.webp 720w, https:\/\/meat-machine.com\/wp-content\/uploads\/2024\/01\/burger-patty-production-line-300x225.webp 300w\" sizes=\"auto, (max-width: 720px) 100vw, 720px\" \/><\/figure><\/div>    <h2 class=\"wp-block-heading\">Anwendung der Burger-Patty-Produktionslinie<\/h2>    <p class=\"wp-block-paragraph\">Die Burger-Patty-Produktionslinie kann durch den Austausch verschiedener Formen unterschiedliche Produktformen herstellen. Mit diesen Burger-Patty-Maschinen k\u00f6nnen Sie Burger-Patties, Chicken Nuggets, Fisch-Patties, vegetarische Patties, Kartoffel-Patties, Gem\u00fcse-Patties, K\u00fcrbis-Patties, Tintenfisch-Patties, Koteletts usw. in verschiedenen Formen herstellen.<\/p>    <div class=\"wp-block-media-text is-stacked-on-mobile\"><figure class=\"wp-block-media-text__media\"><img loading=\"lazy\" decoding=\"async\" width=\"720\" height=\"540\" src=\"https:\/\/meat-machine.com\/wp-content\/uploads\/2024\/01\/finished-products.webp\" alt=\"fertige Produkte\" class=\"wp-image-521 size-full\" title=\"\" srcset=\"https:\/\/meat-machine.com\/wp-content\/uploads\/2024\/01\/finished-products.webp 720w, https:\/\/meat-machine.com\/wp-content\/uploads\/2024\/01\/finished-products-300x225.webp 300w\" sizes=\"auto, (max-width: 720px) 100vw, 720px\" \/><\/figure><div class=\"wp-block-media-text__content\"> <ul class=\"wp-block-list\"> <li>Fleisch: Huhn, <a href=\"https:\/\/en.wikipedia.org\/wiki\/Beef\" target=\"_blank\" rel=\"noopener\">Rindfleisch<\/a>, Lamm, Schweinefleisch usw.<\/li>    <li>Wasserprodukte: Fisch, Garnelen, Tintenfisch, Lachs, St\u00f6cker usw.<\/li>    <li>Gem\u00fcse: Kartoffeln, S\u00fc\u00dfkartoffeln, K\u00fcrbis, Karotten, gr\u00fcne Bohnen, rote Bohnen, Saubohnen, Sojabohnen, Cashewn\u00fcsse usw.<\/li>    <li>Dar\u00fcber hinaus kann unsere Fleischpasteten-Produktionslinie auch andere Arten von Pastetchennahrung herstellen.<\/li> <\/ul> <\/div><\/div>    <h2 class=\"wp-block-heading\">Parameter der Ausr\u00fcstung zur Herstellung von Frikadellen<\/h2>    <figure class=\"wp-block-table\"><table><tbody><tr><td>Maschinenname<\/td><td>Kapazit\u00e4t<\/td><td>Leistung<\/td><td>Stromspannung<\/td><td>Material<\/td><\/tr><tr><td>Fleischzerkleinerer<\/td><td>20 kg\/Charge<\/td><td>5,5 kW<\/td><td>380V 50Hz<\/td><td>304ss<\/td><\/tr><tr><td>Kommerzieller Burger-Patty-Maker<\/td><td>2100 St\u00fcck\/h<\/td><td>0,55 kW<\/td><td>220 V, 50 Hz<\/td><td>304ss<\/td><\/tr><tr><td>St\u00e4rkemaschine<\/td><td>\/<\/td><td>0,62 kW<\/td><td>380 V, 50 Hz<\/td><td>304ss<\/td><\/tr><tr><td>Patty-Frittiermaschine<\/td><td>\/<\/td><td>36 kW<\/td><td>480 V 60 Hz<\/td><td>304ss<\/td><\/tr><tr><td>Vibrations\u00f6lfilter<\/td><td>\/<\/td><td>\/<\/td><td>480 V 60 Hz<\/td><td>304ss<\/td><\/tr><tr><td>Vakuumverpackungsmaschine f\u00fcr Fleisch<\/td><td>\/<\/td><td>2,25 kW<\/td><td>380 V, 50 Hz<\/td><td>304ss<\/td><\/tr><\/tbody><\/table><figcaption class=\"wp-element-caption\">Parameter der Produktionslinie f\u00fcr Frikadellen<\/figcaption><\/figure>    <p class=\"wp-block-paragraph\">Jede Burger-Herstellungsanlage verf\u00fcgt \u00fcber entsprechende spezifische Parameter. Anhand der obigen Tabelle k\u00f6nnen Sie einige Informationen zu dieser Burger-Patty-Produktionslinie erhalten. Wenn Sie mehr \u00fcber die Produktionslinie f\u00fcr Fleischpastetchen erfahren m\u00f6chten, kontaktieren Sie uns bitte \u00fcber das Popup-Fenster in der unteren rechten Ecke.<\/p>   <div class=\"wp-block-image\"> <figure class=\"aligncenter size-full\"><img loading=\"lazy\" decoding=\"async\" width=\"720\" height=\"540\" src=\"https:\/\/meat-machine.com\/wp-content\/uploads\/2022\/09\/the-machine-can-make-meat-patties-of-different-shapes.webp\" alt=\"Maschine zur Herstellung von Hamburger-Patties\" class=\"wp-image-143\" title=\"\" srcset=\"https:\/\/meat-machine.com\/wp-content\/uploads\/2022\/09\/the-machine-can-make-meat-patties-of-different-shapes.webp 720w, https:\/\/meat-machine.com\/wp-content\/uploads\/2022\/09\/the-machine-can-make-meat-patties-of-different-shapes-300x225.webp 300w\" sizes=\"auto, (max-width: 720px) 100vw, 720px\" \/><figcaption class=\"wp-element-caption\">Maschine zur Herstellung von Hamburger-Patties<\/figcaption><\/figure> <\/div>   <h2 class=\"wp-block-heading\">Was kostet die Burger-Patty-Produktionslinie?<\/h2>    <p class=\"wp-block-paragraph\">Der Preis der Produktionslinie f\u00fcr Frikadellen h\u00e4ngt von Faktoren wie Gr\u00f6\u00dfe, Konfiguration, Technologie, Materialien, Entfernung und Steuern ab. Aufgrund dieser Variablen k\u00f6nnen wir hier keinen spezifischen Preis angeben. <\/p>    <p class=\"wp-block-paragraph\">F\u00fcr ein detailliertes Angebot und einen ma\u00dfgeschneiderten Plan kontaktieren Sie uns bitte \u00fcber die Informationen in der unteren rechten Ecke. Wir passen das Angebot an Ihre Bed\u00fcrfnisse und Ihren Produktionsma\u00dfstab an.<\/p>   <div class=\"wp-block-image\"> <figure class=\"aligncenter size-full\"><img loading=\"lazy\" decoding=\"async\" width=\"720\" height=\"540\" src=\"https:\/\/meat-machine.com\/wp-content\/uploads\/2024\/01\/hamburger-patty.webp\" alt=\"Hamburger-Patty\" class=\"wp-image-530\" title=\"\" srcset=\"https:\/\/meat-machine.com\/wp-content\/uploads\/2024\/01\/hamburger-patty.webp 720w, https:\/\/meat-machine.com\/wp-content\/uploads\/2024\/01\/hamburger-patty-300x225.webp 300w\" sizes=\"auto, (max-width: 720px) 100vw, 720px\" \/><figcaption class=\"wp-element-caption\">Hamburger-Patty<\/figcaption><\/figure> <\/div>   <h2 class=\"wp-block-heading\">Abschluss<\/h2>    <p class=\"wp-block-paragraph\">Die Produktionslinie f\u00fcr Frikadellen integriert fortschrittliche Maschinen \u2013 vom Fleischwolf und der Frikadellenformung bis hin zu St\u00e4rken, Panieren, Frittieren und Vakuumverpacken \u2013 und gew\u00e4hrleistet eine effiziente, konsistente und qualitativ hochwertige Produktion. <\/p>    <p class=\"wp-block-paragraph\">Mit anpassbaren Einstellungen und automatisierten Prozessen erf\u00fcllt diese Produktionslinie vielf\u00e4ltige Marktanforderungen und hilft Herstellern, k\u00f6stliche und optisch ansprechende Frikadellen zu liefern, die die Verbraucher zufriedenstellen und den Gesch\u00e4ftserfolg steigern.<\/p>","protected":false},"excerpt":{"rendered":"<p>Die Produktionslinie f\u00fcr Frikadellen ist ein hocheffizientes, automatisiertes Produktionssystem, das f\u00fcr die Gro\u00dfproduktion von Fleisch- und pflanzlichen Frikadellen entwickelt wurde. <\/p>","protected":false},"author":1,"featured_media":519,"parent":0,"template":"","tags":[54],"product-type":[4],"class_list":["post-510","product","type-product","status-publish","has-post-thumbnail","hentry","tag-burger-patty-production-line","product-type-meat-grinder"],"_links":{"self":[{"href":"https:\/\/meat-machine.com\/de\/wp-json\/wp\/v2\/product\/510","targetHints":{"allow":["GET"]}}],"collection":[{"href":"https:\/\/meat-machine.com\/de\/wp-json\/wp\/v2\/product"}],"about":[{"href":"https:\/\/meat-machine.com\/de\/wp-json\/wp\/v2\/types\/product"}],"author":[{"embeddable":true,"href":"https:\/\/meat-machine.com\/de\/wp-json\/wp\/v2\/users\/1"}],"wp:featuredmedia":[{"embeddable":true,"href":"https:\/\/meat-machine.com\/de\/wp-json\/wp\/v2\/media\/519"}],"wp:attachment":[{"href":"https:\/\/meat-machine.com\/de\/wp-json\/wp\/v2\/media?parent=510"}],"wp:term":[{"taxonomy":"post_tag","embeddable":true,"href":"https:\/\/meat-machine.com\/de\/wp-json\/wp\/v2\/tags?post=510"},{"taxonomy":"product-type","embeddable":true,"href":"https:\/\/meat-machine.com\/de\/wp-json\/wp\/v2\/product-type?post=510"}],"curies":[{"name":"wp","href":"https:\/\/api.w.org\/{rel}","templated":true}]}}