{"id":48,"date":"2022-09-07T05:54:14","date_gmt":"2022-09-07T05:54:14","guid":{"rendered":"https:\/\/meat-machine.com\/?post_type=product&#038;p=48"},"modified":"2026-04-16T16:08:54","modified_gmt":"2026-04-16T08:08:54","slug":"gewerblicher-gefrorener-fleischschneider","status":"publish","type":"product","link":"https:\/\/meat-machine.com\/de\/product\/commercial-frozen-meat-slicer\/","title":{"rendered":"Handelsgefrorener Fleischklimaanlage"},"content":{"rendered":"<div class=\"kk-star-ratings kksr-auto kksr-align-left kksr-valign-top\"     data-payload='{&quot;align&quot;:&quot;left&quot;,&quot;id&quot;:&quot;48&quot;,&quot;slug&quot;:&quot;default&quot;,&quot;valign&quot;:&quot;top&quot;,&quot;ignore&quot;:&quot;&quot;,&quot;reference&quot;:&quot;auto&quot;,&quot;class&quot;:&quot;&quot;,&quot;count&quot;:&quot;7&quot;,&quot;legendonly&quot;:&quot;&quot;,&quot;readonly&quot;:&quot;&quot;,&quot;score&quot;:&quot;4.8&quot;,&quot;starsonly&quot;:&quot;&quot;,&quot;best&quot;:&quot;5&quot;,&quot;gap&quot;:&quot;5&quot;,&quot;greet&quot;:&quot;Rate this product&quot;,&quot;legend&quot;:&quot;4.8\\\/5 - (7 votes)&quot;,&quot;size&quot;:&quot;24&quot;,&quot;title&quot;:&quot;Commercial frozen meat slicer&quot;,&quot;width&quot;:&quot;136.7&quot;,&quot;_legend&quot;:&quot;{score}\\\/{best} - ({count} {votes})&quot;,&quot;font_factor&quot;:&quot;1.25&quot;}'>              <div class=\"kksr-stars\">      <div class=\"kksr-stars-inactive\">             <div class=\"kksr-star\" data-star=\"1\" style=\"padding-right: 5px\">               <div class=\"kksr-icon\" style=\"width: 24px; height: 24px;\"><\/div>         <\/div>             <div class=\"kksr-star\" data-star=\"2\" style=\"padding-right: 5px\">               <div class=\"kksr-icon\" style=\"width: 24px; height: 24px;\"><\/div>         <\/div>             <div class=\"kksr-star\" data-star=\"3\" style=\"padding-right: 5px\">               <div class=\"kksr-icon\" style=\"width: 24px; height: 24px;\"><\/div>         <\/div>             <div class=\"kksr-star\" data-star=\"4\" style=\"padding-right: 5px\">               <div class=\"kksr-icon\" style=\"width: 24px; height: 24px;\"><\/div>         <\/div>             <div class=\"kksr-star\" data-star=\"5\" style=\"padding-right: 5px\">               <div class=\"kksr-icon\" style=\"width: 24px; height: 24px;\"><\/div>         <\/div>     <\/div>      <div class=\"kksr-stars-active\" style=\"width: 136.7px;\">             <div class=\"kksr-star\" style=\"padding-right: 5px\">               <div class=\"kksr-icon\" style=\"width: 24px; height: 24px;\"><\/div>         <\/div>             <div class=\"kksr-star\" style=\"padding-right: 5px\">               <div class=\"kksr-icon\" style=\"width: 24px; height: 24px;\"><\/div>         <\/div>             <div class=\"kksr-star\" style=\"padding-right: 5px\">               <div class=\"kksr-icon\" style=\"width: 24px; height: 24px;\"><\/div>         <\/div>             <div class=\"kksr-star\" style=\"padding-right: 5px\">               <div class=\"kksr-icon\" style=\"width: 24px; height: 24px;\"><\/div>         <\/div>             <div class=\"kksr-star\" style=\"padding-right: 5px\">               <div class=\"kksr-icon\" style=\"width: 24px; height: 24px;\"><\/div>         <\/div>     <\/div> <\/div>                   <div class=\"kksr-legend\" style=\"font-size: 19.2px;\">             4,8\/5 - (7 Stimmen)    <\/div>     <\/div>  <p class=\"wp-block-paragraph\">Der gewerbliche Tiefk\u00fchlfleischschneider kann 1, 2, 4 oder 8 Rollen gefrorener Fleischbl\u00f6cke (-8\u00b0C bis 1\u00b0C) direkt schneiden, ohne sie aufzutauen, was Zeit spart und die Fleischtextur bewahrt. Mit einstellbarer Dicke (0,2\u201320 mm), einer Kapazit\u00e4t von 25\u2013500 kg\/h, aus SUS304-Edelstahl gefertigt und mit Sicherheitsmerkmalen ausgestattet, sorgt er f\u00fcr gleichm\u00e4\u00dfiges, sauberes und sicheres Schneiden.<\/p>    <p class=\"wp-block-paragraph\">Seine Hauptfunktion besteht darin, die Effizienz zu steigern (Ersatz f\u00fcr 5\u201310 Arbeiter), gleichbleibende Qualit\u00e4t zu gew\u00e4hrleisten und Kosten zu senken, w\u00e4hrend die Frische des Fleisches durch Vermeidung des Auftauens bewahrt wird. Es gilt f\u00fcr fleischlose Tiefk\u00fchlfleischsorten (Rind, Lamm, Schwein, Gefl\u00fcgel, Meeresfr\u00fcchte) und gep\u00f6kelte Fleischsorten, jedoch nicht f\u00fcr Fleisch mit Knochen. Es wird h\u00e4ufig in Restaurants, Zentral-K\u00fcchen, Fleischverarbeitungsbetrieben und Superm\u00e4rkten eingesetzt.<\/p>    <figure class=\"wp-block-embed is-type-video is-provider-youtube wp-block-embed-youtube wp-embed-aspect-16-9 wp-has-aspect-ratio\"><div class=\"wp-block-embed__wrapper\"> <iframe loading=\"lazy\" title=\"Von Block zu Slice - Wie unser gefrorener Fleischschnitzel #meat #Slicing #foodprocessing funktioniert\" width=\"422\" height=\"750\" src=\"https:\/\/www.youtube.com\/embed\/hPnMCka8QnM?feature=oembed\" frameborder=\"0\" allow=\"accelerometer; autoplay; clipboard-write; encrypted-media; gyroscope; picture-in-picture; web-share\" referrerpolicy=\"strict-origin-when-cross-origin\" allowfullscreen><\/iframe> <\/div><figcaption class=\"wp-element-caption\">Kommerzieller gefrorener Fleisch Slicer Arbeitsvideo<\/figcaption><\/figure>    <h2 id=\"h-what-are-the-models-of-taizy-commercial-frozen-meat-slicer\" class=\"wp-block-heading\">Gewerblicher gefrorener Fleischschneider zu verkaufen<\/h2>    <p class=\"wp-block-paragraph\">Bei Taizy Fleischverarbeitungsstation bieten wir vier verschiedene Arten von gewerblichen Tiefk\u00fchlfleischschneidern an, die sich in Leistung, Gr\u00f6\u00dfe und Gewicht unterscheiden, um verschiedenen Kundenbed\u00fcrfnissen gerecht zu werden.<\/p>    <p class=\"wp-block-paragraph\">F\u00fcr Kunden mit kleinen Restaurants oder geringem Produktionsbedarf empfehlen wir unseren elektronisch gesteuerten Ein-Rollen-Schneider, der eine Leistung von 25-50 kg\/h hat. Bei h\u00f6herem Produktionsbedarf sind die anderen drei Schneidermodelle besser geeignet, mit Leistungen von 50-300 kg\/h, 250-300 kg\/h und 450-500 kg\/h.<\/p>    <p class=\"wp-block-paragraph translation-block\">Neben automatischen Tiefk\u00fchlfleischschneidern bieten wir auch <a href=\"https:\/\/meat-machine.com\/de\/produkt\/automatische-huhner-schneidemaschine\/\" data-type=\"link\" data-id=\"https:\/\/meat-machine.com\/product\/automatic-chicken-cutting-machine\/\">Fleischschneidemaschinen<\/a> und <a href=\"https:\/\/meat-machine.com\/de\/produkt\/fleischwurfelmaschine\/\" data-type=\"link\" data-id=\"https:\/\/meat-machine.com\/product\/meat-dicing-machine\/\">Tiefk\u00fchlfleischzerkleinerer<\/a> zum Verkauf an, um Ihre vielf\u00e4ltigen Fleischverarbeitungsbed\u00fcrfnisse zu erf\u00fcllen.<\/p>    <figure class=\"wp-block-gallery aligncenter has-nested-images columns-default is-cropped wp-block-gallery-2 is-layout-flex wp-block-gallery-is-layout-flex\"> <figure class=\"wp-block-image size-full\"><img loading=\"lazy\" decoding=\"async\" width=\"540\" height=\"720\" data-id=\"1229\" src=\"https:\/\/meat-machine.com\/wp-content\/uploads\/2022\/09\/Commercial-frozen-meat-slicer-factory.webp\" alt=\"Fabrik f\u00fcr gewerbliche Tiefk\u00fchlfleischschneider\" class=\"wp-image-1229\" title=\"\" srcset=\"https:\/\/meat-machine.com\/wp-content\/uploads\/2022\/09\/Commercial-frozen-meat-slicer-factory.webp 540w, https:\/\/meat-machine.com\/wp-content\/uploads\/2022\/09\/Commercial-frozen-meat-slicer-factory-225x300.webp 225w, https:\/\/meat-machine.com\/wp-content\/uploads\/2022\/09\/Commercial-frozen-meat-slicer-factory-9x12.webp 9w\" sizes=\"auto, (max-width: 540px) 100vw, 540px\" \/><figcaption class=\"wp-element-caption\">Fabrik f\u00fcr gewerbliche Tiefk\u00fchlfleischschneider<\/figcaption><\/figure>    <figure class=\"wp-block-image size-full\"><img loading=\"lazy\" decoding=\"async\" width=\"720\" height=\"540\" data-id=\"56\" src=\"https:\/\/meat-machine.com\/wp-content\/uploads\/2022\/09\/meat-slicing-machine-for-frozen-mutton.webp\" alt=\"Fleischschneidemaschine f\u00fcr gefrorenes Hammelfleisch\" class=\"wp-image-56\" title=\"\" srcset=\"https:\/\/meat-machine.com\/wp-content\/uploads\/2022\/09\/meat-slicing-machine-for-frozen-mutton.webp 720w, https:\/\/meat-machine.com\/wp-content\/uploads\/2022\/09\/meat-slicing-machine-for-frozen-mutton-300x225.webp 300w\" sizes=\"auto, (max-width: 720px) 100vw, 720px\" \/><figcaption class=\"wp-element-caption\">Fleischschneidemaschine f\u00fcr gefrorenes Lamm<\/figcaption><\/figure> <\/figure>    <h2 id=\"h-what-are-the-characteristics-of-the-best-commercial-frozen-meat-slicer\" class=\"wp-block-heading\">Kommerzielle gefrorene Fleischklimaanlage Merkmale<\/h2>    <div class=\"wp-block-media-text is-stacked-on-mobile\"><figure class=\"wp-block-media-text__media\"><img loading=\"lazy\" decoding=\"async\" width=\"720\" height=\"540\" src=\"https:\/\/meat-machine.com\/wp-content\/uploads\/2022\/09\/four-rolls-meat-slicer.webp\" alt=\"Vier-Rollen-Fleischschneider\" class=\"wp-image-55 size-full\" title=\"\" srcset=\"https:\/\/meat-machine.com\/wp-content\/uploads\/2022\/09\/four-rolls-meat-slicer.webp 720w, https:\/\/meat-machine.com\/wp-content\/uploads\/2022\/09\/four-rolls-meat-slicer-300x225.webp 300w\" sizes=\"auto, (max-width: 720px) 100vw, 720px\" \/><\/figure><div class=\"wp-block-media-text__content\"> <ul class=\"wp-block-list\"> <li><strong>Einheitliches Schneiden<\/strong>: Gew\u00e4hrleistet gleichm\u00e4\u00dfige Dicke f\u00fcr Scheiben oder Rollen.<\/li>    <li><strong>Lebensmittelgeeignete Materialien<\/strong>: 304 <a href=\"https:\/\/en.wikipedia.org\/wiki\/Stainless_steel\" data-type=\"link\" data-id=\"https:\/\/en.wikipedia.org\/wiki\/Stainless_steel\" target=\"_blank\" rel=\"noopener\">Edelstahl<\/a> : F\u00fcr Lebensmittelkontaktteile, 201 Edelstahl f\u00fcr den Maschinenk\u00f6rper.<\/li>    <li><strong>Mehrere Modelle<\/strong>: Vier Modelle verf\u00fcgbar, um unterschiedliche Kapazit\u00e4tsanforderungen zu erf\u00fcllen.<\/li>    <li><strong>Einfache Reinigung<\/strong>: Antihaft-Klingen-Design; Messer- und Schneideeinheit sind leicht zu entfernen und zu reinigen.<\/li> <\/ul> <\/div><\/div>    <div class=\"wp-block-media-text has-media-on-the-right is-stacked-on-mobile\"><div class=\"wp-block-media-text__content\"> <ul class=\"wp-block-list\"> <li><strong>Effizientes Rollen<\/strong>: Automatisches, gleichm\u00e4\u00dfiges Rollen mit minimalem Materialverlust.<\/li>    <li><strong>Niedrige Ger\u00e4uschentwicklung &amp; Stabilit\u00e4t<\/strong>: Leiser Betrieb mit stabilem Maschinenleistungsniveau.<\/li>    <li><strong>Zuverl\u00e4ssiges System<\/strong>: Vollhydraulischer Antrieb mit niedriger Ausfallrate und einfacher Wartung.<\/li>    <li><strong>Sicherer Fleischkorb<\/strong>: U-f\u00f6rmiger rutschfester Korb sorgt f\u00fcr stabile Fleischpositionierung.<\/li> <\/ul> <\/div><figure class=\"wp-block-media-text__media\"><img loading=\"lazy\" decoding=\"async\" width=\"750\" height=\"750\" src=\"https:\/\/meat-machine.com\/wp-content\/uploads\/2022\/09\/commercial-frozen-meat-slicer-for-sale.webp\" alt=\"Kommerzieller Gefrierfleischschneider zu verkaufen\" class=\"wp-image-53 size-full\" title=\"\" srcset=\"https:\/\/meat-machine.com\/wp-content\/uploads\/2022\/09\/commercial-frozen-meat-slicer-for-sale.webp 750w, https:\/\/meat-machine.com\/wp-content\/uploads\/2022\/09\/commercial-frozen-meat-slicer-for-sale-300x300.webp 300w, https:\/\/meat-machine.com\/wp-content\/uploads\/2022\/09\/commercial-frozen-meat-slicer-for-sale-150x150.webp 150w\" sizes=\"auto, (max-width: 750px) 100vw, 750px\" \/><\/figure><\/div>    <h2 class=\"wp-block-heading\">Wie funktioniert die Slicer -Maschine mit gefrorenem Fleisch?<\/h2>    <div class=\"wp-block-media-text is-stacked-on-mobile\"><figure class=\"wp-block-media-text__media\"><img loading=\"lazy\" decoding=\"async\" width=\"720\" height=\"540\" src=\"https:\/\/meat-machine.com\/wp-content\/uploads\/2025\/04\/Frozen-meat-slicing-machine-details.webp\" alt=\"Details zur gefrorenen Fleischschneidemaschine\" class=\"wp-image-788 size-full\" title=\"\" srcset=\"https:\/\/meat-machine.com\/wp-content\/uploads\/2025\/04\/Frozen-meat-slicing-machine-details.webp 720w, https:\/\/meat-machine.com\/wp-content\/uploads\/2025\/04\/Frozen-meat-slicing-machine-details-300x225.webp 300w, https:\/\/meat-machine.com\/wp-content\/uploads\/2025\/04\/Frozen-meat-slicing-machine-details-16x12.webp 16w\" sizes=\"auto, (max-width: 720px) 100vw, 720px\" \/><\/figure><div class=\"wp-block-media-text__content\"> <ul class=\"wp-block-list\"> <li><strong>Automatisches Fleischzuf\u00fchren<\/strong>: Ein Doppel-Leitsystem schiebt und dr\u00fcckt gefrorenes Fleisch vorw\u00e4rts, w\u00e4hrend die Schnittst\u00e4rke kontrolliert wird.<\/li>    <li><strong>Synchronisiertes Schneiden<\/strong>: Der Schneide- und F\u00f6rderband arbeiten gleichzeitig, um kontinuierliches, pr\u00e4zises Schneiden zu erreichen.<\/li>    <li><strong>Automatische Fertigstellung<\/strong>: Nach Abschluss des Schneidens stoppt die Klinge und der Vorschubmechanismus kehrt automatisch zur\u00fcck.<\/li> <\/ul> <\/div><\/div>    <h2 id=\"h-how-to-use-an-industrial-frozen-meat-slicer-correctly\" class=\"wp-block-heading\">Wie benutzt man einen industriellen Tiefk\u00fchlfleischschneider richtig?<\/h2>    <div class=\"wp-block-media-text has-media-on-the-right is-stacked-on-mobile\"><div class=\"wp-block-media-text__content\"> <ul class=\"wp-block-list\"> <li><strong>Strompr\u00fcfung<\/strong>: \u00dcberpr\u00fcfen Sie, ob das Netzkabel, Stecker und die Steckdose sicher verbunden sind, bevor Sie die Maschine starten.<\/li>    <li><strong>Erdungsverbindung<\/strong>: Stellen Sie sicher, dass die Maschine ordnungsgem\u00e4\u00df geerdet ist, um einen sicheren Betrieb zu gew\u00e4hrleisten.<\/li>    <li><strong>Dickenanpassung<\/strong>: Stellen Sie die erforderliche Schnittst\u00e4rke im Voraus entsprechend den Verarbeitungsanforderungen ein.<\/li>    <li><strong>Richtige Fleischbeladung<\/strong>: Platzieren Sie gefrorenes, entbeintes Fleisch flach und sicher auf dem Schneidebrett.<\/li>    <li><strong>Klingenwartung<\/strong>: Stoppen Sie die Maschine und sch\u00e4rfen Sie die Klinge, wenn die Schneideleistung abnimmt.<\/li> <\/ul> <\/div><figure class=\"wp-block-media-text__media\"><img loading=\"lazy\" decoding=\"async\" width=\"720\" height=\"540\" src=\"https:\/\/meat-machine.com\/wp-content\/uploads\/2025\/04\/Frozen-meat-slicing-machine-price.webp\" alt=\"Preis der gefrorenen Fleischschneidemaschine\" class=\"wp-image-791 size-full\" title=\"\" srcset=\"https:\/\/meat-machine.com\/wp-content\/uploads\/2025\/04\/Frozen-meat-slicing-machine-price.webp 720w, https:\/\/meat-machine.com\/wp-content\/uploads\/2025\/04\/Frozen-meat-slicing-machine-price-300x225.webp 300w, https:\/\/meat-machine.com\/wp-content\/uploads\/2025\/04\/Frozen-meat-slicing-machine-price-16x12.webp 16w\" sizes=\"auto, (max-width: 720px) 100vw, 720px\" \/><\/figure><\/div>    <h2 id=\"h-machine-parameters\" class=\"wp-block-heading\">Handelsgefrorene Fleisch -Slicer -Maschinenparameter<\/h2>    <figure class=\"wp-block-table\"><table><tbody><tr><td>Name<\/td><td>Leistung (kW)<\/td><td>Spannung (V)<\/td><td>Produktion (kg\/h)<\/td><td>Scheibendicke (mm)<\/td><td>Maschinengewicht (kg)<\/td><td>Maschinengr\u00f6\u00dfe (mm)<\/td><\/tr><tr><td>Ein-Rollenschneider<\/td><td>0.45<\/td><td>220<\/td><td>25-50<\/td><td>0.2-5<\/td><td>50<\/td><td>650*350*400<\/td><\/tr><tr><td>CNC Two Roll Slicer<\/td><td>2.2<\/td><td>220<\/td><td>50-300<\/td><td>0.2-6<\/td><td>200<\/td><td>1200*560*1200<\/td><\/tr><tr><td>CNC-Vierrollenschneider<\/td><td>1.5-3.5<\/td><td>220\/380<\/td><td>250-300<\/td><td>0.2-20<\/td><td>300<\/td><td>1450*660*1300<\/td><\/tr><tr><td>CNC-Achtrollenschneider<\/td><td>3.5<\/td><td>380<\/td><td>450-500<\/td><td>0.2-20<\/td><td>400<\/td><td>1450*1010*1450<\/td><\/tr><\/tbody><\/table><\/figure>    <figure class=\"wp-block-gallery aligncenter has-nested-images columns-default is-cropped wp-block-gallery-3 is-layout-flex wp-block-gallery-is-layout-flex\"> <figure class=\"wp-block-image size-full\"><img loading=\"lazy\" decoding=\"async\" width=\"540\" height=\"720\" data-id=\"1230\" src=\"https:\/\/meat-machine.com\/wp-content\/uploads\/2022\/09\/Commercial-frozen-meat-slicer-price.webp\" alt=\"Preis f\u00fcr gewerblichen Tiefk\u00fchlfleischschneider\" class=\"wp-image-1230\" title=\"\" srcset=\"https:\/\/meat-machine.com\/wp-content\/uploads\/2022\/09\/Commercial-frozen-meat-slicer-price.webp 540w, https:\/\/meat-machine.com\/wp-content\/uploads\/2022\/09\/Commercial-frozen-meat-slicer-price-225x300.webp 225w, https:\/\/meat-machine.com\/wp-content\/uploads\/2022\/09\/Commercial-frozen-meat-slicer-price-9x12.webp 9w\" sizes=\"auto, (max-width: 540px) 100vw, 540px\" \/><figcaption class=\"wp-element-caption\">Preis f\u00fcr gewerblichen Tiefk\u00fchlfleischschneider<\/figcaption><\/figure>    <figure class=\"wp-block-image size-full\"><img loading=\"lazy\" decoding=\"async\" width=\"800\" height=\"600\" data-id=\"57\" src=\"https:\/\/meat-machine.com\/wp-content\/uploads\/2022\/09\/picture-of-shipment.webp\" alt=\"Bild der Sendung\" class=\"wp-image-57\" title=\"\" srcset=\"https:\/\/meat-machine.com\/wp-content\/uploads\/2022\/09\/picture-of-shipment.webp 800w, https:\/\/meat-machine.com\/wp-content\/uploads\/2022\/09\/picture-of-shipment-300x225.webp 300w, https:\/\/meat-machine.com\/wp-content\/uploads\/2022\/09\/picture-of-shipment-768x576.webp 768w\" sizes=\"auto, (max-width: 800px) 100vw, 800px\" \/><figcaption class=\"wp-element-caption\">Bild der Lieferung<\/figcaption><\/figure> <\/figure>    <h2 id=\"h-can-you-slice-frozen-meat-with-a-meat-slicer\" class=\"wp-block-heading\">Kann man gefrorenes Fleisch mit einem Fleischschneider schneiden?<\/h2>    <p class=\"wp-block-paragraph\">Gew\u00f6hnliche Haushaltsschneider sind nicht geeignet f\u00fcr das Schneiden von gefrorenem Fleisch, da gefrorenes Fleisch zu hart ist und die Klinge leicht besch\u00e4digen kann. Au\u00dferdem sind Haushaltschneider haupts\u00e4chlich f\u00fcr frisches Fleisch und nicht f\u00fcr gefrorene Produkte konzipiert. <\/p>    <p class=\"wp-block-paragraph\">Um gefrorenes Fleisch sicher und effizient zu schneiden, sollte ein gewerblicher Gefriesschneider verwendet werden. Selbst mit einem spezialisierten Gefriesschneider muss das Fleisch vor dem Schneiden leicht auf \u00fcber \u20136 \u00b0C aufgetaut werden, um eine ordnungsgem\u00e4\u00dfe Schneidleistung zu gew\u00e4hrleisten und die Maschine zu sch\u00fctzen.<\/p>    <p class=\"wp-block-paragraph translation-block\">Alles in allem, wenn Sie nach einem industriellen Gefriesschneider, Hammelschneider oder Maschine zum Schneiden von gefrorenem Rindfleisch suchen, kontaktieren Sie uns bitte. Im Juli dieses Jahres bestellte ein amerikanischer Kunde dieses <a href=\"https:\/\/meat-machine.com\/de\/info\/amerikanische-kunden-kauften-einen-gewerblichen-gefrorenen-fleischschneider\/\" data-type=\"link\" data-id=\"https:\/\/meat-machine.com\/Info\/american-customers-bought-commercial-frozen-meat-cutter\/\">Fleischschneidemaschine<\/a> zum Schneiden von Hammeln. Unsere Maschine ist der beste Lebensmittelschneider f\u00fcr gefrorenes Fleisch. Und wir werden unser Bestes tun, um Ihnen zu helfen.<\/p>    <figure class=\"wp-block-gallery aligncenter has-nested-images columns-default is-cropped wp-block-gallery-4 is-layout-flex wp-block-gallery-is-layout-flex\"> <figure class=\"wp-block-image size-full\"><img loading=\"lazy\" decoding=\"async\" width=\"750\" height=\"668\" data-id=\"52\" src=\"https:\/\/meat-machine.com\/wp-content\/uploads\/2022\/09\/application-of-the-slicing-machine.webp\" alt=\"Anwendung der Schneidemaschine\" class=\"wp-image-52\" title=\"\" srcset=\"https:\/\/meat-machine.com\/wp-content\/uploads\/2022\/09\/application-of-the-slicing-machine.webp 750w, https:\/\/meat-machine.com\/wp-content\/uploads\/2022\/09\/application-of-the-slicing-machine-300x267.webp 300w\" sizes=\"auto, (max-width: 750px) 100vw, 750px\" \/><figcaption class=\"wp-element-caption\">Anwendung der Schneidemaschine<\/figcaption><\/figure>    <figure class=\"wp-block-image size-full\"><img loading=\"lazy\" decoding=\"async\" width=\"720\" height=\"540\" data-id=\"790\" src=\"https:\/\/meat-machine.com\/wp-content\/uploads\/2025\/04\/Frozen-meat-slicing-machine-for-sale.webp\" alt=\"Gewerbliche gefrorene Fleischschneidemaschine\" class=\"wp-image-790\" title=\"\" srcset=\"https:\/\/meat-machine.com\/wp-content\/uploads\/2025\/04\/Frozen-meat-slicing-machine-for-sale.webp 720w, https:\/\/meat-machine.com\/wp-content\/uploads\/2025\/04\/Frozen-meat-slicing-machine-for-sale-300x225.webp 300w, https:\/\/meat-machine.com\/wp-content\/uploads\/2025\/04\/Frozen-meat-slicing-machine-for-sale-16x12.webp 16w\" sizes=\"auto, (max-width: 720px) 100vw, 720px\" \/><figcaption class=\"wp-element-caption\">Gewerbliche gefrorene Fleischschneidemaschine<\/figcaption><\/figure> <\/figure>    <h2 class=\"wp-block-heading\">Abschluss<\/h2>    <p class=\"wp-block-paragraph\">Zusammenfassend sind unsere gewerblichen Tiefk\u00fchlfleischschneider mit Vielseitigkeit, Effizienz und Praktikabilit\u00e4t konzipiert \u2014 erh\u00e4ltlich in vier Typen mit unterschiedlichen Leistungen (25-50 kg\/h bis 450-500 kg\/h), einstellbarer Scheibendicke (0,2-20 mm) und der F\u00e4higkeit, Fleisch bei -8\u00b0C bis 1\u00b0C zu verarbeiten, was sich perfekt an kleine Restaurants, Gro\u00dfanlagen und verschiedene andere Fleischverarbeitungs-Szenarien anpasst. <\/p>    <p class=\"wp-block-paragraph\">Kontaktieren Sie uns gerne f\u00fcr detaillierte Produktparameter, Angebote und Beratung \u2014 wir sind bestrebt, Ihnen kosteneffiziente Fleischverarbeitungsl\u00f6sungen und professionellen After-Sales-Service zu bieten!<\/p>","protected":false},"excerpt":{"rendered":"<p>Der gewerbliche Tiefk\u00fchlfleischschneider kann 1, 2, 4 oder 8 Rollen gefrorener Fleischbl\u00f6cke (-8\u00b0C bis 1\u00b0C) direkt schneiden, ohne sie aufzutauen, was Zeit spart und die Fleischtextur bewahrt.<\/p>","protected":false},"author":1,"featured_media":362,"parent":0,"template":"","tags":[16],"product-type":[2],"class_list":["post-48","product","type-product","status-publish","has-post-thumbnail","hentry","tag-frozen-meat-slicer","product-type-meat-cutting-machine"],"_links":{"self":[{"href":"https:\/\/meat-machine.com\/de\/wp-json\/wp\/v2\/product\/48","targetHints":{"allow":["GET"]}}],"collection":[{"href":"https:\/\/meat-machine.com\/de\/wp-json\/wp\/v2\/product"}],"about":[{"href":"https:\/\/meat-machine.com\/de\/wp-json\/wp\/v2\/types\/product"}],"author":[{"embeddable":true,"href":"https:\/\/meat-machine.com\/de\/wp-json\/wp\/v2\/users\/1"}],"wp:featuredmedia":[{"embeddable":true,"href":"https:\/\/meat-machine.com\/de\/wp-json\/wp\/v2\/media\/362"}],"wp:attachment":[{"href":"https:\/\/meat-machine.com\/de\/wp-json\/wp\/v2\/media?parent=48"}],"wp:term":[{"taxonomy":"post_tag","embeddable":true,"href":"https:\/\/meat-machine.com\/de\/wp-json\/wp\/v2\/tags?post=48"},{"taxonomy":"product-type","embeddable":true,"href":"https:\/\/meat-machine.com\/de\/wp-json\/wp\/v2\/product-type?post=48"}],"curies":[{"name":"wp","href":"https:\/\/api.w.org\/{rel}","templated":true}]}}