{"id":441,"date":"2023-07-05T15:51:05","date_gmt":"2023-07-05T07:51:05","guid":{"rendered":"https:\/\/meat-machine.com\/?post_type=product&#038;p=441"},"modified":"2023-07-05T15:51:07","modified_gmt":"2023-07-05T07:51:07","slug":"maschine-zum-entfernen-von-huhnerfedern","status":"publish","type":"product","link":"https:\/\/meat-machine.com\/de\/product\/chicken-feather-removal-machine\/","title":{"rendered":"Maschine zum Entfernen von H\u00fchnerfedern | Automatischer H\u00fchnerrupfer"},"content":{"rendered":"<div class=\"kk-star-ratings kksr-auto kksr-align-left kksr-valign-top\"     data-payload='{&quot;align&quot;:&quot;left&quot;,&quot;id&quot;:&quot;441&quot;,&quot;slug&quot;:&quot;default&quot;,&quot;valign&quot;:&quot;top&quot;,&quot;ignore&quot;:&quot;&quot;,&quot;reference&quot;:&quot;auto&quot;,&quot;class&quot;:&quot;&quot;,&quot;count&quot;:&quot;6&quot;,&quot;legendonly&quot;:&quot;&quot;,&quot;readonly&quot;:&quot;&quot;,&quot;score&quot;:&quot;4.7&quot;,&quot;starsonly&quot;:&quot;&quot;,&quot;best&quot;:&quot;5&quot;,&quot;gap&quot;:&quot;5&quot;,&quot;greet&quot;:&quot;Rate this product&quot;,&quot;legend&quot;:&quot;4.7\\\/5 - (6 votes)&quot;,&quot;size&quot;:&quot;24&quot;,&quot;title&quot;:&quot;Chicken Feather Removal Machine | Automatic Chicken Plucker&quot;,&quot;width&quot;:&quot;133.8&quot;,&quot;_legend&quot;:&quot;{score}\\\/{best} - ({count} {votes})&quot;,&quot;font_factor&quot;:&quot;1.25&quot;}'>              <div class=\"kksr-stars\">      <div class=\"kksr-stars-inactive\">             <div class=\"kksr-star\" data-star=\"1\" style=\"padding-right: 5px\">               <div class=\"kksr-icon\" style=\"width: 24px; height: 24px;\"><\/div>         <\/div>             <div class=\"kksr-star\" data-star=\"2\" style=\"padding-right: 5px\">               <div class=\"kksr-icon\" style=\"width: 24px; height: 24px;\"><\/div>         <\/div>             <div class=\"kksr-star\" data-star=\"3\" style=\"padding-right: 5px\">               <div class=\"kksr-icon\" style=\"width: 24px; height: 24px;\"><\/div>         <\/div>             <div class=\"kksr-star\" data-star=\"4\" style=\"padding-right: 5px\">               <div class=\"kksr-icon\" style=\"width: 24px; height: 24px;\"><\/div>         <\/div>             <div class=\"kksr-star\" data-star=\"5\" style=\"padding-right: 5px\">               <div class=\"kksr-icon\" style=\"width: 24px; height: 24px;\"><\/div>         <\/div>     <\/div>      <div class=\"kksr-stars-active\" style=\"width: 133.8px;\">             <div class=\"kksr-star\" style=\"padding-right: 5px\">               <div class=\"kksr-icon\" style=\"width: 24px; height: 24px;\"><\/div>         <\/div>             <div class=\"kksr-star\" style=\"padding-right: 5px\">               <div class=\"kksr-icon\" style=\"width: 24px; height: 24px;\"><\/div>         <\/div>             <div class=\"kksr-star\" style=\"padding-right: 5px\">               <div class=\"kksr-icon\" style=\"width: 24px; height: 24px;\"><\/div>         <\/div>             <div class=\"kksr-star\" style=\"padding-right: 5px\">               <div class=\"kksr-icon\" style=\"width: 24px; height: 24px;\"><\/div>         <\/div>             <div class=\"kksr-star\" style=\"padding-right: 5px\">               <div class=\"kksr-icon\" style=\"width: 24px; height: 24px;\"><\/div>         <\/div>     <\/div> <\/div>                   <div class=\"kksr-legend\" style=\"font-size: 19.2px;\">             4,7\/5 - (6 Stimmen)    <\/div>     <\/div>  <p class=\"wp-block-paragraph translation-block\">Eine H\u00fchnerm\u00e4user Maschine ist ein Ger\u00e4t, das verwendet wird, um Federn von H\u00fchnern, insbesondere von Gefl\u00fcgelh\u00fchnern, zu entfernen. Sie wird h\u00e4ufig in der Gefl\u00fcgelzucht und in der <a href=\"https:\/\/meat-machine.com\/de\/\">Fleischverarbeitungsindustrie<\/a> eingesetzt.<\/p>    <h2 class=\"wp-block-heading\">Wie funktioniert eine Maschine zum Entfernen von H\u00fchnerfedern?<\/h2>    <p class=\"wp-block-paragraph\">Viele Menschen m\u00f6chten wissen, wie man H\u00fchnerfedern entfernt, und dann erkl\u00e4ren wir es Ihnen.<br>Eine H\u00fchnerfederentfernungsmaschine nutzt fortschrittliche mechanische und technologische Verfahren, um Federn von H\u00fchnern schnell und effizient zu entfernen. Dabei werden spezielle Ger\u00e4te wie rotierende Trommeln oder Gummifinger eingesetzt, um die Federn des Gefl\u00fcgels sanft zu rupfen und so Sch\u00e4den an der Haut so gering wie m\u00f6glich zu halten. Diese Maschine kann eine gro\u00dfe Menge H\u00fchner verarbeiten und verbessert so die Verarbeitungseffizienz.<\/p>   <div class=\"wp-block-image\"> <figure class=\"aligncenter size-full\"><img loading=\"lazy\" decoding=\"async\" width=\"720\" height=\"540\" src=\"https:\/\/meat-machine.com\/wp-content\/uploads\/2023\/07\/chicken-feather-removal-machine.webp\" alt=\"Maschine zum Entfernen von H\u00fchnerfedern\" class=\"wp-image-444\" title=\"\" srcset=\"https:\/\/meat-machine.com\/wp-content\/uploads\/2023\/07\/chicken-feather-removal-machine.webp 720w, https:\/\/meat-machine.com\/wp-content\/uploads\/2023\/07\/chicken-feather-removal-machine-300x225.webp 300w\" sizes=\"auto, (max-width: 720px) 100vw, 720px\" \/><figcaption class=\"wp-element-caption\">Maschine zum Entfernen von H\u00fchnerfedern<\/figcaption><\/figure> <\/div>   <h2 class=\"wp-block-heading\">Hauptmerkmale einer Maschine zum Zupfen von H\u00fchnerfedern<\/h2>    <ol class=\"wp-block-list\"> <li>Automatisierter Betrieb: Die Maschine ist so konzipiert, dass sie autonom arbeitet, wodurch der Bedarf an manuellen Eingriffen reduziert und Arbeitskosten gespart werden.<\/li>    <li>Einstellbare Optionen: Benutzer k\u00f6nnen die Einstellungen der Maschine an verschiedene H\u00fchnergr\u00f6\u00dfen und Federarten anpassen, was die Flexibilit\u00e4t und Vielseitigkeit erh\u00f6ht.<\/li>    <li>Einfache Wartung: Diese Maschinen sind mit benutzerfreundlichen Funktionen zur bequemen Reinigung, Wartung und Fehlerbehebung ausgestattet.<\/li>    <li>Hygienestandards: Hochwertige H\u00fchnerfederrupfmaschinen werden aus lebensmittelechten Materialien hergestellt und sind so konzipiert, dass sie strenge Hygienestandards erf\u00fcllen.<\/li>    <li>Kosteneffizienz: Die Investition in eine Maschine zum Zupfen von H\u00fchnerfedern kann zu langfristigen Kosteneinsparungen f\u00fchren, indem der Arbeitsaufwand reduziert und die Gesamteffizienz gesteigert wird.<\/li> <\/ol>   <div class=\"wp-block-image\"> <figure class=\"aligncenter size-full\"><img loading=\"lazy\" decoding=\"async\" width=\"720\" height=\"540\" src=\"https:\/\/meat-machine.com\/wp-content\/uploads\/2023\/07\/inner-structure-of-automatic-chicken-plucker.webp\" alt=\"innere Struktur des automatischen H\u00fchnerrupfers\" class=\"wp-image-448\" title=\"\" srcset=\"https:\/\/meat-machine.com\/wp-content\/uploads\/2023\/07\/inner-structure-of-automatic-chicken-plucker.webp 720w, https:\/\/meat-machine.com\/wp-content\/uploads\/2023\/07\/inner-structure-of-automatic-chicken-plucker-300x225.webp 300w\" sizes=\"auto, (max-width: 720px) 100vw, 720px\" \/><figcaption class=\"wp-element-caption\">innere Struktur des automatischen H\u00fchnerrupfers<\/figcaption><\/figure> <\/div>   <h2 class=\"wp-block-heading\">H\u00fchnerrupfmaschine zu verkaufen<\/h2>    <figure class=\"wp-block-table\"><table><tbody><tr><td>Modell<\/td><td>Kapazit\u00e4t<\/td><td>Leistung<\/td><td>Gr\u00f6\u00dfe<\/td><td>Gewicht<\/td><\/tr><tr><td>TZ-500<\/td><td>1-2 St\u00fcck\/Charge<\/td><td>0,75 kW<\/td><td>700x620x850mm<\/td><td>80<\/td><\/tr><tr><td>TZ-600<\/td><td>2-3 St\u00fcck\/Charge<\/td><td>0,75 kW<\/td><td>800x720x900mm<\/td><td>95<\/td><\/tr><\/tbody><\/table><\/figure>    <p class=\"wp-block-paragraph\">Dar\u00fcber hinaus haben wir auch eine gro\u00dfe H\u00fchnerrupfmaschine zum Verkauf, deren Leistung 10 St\u00fcck\/Charge betr\u00e4gt. Wenn Sie diese Maschine ben\u00f6tigen, k\u00f6nnen Sie sich gerne an uns wenden.<\/p>   <div class=\"wp-block-image\"> <figure class=\"aligncenter size-full\"><img loading=\"lazy\" decoding=\"async\" width=\"720\" height=\"540\" src=\"https:\/\/meat-machine.com\/wp-content\/uploads\/2023\/07\/chicken-plucking-machine-for-sale.webp\" alt=\"H\u00fchnerrupfmaschine zu verkaufen\" class=\"wp-image-446\" title=\"\" srcset=\"https:\/\/meat-machine.com\/wp-content\/uploads\/2023\/07\/chicken-plucking-machine-for-sale.webp 720w, https:\/\/meat-machine.com\/wp-content\/uploads\/2023\/07\/chicken-plucking-machine-for-sale-300x225.webp 300w\" sizes=\"auto, (max-width: 720px) 100vw, 720px\" \/><figcaption class=\"wp-element-caption\">H\u00fchnerrupfmaschine zu verkaufen<\/figcaption><\/figure> <\/div>   <h2 class=\"wp-block-heading\">Arten von H\u00fchnerfederentfernungsmaschinen<\/h2>    <p class=\"wp-block-paragraph\">Es gibt verschiedene Arten von Maschinen zum Entfernen von H\u00fchnerfedern, jede mit ihren einzigartigen Eigenschaften und Anwendungen. Zu den g\u00e4ngigen Typen geh\u00f6ren:<\/p>    <ul class=\"wp-block-list\"> <li>Rotationsklingenmaschinen: Verwenden Sie rotierende Klingen, um Federn schnell zu entfernen.<\/li>    <li>Zupffingermaschinen: Verwenden Sie Gummifinger, um Federn sanft zu zupfen.<\/li>    <li>Br\u00fch- und Zupfmaschinen: Kombinieren Sie Br\u00fch- und mechanisches Zupfen f\u00fcr eine effiziente Federentfernung.<\/li> <\/ul>    <p class=\"wp-block-paragraph\">Unsere Maschine ist die zweite, die dem Huhn keinen Schaden zuf\u00fcgt und die Integrit\u00e4t des Huhns bewahrt.<\/p>   <div class=\"wp-block-image\"> <figure class=\"aligncenter size-full\"><img loading=\"lazy\" decoding=\"async\" width=\"720\" height=\"540\" src=\"https:\/\/meat-machine.com\/wp-content\/uploads\/2023\/07\/automatic-chicken-plucker-machine.webp\" alt=\"automatische H\u00fchnerrupfmaschine\" class=\"wp-image-443\" title=\"\" srcset=\"https:\/\/meat-machine.com\/wp-content\/uploads\/2023\/07\/automatic-chicken-plucker-machine.webp 720w, https:\/\/meat-machine.com\/wp-content\/uploads\/2023\/07\/automatic-chicken-plucker-machine-300x225.webp 300w\" sizes=\"auto, (max-width: 720px) 100vw, 720px\" \/><figcaption class=\"wp-element-caption\">automatische H\u00fchnerrupfmaschine<\/figcaption><\/figure> <\/div>   <h2 class=\"wp-block-heading\">Anwendungen der automatischen H\u00fchnerrupfmaschine<\/h2>    <p class=\"wp-block-paragraph\">Automatische H\u00fchnerrupfmaschinen finden in der Gefl\u00fcgelindustrie vielf\u00e4ltige Anwendungsm\u00f6glichkeiten. Zu den Schl\u00fcsselbereichen, in denen diese Maschinen eingesetzt werden, geh\u00f6ren:<\/p>    <ul class=\"wp-block-list\"> <li>Gefl\u00fcgelverarbeitungsbetriebe: Automatische H\u00fchnerrupfmaschinen werden in Gefl\u00fcgelverarbeitungsbetrieben h\u00e4ufig zur Federentfernung in gro\u00dfem Ma\u00dfstab eingesetzt. Diese Maschinen gew\u00e4hrleisten eine effiziente und hygienische Verarbeitung von H\u00fchnern und sparen Zeit und Arbeit im Vergleich zu manuellen Rupfmethoden.<\/li>    <li>H\u00fchnerschlachth\u00f6fe: Das Entfernen von Federn ist ein wesentlicher Bestandteil des H\u00fchnerschlachtprozesses. Federentfernungsmaschinen erm\u00f6glichen ein schnelles und effektives Rupfen, tragen zu rationalisierten Abl\u00e4ufen bei und erf\u00fcllen die Anforderungen der Massenverarbeitung.<\/li>    <li>Gefl\u00fcgelfarmen: Automatische H\u00fchnerrupfmaschinen werden zunehmend in Gefl\u00fcgelfarmen eingesetzt, insbesondere in solchen mit einer gro\u00dfen Anzahl von H\u00fchnern. Betriebe k\u00f6nnen ihre H\u00fchner vor Ort verarbeiten, was f\u00fcr Frische sorgt und die Transportkosten senkt.<\/li>    <li>Lebensmittelverarbeitungsbetriebe: Automatische H\u00fchnerrupfmaschinen spielen eine wichtige Rolle in Lebensmittelverarbeitungsbetrieben, die auf H\u00fchnerprodukte spezialisiert sind. Diese Maschinen tragen zur Aufrechterhaltung der Produktqualit\u00e4t bei, indem sie eine gr\u00fcndliche Entfernung der Federn gew\u00e4hrleisten, was zu sauberem und ansehnlichem Gefl\u00fcgelfleisch f\u00fchrt.<\/li> <\/ul>   <div class=\"wp-block-image\"> <figure class=\"aligncenter size-full\"><img loading=\"lazy\" decoding=\"async\" width=\"720\" height=\"540\" src=\"https:\/\/meat-machine.com\/wp-content\/uploads\/2023\/07\/application-of-the-machine.webp\" alt=\"Anwendung der Maschine\" class=\"wp-image-442\" title=\"\" srcset=\"https:\/\/meat-machine.com\/wp-content\/uploads\/2023\/07\/application-of-the-machine.webp 720w, https:\/\/meat-machine.com\/wp-content\/uploads\/2023\/07\/application-of-the-machine-300x225.webp 300w\" sizes=\"auto, (max-width: 720px) 100vw, 720px\" \/><figcaption class=\"wp-element-caption\">Anwendung der Maschine<\/figcaption><\/figure> <\/div>   <h2 class=\"wp-block-heading\">Warum einen H\u00fchnerrupfer zum Entfernen von H\u00fchnerfedern verwenden?<\/h2>    <p class=\"wp-block-paragraph\">Bei der Gefl\u00fcgelverarbeitung ist Zeit von entscheidender Bedeutung. Mit einer H\u00fchnerfeder-Entfernungsmaschine wird die Verarbeitungszeit erheblich verk\u00fcrzt, was einen schnelleren Durchsatz und eine verbesserte Effizienz erm\u00f6glicht. Dar\u00fcber hinaus eliminiert der automatisierte Charakter der Maschine die mit der manuellen Federentfernung verbundenen Schwankungen und sorgt so f\u00fcr konsistente Ergebnisse und eine einheitliche Produktqualit\u00e4t.<\/p>    <p class=\"wp-block-paragraph\">Bei H\u00fchnerfederentfernungsmaschinen steht die Sicherheit des Bedieners an erster Stelle. Zur Unfallverh\u00fctung verf\u00fcgen sie \u00fcber Sicherheitsmechanismen wie Not-Aus-Taster und Schutzabdeckungen. Dar\u00fcber hinaus verbessern ergonomische Designaspekte den Bedienerkomfort bei l\u00e4ngerem Maschinenbetrieb.<\/p>   <div class=\"wp-block-image\"> <figure class=\"aligncenter size-full\"><img loading=\"lazy\" decoding=\"async\" width=\"720\" height=\"540\" src=\"https:\/\/meat-machine.com\/wp-content\/uploads\/2023\/07\/customized-chicken-feather-plucking-machine.webp\" alt=\"Ma\u00dfgeschneiderte Maschine zum Zupfen von H\u00fchnerfedern\" class=\"wp-image-447\" title=\"\" srcset=\"https:\/\/meat-machine.com\/wp-content\/uploads\/2023\/07\/customized-chicken-feather-plucking-machine.webp 720w, https:\/\/meat-machine.com\/wp-content\/uploads\/2023\/07\/customized-chicken-feather-plucking-machine-300x225.webp 300w\" sizes=\"auto, (max-width: 720px) 100vw, 720px\" \/><figcaption class=\"wp-element-caption\">Ma\u00dfgeschneiderte Maschine zum Zupfen von H\u00fchnerfedern<\/figcaption><\/figure> <\/div>   <h2 class=\"wp-block-heading\">Wo kann man eine Maschine zum Entfernen von H\u00fchnerfedern kaufen?<\/h2>    <ul class=\"wp-block-list\"> <li>Hersteller von Gefl\u00fcgelmaschinen: Viele Hersteller sind auf die Herstellung von Ger\u00e4ten f\u00fcr die Gefl\u00fcgelverarbeitung spezialisiert, beispielsweise auf Fleischmaschinen von Taizy. Wir bieten eine breite Palette an H\u00fchnerverarbeitungsger\u00e4ten, wie z <a href=\"https:\/\/meat-machine.com\/de\/produkt\/automatische-huhner-schneidemaschine\/\">H\u00fchnerschneidemaschine<\/a>, <a href=\"https:\/\/meat-machine.com\/de\/produkt\/verarbeitungslinie-fur-huhnerfuse\/\">H\u00fchnerf\u00fc\u00dfe-Verarbeitungsmaschine<\/a>s, und <a href=\"https:\/\/meat-machine.com\/de\/produkt\/fleischrauchermaschine\/\">R\u00e4uchermaschine f\u00fcr H\u00fchnchen<\/a>, usw.<\/li>    <li>Online-H\u00e4ndler f\u00fcr Industrieausr\u00fcstung: Zahlreiche Online-H\u00e4ndler sind auf den Verkauf von Industrieausr\u00fcstung und -maschinen spezialisiert. Websites wie <a href=\"https:\/\/en.wikipedia.org\/wiki\/Alibaba_Group\" target=\"_blank\" rel=\"noopener\">Alibaba<\/a>, Amazon und eBay bieten h\u00e4ufig eine gro\u00dfe Auswahl an Maschinen zum Entfernen von H\u00fchnerfedern zum Kauf an. Sie k\u00f6nnen ihre Angebote durchst\u00f6bern, Preise vergleichen und Kundenbewertungen lesen, um eine fundierte Entscheidung zu treffen.<\/li>    <li>Landwirtschaftliche Zulieferunternehmen: Lokale oder regionale landwirtschaftliche Zulieferunternehmen f\u00fchren m\u00f6glicherweise Gefl\u00fcgelverarbeitungsger\u00e4te, einschlie\u00dflich Maschinen zum Entfernen von H\u00fchnerfedern. Diese Unternehmen decken die Bed\u00fcrfnisse von Landwirten, Gefl\u00fcgelverarbeitern und Lebensmittelverarbeitungsbetrieben ab. Sie k\u00f6nnen nach solchen Unternehmen in Ihrer N\u00e4he suchen und diese kontaktieren, um sich \u00fcber die Verf\u00fcgbarkeit von H\u00fchnerfederentfernungsmaschinen zu erkundigen.<\/li> <\/ul>","protected":false},"excerpt":{"rendered":"<p>A chicken feather removal machine is a device used to remove feathers from chickens, particularly poultry chickens. It is commonly used in poultry farming and meat processing industries. How Does a Chicken Feather Removal Machine Work? Many people want to know how are chicken feathers removed, and then we will explain to you.A chicken feather [&hellip;]<\/p>\n","protected":false},"author":1,"featured_media":445,"parent":0,"template":"","tags":[30],"product-type":[4],"class_list":["post-441","product","type-product","status-publish","has-post-thumbnail","hentry","tag-chicken-feather-removal-machine","product-type-meat-grinder"],"_links":{"self":[{"href":"https:\/\/meat-machine.com\/de\/wp-json\/wp\/v2\/product\/441","targetHints":{"allow":["GET"]}}],"collection":[{"href":"https:\/\/meat-machine.com\/de\/wp-json\/wp\/v2\/product"}],"about":[{"href":"https:\/\/meat-machine.com\/de\/wp-json\/wp\/v2\/types\/product"}],"author":[{"embeddable":true,"href":"https:\/\/meat-machine.com\/de\/wp-json\/wp\/v2\/users\/1"}],"wp:featuredmedia":[{"embeddable":true,"href":"https:\/\/meat-machine.com\/de\/wp-json\/wp\/v2\/media\/445"}],"wp:attachment":[{"href":"https:\/\/meat-machine.com\/de\/wp-json\/wp\/v2\/media?parent=441"}],"wp:term":[{"taxonomy":"post_tag","embeddable":true,"href":"https:\/\/meat-machine.com\/de\/wp-json\/wp\/v2\/tags?post=441"},{"taxonomy":"product-type","embeddable":true,"href":"https:\/\/meat-machine.com\/de\/wp-json\/wp\/v2\/product-type?post=441"}],"curies":[{"name":"wp","href":"https:\/\/api.w.org\/{rel}","templated":true}]}}