{"id":421,"date":"2023-06-16T15:06:48","date_gmt":"2023-06-16T07:06:48","guid":{"rendered":"https:\/\/meat-machine.com\/?post_type=product&#038;p=421"},"modified":"2023-06-16T15:06:51","modified_gmt":"2023-06-16T07:06:51","slug":"fleischtumblermaschine","status":"publish","type":"product","link":"https:\/\/meat-machine.com\/de\/product\/meat-tumbler-machine\/","title":{"rendered":"Fleisch-Tumbler-Maschine | Kommerzielle Vakuum-Tumbler-Maschine"},"content":{"rendered":"<div class=\"kk-star-ratings kksr-auto kksr-align-left kksr-valign-top\"     data-payload='{&quot;align&quot;:&quot;left&quot;,&quot;id&quot;:&quot;421&quot;,&quot;slug&quot;:&quot;default&quot;,&quot;valign&quot;:&quot;top&quot;,&quot;ignore&quot;:&quot;&quot;,&quot;reference&quot;:&quot;auto&quot;,&quot;class&quot;:&quot;&quot;,&quot;count&quot;:&quot;29&quot;,&quot;legendonly&quot;:&quot;&quot;,&quot;readonly&quot;:&quot;&quot;,&quot;score&quot;:&quot;4.8&quot;,&quot;starsonly&quot;:&quot;&quot;,&quot;best&quot;:&quot;5&quot;,&quot;gap&quot;:&quot;5&quot;,&quot;greet&quot;:&quot;Rate this product&quot;,&quot;legend&quot;:&quot;4.8\\\/5 - (29 votes)&quot;,&quot;size&quot;:&quot;24&quot;,&quot;title&quot;:&quot;Meat Tumbler Machine | Commercial Vacuum Tumbler Machine&quot;,&quot;width&quot;:&quot;136.7&quot;,&quot;_legend&quot;:&quot;{score}\\\/{best} - ({count} {votes})&quot;,&quot;font_factor&quot;:&quot;1.25&quot;}'>              <div class=\"kksr-stars\">      <div class=\"kksr-stars-inactive\">             <div class=\"kksr-star\" data-star=\"1\" style=\"padding-right: 5px\">               <div class=\"kksr-icon\" style=\"width: 24px; height: 24px;\"><\/div>         <\/div>             <div class=\"kksr-star\" data-star=\"2\" style=\"padding-right: 5px\">               <div class=\"kksr-icon\" style=\"width: 24px; height: 24px;\"><\/div>         <\/div>             <div class=\"kksr-star\" data-star=\"3\" style=\"padding-right: 5px\">               <div class=\"kksr-icon\" style=\"width: 24px; height: 24px;\"><\/div>         <\/div>             <div class=\"kksr-star\" data-star=\"4\" style=\"padding-right: 5px\">               <div class=\"kksr-icon\" style=\"width: 24px; height: 24px;\"><\/div>         <\/div>             <div class=\"kksr-star\" data-star=\"5\" style=\"padding-right: 5px\">               <div class=\"kksr-icon\" style=\"width: 24px; height: 24px;\"><\/div>         <\/div>     <\/div>      <div class=\"kksr-stars-active\" style=\"width: 136.7px;\">             <div class=\"kksr-star\" style=\"padding-right: 5px\">               <div class=\"kksr-icon\" style=\"width: 24px; height: 24px;\"><\/div>         <\/div>             <div class=\"kksr-star\" style=\"padding-right: 5px\">               <div class=\"kksr-icon\" style=\"width: 24px; height: 24px;\"><\/div>         <\/div>             <div class=\"kksr-star\" style=\"padding-right: 5px\">               <div class=\"kksr-icon\" style=\"width: 24px; height: 24px;\"><\/div>         <\/div>             <div class=\"kksr-star\" style=\"padding-right: 5px\">               <div class=\"kksr-icon\" style=\"width: 24px; height: 24px;\"><\/div>         <\/div>             <div class=\"kksr-star\" style=\"padding-right: 5px\">               <div class=\"kksr-icon\" style=\"width: 24px; height: 24px;\"><\/div>         <\/div>     <\/div> <\/div>                   <div class=\"kksr-legend\" style=\"font-size: 19.2px;\">             4,8\/5 - (29 Bewertungen)    <\/div>     <\/div>  <p class=\"wp-block-paragraph\">Eine Fleisch-Tumbler-Maschine, auch Vakuum-Tumbler-Maschine oder Fleisch-Tumbler-Marinator genannt, ist ein Ger\u00e4t, das in der Lebensmittelindustrie verwendet wird, um den Geschmack, die Textur und die Zartheit des Fleisches zu verbessern. Es wird h\u00e4ufig in Fleischverarbeitungsbetrieben, Metzgereien und Restaurants eingesetzt.<\/p>    <p class=\"wp-block-paragraph\">Die Maschine besteht aus einer gro\u00dfen rotierenden Trommel oder einem Fass, in das das Fleisch gelegt wird. Das Fass ist verschlossen und eine Vakuumpumpe erzeugt im Inneren ein Vakuum, wodurch die Luft entfernt wird. Das Vakuum tr\u00e4gt dazu bei, dass Marinaden oder Gew\u00fcrze besser in das Fleisch eindringen, was zu einem verbesserten Geschmack und einer besseren Saftigkeit f\u00fchrt.<\/p>   <div class=\"wp-block-image\"> <figure class=\"aligncenter size-full\"><img loading=\"lazy\" decoding=\"async\" width=\"720\" height=\"540\" src=\"https:\/\/meat-machine.com\/wp-content\/uploads\/2023\/06\/vacuum-tumbler-machine.webp\" alt=\"Vakuum-Tumbler-Maschine\" class=\"wp-image-429\" title=\"\" srcset=\"https:\/\/meat-machine.com\/wp-content\/uploads\/2023\/06\/vacuum-tumbler-machine.webp 720w, https:\/\/meat-machine.com\/wp-content\/uploads\/2023\/06\/vacuum-tumbler-machine-300x225.webp 300w\" sizes=\"auto, (max-width: 720px) 100vw, 720px\" \/><figcaption class=\"wp-element-caption\">Vakuum-Tumbler-Maschine<\/figcaption><\/figure> <\/div>   <h2 class=\"wp-block-heading\">Wie funktioniert eine Fleisch-Tumbler-Maschine?<\/h2>    <p class=\"wp-block-paragraph translation-block\">Fleisch-Tumbler-Maschinen, wie die von <a href=\"https:\/\/meat-machine.com\/de\/\">Taizy Meat Machinery<\/a> hergestellten, nutzen einen innovativen Prozess zum Marinieren und Zartmachen von Fleisch. Die Maschine verf\u00fcgt \u00fcber eine gro\u00dfe rotierende Trommel mit inneren Paddeln, die das Fleisch unter Vakuum sanft massieren. Diese Tumbling-Aktion hilft der Marinade, tief in die Fleischfasern einzudringen, was zu verbessertem Geschmack, besserer Zartheit und verk\u00fcrzten Verarbeitungszeiten f\u00fchrt.<\/p>   <div class=\"wp-block-image\"> <figure class=\"aligncenter size-full\"><img loading=\"lazy\" decoding=\"async\" width=\"720\" height=\"540\" src=\"https:\/\/meat-machine.com\/wp-content\/uploads\/2023\/06\/working-process-of-vacuum-tumber-machine.webp\" alt=\"Arbeitsprozess der Vakuum-Tumber-Maschine\" class=\"wp-image-430\" title=\"\" srcset=\"https:\/\/meat-machine.com\/wp-content\/uploads\/2023\/06\/working-process-of-vacuum-tumber-machine.webp 720w, https:\/\/meat-machine.com\/wp-content\/uploads\/2023\/06\/working-process-of-vacuum-tumber-machine-300x225.webp 300w\" sizes=\"auto, (max-width: 720px) 100vw, 720px\" \/><figcaption class=\"wp-element-caption\">Arbeitsprozess der Vakuum-Tumber-Maschine<\/figcaption><\/figure> <\/div>   <h2 class=\"wp-block-heading\">Die Parameter einer kommerziellen Vakuum-Tumbler-Maschine<\/h2>    <figure class=\"wp-block-table\"><table><tbody><tr><td>Modell<\/td><td>Abmessungen (mm)<\/td><td>K\u00f6rperl\u00e4nge (mm)<\/td><td>K\u00f6rperdurchmesser (mm)<\/td><td>Leistung (kW)<\/td><\/tr><tr><td>TZ-100L<\/td><td>1130*712*1100<\/td><td>600<\/td><td>600<\/td><td>1.5<\/td><\/tr><tr><td>TZ-200L<\/td><td>1450*800*1450<\/td><td>620<\/td><td>900<\/td><td>2.25<\/td><\/tr><tr><td>TZ-500L<\/td><td>2000*1000*1550<\/td><td>1000<\/td><td>1000<\/td><td>2.95<\/td><\/tr><tr><td>TZ-800L<\/td><td>2600*1200*1800<\/td><td>1240<\/td><td>1200<\/td><td>4.5<\/td><\/tr><tr><td>TZ-1000L<\/td><td>3100*1350*1950<\/td><td>1500<\/td><td>1200<\/td><td>5.5<\/td><\/tr><\/tbody><\/table><\/figure>    <p class=\"wp-block-paragraph\">Neben diesen Maschinenmodellen haben wir auch TZ-50, TZ-300, TZ-600 und TZ-1200. Wenn Sie diese Maschine ben\u00f6tigen, k\u00f6nnen Sie sich gerne an uns wenden.<\/p>   <div class=\"wp-block-image\"> <figure class=\"aligncenter size-full\"><img loading=\"lazy\" decoding=\"async\" width=\"720\" height=\"540\" src=\"https:\/\/meat-machine.com\/wp-content\/uploads\/2023\/06\/meat-vacuum-tumbler-manufacturers.webp\" alt=\"Hersteller von Vakuumbechern f\u00fcr Fleisch\" class=\"wp-image-427\" title=\"\" srcset=\"https:\/\/meat-machine.com\/wp-content\/uploads\/2023\/06\/meat-vacuum-tumbler-manufacturers.webp 720w, https:\/\/meat-machine.com\/wp-content\/uploads\/2023\/06\/meat-vacuum-tumbler-manufacturers-300x225.webp 300w\" sizes=\"auto, (max-width: 720px) 100vw, 720px\" \/><figcaption class=\"wp-element-caption\">Hersteller von Vakuumbechern f\u00fcr Fleisch<\/figcaption><\/figure> <\/div>   <h2 class=\"wp-block-heading\">Anwendungen der kommerziellen Vakuum-Tumbler-Maschine<\/h2>    <p class=\"wp-block-paragraph translation-block\">Die Vielseitigkeit von kommerziellen Fleisch-Tumbler-Maschinen macht sie zu wertvollen G\u00fctern in verschiedenen Sektoren der Fleischindustrie. Ob Sie ein kleines Metzgergesch\u00e4ft, ein gro\u00df angelegter Fleischverarbeiter oder ein Restaurantbesitzer sind, diese Maschinen k\u00f6nnen Ihre Fleischverarbeitungsvorg\u00e4nge erheblich verbessern. Kommerzielle Vakuum-Tumbler-Maschinen werden h\u00e4ufig zum Marinieren verschiedener Fleischsorten verwendet, darunter Rindfleisch, <a href=\"https:\/\/en.wikipedia.org\/wiki\/Pork\" target=\"_blank\" rel=\"noopener\">Schweinefleisch<\/a>, Gefl\u00fcgel und Meeresfr\u00fcchte. Dar\u00fcber hinaus sind sie entscheidend f\u00fcr die Verbesserung der Textur und des Aussehens von verarbeiteten Fleischprodukten wie W\u00fcrsten, Schinken und Speck. <\/p>   <div class=\"wp-block-image\"> <figure class=\"aligncenter size-full\"><img loading=\"lazy\" decoding=\"async\" width=\"720\" height=\"540\" src=\"https:\/\/meat-machine.com\/wp-content\/uploads\/2023\/06\/finished-products.webp\" alt=\"fertige Produkte\" class=\"wp-image-424\" title=\"\" srcset=\"https:\/\/meat-machine.com\/wp-content\/uploads\/2023\/06\/finished-products.webp 720w, https:\/\/meat-machine.com\/wp-content\/uploads\/2023\/06\/finished-products-300x225.webp 300w\" sizes=\"auto, (max-width: 720px) 100vw, 720px\" \/><figcaption class=\"wp-element-caption\">fertige Produkte<\/figcaption><\/figure> <\/div>   <h2 class=\"wp-block-heading\">Vorteile der Fleisch-Tumbler-Maschine<\/h2>    <p class=\"wp-block-paragraph\">Die Investition in eine kommerzielle Vakuum-Taumelmaschine bietet Fleischverarbeitern mehrere Vorteile.<\/p>    <ol class=\"wp-block-list\"> <li>Erstens verbessert das Taumelverfahren das Geschmacksprofil des Fleisches, indem es daf\u00fcr sorgt, dass die Marinade gleichm\u00e4\u00dfig im Produkt verteilt wird. Dies f\u00fchrt zu gleichbleibendem Geschmack und Zartheit und stellt selbst die anspruchsvollsten Gaumen zufrieden.<\/li>    <li>Zweitens beschleunigt die Vakuumumgebung im Tumbler den Marinierungsprozess, wodurch die Gesamtverarbeitungszeit verk\u00fcrzt und die Produktionseffizienz erh\u00f6ht wird.<\/li>    <li>Dar\u00fcber hinaus f\u00f6rdert die mechanische Wirkung des Tumblers eine bessere Proteinextraktion, was zu einer verbesserten Wasserspeicherung und Saftigkeit des Fleisches f\u00fchrt.<\/li>    <li>Schlie\u00dflich hilft die Verwendung einer kommerziellen Fleischtumbler-Maschine, den Bedarf an \u00fcberm\u00e4\u00dfigen Zusatzstoffen zu reduzieren, da die Tumblerbewegung die Wirksamkeit der Marinade bei einer reduzierten Menge maximiert.<\/li> <\/ol>   <div class=\"wp-block-image\"> <figure class=\"aligncenter size-full\"><img loading=\"lazy\" decoding=\"async\" width=\"720\" height=\"540\" src=\"https:\/\/meat-machine.com\/wp-content\/uploads\/2023\/06\/meat-tumbler-marinator.webp\" alt=\"Fleisch-Tumbler-Marinator\" class=\"wp-image-426\" title=\"\" srcset=\"https:\/\/meat-machine.com\/wp-content\/uploads\/2023\/06\/meat-tumbler-marinator.webp 720w, https:\/\/meat-machine.com\/wp-content\/uploads\/2023\/06\/meat-tumbler-marinator-300x225.webp 300w\" sizes=\"auto, (max-width: 720px) 100vw, 720px\" \/><figcaption class=\"wp-element-caption\">Fleisch-Tumbler-Marinator<\/figcaption><\/figure> <\/div>   <h2 class=\"wp-block-heading\">Wo kann man eine Vakuum-Fleisch-Tumbler-Maschine kaufen?<\/h2>    <p class=\"wp-block-paragraph\">Beim Kauf eines gewerblichen Vakuumbechers ist es wichtig, einen zuverl\u00e4ssigen und seri\u00f6sen Hersteller zu w\u00e4hlen. Taizy Meat Machinery ist ein renommierter und professioneller Fleischmaschinenhersteller mit globaler Pr\u00e4senz. Mit \u00fcber 10 Jahren Erfahrung hat Taizy seine Maschinen in mehr als 20 L\u00e4nder und Regionen weltweit exportiert. <\/p>    <p class=\"wp-block-paragraph translation-block\">Das Unternehmen bietet eine breite Palette hochwertiger Vakuum-Fleisch-Tumbler-Maschinen an, darunter beliebte Modelle f\u00fcr kommerzielle Anwendungen. Dar\u00fcber hinaus haben wir viele Fleischverarbeitungsmaschinen wie <a href=\"https:\/\/meat-machine.com\/de\/produkt\/fleischrauchermaschine\/\">Fleisch-R\u00e4uchermaschinen<\/a>, <a href=\"https:\/\/meat-machine.com\/de\/produkt\/kommerzieller-fleischwolf\/\">Fleischwolfmaschinen<\/a> und <a href=\"https:\/\/meat-machine.com\/de\/produkt\/automatische-huhner-schneidemaschine\/\">Fleischschneidemaschinen<\/a> zum Verkauf.<\/p>    <div class=\"wp-block-columns is-layout-flex wp-container-core-columns-is-layout-8f761849 wp-block-columns-is-layout-flex\"> <div class=\"wp-block-column is-layout-flow wp-block-column-is-layout-flow\"> <figure class=\"wp-block-image size-full\"><img loading=\"lazy\" decoding=\"async\" width=\"720\" height=\"540\" src=\"https:\/\/meat-machine.com\/wp-content\/uploads\/2022\/09\/meat-cutting-equipment.webp\" alt=\"Fleischschneidausr\u00fcstung\" class=\"wp-image-44\" title=\"\" srcset=\"https:\/\/meat-machine.com\/wp-content\/uploads\/2022\/09\/meat-cutting-equipment.webp 720w, https:\/\/meat-machine.com\/wp-content\/uploads\/2022\/09\/meat-cutting-equipment-300x225.webp 300w\" sizes=\"auto, (max-width: 720px) 100vw, 720px\" \/><figcaption class=\"wp-element-caption\">Fleischschneideger\u00e4te<\/figcaption><\/figure> <\/div>    <div class=\"wp-block-column is-layout-flow wp-block-column-is-layout-flow\"> <figure class=\"wp-block-image size-full\"><img loading=\"lazy\" decoding=\"async\" width=\"720\" height=\"540\" src=\"https:\/\/meat-machine.com\/wp-content\/uploads\/2023\/03\/meat-smoker-machine-for-sale.webp\" alt=\"Fleischr\u00e4uchermaschine zu verkaufen\" class=\"wp-image-375\" title=\"\" srcset=\"https:\/\/meat-machine.com\/wp-content\/uploads\/2023\/03\/meat-smoker-machine-for-sale.webp 720w, https:\/\/meat-machine.com\/wp-content\/uploads\/2023\/03\/meat-smoker-machine-for-sale-300x225.webp 300w\" sizes=\"auto, (max-width: 720px) 100vw, 720px\" \/><figcaption class=\"wp-element-caption\">Fleischr\u00e4uchermaschine zu verkaufen<\/figcaption><\/figure> <\/div> <\/div>    <p class=\"wp-block-paragraph\">Kommerzielle Fleischtumbler-Marinierer spielen eine entscheidende Rolle in der Fleischverarbeitungsindustrie, indem sie eine effiziente und effektive L\u00f6sung zum Marinieren und Zartmachen von Fleisch bieten. Ihre F\u00e4higkeit, den Geschmack zu verbessern, die Verarbeitungszeit zu verk\u00fcrzen und die Gesamtqualit\u00e4t des Produkts zu steigern, macht sie unverzichtbar f\u00fcr sowohl kleine als auch gro\u00dfe Fleischverarbeiter. Wenn Sie in eine Fleischtumbler-Maschine investieren m\u00f6chten, ziehen Sie Taizy Meat Machinery als Ihren vertrauensw\u00fcrdigen Partner in Betracht. Wir werden unser Bestes tun, um Ihnen zu helfen.<\/p>","protected":false},"excerpt":{"rendered":"<p>A meat tumbler machine, also known as a vacuum tumbler machine or meat tumbler marinator, is a device used in the food industry to enhance the flavor, texture, and tenderness of the meat. It is commonly used in meat processing facilities, butcher shops, and restaurants. The machine consists of a large rotating drum or barrel [&hellip;]<\/p>\n","protected":false},"author":1,"featured_media":423,"parent":0,"template":"","tags":[29],"product-type":[4],"class_list":["post-421","product","type-product","status-publish","has-post-thumbnail","hentry","tag-meat-tumbler-machine","product-type-meat-grinder"],"_links":{"self":[{"href":"https:\/\/meat-machine.com\/de\/wp-json\/wp\/v2\/product\/421","targetHints":{"allow":["GET"]}}],"collection":[{"href":"https:\/\/meat-machine.com\/de\/wp-json\/wp\/v2\/product"}],"about":[{"href":"https:\/\/meat-machine.com\/de\/wp-json\/wp\/v2\/types\/product"}],"author":[{"embeddable":true,"href":"https:\/\/meat-machine.com\/de\/wp-json\/wp\/v2\/users\/1"}],"wp:featuredmedia":[{"embeddable":true,"href":"https:\/\/meat-machine.com\/de\/wp-json\/wp\/v2\/media\/423"}],"wp:attachment":[{"href":"https:\/\/meat-machine.com\/de\/wp-json\/wp\/v2\/media?parent=421"}],"wp:term":[{"taxonomy":"post_tag","embeddable":true,"href":"https:\/\/meat-machine.com\/de\/wp-json\/wp\/v2\/tags?post=421"},{"taxonomy":"product-type","embeddable":true,"href":"https:\/\/meat-machine.com\/de\/wp-json\/wp\/v2\/product-type?post=421"}],"curies":[{"name":"wp","href":"https:\/\/api.w.org\/{rel}","templated":true}]}}