{"id":399,"date":"2023-04-07T11:41:27","date_gmt":"2023-04-07T03:41:27","guid":{"rendered":"https:\/\/meat-machine.com\/?post_type=product&#038;p=399"},"modified":"2025-06-24T18:29:58","modified_gmt":"2025-06-24T10:29:58","slug":"eiersortiermaschine","status":"publish","type":"product","link":"https:\/\/meat-machine.com\/de\/product\/egg-grader-machine\/","title":{"rendered":"Eiersortiermaschine | Effizientes Eierbewertungssystem"},"content":{"rendered":"<div class=\"kk-star-ratings kksr-auto kksr-align-left kksr-valign-top\"     data-payload='{&quot;align&quot;:&quot;left&quot;,&quot;id&quot;:&quot;399&quot;,&quot;slug&quot;:&quot;default&quot;,&quot;valign&quot;:&quot;top&quot;,&quot;ignore&quot;:&quot;&quot;,&quot;reference&quot;:&quot;auto&quot;,&quot;class&quot;:&quot;&quot;,&quot;count&quot;:&quot;14&quot;,&quot;legendonly&quot;:&quot;&quot;,&quot;readonly&quot;:&quot;&quot;,&quot;score&quot;:&quot;4.7&quot;,&quot;starsonly&quot;:&quot;&quot;,&quot;best&quot;:&quot;5&quot;,&quot;gap&quot;:&quot;5&quot;,&quot;greet&quot;:&quot;Rate this product&quot;,&quot;legend&quot;:&quot;4.7\\\/5 - (14 votes)&quot;,&quot;size&quot;:&quot;24&quot;,&quot;title&quot;:&quot;Egg Grader Machine | Efficient Egg Grading System&quot;,&quot;width&quot;:&quot;133.8&quot;,&quot;_legend&quot;:&quot;{score}\\\/{best} - ({count} {votes})&quot;,&quot;font_factor&quot;:&quot;1.25&quot;}'>              <div class=\"kksr-stars\">      <div class=\"kksr-stars-inactive\">             <div class=\"kksr-star\" data-star=\"1\" style=\"padding-right: 5px\">               <div class=\"kksr-icon\" style=\"width: 24px; height: 24px;\"><\/div>         <\/div>             <div class=\"kksr-star\" data-star=\"2\" style=\"padding-right: 5px\">               <div class=\"kksr-icon\" style=\"width: 24px; height: 24px;\"><\/div>         <\/div>             <div class=\"kksr-star\" data-star=\"3\" style=\"padding-right: 5px\">               <div class=\"kksr-icon\" style=\"width: 24px; height: 24px;\"><\/div>         <\/div>             <div class=\"kksr-star\" data-star=\"4\" style=\"padding-right: 5px\">               <div class=\"kksr-icon\" style=\"width: 24px; height: 24px;\"><\/div>         <\/div>             <div class=\"kksr-star\" data-star=\"5\" style=\"padding-right: 5px\">               <div class=\"kksr-icon\" style=\"width: 24px; height: 24px;\"><\/div>         <\/div>     <\/div>      <div class=\"kksr-stars-active\" style=\"width: 133.8px;\">             <div class=\"kksr-star\" style=\"padding-right: 5px\">               <div class=\"kksr-icon\" style=\"width: 24px; height: 24px;\"><\/div>         <\/div>             <div class=\"kksr-star\" style=\"padding-right: 5px\">               <div class=\"kksr-icon\" style=\"width: 24px; height: 24px;\"><\/div>         <\/div>             <div class=\"kksr-star\" style=\"padding-right: 5px\">               <div class=\"kksr-icon\" style=\"width: 24px; height: 24px;\"><\/div>         <\/div>             <div class=\"kksr-star\" style=\"padding-right: 5px\">               <div class=\"kksr-icon\" style=\"width: 24px; height: 24px;\"><\/div>         <\/div>             <div class=\"kksr-star\" style=\"padding-right: 5px\">               <div class=\"kksr-icon\" style=\"width: 24px; height: 24px;\"><\/div>         <\/div>     <\/div> <\/div>                   <div class=\"kksr-legend\" style=\"font-size: 19.2px;\">             4,7\/5 - (14 Stimmen)    <\/div>     <\/div>  <p class=\"wp-block-paragraph\">Die Eierklassifizierungsmaschine ist ein hocheffizientes Ger\u00e4t, das frische Eier automatisch nach Gewicht mit bemerkenswerter Genauigkeit sortiert. Mit der F\u00e4higkeit, 3.700 bis 5.400 Eier pro Stunde zu klassifizieren, steigert diese Maschine die Produktivit\u00e4t von Gefl\u00fcgelfarmen, Eierverarbeitungsanlagen und Lebensmittelverpackungsbetrieben erheblich. <\/p>    <p class=\"wp-block-paragraph\">Es unterst\u00fctzt mehrere Gewichtsklassen \u2013 typischerweise 5 bis 7 Stufen \u2013 und gew\u00e4hrleistet eine konsistente Produktqualit\u00e4t f\u00fcr den kommerziellen Vertrieb. Hergestellt aus Edelstahl und mit einer niedrigen Eierbruchrate (&lt;0,3 %), bietet der Eiergrader sowohl Langlebigkeit als auch schonende Handhabung, was ihn zu einer idealen Wahl f\u00fcr Unternehmen macht, die die Geschwindigkeit und Einheitlichkeit der Eierklassifizierung verbessern m\u00f6chten.<\/p>    <figure class=\"wp-block-embed is-type-video is-provider-youtube wp-block-embed-youtube wp-embed-aspect-16-9 wp-has-aspect-ratio\"><div class=\"wp-block-embed__wrapper\"> <iframe loading=\"lazy\" title=\"Erh\u00f6hen Sie Ihre Eiersortiergeschwindigkeit mit unserer hochmodernen Sortiermaschine #egg #grading #foodmachine\" width=\"500\" height=\"281\" src=\"https:\/\/www.youtube.com\/embed\/TC5W5L2YfeM?feature=oembed\" frameborder=\"0\" allow=\"accelerometer; autoplay; clipboard-write; encrypted-media; gyroscope; picture-in-picture; web-share\" referrerpolicy=\"strict-origin-when-cross-origin\" allowfullscreen><\/iframe> <\/div><figcaption class=\"wp-element-caption\">Video zum Betrieb der Eiersortiermaschine<\/figcaption><\/figure>    <h2 class=\"wp-block-heading\"> Vorteile der Eiersortiermaschine<\/h2>    <div class=\"wp-block-media-text is-stacked-on-mobile\"><figure class=\"wp-block-media-text__media\"><img loading=\"lazy\" decoding=\"async\" width=\"720\" height=\"540\" src=\"https:\/\/meat-machine.com\/wp-content\/uploads\/2023\/04\/egg-optical-inspection.webp\" alt=\"Optische Eierkontrolle\" class=\"wp-image-597 size-full\" title=\"\" srcset=\"https:\/\/meat-machine.com\/wp-content\/uploads\/2023\/04\/egg-optical-inspection.webp 720w, https:\/\/meat-machine.com\/wp-content\/uploads\/2023\/04\/egg-optical-inspection-300x225.webp 300w, https:\/\/meat-machine.com\/wp-content\/uploads\/2023\/04\/egg-optical-inspection-16x12.webp 16w\" sizes=\"auto, (max-width: 720px) 100vw, 720px\" \/><\/figure><div class=\"wp-block-media-text__content\"> <ul class=\"wp-block-list\"> <li><strong>Hohe Effizienz<\/strong>. Mit einer Kapazit\u00e4t von 3.700 bis 5.400 Eiern pro Stunde erh\u00f6ht die Maschine die Geschwindigkeit und Effizienz der Eiersortierung erheblich.<\/li>    <li><strong>Au\u00dfergew\u00f6hnliche Genauigkeit<\/strong>. Ausgestattet mit elektronischen Waagen und computergesteuerten Systemen minimiert der Grader Fehler, die h\u00e4ufig bei der manuellen Sortierung auftreten.<\/li> <\/ul> <\/div><\/div>    <div class=\"wp-block-media-text has-media-on-the-right is-stacked-on-mobile\"><div class=\"wp-block-media-text__content\"> <ul class=\"wp-block-list\"> <li><strong>Verbesserte Produktqualit\u00e4t<\/strong>. Die integrierte Lichtinspektionsfunktion erkennt gebrochene und fehlerhafte Eier und stellt so sicher, dass nur Eier von hoher Qualit\u00e4t sortiert werden.<\/li>    <li><strong>Minimaler Bruch<\/strong>. Die Maschine ist f\u00fcr eine schonende Handhabung konzipiert und erreicht eine Bruchrate von nahezu Null.<\/li>    <li><strong>Vielf\u00e4ltige Einsatzm\u00f6glichkeiten<\/strong>. Geeignet f\u00fcr die Sortierung verschiedener Eierarten, einschlie\u00dflich Enten-, G\u00e4nse-, Wachtel- und anderer Eierspezialit\u00e4ten.<\/li> <\/ul> <\/div><figure class=\"wp-block-media-text__media\"><img loading=\"lazy\" decoding=\"async\" width=\"720\" height=\"540\" src=\"https:\/\/meat-machine.com\/wp-content\/uploads\/2023\/04\/hot-sale-egg-grading-equipment.webp\" alt=\"Eiersortierausr\u00fcstung zum Verkauf\" class=\"wp-image-403 size-full\" title=\"\" srcset=\"https:\/\/meat-machine.com\/wp-content\/uploads\/2023\/04\/hot-sale-egg-grading-equipment.webp 720w, https:\/\/meat-machine.com\/wp-content\/uploads\/2023\/04\/hot-sale-egg-grading-equipment-300x225.webp 300w\" sizes=\"auto, (max-width: 720px) 100vw, 720px\" \/><\/figure><\/div>    <h2 class=\"wp-block-heading\">Technische Parameter der Eiersortierausr\u00fcstung<\/h2>    <figure class=\"wp-block-table\"><table class=\"has-fixed-layout\"><tbody><tr><td>Modell<\/td><td>TZ-3700<\/td><td>TZ-4000<\/td><td>TZ-5400<\/td><\/tr><tr><td>Kapazit\u00e4t (St\u00fcck\/h)<\/td><td>3700<\/td><td>4000<\/td><td>5400<\/td><\/tr><tr><td>Leistung (kW)<\/td><td>5<\/td><td>7<\/td><td>5<\/td><\/tr><tr><td>Gr\u00f6\u00dfe (mm)<\/td><td>1400x1600x1000<\/td><td>1700x1450x1000<\/td><td>1800x1600x1000<\/td><\/tr><tr><td>Noten<\/td><td>7<\/td><td>7<\/td><td>5<\/td><\/tr><tr><td>Spannung(v)<\/td><td>220<\/td><td>220<\/td><td>220<\/td><\/tr><\/tbody><\/table><figcaption class=\"wp-element-caption\">Parameter der Eierschalen-Sortiermaschine<\/figcaption><\/figure>    <p class=\"wp-block-paragraph translation-block\">Wie Sie der Tabelle entnehmen k\u00f6nnen, haben wir gro\u00dfe und <a href=\"https:\/\/meat-machine.com\/de\/info\/taizy-eiergrader-zu-verkaufen-in-irland\/\">kleine Eiersortiermaschinen zu verkaufen<\/a>. Bei Taizy Machinery betr\u00e4gt die Kapazit\u00e4t unserer Eiersortiermaschinen 3.700 bis 5.400 Eier\/h.<\/p>    <p class=\"wp-block-paragraph\">Gr\u00f6\u00dfe und Gewicht sind je nach Modell unterschiedlich. Wenn Sie mehr \u00fcber diese Maschine erfahren m\u00f6chten, kontaktieren Sie uns bitte.<\/p>   <div class=\"wp-block-image\"> <figure class=\"aligncenter size-full\"><img loading=\"lazy\" decoding=\"async\" width=\"720\" height=\"540\" src=\"https:\/\/meat-machine.com\/wp-content\/uploads\/2023\/04\/our-factory-1.webp\" alt=\"verschiedene Modelle von Eiersortiermaschinen zu verkaufen\" class=\"wp-image-599\" title=\"\" srcset=\"https:\/\/meat-machine.com\/wp-content\/uploads\/2023\/04\/our-factory-1.webp 720w, https:\/\/meat-machine.com\/wp-content\/uploads\/2023\/04\/our-factory-1-300x225.webp 300w, https:\/\/meat-machine.com\/wp-content\/uploads\/2023\/04\/our-factory-1-16x12.webp 16w\" sizes=\"auto, (max-width: 720px) 100vw, 720px\" \/><figcaption class=\"wp-element-caption\">Verschiedene Modelle von Eiersortiermaschinen zu verkaufen<\/figcaption><\/figure> <\/div>   <h2 class=\"wp-block-heading\">Kleine Eiersortiermaschine<\/h2>    <div class=\"wp-block-media-text is-stacked-on-mobile\"><figure class=\"wp-block-media-text__media\"><img loading=\"lazy\" decoding=\"async\" width=\"720\" height=\"540\" src=\"https:\/\/meat-machine.com\/wp-content\/uploads\/2023\/04\/small-scale-egg-grading-machine.webp\" alt=\"kleine Eiersortiermaschine\" class=\"wp-image-408 size-full\" title=\"\" srcset=\"https:\/\/meat-machine.com\/wp-content\/uploads\/2023\/04\/small-scale-egg-grading-machine.webp 720w, https:\/\/meat-machine.com\/wp-content\/uploads\/2023\/04\/small-scale-egg-grading-machine-300x225.webp 300w\" sizes=\"auto, (max-width: 720px) 100vw, 720px\" \/><\/figure><div class=\"wp-block-media-text__content\"> <ul class=\"wp-block-list\"> <li><strong>Verarbeitungskapazit\u00e4t<\/strong>. Verarbeitet bis zu 3.700 Eier pro Stunde, ideal f\u00fcr Kleinbetriebe.<\/li>    <li><strong>Passende Anwendungen<\/strong>. Perfekt f\u00fcr kleine Bauernh\u00f6fe und Familienbetriebe.<\/li>    <li><strong>Arbeitsanforderungen<\/strong>. Weniger Automatisierung bedeutet, dass mehr manuelle Eingriffe erforderlich sind.<\/li>    <li><strong>Kosteng\u00fcnstige Option<\/strong>. Eine gute Wahl f\u00fcr diejenigen mit einem begrenzten Budget.<\/li>    <li><strong>Kompaktes Design<\/strong>. Entwickelt, um die Anforderungen kleinerer Produktionsumgebungen zu erf\u00fcllen.<\/li> <\/ul> <\/div><\/div>    <h2 class=\"wp-block-heading\">Gro\u00dfe Sortiermaschine f\u00fcr Eier<\/h2>    <div class=\"wp-block-media-text has-media-on-the-right is-stacked-on-mobile\"><div class=\"wp-block-media-text__content\"> <ul class=\"wp-block-list\"> <li><strong>Hohe Kapazit\u00e4t<\/strong>. In der Lage, bis zu 5.400 Eier pro Stunde zu sortieren, geeignet f\u00fcr Gro\u00dfbetriebe.<\/li>    <li><strong>Empfohlen f\u00fcr gro\u00dfe Produktion<\/strong>. F\u00fcr Kapazit\u00e4ten \u00fcber 10.000 Eier pro Stunde wird eine komplette Eierverarbeitungslinie empfohlen.<\/li>    <li><strong>Umfangreiche Abwicklung<\/strong>. Beinhaltet Funktionen wie Eierreinigung, Sortierung, optische Inspektion und \u00d6lspr\u00fchen.<\/li> <\/ul> <\/div><figure class=\"wp-block-media-text__media\"><img loading=\"lazy\" decoding=\"async\" width=\"720\" height=\"540\" src=\"https:\/\/meat-machine.com\/wp-content\/uploads\/2023\/04\/large-scale-egg-grader-machine.webp\" alt=\"Gro\u00dfe Eiersortiermaschine\" class=\"wp-image-404 size-full\" title=\"\" srcset=\"https:\/\/meat-machine.com\/wp-content\/uploads\/2023\/04\/large-scale-egg-grader-machine.webp 720w, https:\/\/meat-machine.com\/wp-content\/uploads\/2023\/04\/large-scale-egg-grader-machine-300x225.webp 300w\" sizes=\"auto, (max-width: 720px) 100vw, 720px\" \/><\/figure><\/div>    <div class=\"wp-block-media-text is-stacked-on-mobile\"><figure class=\"wp-block-media-text__media\"><img loading=\"lazy\" decoding=\"async\" width=\"720\" height=\"540\" src=\"https:\/\/meat-machine.com\/wp-content\/uploads\/2023\/04\/egg-grading-machine-for-sale.webp\" alt=\"Einstufungsmaschine f\u00fcr Eier zu verkaufen\" class=\"wp-image-820 size-full\" title=\"\" srcset=\"https:\/\/meat-machine.com\/wp-content\/uploads\/2023\/04\/egg-grading-machine-for-sale.webp 720w, https:\/\/meat-machine.com\/wp-content\/uploads\/2023\/04\/egg-grading-machine-for-sale-300x225.webp 300w, https:\/\/meat-machine.com\/wp-content\/uploads\/2023\/04\/egg-grading-machine-for-sale-16x12.webp 16w\" sizes=\"auto, (max-width: 720px) 100vw, 720px\" \/><\/figure><div class=\"wp-block-media-text__content\"> <ul class=\"wp-block-list\"> <li><strong>Erh\u00f6hte Effizienz<\/strong>. Entwickelt, um die Eierproduktion in gro\u00dfem Ma\u00dfstab durch hohe Automatisierung zu rationalisieren.<\/li>    <li><strong>Optimal f\u00fcr den gewerblichen Einsatz<\/strong>. Ideal f\u00fcr Eierverarbeitungsbetriebe und gro\u00dfe Gefl\u00fcgelfarmen.<\/li> <\/ul> <\/div><\/div>    <h2 class=\"wp-block-heading\">Wie funktioniert eine Eiersortiermaschine?<\/h2>    <div class=\"wp-block-media-text has-media-on-the-right is-stacked-on-mobile\"><div class=\"wp-block-media-text__content\"> <ul class=\"wp-block-list\"> <li><strong>Platzierung der Eier<\/strong>. Die Eier werden auf das F\u00f6rderband gelegt, um mit der Sortierung zu beginnen.<\/li>    <li><strong>Wiegen<\/strong>. Das F\u00f6rderband \u00fcbergibt die Eier an eine elektronische Waage, die ihr Gewicht genau misst.<\/li>    <li><strong>Daten\u00fcbertragung<\/strong>. Die Gewichtsdaten werden an das Computersteuerungssystem gesendet.<\/li> <\/ul> <\/div><figure class=\"wp-block-media-text__media\"><img loading=\"lazy\" decoding=\"async\" width=\"720\" height=\"540\" src=\"https:\/\/meat-machine.com\/wp-content\/uploads\/2023\/04\/working-process.webp\" alt=\"Arbeitsprozess\" class=\"wp-image-409 size-full\" title=\"\" srcset=\"https:\/\/meat-machine.com\/wp-content\/uploads\/2023\/04\/working-process.webp 720w, https:\/\/meat-machine.com\/wp-content\/uploads\/2023\/04\/working-process-300x225.webp 300w\" sizes=\"auto, (max-width: 720px) 100vw, 720px\" \/><\/figure><\/div>    <div class=\"wp-block-media-text is-stacked-on-mobile\"><figure class=\"wp-block-media-text__media\"><img loading=\"lazy\" decoding=\"async\" width=\"720\" height=\"540\" src=\"https:\/\/meat-machine.com\/wp-content\/uploads\/2023\/04\/egg-grading-machine.webp\" alt=\"Eiersortiermaschine\" class=\"wp-image-822 size-full\" title=\"\" srcset=\"https:\/\/meat-machine.com\/wp-content\/uploads\/2023\/04\/egg-grading-machine.webp 720w, https:\/\/meat-machine.com\/wp-content\/uploads\/2023\/04\/egg-grading-machine-300x225.webp 300w, https:\/\/meat-machine.com\/wp-content\/uploads\/2023\/04\/egg-grading-machine-16x12.webp 16w\" sizes=\"auto, (max-width: 720px) 100vw, 720px\" \/><\/figure><div class=\"wp-block-media-text__content\"> <ul class=\"wp-block-list\"> <li><strong>Benotung<\/strong>. Das Computersteuerungssystem klassifiziert die Eier anhand voreingestellter Gewichtsstandards in 5, 6 oder 7 Klassen.<\/li>    <li><strong>Ausgabeverteilung<\/strong>. Die sortierten Eier werden zur weiteren Verarbeitung an verschiedene Ausgabekan\u00e4le weitergeleitet, beispielsweise zum Codieren und Verpacken der Eier.<\/li> <\/ul> <\/div><\/div>    <h2 class=\"wp-block-heading\">Warum bewerten wir Eier?<\/h2>    <div class=\"wp-block-media-text has-media-on-the-right is-stacked-on-mobile\"><div class=\"wp-block-media-text__content\"> <ul class=\"wp-block-list\"> <li><strong>Erf\u00fcllung der Marktnachfrage<\/strong>. Durch die Sortierung wird sichergestellt, dass die Eier bestimmte Gr\u00f6\u00dfen- und Gewichtsanforderungen erf\u00fcllen, um den unterschiedlichen Marktbed\u00fcrfnissen gerecht zu werden und ihren Verkaufswert zu steigern.<\/li>    <li><strong>Standardisierung<\/strong>. Die Herstellung standardisierter Eier st\u00e4rkt das Vertrauen der Verbraucher und st\u00e4rkt den Ruf der Marke.<\/li> <\/ul> <\/div><figure class=\"wp-block-media-text__media\"><img loading=\"lazy\" decoding=\"async\" width=\"720\" height=\"540\" src=\"https:\/\/meat-machine.com\/wp-content\/uploads\/2023\/04\/eggs.webp\" alt=\"sortierte Eier\" class=\"wp-image-412 size-full\" title=\"\" srcset=\"https:\/\/meat-machine.com\/wp-content\/uploads\/2023\/04\/eggs.webp 720w, https:\/\/meat-machine.com\/wp-content\/uploads\/2023\/04\/eggs-300x225.webp 300w\" sizes=\"auto, (max-width: 720px) 100vw, 720px\" \/><\/figure><\/div>    <div class=\"wp-block-media-text is-stacked-on-mobile\"><figure class=\"wp-block-media-text__media\"><img loading=\"lazy\" decoding=\"async\" width=\"720\" height=\"540\" src=\"https:\/\/meat-machine.com\/wp-content\/uploads\/2023\/04\/egg-grading-machine-price.webp\" alt=\"Preis der Eierstufungsmaschine\" class=\"wp-image-821 size-full\" title=\"\" srcset=\"https:\/\/meat-machine.com\/wp-content\/uploads\/2023\/04\/egg-grading-machine-price.webp 720w, https:\/\/meat-machine.com\/wp-content\/uploads\/2023\/04\/egg-grading-machine-price-300x225.webp 300w, https:\/\/meat-machine.com\/wp-content\/uploads\/2023\/04\/egg-grading-machine-price-16x12.webp 16w\" sizes=\"auto, (max-width: 720px) 100vw, 720px\" \/><\/figure><div class=\"wp-block-media-text__content\"> <ul class=\"wp-block-list\"> <li><strong>Optimierte Preisstrategie<\/strong>. Die Einstufung erm\u00f6glicht ma\u00dfgeschneiderte Preisstrategien und maximiert so das Umsatz- und Gewinnpotenzial.<\/li>    <li><strong>Verbesserte Hygienestandards<\/strong>. Der Klassifizierungsprozess umfasst h\u00e4ufig die Reinigung und Desinfektion, um die Lebensmittelsicherheit zu gew\u00e4hrleisten und Hygieneanforderungen zu erf\u00fcllen.<\/li> <\/ul> <\/div><\/div>    <h2 class=\"wp-block-heading\">Die verschiedenen Arten von Eiersortiermaschinen auf dem Markt<\/h2>    <p class=\"wp-block-paragraph\">Auf dem Markt sind verschiedene Arten von Eiersortiermaschinen erh\u00e4ltlich, z. B. nach Gewicht, Form, Farbe und allgemein. Verschiedene Arten von Eiersortiermaschinen k\u00f6nnen Eier nach unterschiedlichen Ma\u00dfen sortieren. <\/p>    <p class=\"wp-block-paragraph\">Sie k\u00f6nnen die richtige Maschine entsprechend Ihren Anforderungen ausw\u00e4hlen. Taizy Machinery bietet Eiersortiermaschinen an, die Eier nach Gewicht sortieren.<\/p>   <div class=\"wp-block-image\"> <figure class=\"aligncenter size-full\"><img loading=\"lazy\" decoding=\"async\" width=\"720\" height=\"540\" src=\"https:\/\/meat-machine.com\/wp-content\/uploads\/2023\/04\/egg-grader-machine.webp\" alt=\"Eiersortiermaschine\" class=\"wp-image-596\" title=\"\" srcset=\"https:\/\/meat-machine.com\/wp-content\/uploads\/2023\/04\/egg-grader-machine.webp 720w, https:\/\/meat-machine.com\/wp-content\/uploads\/2023\/04\/egg-grader-machine-300x225.webp 300w, https:\/\/meat-machine.com\/wp-content\/uploads\/2023\/04\/egg-grader-machine-16x12.webp 16w\" sizes=\"auto, (max-width: 720px) 100vw, 720px\" \/><figcaption class=\"wp-element-caption\">Eiersortiermaschine<\/figcaption><\/figure> <\/div>   <h2 class=\"wp-block-heading\">FAQ zur Eiersortiermaschine<\/h2>   <div id=\"rank-math-faq\" class=\"rank-math-block\"> <div class=\"rank-math-list\"> <div id=\"faq-question-1721201005731\" class=\"rank-math-list-item\"> <h3 class=\"rank-math-question\">Welche Wartung ist f\u00fcr eine Eiersortiermaschine erforderlich?<\/h3> <div class=\"rank-math-answer\">  <p>Dazu geh\u00f6rt die Reinigung der Sensoren und F\u00f6rderb\u00e4nder, die \u00dcberpr\u00fcfung auf verschlissene Teile, die Schmierung beweglicher Komponenten und die Sicherstellung, dass die Software auf dem neuesten Stand ist.<\/p>  <\/div> <\/div> <div id=\"faq-question-1721201021839\" class=\"rank-math-list-item\"> <h3 class=\"rank-math-question\">K\u00f6nnen Ger\u00e4te zur Eiersortierung fehlerhafte Eier erkennen und entfernen?<\/h3> <div class=\"rank-math-answer\">  <p>Ja, unsere Eiersortiermaschinen verf\u00fcgen \u00fcber Sensoren und Inspektionssysteme, die M\u00e4ngel wie Risse oder andere Anomalien erkennen k\u00f6nnen.<\/p>  <\/div> <\/div> <div id=\"faq-question-1721201035612\" class=\"rank-math-list-item\"> <h3 class=\"rank-math-question\">Gibt es Sicherheitsvorrichtungen an der Maschine?<\/h3> <div class=\"rank-math-answer\">  <p>Ja, Eier-Sortiermaschinen verf\u00fcgen \u00fcber Sicherheitsmerkmale wie Not-Aus-Tasten, Schutzabdeckungen und Sensoren, um Unf\u00e4lle zu verhindern.<\/p>  <\/div> <\/div> <\/div> <\/div>  <div class=\"wp-block-image\"> <figure class=\"aligncenter size-full\"><img loading=\"lazy\" decoding=\"async\" width=\"720\" height=\"540\" src=\"https:\/\/meat-machine.com\/wp-content\/uploads\/2023\/04\/applications-of-egg-grader-machine.webp\" alt=\"Anwendungen der Eiersortiermaschine\" class=\"wp-image-401\" title=\"\" srcset=\"https:\/\/meat-machine.com\/wp-content\/uploads\/2023\/04\/applications-of-egg-grader-machine.webp 720w, https:\/\/meat-machine.com\/wp-content\/uploads\/2023\/04\/applications-of-egg-grader-machine-300x225.webp 300w\" sizes=\"auto, (max-width: 720px) 100vw, 720px\" \/><figcaption class=\"wp-element-caption\">Anwendungen der Eiersortiermaschine<\/figcaption><\/figure> <\/div>   <h2 class=\"wp-block-heading\">Abschluss<\/h2>    <p class=\"wp-block-paragraph translation-block\">Zusammenfassend l\u00e4sst sich sagen, dass die <a href=\"https:\/\/en.wikipedia.org\/wiki\/Egg\" data-type=\"link\" data-id=\"https:\/\/en.wikipedia.org\/wiki\/Egg\" target=\"_blank\" rel=\"noopener\">Eier<\/a>sortiermaschine au\u00dfergew\u00f6hnliche Effizienz, Genauigkeit und Vielseitigkeit bietet und somit die ideale L\u00f6sung f\u00fcr eine Vielzahl von Branchen darstellt, von Gefl\u00fcgelfarmen bis hin zu Lebensmittelverarbeitungsbetrieben. <\/p>    <p class=\"wp-block-paragraph\">Mit anpassbaren Sortieroptionen, fortschrittlicher Technologie und einem robusten Design sorgt es f\u00fcr gleichbleibende Qualit\u00e4t und gesteigerte Produktivit\u00e4t. <\/p>    <p class=\"wp-block-paragraph\">Kontaktieren Sie uns noch heute f\u00fcr weitere Informationen, ein individuelles Angebot und um zu erfahren, wie wir Ihnen helfen k\u00f6nnen, Ihre Eierverarbeitungskapazit\u00e4ten zu verbessern.<\/p>","protected":false},"excerpt":{"rendered":"<p>Die Eier-Sortiermaschine ist ein hocheffizientes Ger\u00e4t, das frische Eier automatisch nach Gewicht mit bemerkenswerter Genauigkeit sortiert. <\/p>","protected":false},"author":1,"featured_media":402,"parent":0,"template":"","tags":[45,46,40],"product-type":[28],"class_list":["post-399","product","type-product","status-publish","has-post-thumbnail","hentry","tag-egg-grader-machine","tag-egg-grading-system","tag-eggs","product-type-egg-processing-machine"],"_links":{"self":[{"href":"https:\/\/meat-machine.com\/de\/wp-json\/wp\/v2\/product\/399","targetHints":{"allow":["GET"]}}],"collection":[{"href":"https:\/\/meat-machine.com\/de\/wp-json\/wp\/v2\/product"}],"about":[{"href":"https:\/\/meat-machine.com\/de\/wp-json\/wp\/v2\/types\/product"}],"author":[{"embeddable":true,"href":"https:\/\/meat-machine.com\/de\/wp-json\/wp\/v2\/users\/1"}],"wp:featuredmedia":[{"embeddable":true,"href":"https:\/\/meat-machine.com\/de\/wp-json\/wp\/v2\/media\/402"}],"wp:attachment":[{"href":"https:\/\/meat-machine.com\/de\/wp-json\/wp\/v2\/media?parent=399"}],"wp:term":[{"taxonomy":"post_tag","embeddable":true,"href":"https:\/\/meat-machine.com\/de\/wp-json\/wp\/v2\/tags?post=399"},{"taxonomy":"product-type","embeddable":true,"href":"https:\/\/meat-machine.com\/de\/wp-json\/wp\/v2\/product-type?post=399"}],"curies":[{"name":"wp","href":"https:\/\/api.w.org\/{rel}","templated":true}]}}