{"id":389,"date":"2023-03-29T16:46:02","date_gmt":"2023-03-29T08:46:02","guid":{"rendered":"https:\/\/meat-machine.com\/?post_type=product&#038;p=389"},"modified":"2025-07-30T18:26:50","modified_gmt":"2025-07-30T10:26:50","slug":"vakuumverpackungsmaschine-fur-fleisch","status":"publish","type":"product","link":"https:\/\/meat-machine.com\/de\/product\/meat-vacuum-packaging-machine\/","title":{"rendered":"Fleisch-Vakuumverpackungsmaschine"},"content":{"rendered":"<div class=\"kk-star-ratings kksr-auto kksr-align-left kksr-valign-top\"     data-payload='{&quot;align&quot;:&quot;left&quot;,&quot;id&quot;:&quot;389&quot;,&quot;slug&quot;:&quot;default&quot;,&quot;valign&quot;:&quot;top&quot;,&quot;ignore&quot;:&quot;&quot;,&quot;reference&quot;:&quot;auto&quot;,&quot;class&quot;:&quot;&quot;,&quot;count&quot;:&quot;15&quot;,&quot;legendonly&quot;:&quot;&quot;,&quot;readonly&quot;:&quot;&quot;,&quot;score&quot;:&quot;4.8&quot;,&quot;starsonly&quot;:&quot;&quot;,&quot;best&quot;:&quot;5&quot;,&quot;gap&quot;:&quot;5&quot;,&quot;greet&quot;:&quot;Rate this product&quot;,&quot;legend&quot;:&quot;4.8\\\/5 - (15 votes)&quot;,&quot;size&quot;:&quot;24&quot;,&quot;title&quot;:&quot;Meat Vacuum Packaging Machine&quot;,&quot;width&quot;:&quot;136.7&quot;,&quot;_legend&quot;:&quot;{score}\\\/{best} - ({count} {votes})&quot;,&quot;font_factor&quot;:&quot;1.25&quot;}'>              <div class=\"kksr-stars\">      <div class=\"kksr-stars-inactive\">             <div class=\"kksr-star\" data-star=\"1\" style=\"padding-right: 5px\">               <div class=\"kksr-icon\" style=\"width: 24px; height: 24px;\"><\/div>         <\/div>             <div class=\"kksr-star\" data-star=\"2\" style=\"padding-right: 5px\">               <div class=\"kksr-icon\" style=\"width: 24px; height: 24px;\"><\/div>         <\/div>             <div class=\"kksr-star\" data-star=\"3\" style=\"padding-right: 5px\">               <div class=\"kksr-icon\" style=\"width: 24px; height: 24px;\"><\/div>         <\/div>             <div class=\"kksr-star\" data-star=\"4\" style=\"padding-right: 5px\">               <div class=\"kksr-icon\" style=\"width: 24px; height: 24px;\"><\/div>         <\/div>             <div class=\"kksr-star\" data-star=\"5\" style=\"padding-right: 5px\">               <div class=\"kksr-icon\" style=\"width: 24px; height: 24px;\"><\/div>         <\/div>     <\/div>      <div class=\"kksr-stars-active\" style=\"width: 136.7px;\">             <div class=\"kksr-star\" style=\"padding-right: 5px\">               <div class=\"kksr-icon\" style=\"width: 24px; height: 24px;\"><\/div>         <\/div>             <div class=\"kksr-star\" style=\"padding-right: 5px\">               <div class=\"kksr-icon\" style=\"width: 24px; height: 24px;\"><\/div>         <\/div>             <div class=\"kksr-star\" style=\"padding-right: 5px\">               <div class=\"kksr-icon\" style=\"width: 24px; height: 24px;\"><\/div>         <\/div>             <div class=\"kksr-star\" style=\"padding-right: 5px\">               <div class=\"kksr-icon\" style=\"width: 24px; height: 24px;\"><\/div>         <\/div>             <div class=\"kksr-star\" style=\"padding-right: 5px\">               <div class=\"kksr-icon\" style=\"width: 24px; height: 24px;\"><\/div>         <\/div>     <\/div> <\/div>                   <div class=\"kksr-legend\" style=\"font-size: 19.2px;\">             4,8\/5 - (15 Bewertungen)    <\/div>     <\/div>  <p class=\"wp-block-paragraph\">Die Vakuumverpackungsmaschine f\u00fcr Fleisch ist daf\u00fcr konzipiert, verschiedene Arten von Fleischprodukten effizient in vakuumversiegelten Beuteln zu verpacken, die Haltbarkeit zu verl\u00e4ngern und dabei Frische, Geschmack und Hygiene zu erhalten. <\/p>    <p class=\"wp-block-paragraph\">Ideal f\u00fcr Fleischverarbeitungsanlagen, Metzgereien und Lebensmittelverpackungsbetriebe hilft diese Maschine, Oxidation, Verderb und Kontamination zu verhindern. <\/p>    <p class=\"wp-block-paragraph translation-block\">Mit einer Kapazit\u00e4t von <strong>2\u20134 Zyklen pro Minute<\/strong> sorgt sie f\u00fcr hohe Geschwindigkeit und zuverl\u00e4ssige Leistung sowohl f\u00fcr kleine als auch f\u00fcr industrielle Anwendungen.<\/p>    <figure class=\"wp-block-embed is-type-video is-provider-youtube wp-block-embed-youtube wp-embed-aspect-16-9 wp-has-aspect-ratio\"><div class=\"wp-block-embed__wrapper\"> <iframe loading=\"lazy\" title=\"Wie eine Vakuumverpackungsmaschine funktioniert \u2013 Vollst\u00e4ndige Demo! #vakuum #verpackung #gem\u00fcse #fleisch #fr\u00fcchte\" width=\"500\" height=\"281\" src=\"https:\/\/www.youtube.com\/embed\/Wl9ABLGhC2E?feature=oembed\" frameborder=\"0\" allow=\"accelerometer; autoplay; clipboard-write; encrypted-media; gyroscope; picture-in-picture; web-share\" referrerpolicy=\"strict-origin-when-cross-origin\" allowfullscreen><\/iframe> <\/div><figcaption class=\"wp-element-caption\">Arbeitsvideo der Vakuumverpackungsmaschine f\u00fcr Fleisch<\/figcaption><\/figure>    <h2 class=\"wp-block-heading\">Was war das beste Verpackungssystem f\u00fcr Fleisch?<\/h2>    <p class=\"wp-block-paragraph translation-block\">Wenn es darum geht, die Fleischqualit\u00e4t zu erhalten und die Haltbarkeit zu verl\u00e4ngern, ist <strong>Vakuumverpackung<\/strong> die effektivste Methode. Hier ist der Grund daf\u00fcr:<\/p>    <div class=\"wp-block-media-text is-stacked-on-mobile\"><figure class=\"wp-block-media-text__media\"><img loading=\"lazy\" decoding=\"async\" width=\"720\" height=\"540\" src=\"https:\/\/meat-machine.com\/wp-content\/uploads\/2023\/03\/vacuum-packed-food.webp\" alt=\"vakuumverpacktes Essen\" class=\"wp-image-394 size-full\" title=\"\" srcset=\"https:\/\/meat-machine.com\/wp-content\/uploads\/2023\/03\/vacuum-packed-food.webp 720w, https:\/\/meat-machine.com\/wp-content\/uploads\/2023\/03\/vacuum-packed-food-300x225.webp 300w\" sizes=\"auto, (max-width: 720px) 100vw, 720px\" \/><\/figure><div class=\"wp-block-media-text__content\"> <ul class=\"wp-block-list\"> <li><strong>Luftentfernungseffizienz<\/strong>: Vakuumverpackung entfernt vollst\u00e4ndig die Luft aus den Fleischverpackungsbeuteln und verhindert die Exposition gegen\u00fcber Sauerstoff.<\/li>    <li><strong>Verhindert Oxidation<\/strong>: Durch die Eliminierung von Sauerstoff wird das Risiko von Fleischverf\u00e4rbung und Ranzigkeit verringert.<\/li>    <li><strong>Hemmt das Bakterienwachstum<\/strong>: Die Vakuumumgebung verlangsamt das Wachstum von Verderbnisbakterien erheblich.<\/li>    <li><strong>Verl\u00e4ngert die Haltbarkeit<\/strong>: Fleisch bleibt im Vergleich zu traditionellen Verpackungsmethoden l\u00e4nger frisch.<\/li>    <li><strong>Verbessert Lagerung und Transport<\/strong>: Vakuumverpacktes Fleisch nimmt weniger Platz ein und ist einfacher zu lagern oder zu versenden.<\/li> <\/ul> <\/div><\/div>    <p class=\"wp-block-paragraph translation-block\">Wenn Sie vakuumverpacktes Fleisch herstellen m\u00f6chten, empfehlen wir dringend die Verwendung einer <strong>Vakuumverpackungsmaschine f\u00fcr Fleisch<\/strong>. Tats\u00e4chlich hat letzten Monat ein Kunde aus <strong>Malaysia<\/strong>, der <a href=\"https:\/\/meat-machine.com\/de\/produkt\/gewerblicher-gefrorener-fleischschneider\/\" data-type=\"link\" data-id=\"https:\/\/meat-machine.com\/product\/commercial-frozen-meat-slicer\/\">Fleischschneidemaschinen<\/a> und <a href=\"https:\/\/meat-machine.com\/de\/produkt\/fleischwurfelmaschine\/\" data-type=\"link\" data-id=\"https:\/\/meat-machine.com\/product\/meat-dicing-machine\/\">gew\u00fcrfeltes Fleisch<\/a> herstellt, diese Maschine gekauft, um seinen Verpackungsprozess zu verbessern.<\/p>    <h2 class=\"wp-block-heading\">Parameter der Vakuumverpackungsmaschine f\u00fcr Fleisch<\/h2>    <figure class=\"wp-block-table\"><table><tbody><tr><td>Modell<\/td><td>Einkammer-Vakuumverpackungsmaschine<\/td><td>Doppelkammer-Vakuumverpackungsmaschine<\/td><\/tr><tr><td>Vakuumpumpenleistung<\/td><td>0,9 kW<\/td><td>1,5 kW<\/td><\/tr><tr><td>Versiegelungskraft<\/td><td>0,6 kW<\/td><td>1,17 kW<\/td><\/tr><tr><td>Stromspannung<\/td><td>220 V\/50 Hz<\/td><td>380 V\/50 Hz<\/td><\/tr><tr><td>Material<\/td><td>Edelstahl 302<\/td><td>Edelstahl 302<\/td><\/tr><tr><td>Anzahl der Dichtungsstreifen<\/td><td>1<\/td><td>3<\/td><\/tr><tr><td>Absoluter Druck<\/td><td>0,1 pa<\/td><td>0,1 pa<\/td><\/tr><tr><td>Bezugsmaterial<\/td><td>Organisches Glas<\/td><td>Organisches Glas<\/td><\/tr><tr><td>Maschinengr\u00f6\u00dfe<\/td><td>650x580x960mm<\/td><td>1260x605x960mm<\/td><\/tr><tr><td>Maschinengewicht<\/td><td>80kg<\/td><td>150kg<\/td><\/tr><\/tbody><\/table><figcaption class=\"wp-element-caption\">Parameter der Fleischverpackungsmaschine<\/figcaption><\/figure>    <p class=\"wp-block-paragraph translation-block\">Dies sind die Parameter der beiden meistverkauften Vakuumverpackungsmaschinen f\u00fcr Fleisch in der <a href=\"https:\/\/meat-machine.com\/de\/\">Taizy Fleischmaschinenfabrik<\/a>. Eine ist eine Einkammer-Vakuumverpackungsmaschine und die andere eine Doppelkammer-Vakuumverpackungsmaschine. <\/p>    <p class=\"wp-block-paragraph translation-block\">Die Maschine besteht aus <a href=\"https:\/\/en.wikipedia.org\/wiki\/SAE_304_stainless_steel\" target=\"_blank\" rel=\"noopener\">304 Edelstahl<\/a>, der leicht zu reinigen ist und eine lange Lebensdauer hat. Die Gewichte der Maschinen betragen 80 kg bzw. 150 kg. Die Spannungen betragen 220 V \/ 50 Hz bzw. 380 V \/ 50 Hz.<\/p>   <div class=\"wp-block-image\"> <figure class=\"aligncenter size-full\"><img loading=\"lazy\" decoding=\"async\" width=\"720\" height=\"540\" src=\"https:\/\/meat-machine.com\/wp-content\/uploads\/2023\/03\/meat-packing-machine.webp\" alt=\"Fleischverpackungsmaschine\" class=\"wp-image-391\" title=\"\" srcset=\"https:\/\/meat-machine.com\/wp-content\/uploads\/2023\/03\/meat-packing-machine.webp 720w, https:\/\/meat-machine.com\/wp-content\/uploads\/2023\/03\/meat-packing-machine-300x225.webp 300w\" sizes=\"auto, (max-width: 720px) 100vw, 720px\" \/><figcaption class=\"wp-element-caption\">Fleischverpackungsmaschine<\/figcaption><\/figure> <\/div>   <h2 class=\"wp-block-heading\">Die Funktion der Fleischverpackungsmaschine<\/h2>    <p class=\"wp-block-paragraph translation-block\">Die <strong>Vakuumverpackungsmaschine f\u00fcr Fleisch<\/strong> ist daf\u00fcr konzipiert, Luft aus Fleischverpackungsbeuteln zu entfernen und diese sicher zu versiegeln. Durch die Schaffung einer Vakuumumgebung hilft diese Maschine, die Frische und Qualit\u00e4t von Fleischprodukten zu erhalten. Sie spielt eine entscheidende Rolle in modernen Fleischverarbeitungs- und Verpackungslinien. Die Maschine bietet mehrere Hauptfunktionen:<\/p>    <div class=\"wp-block-media-text has-media-on-the-right is-stacked-on-mobile\"><div class=\"wp-block-media-text__content\"> <ul class=\"wp-block-list\"> <li><strong>Verbesserte Lebensmittelsicherheit<\/strong>: luftdichtes Versiegeln hilft, Kontamination durch externe Bakterien und Schadstoffe zu verhindern.<\/li>    <li><strong>Verbesserte Produktpr\u00e4sentation<\/strong>: saubere und einheitliche Verpackung verbessert das Aussehen und die Attraktivit\u00e4t des Produkts.<\/li>    <li><strong>Kosteneffiziente Verpackung<\/strong>: minimiert Abfall und reduziert Verderb, was letztendlich die Gesamtkosten senkt.<\/li>    <li><strong>Vielseitigkeit<\/strong>: geeignet f\u00fcr verschiedene Fleischsorten und andere Lebensmittel sowie f\u00fcr Non-Food-Produkte.<\/li> <\/ul> <\/div><figure class=\"wp-block-media-text__media\"><img loading=\"lazy\" decoding=\"async\" width=\"720\" height=\"540\" src=\"https:\/\/meat-machine.com\/wp-content\/uploads\/2023\/03\/widely-application.webp\" alt=\"breite Anwendung\" class=\"wp-image-395 size-full\" title=\"\" srcset=\"https:\/\/meat-machine.com\/wp-content\/uploads\/2023\/03\/widely-application.webp 720w, https:\/\/meat-machine.com\/wp-content\/uploads\/2023\/03\/widely-application-300x225.webp 300w\" sizes=\"auto, (max-width: 720px) 100vw, 720px\" \/><\/figure><\/div>    <p class=\"wp-block-paragraph\">Diese Ausr\u00fcstung ist ideal f\u00fcr Fleischverarbeiter, die eine verbesserte Haltbarkeit, Hygiene und Logistikeffizienz suchen.<\/p>    <h2 class=\"wp-block-heading\">Wie benutzt man eine Vakuumverpackungsmaschine f\u00fcr Fleisch?<\/h2>    <div class=\"wp-block-media-text is-stacked-on-mobile\"><figure class=\"wp-block-media-text__media\"><img loading=\"lazy\" decoding=\"async\" width=\"720\" height=\"540\" src=\"https:\/\/meat-machine.com\/wp-content\/uploads\/2023\/03\/meat-vacuum-packaging-machine.webp\" alt=\"Vakuumverpackungsmaschine f\u00fcr Fleisch\" class=\"wp-image-392 size-full\" title=\"\" srcset=\"https:\/\/meat-machine.com\/wp-content\/uploads\/2023\/03\/meat-vacuum-packaging-machine.webp 720w, https:\/\/meat-machine.com\/wp-content\/uploads\/2023\/03\/meat-vacuum-packaging-machine-300x225.webp 300w\" sizes=\"auto, (max-width: 720px) 100vw, 720px\" \/><\/figure><div class=\"wp-block-media-text__content\"> <ul class=\"wp-block-list\"> <li><strong>Schalten Sie die Stromversorgung ein<\/strong> <ul class=\"wp-block-list\"> <li>Beginnen Sie, indem Sie die Stromversorgung der Vakuumverpackungsmaschine f\u00fcr Fleisch einschalten.<\/li> <\/ul> <\/li>    <li><strong>Bereiten Sie das Fleisch vor<\/strong> <ul class=\"wp-block-list\"> <li>Legen Sie die Fleischprodukte in die vorgesehenen Vakuumverpackungsbeutel und stellen Sie sicher, dass die \u00d6ffnung des Beutels sauber und richtig positioniert ist.<\/li> <\/ul> <\/li>    <li><strong>Legen Sie den Beutel in die Vakuumkammer<\/strong> <ul class=\"wp-block-list\"> <li>Stecken Sie das offene Ende des Verpackungsbeutels in die Vakuumkammer und richten Sie es an der Siegelstange aus.<\/li> <\/ul> <\/li> <\/ul> <\/div><\/div>    <div class=\"wp-block-media-text has-media-on-the-right is-stacked-on-mobile\"><div class=\"wp-block-media-text__content\"> <ul class=\"wp-block-list\"> <li><strong>Schlie\u00dfen Sie den Kammerdeckel<\/strong> <ul class=\"wp-block-list\"> <li>Ziehen Sie den Deckel der Vakuumkammer herunter. Sobald er geschlossen ist, leuchtet die Sauglampe auf dem Bedienfeld, was anzeigt, dass der Vakuumprozess begonnen hat.<\/li> <\/ul> <\/li>    <li><strong>Warten Sie auf Vakuum und Versiegelung<\/strong> <ul class=\"wp-block-list\"> <li>Wenn die Luft vollst\u00e4ndig abgesaugt wurde, erlischt das Sauglicht und die W\u00e4rmeversiegelungsanzeige wird automatisch eingeschaltet. Die Maschine versiegelt dann den Beutel fest.<\/li> <\/ul> <\/li>    <li><strong>Verpackung abgeschlossen<\/strong> <ul class=\"wp-block-list\"> <li>Nachdem das Versiegeln abgeschlossen ist, wird der Deckel angehoben und der Vakuumverpackungsprozess ist abgeschlossen. Ihr Fleischprodukt ist jetzt sicher versiegelt und bereit zur Lagerung oder zum Transport.<\/li> <\/ul> <\/li> <\/ul> <\/div><figure class=\"wp-block-media-text__media\"><img loading=\"lazy\" decoding=\"async\" width=\"720\" height=\"540\" src=\"https:\/\/meat-machine.com\/wp-content\/uploads\/2023\/03\/control-panel.webp\" alt=\"Bedienfeld\" class=\"wp-image-390 size-full\" title=\"\" srcset=\"https:\/\/meat-machine.com\/wp-content\/uploads\/2023\/03\/control-panel.webp 720w, https:\/\/meat-machine.com\/wp-content\/uploads\/2023\/03\/control-panel-300x225.webp 300w\" sizes=\"auto, (max-width: 720px) 100vw, 720px\" \/><\/figure><\/div>    <h2 class=\"wp-block-heading\">Wie viel kostet eine automatische Fleischverpackungsmaschine?<\/h2>    <p class=\"wp-block-paragraph\">Der Preis einer automatischen Fleischverpackungsmaschine kann stark variieren und liegt typischerweise zwischen mehreren hundert und mehreren tausend Dollar, je nach Marktdaten. Die Vakuumverpackungsmaschinen f\u00fcr Fleisch unseres Unternehmens haben ebenfalls keinen festen Preis, da die endg\u00fcltigen Kosten von mehreren Faktoren abh\u00e4ngen, darunter:<\/p>    <div class=\"wp-block-media-text is-stacked-on-mobile\"><figure class=\"wp-block-media-text__media\"><img loading=\"lazy\" decoding=\"async\" width=\"720\" height=\"540\" src=\"https:\/\/meat-machine.com\/wp-content\/uploads\/2023\/03\/single-chamber-meat-vacuum-packing-machine.webp\" alt=\"Einkammer-Vakuumverpackungsmaschine f\u00fcr Fleisch zu verkaufen\" class=\"wp-image-393 size-full\" title=\"\" srcset=\"https:\/\/meat-machine.com\/wp-content\/uploads\/2023\/03\/single-chamber-meat-vacuum-packing-machine.webp 720w, https:\/\/meat-machine.com\/wp-content\/uploads\/2023\/03\/single-chamber-meat-vacuum-packing-machine-300x225.webp 300w\" sizes=\"auto, (max-width: 720px) 100vw, 720px\" \/><\/figure><div class=\"wp-block-media-text__content\"> <ul class=\"wp-block-list\"> <li>Der <strong>Maschinentyp<\/strong> (Einzelkammer, Doppelkammer, Tischger\u00e4t usw.).<\/li>    <li>Der <strong>Kapazit\u00e4ts- und Produktionsanforderungen<\/strong>.<\/li>    <li><strong>Zus\u00e4tzliche Funktionen<\/strong> wie z.B. Gas-Sp\u00fclung oder automatische F\u00f6rdersysteme.<\/li>    <li>Der <strong>verwendete Materialien<\/strong> (z.B. Edelstahlgrad).<\/li>    <li>Der <strong>Bestimmungsland<\/strong> und verwandte Versand- oder Anpassungsbed\u00fcrfnisse.<\/li> <\/ul> <\/div><\/div>    <p class=\"wp-block-paragraph\">Aufgrund dieser Variablen empfehlen wir Ihnen, uns direkt mit Ihren spezifischen Anforderungen zu kontaktieren. Unser Team wird Ihnen ein ma\u00dfgeschneidertes Angebot unterbreiten und umgehend auf Ihre Anfrage reagieren.<\/p>    <h2 class=\"wp-block-heading\">Anwendungsbereich der Fleisch-Vakuumverpackungsmaschine<\/h2>    <p class=\"wp-block-paragraph\">Fleisch-Vakuumverpackungsmaschinen sind nicht nur auf Fleischprodukte beschr\u00e4nkt. Sie eignen sich auch f\u00fcr Obst, Gem\u00fcse, gekochte Lebensmittel, Sojaprodukte, eingelegtes Gem\u00fcse, Heilkr\u00e4uter, Pharmazeutika, Chemikalien, Meeresfr\u00fcchte, Konservenfr\u00fcchte, Elektronik und Pr\u00e4zisionsinstrumente. <\/p>    <p class=\"wp-block-paragraph\">Mit so vielen Anwendungsm\u00f6glichkeiten ist diese Maschine ideal f\u00fcr verschiedene Branchen. Wenn Sie daran interessiert sind, ein Fleisch- oder Lebensmittelverpackungsgesch\u00e4ft zu gr\u00fcnden, k\u00f6nnen Sie uns gerne kontaktieren.<\/p>    <figure class=\"wp-block-image size-full\"><img loading=\"lazy\" decoding=\"async\" width=\"720\" height=\"540\" src=\"https:\/\/meat-machine.com\/wp-content\/uploads\/2022\/09\/frozen-meat.webp\" alt=\"Fleisch\" class=\"wp-image-722\" title=\"\" srcset=\"https:\/\/meat-machine.com\/wp-content\/uploads\/2022\/09\/frozen-meat.webp 720w, https:\/\/meat-machine.com\/wp-content\/uploads\/2022\/09\/frozen-meat-300x225.webp 300w, https:\/\/meat-machine.com\/wp-content\/uploads\/2022\/09\/frozen-meat-16x12.webp 16w\" sizes=\"auto, (max-width: 720px) 100vw, 720px\" \/><figcaption class=\"wp-element-caption\">Fleisch<\/figcaption><\/figure>    <h2 class=\"wp-block-heading\">Abschluss<\/h2>    <p class=\"wp-block-paragraph\">Wenn Sie nach einer effizienten, langlebigen und vielseitigen Vakuumverpackungsl\u00f6sung suchen, ist unsere Fleisch-Vakuumverpackungsmaschine die perfekte Wahl. <\/p>    <p class=\"wp-block-paragraph\">F\u00fcr weitere Informationen oder um ein Angebot zu erhalten, k\u00f6nnen Sie uns gerne kontaktieren. Wir sind hier, um Ihnen professionellen Service und ma\u00dfgeschneiderte L\u00f6sungen anzubieten.<\/p>","protected":false},"excerpt":{"rendered":"<p>Die Vakuumverpackungsmaschine f\u00fcr Fleisch ist daf\u00fcr konzipiert, verschiedene Arten von Fleischprodukten effizient in vakuumversiegelten Beuteln zu verpacken, die Haltbarkeit zu verl\u00e4ngern und dabei Frische, Geschmack und Hygiene zu erhalten. <\/p>","protected":false},"author":1,"featured_media":391,"parent":0,"template":"","tags":[53],"product-type":[4],"class_list":["post-389","product","type-product","status-publish","has-post-thumbnail","hentry","tag-meat-vacuum-packaging-machine","product-type-meat-grinder"],"_links":{"self":[{"href":"https:\/\/meat-machine.com\/de\/wp-json\/wp\/v2\/product\/389","targetHints":{"allow":["GET"]}}],"collection":[{"href":"https:\/\/meat-machine.com\/de\/wp-json\/wp\/v2\/product"}],"about":[{"href":"https:\/\/meat-machine.com\/de\/wp-json\/wp\/v2\/types\/product"}],"author":[{"embeddable":true,"href":"https:\/\/meat-machine.com\/de\/wp-json\/wp\/v2\/users\/1"}],"wp:featuredmedia":[{"embeddable":true,"href":"https:\/\/meat-machine.com\/de\/wp-json\/wp\/v2\/media\/391"}],"wp:attachment":[{"href":"https:\/\/meat-machine.com\/de\/wp-json\/wp\/v2\/media?parent=389"}],"wp:term":[{"taxonomy":"post_tag","embeddable":true,"href":"https:\/\/meat-machine.com\/de\/wp-json\/wp\/v2\/tags?post=389"},{"taxonomy":"product-type","embeddable":true,"href":"https:\/\/meat-machine.com\/de\/wp-json\/wp\/v2\/product-type?post=389"}],"curies":[{"name":"wp","href":"https:\/\/api.w.org\/{rel}","templated":true}]}}