{"id":381,"date":"2023-03-22T13:36:28","date_gmt":"2023-03-22T05:36:28","guid":{"rendered":"https:\/\/meat-machine.com\/?post_type=product&#038;p=381"},"modified":"2023-03-22T13:36:30","modified_gmt":"2023-03-22T05:36:30","slug":"hahnchenfuse-hautschalmaschine","status":"publish","type":"product","link":"https:\/\/meat-machine.com\/de\/product\/chicken-feet-skin-peeling-machine\/","title":{"rendered":"H\u00fchnerf\u00fc\u00dfe-Hautsch\u00e4lmaschine zum Sch\u00e4len von H\u00fchnerf\u00fc\u00dfen"},"content":{"rendered":"<div class=\"kk-star-ratings kksr-auto kksr-align-left kksr-valign-top\"     data-payload='{&quot;align&quot;:&quot;left&quot;,&quot;id&quot;:&quot;381&quot;,&quot;slug&quot;:&quot;default&quot;,&quot;valign&quot;:&quot;top&quot;,&quot;ignore&quot;:&quot;&quot;,&quot;reference&quot;:&quot;auto&quot;,&quot;class&quot;:&quot;&quot;,&quot;count&quot;:&quot;18&quot;,&quot;legendonly&quot;:&quot;&quot;,&quot;readonly&quot;:&quot;&quot;,&quot;score&quot;:&quot;4.7&quot;,&quot;starsonly&quot;:&quot;&quot;,&quot;best&quot;:&quot;5&quot;,&quot;gap&quot;:&quot;5&quot;,&quot;greet&quot;:&quot;Rate this product&quot;,&quot;legend&quot;:&quot;4.7\\\/5 - (18 votes)&quot;,&quot;size&quot;:&quot;24&quot;,&quot;title&quot;:&quot;Chicken Feet Skin Peeling Machine for Peeling Chicken Feet&quot;,&quot;width&quot;:&quot;133.8&quot;,&quot;_legend&quot;:&quot;{score}\\\/{best} - ({count} {votes})&quot;,&quot;font_factor&quot;:&quot;1.25&quot;}'>              <div class=\"kksr-stars\">      <div class=\"kksr-stars-inactive\">             <div class=\"kksr-star\" data-star=\"1\" style=\"padding-right: 5px\">               <div class=\"kksr-icon\" style=\"width: 24px; height: 24px;\"><\/div>         <\/div>             <div class=\"kksr-star\" data-star=\"2\" style=\"padding-right: 5px\">               <div class=\"kksr-icon\" style=\"width: 24px; height: 24px;\"><\/div>         <\/div>             <div class=\"kksr-star\" data-star=\"3\" style=\"padding-right: 5px\">               <div class=\"kksr-icon\" style=\"width: 24px; height: 24px;\"><\/div>         <\/div>             <div class=\"kksr-star\" data-star=\"4\" style=\"padding-right: 5px\">               <div class=\"kksr-icon\" style=\"width: 24px; height: 24px;\"><\/div>         <\/div>             <div class=\"kksr-star\" data-star=\"5\" style=\"padding-right: 5px\">               <div class=\"kksr-icon\" style=\"width: 24px; height: 24px;\"><\/div>         <\/div>     <\/div>      <div class=\"kksr-stars-active\" style=\"width: 133.8px;\">             <div class=\"kksr-star\" style=\"padding-right: 5px\">               <div class=\"kksr-icon\" style=\"width: 24px; height: 24px;\"><\/div>         <\/div>             <div class=\"kksr-star\" style=\"padding-right: 5px\">               <div class=\"kksr-icon\" style=\"width: 24px; height: 24px;\"><\/div>         <\/div>             <div class=\"kksr-star\" style=\"padding-right: 5px\">               <div class=\"kksr-icon\" style=\"width: 24px; height: 24px;\"><\/div>         <\/div>             <div class=\"kksr-star\" style=\"padding-right: 5px\">               <div class=\"kksr-icon\" style=\"width: 24px; height: 24px;\"><\/div>         <\/div>             <div class=\"kksr-star\" style=\"padding-right: 5px\">               <div class=\"kksr-icon\" style=\"width: 24px; height: 24px;\"><\/div>         <\/div>     <\/div> <\/div>                   <div class=\"kksr-legend\" style=\"font-size: 19.2px;\">             4,7\/5 - (18 Stimmen)    <\/div>     <\/div>  <p class=\"wp-block-paragraph\">H\u00fchnerf\u00fc\u00dfe sind in vielen Kulturen der Welt eine beliebte Delikatesse. Allerdings ist das H\u00e4uten von H\u00fchnerscheren sowohl zeitaufw\u00e4ndig als auch langwierig. <\/p>    <p class=\"wp-block-paragraph\">Daher ist die H\u00e4hnchenf\u00fc\u00dfe-Hautsch\u00e4lmaschine zu einer unverzichtbaren Lebensmittelverarbeitungsmaschine geworden. Es kann Ihnen helfen, H\u00fchnerkrallen schnell, einfach und effizient zu h\u00e4uten.<\/p>   <div class=\"wp-block-image\"> <figure class=\"aligncenter size-full\"><img loading=\"lazy\" decoding=\"async\" width=\"720\" height=\"540\" src=\"https:\/\/meat-machine.com\/wp-content\/uploads\/2023\/03\/chicken-feet-skin-peeling-machine.webp\" alt=\"H\u00e4hnchenf\u00fc\u00dfe-Hautsch\u00e4lmaschine\" class=\"wp-image-384\" title=\"\" srcset=\"https:\/\/meat-machine.com\/wp-content\/uploads\/2023\/03\/chicken-feet-skin-peeling-machine.webp 720w, https:\/\/meat-machine.com\/wp-content\/uploads\/2023\/03\/chicken-feet-skin-peeling-machine-300x225.webp 300w\" sizes=\"auto, (max-width: 720px) 100vw, 720px\" \/><figcaption class=\"wp-element-caption\">H\u00e4hnchenf\u00fc\u00dfe-Hautsch\u00e4lmaschine<\/figcaption><\/figure> <\/div>   <h2 class=\"wp-block-heading\">Was macht eine H\u00e4hnchenf\u00fc\u00dfe-Sch\u00e4lmaschine?<\/h2>    <p class=\"wp-block-paragraph\">Die H\u00fchnerf\u00fc\u00dfe-Hautentfernungsmaschine ist eine Art Gefl\u00fcgelausr\u00fcstung zum schnellen und effizienten Enth\u00e4uten von H\u00fchnerf\u00fc\u00dfen. Das Funktionsprinzip der Maschine besteht darin, die Rotation der unteren Sch\u00fcttelscheibe durch das Untersetzungsgetriebe anzutreiben, so dass die H\u00fchnerf\u00fc\u00dfe im Zylinder f\u00fcr die Schneckenrotation sorgen. Die endg\u00fcltige Anwendung des gegenseitigen Reibungsprinzips zur Vervollst\u00e4ndigung der Hautentfernungsarbeit an den H\u00fchnerf\u00fc\u00dfen. Mit der handels\u00fcblichen H\u00e4hnchenf\u00fc\u00dfe-Sch\u00e4lmaschine k\u00f6nnen Sie die Haut des H\u00e4hnchens schnell entfernen und gleichzeitig die Unversehrtheit des Fleisches bewahren.<\/p>    <p class=\"wp-block-paragraph translation-block\">Insgesamt ist die H\u00fchnerf\u00fc\u00dfe-Hautabziehmaschine ein unverzichtbares Ausr\u00fcstungsst\u00fcck, das die Effizienz und Qualit\u00e4t der H\u00fchnerkrallenverarbeitung verbessern kann. Sie ist auch die Hauptmaschine in der <a href=\"https:\/\/meat-machine.com\/de\/produkt\/verarbeitungslinie-fur-huhnerfuse\/\">H\u00fchnerkrallenverarbeitungslinie<\/a>.<\/p>   <div class=\"wp-block-image\"> <figure class=\"aligncenter size-full\"><img loading=\"lazy\" decoding=\"async\" width=\"720\" height=\"540\" src=\"https:\/\/meat-machine.com\/wp-content\/uploads\/2023\/03\/chicken-feet.webp\" alt=\"H\u00fchnerf\u00fc\u00dfe\" class=\"wp-image-385\" title=\"\" srcset=\"https:\/\/meat-machine.com\/wp-content\/uploads\/2023\/03\/chicken-feet.webp 720w, https:\/\/meat-machine.com\/wp-content\/uploads\/2023\/03\/chicken-feet-300x225.webp 300w\" sizes=\"auto, (max-width: 720px) 100vw, 720px\" \/><figcaption class=\"wp-element-caption\">H\u00fchnerf\u00fc\u00dfe<\/figcaption><\/figure> <\/div>   <h2 class=\"wp-block-heading\">Parameter der automatischen H\u00e4hnchenf\u00fc\u00dfe-Hautsch\u00e4lmaschine<\/h2>    <figure class=\"wp-block-table\"><table><tbody><tr><td>Modell<\/td><td>TZ-C7000<\/td><\/tr><tr><td>Kapazit\u00e4t<\/td><td>2t\/h<\/td><\/tr><tr><td>Motorleistung<\/td><td>2,2 kW\/380 V<\/td><\/tr><tr><td>Wasserverbrauch<\/td><td>7-8t\/Tag<\/td><\/tr><tr><td>Gewicht<\/td><td>600kg<\/td><\/tr><tr><td>L\u00e4nge<\/td><td>3,5 m<\/td><\/tr><\/tbody><\/table><\/figure>    <h2 class=\"wp-block-heading\">Vorteile einer kommerziellen H\u00e4hnchenf\u00fc\u00dfe-Sch\u00e4lmaschine<\/h2>    <ol class=\"wp-block-list\"> <li>Ein H\u00fchnerklauensch\u00e4ler ist die beste Methode, H\u00fchnerf\u00fc\u00dfe zu sch\u00e4len. Es kann Ihnen helfen, Zeit zu sparen und Benutzern das Sch\u00e4len von mehr H\u00fchnerf\u00fc\u00dfen in k\u00fcrzerer Zeit zu erm\u00f6glichen.<\/li>    <li>Beim Sch\u00e4len der H\u00fchnerf\u00fc\u00dfe kann die Maschine die Unversehrtheit der H\u00fchnerf\u00fc\u00dfe sicherstellen und verursacht keine Sch\u00e4den an den H\u00fchnerf\u00fc\u00dfen.<\/li>    <li>Einfach zu bedienen. Die H\u00e4hnchenf\u00fc\u00dfe-Hautsch\u00e4lmaschine ist sehr einfach zu bedienen, auch eine Person kann diese Maschine sehr gut bedienen.<\/li>    <li><a href=\"https:\/\/en.wikipedia.org\/wiki\/Stainless_steel\" target=\"_blank\" rel=\"noopener\">Edelstahl<\/a> Material.<\/li>    <li>Der hohe Automatisierungsgrad.<\/li> <\/ol>   <div class=\"wp-block-image\"> <figure class=\"aligncenter size-full\"><img loading=\"lazy\" decoding=\"async\" width=\"720\" height=\"540\" src=\"https:\/\/meat-machine.com\/wp-content\/uploads\/2023\/03\/commercial-chicken-feet-peeling-machine.webp\" alt=\"kommerzielle H\u00e4hnchenf\u00fc\u00dfe-Sch\u00e4lmaschine\" class=\"wp-image-386\" title=\"\" srcset=\"https:\/\/meat-machine.com\/wp-content\/uploads\/2023\/03\/commercial-chicken-feet-peeling-machine.webp 720w, https:\/\/meat-machine.com\/wp-content\/uploads\/2023\/03\/commercial-chicken-feet-peeling-machine-300x225.webp 300w\" sizes=\"auto, (max-width: 720px) 100vw, 720px\" \/><figcaption class=\"wp-element-caption\">kommerzielle H\u00e4hnchenf\u00fc\u00dfe-Sch\u00e4lmaschine<\/figcaption><\/figure> <\/div>   <h2 class=\"wp-block-heading\">Wie kaufe ich eine geeignete H\u00e4hnchenf\u00fc\u00dfe-Sch\u00e4lmaschine?<\/h2>    <p class=\"wp-block-paragraph\">Bevor Sie einen H\u00e4hnchenf\u00fc\u00dfe-Sch\u00e4ler kaufen, m\u00fcssen Sie die Anzahl der H\u00e4hnchenf\u00fc\u00dfe, die Sie verarbeiten m\u00f6chten, den gew\u00fcnschten Automatisierungsgrad und Ihr Budget ber\u00fccksichtigen. Solange Sie diese Faktoren ber\u00fccksichtigen, kaufen Sie eindeutig eine Maschine, die Ihren Anforderungen entspricht.<\/p>   <div class=\"wp-block-image\"> <figure class=\"aligncenter size-full\"><img loading=\"lazy\" decoding=\"async\" width=\"720\" height=\"540\" src=\"https:\/\/meat-machine.com\/wp-content\/uploads\/2023\/03\/chicken-feet-processing.webp\" alt=\"Verarbeitung von H\u00fchnerf\u00fc\u00dfen\" class=\"wp-image-383\" title=\"\" srcset=\"https:\/\/meat-machine.com\/wp-content\/uploads\/2023\/03\/chicken-feet-processing.webp 720w, https:\/\/meat-machine.com\/wp-content\/uploads\/2023\/03\/chicken-feet-processing-300x225.webp 300w\" sizes=\"auto, (max-width: 720px) 100vw, 720px\" \/><figcaption class=\"wp-element-caption\">Verarbeitung von H\u00fchnerf\u00fc\u00dfen<\/figcaption><\/figure> <\/div>   <h2 class=\"wp-block-heading\">Arten von H\u00e4hnchenf\u00fc\u00dfen-Hautsch\u00e4lmaschinen<\/h2>    <p class=\"wp-block-paragraph\">Heutzutage sind auf dem Markt verschiedene Arten von H\u00e4hnchenf\u00fc\u00dfen-Sch\u00e4lmaschinen erh\u00e4ltlich. Einige Maschinen sind f\u00fcr den Heimgebrauch konzipiert, w\u00e4hrend ein anderer Maschinentyp f\u00fcr gewerbliche Umgebungen wie Lebensmittelverarbeitungsbetriebe konzipiert ist. Das hei\u00dft, wir haben die kommerzielle H\u00e4hnchenf\u00fc\u00dfe-Sch\u00e4lmaschine. Wenn Sie eine kommerzielle H\u00e4hnchenf\u00fc\u00dfe-Hautsch\u00e4lmaschine ben\u00f6tigen, k\u00f6nnen Sie sich gerne an uns wenden. Wir werden uns so schnell wie m\u00f6glich bei Ihnen melden.<\/p>","protected":false},"excerpt":{"rendered":"<p>Chicken feet are a popular delicacy in many cultures around the world. However, the process of skinning chicken claws is both time-consuming and tedious. Therefore, the chicken feet skin peeling machine has become an essential food processing machinery. It can help you skin chicken claws quickly, easily, and efficiently. What does a chicken feet peeling [&hellip;]<\/p>\n","protected":false},"author":1,"featured_media":382,"parent":0,"template":"","tags":[26],"product-type":[4],"class_list":["post-381","product","type-product","status-publish","has-post-thumbnail","hentry","tag-chicken-feet-processing","product-type-meat-grinder"],"_links":{"self":[{"href":"https:\/\/meat-machine.com\/de\/wp-json\/wp\/v2\/product\/381","targetHints":{"allow":["GET"]}}],"collection":[{"href":"https:\/\/meat-machine.com\/de\/wp-json\/wp\/v2\/product"}],"about":[{"href":"https:\/\/meat-machine.com\/de\/wp-json\/wp\/v2\/types\/product"}],"author":[{"embeddable":true,"href":"https:\/\/meat-machine.com\/de\/wp-json\/wp\/v2\/users\/1"}],"wp:featuredmedia":[{"embeddable":true,"href":"https:\/\/meat-machine.com\/de\/wp-json\/wp\/v2\/media\/382"}],"wp:attachment":[{"href":"https:\/\/meat-machine.com\/de\/wp-json\/wp\/v2\/media?parent=381"}],"wp:term":[{"taxonomy":"post_tag","embeddable":true,"href":"https:\/\/meat-machine.com\/de\/wp-json\/wp\/v2\/tags?post=381"},{"taxonomy":"product-type","embeddable":true,"href":"https:\/\/meat-machine.com\/de\/wp-json\/wp\/v2\/product-type?post=381"}],"curies":[{"name":"wp","href":"https:\/\/api.w.org\/{rel}","templated":true}]}}