{"id":37,"date":"2022-09-07T02:05:42","date_gmt":"2022-09-07T02:05:42","guid":{"rendered":"https:\/\/meat-machine.com\/?post_type=product&#038;p=37"},"modified":"2026-03-11T17:56:40","modified_gmt":"2026-03-11T09:56:40","slug":"automatische-huhner-schneidemaschine","status":"publish","type":"product","link":"https:\/\/meat-machine.com\/de\/product\/automatic-chicken-cutting-machine\/","title":{"rendered":"Automatische H\u00fchnerschneidemaschine"},"content":{"rendered":"<div class=\"kk-star-ratings kksr-auto kksr-align-left kksr-valign-top\"     data-payload='{&quot;align&quot;:&quot;left&quot;,&quot;id&quot;:&quot;37&quot;,&quot;slug&quot;:&quot;default&quot;,&quot;valign&quot;:&quot;top&quot;,&quot;ignore&quot;:&quot;&quot;,&quot;reference&quot;:&quot;auto&quot;,&quot;class&quot;:&quot;&quot;,&quot;count&quot;:&quot;14&quot;,&quot;legendonly&quot;:&quot;&quot;,&quot;readonly&quot;:&quot;&quot;,&quot;score&quot;:&quot;4.9&quot;,&quot;starsonly&quot;:&quot;&quot;,&quot;best&quot;:&quot;5&quot;,&quot;gap&quot;:&quot;5&quot;,&quot;greet&quot;:&quot;Rate this product&quot;,&quot;legend&quot;:&quot;4.9\\\/5 - (14 votes)&quot;,&quot;size&quot;:&quot;24&quot;,&quot;title&quot;:&quot;Automatic Chicken Cutting Machine&quot;,&quot;width&quot;:&quot;139.6&quot;,&quot;_legend&quot;:&quot;{score}\\\/{best} - ({count} {votes})&quot;,&quot;font_factor&quot;:&quot;1.25&quot;}'>              <div class=\"kksr-stars\">      <div class=\"kksr-stars-inactive\">             <div class=\"kksr-star\" data-star=\"1\" style=\"padding-right: 5px\">               <div class=\"kksr-icon\" style=\"width: 24px; height: 24px;\"><\/div>         <\/div>             <div class=\"kksr-star\" data-star=\"2\" style=\"padding-right: 5px\">               <div class=\"kksr-icon\" style=\"width: 24px; height: 24px;\"><\/div>         <\/div>             <div class=\"kksr-star\" data-star=\"3\" style=\"padding-right: 5px\">               <div class=\"kksr-icon\" style=\"width: 24px; height: 24px;\"><\/div>         <\/div>             <div class=\"kksr-star\" data-star=\"4\" style=\"padding-right: 5px\">               <div class=\"kksr-icon\" style=\"width: 24px; height: 24px;\"><\/div>         <\/div>             <div class=\"kksr-star\" data-star=\"5\" style=\"padding-right: 5px\">               <div class=\"kksr-icon\" style=\"width: 24px; height: 24px;\"><\/div>         <\/div>     <\/div>      <div class=\"kksr-stars-active\" style=\"width: 139.6px;\">             <div class=\"kksr-star\" style=\"padding-right: 5px\">               <div class=\"kksr-icon\" style=\"width: 24px; height: 24px;\"><\/div>         <\/div>             <div class=\"kksr-star\" style=\"padding-right: 5px\">               <div class=\"kksr-icon\" style=\"width: 24px; height: 24px;\"><\/div>         <\/div>             <div class=\"kksr-star\" style=\"padding-right: 5px\">               <div class=\"kksr-icon\" style=\"width: 24px; height: 24px;\"><\/div>         <\/div>             <div class=\"kksr-star\" style=\"padding-right: 5px\">               <div class=\"kksr-icon\" style=\"width: 24px; height: 24px;\"><\/div>         <\/div>             <div class=\"kksr-star\" style=\"padding-right: 5px\">               <div class=\"kksr-icon\" style=\"width: 24px; height: 24px;\"><\/div>         <\/div>     <\/div> <\/div>                   <div class=\"kksr-legend\" style=\"font-size: 19.2px;\">             4,9\/5 - (14 Bewertungen)    <\/div>     <\/div>  <p class=\"wp-block-paragraph translation-block\">Die <strong>H\u00fchnerzerlegemaschine<\/strong> kann eine Vielzahl von Fleischsorten effizient verarbeiten, wie Huhn, Ente, Fisch, Rind und Schwein. Durch die Simulation manueller Schneidmethoden erzeugt die Maschine saubere und gleichm\u00e4\u00dfige St\u00fccke, ohne das Fleisch zu zermalmen, was hochwertige Schnittergebnisse garantiert.<\/p>    <p class=\"wp-block-paragraph translation-block\">Mit einer <strong>Verarbeitungsleistung von 600 kg\/h<\/strong> kann die <strong>H\u00fchnerzerlegemaschine<\/strong> sowohl frisches als auch leicht gefrorenes Fleisch effizient verarbeiten. Die Schnittl\u00e4nge ist von <strong>15 bis 50 mm<\/strong> verstellbar, sodass Benutzer je nach Verarbeitungsbedarf unterschiedliche Fleischportionen erhalten k\u00f6nnen. <\/p>    <p class=\"wp-block-paragraph translation-block\">Dank seiner hohen Effizienz und Flexibilit\u00e4t wird dieses Ger\u00e4t h\u00e4ufig in <strong>Lebensmittelverarbeitungsbetrieben, Schlachth\u00f6fen, gro\u00dfen Kantinen, Superm\u00e4rkten und Restaurants<\/strong> eingesetzt.<\/p>    <figure class=\"wp-block-embed is-type-video is-provider-youtube wp-block-embed-youtube wp-embed-aspect-4-3 wp-has-aspect-ratio\"><div class=\"wp-block-embed__wrapper\"> <iframe loading=\"lazy\" title=\"Professionelle H\u00fchner-Schneideger\u00e4te | Fleischschneider-Bewertung #huhn #fleisch #lebensmittelverarbeitung #schneider\" width=\"422\" height=\"750\" src=\"https:\/\/www.youtube.com\/embed\/yGESe0FLSCo?feature=oembed\" frameborder=\"0\" allow=\"accelerometer; autoplay; clipboard-write; encrypted-media; gyroscope; picture-in-picture; web-share\" referrerpolicy=\"strict-origin-when-cross-origin\" allowfullscreen><\/iframe> <\/div><figcaption class=\"wp-element-caption\">H\u00fchnermaschine Arbeitsvideo<\/figcaption><\/figure>    <h2 id=\"h-video-of-automatic-chicken-cutting-machine\" class=\"wp-block-heading\">Anwendung einer automatischen H\u00fchnerschneidemaschine<\/h2>    <p class=\"wp-block-paragraph translation-block\">Die <strong>automatische H\u00fchnerzerlegemaschine<\/strong> eignet sich zum Schneiden einer Vielzahl von Fleischsorten, einschlie\u00dflich frischem Huhn, gefrorenem Huhn und ganzen H\u00fchnern. Sie kann auch andere Arten von gefrorenem Fleisch verarbeiten und ist somit eine vielseitige L\u00f6sung f\u00fcr die Fleischverarbeitung.<\/p>    <p class=\"wp-block-paragraph translation-block\">Dank seiner hohen Effizienz und Flexibilit\u00e4t wird dieses Ger\u00e4t h\u00e4ufig in <strong>Lebensmittelverarbeitungsbetrieben, Fleischverarbeitungsfabriken, Restaurants und gro\u00dfen Gemeinschaftskantinen<\/strong> eingesetzt. Neben H\u00fchnerzerlegemaschinen bieten wir auch <strong><a href=\"https:\/\/meat-machine.com\/de\/produkt\/fleischwurfelmaschine\/\" data-type=\"link\" data-id=\"https:\/\/meat-machine.com\/product\/meat-dicing-machine\/\">Fleischw\u00fcrfelmaschinen<\/a><\/strong> an, um unterschiedliche Fleischverarbeitungsbed\u00fcrfnisse zu erf\u00fcllen.<\/p>    <figure class=\"wp-block-image size-full\"><img loading=\"lazy\" decoding=\"async\" width=\"720\" height=\"540\" src=\"https:\/\/meat-machine.com\/wp-content\/uploads\/2022\/09\/Chicken-Cutting-Machine-1.webp\" alt=\"H\u00fchnerschneidemaschine\" class=\"wp-image-1172\" title=\"\" srcset=\"https:\/\/meat-machine.com\/wp-content\/uploads\/2022\/09\/Chicken-Cutting-Machine-1.webp 720w, https:\/\/meat-machine.com\/wp-content\/uploads\/2022\/09\/Chicken-Cutting-Machine-1-300x225.webp 300w, https:\/\/meat-machine.com\/wp-content\/uploads\/2022\/09\/Chicken-Cutting-Machine-1-16x12.webp 16w\" sizes=\"auto, (max-width: 720px) 100vw, 720px\" \/><figcaption class=\"wp-element-caption\">H\u00fchnerschneidemaschine<\/figcaption><\/figure>    <h2 class=\"wp-block-heading\">Struktur der Fleischschneidemaschine<\/h2>    <p class=\"wp-block-paragraph translation-block\">Die <strong>Fleischschneidemaschine<\/strong> ist mit einer stabilen und langlebigen Struktur konstruiert, um w\u00e4hrend des Betriebs pr\u00e4zises und effizientes Schneiden zu gew\u00e4hrleisten. Zu den Hauptkomponenten geh\u00f6ren:<\/p>    <div class=\"wp-block-media-text is-stacked-on-mobile\"><figure class=\"wp-block-media-text__media\"><img loading=\"lazy\" decoding=\"async\" width=\"720\" height=\"540\" src=\"https:\/\/meat-machine.com\/wp-content\/uploads\/2022\/09\/Automatic-Chicken-Cutting-Machine-details.webp\" alt=\"Details zur automatischen H\u00fchnerzerlegungsmaschine\" class=\"wp-image-805 size-full\" title=\"\" srcset=\"https:\/\/meat-machine.com\/wp-content\/uploads\/2022\/09\/Automatic-Chicken-Cutting-Machine-details.webp 720w, https:\/\/meat-machine.com\/wp-content\/uploads\/2022\/09\/Automatic-Chicken-Cutting-Machine-details-300x225.webp 300w, https:\/\/meat-machine.com\/wp-content\/uploads\/2022\/09\/Automatic-Chicken-Cutting-Machine-details-16x12.webp 16w\" sizes=\"auto, (max-width: 720px) 100vw, 720px\" \/><\/figure><div class=\"wp-block-media-text__content\"> <ul class=\"wp-block-list\"> <li><strong>Robuster Rahmen<\/strong> \u2013 Das robuste Maschinenrahmen unterst\u00fctzt die gesamte Struktur, sorgt f\u00fcr Stabilit\u00e4t und gew\u00e4hrleistet einen reibungslosen Betrieb bei kontinuierlichem Hochgeschwindigkeits-Schneiden.<\/li>    <li><strong>F\u00f6rderband-System<\/strong> \u2013 Das F\u00f6rderband transportiert das Fleisch gleichm\u00e4\u00dfig in den Schneidbereich, was eine kontinuierliche und effiziente Verarbeitung erm\u00f6glicht.<\/li>    <li><strong>Verschlei\u00dffeste Schneidebretter<\/strong> \u2013 Dieses Bauteil h\u00e4lt st\u00e4ndigem Kontakt mit den Klingen stand, verhindert Verformungen und sorgt f\u00fcr eine lange Lebensdauer.<\/li>    <li><strong>Getriebe\u00fcbertragungsmechanismus<\/strong> \u2013 Das Getriebesystem treibt die Schneidklingen mit stabiler Kraft und konstanter Geschwindigkeit an, was pr\u00e4zise und gleichm\u00e4\u00dfige Schnitte garantiert.<\/li>    <li><strong>F\u00fctterungsrollensystem<\/strong> \u2013 Die Rollen helfen, das Fleisch gleichm\u00e4\u00dfig in den Schneidbereich zuzuf\u00fchren, was einen reibungslosen Betrieb und konsistente Schnittergebnisse gew\u00e4hrleistet.<\/li> <\/ul> <\/div><\/div>    <p class=\"wp-block-paragraph translation-block\">Gemeinsam bilden diese Komponenten eine zuverl\u00e4ssige <strong>Fleischschneidemaschinenstruktur<\/strong>, die stabile Leistung und gleichm\u00e4\u00dfige Fleischverarbeitung gew\u00e4hrleistet.<\/p>    <h2 class=\"wp-block-heading\">Wie funktioniert die H\u00fchnerzerlegemaschine?<\/h2>    <div class=\"wp-block-media-text has-media-on-the-right is-stacked-on-mobile\"><div class=\"wp-block-media-text__content\"> <ul class=\"wp-block-list\"> <li><strong>Ladung:<\/strong> Ganze oder gefrorene H\u00fchner auf das Zuf\u00fchrtablett oder den F\u00f6rderer der Maschine legen.<\/li>    <li><strong>Positionierung:<\/strong> Die Maschine richtet das Huhn automatisch aus, um pr\u00e4zise Schnitte zu gew\u00e4hrleisten.<\/li>    <li><strong>Schnitt:<\/strong> Scharfe Klingen oder S\u00e4gen teilen das Huhn in mehrere Teile.<\/li>    <li><strong>Entladung:<\/strong> Zerschnittene St\u00fccke werden auf einem Tablett oder F\u00f6rderer gesammelt, bereit f\u00fcr Verpackung oder weitere Verarbeitung.<\/li> <\/ul> <\/div><figure class=\"wp-block-media-text__media\"><img loading=\"lazy\" decoding=\"async\" width=\"540\" height=\"720\" src=\"https:\/\/meat-machine.com\/wp-content\/uploads\/2022\/09\/meat-cutter.webp\" alt=\"Fleischschneider\" class=\"wp-image-1173 size-full\" title=\"\" srcset=\"https:\/\/meat-machine.com\/wp-content\/uploads\/2022\/09\/meat-cutter.webp 540w, https:\/\/meat-machine.com\/wp-content\/uploads\/2022\/09\/meat-cutter-225x300.webp 225w, https:\/\/meat-machine.com\/wp-content\/uploads\/2022\/09\/meat-cutter-9x12.webp 9w\" sizes=\"auto, (max-width: 540px) 100vw, 540px\" \/><\/figure><\/div>    <h2 id=\"h-what-are-the-characteristics-of-meat-cutting-equipment\" class=\"wp-block-heading\">Vorteile der H\u00fchnermaschine<\/h2>    <div class=\"wp-block-media-text is-stacked-on-mobile\"><figure class=\"wp-block-media-text__media\"><img loading=\"lazy\" decoding=\"async\" width=\"720\" height=\"540\" src=\"https:\/\/meat-machine.com\/wp-content\/uploads\/2022\/09\/commercial-chicken-cutter.webp\" alt=\"Kommerzielle H\u00fchnerzerlegemaschine\" class=\"wp-image-1174 size-full\" title=\"\" srcset=\"https:\/\/meat-machine.com\/wp-content\/uploads\/2022\/09\/commercial-chicken-cutter.webp 720w, https:\/\/meat-machine.com\/wp-content\/uploads\/2022\/09\/commercial-chicken-cutter-300x225.webp 300w, https:\/\/meat-machine.com\/wp-content\/uploads\/2022\/09\/commercial-chicken-cutter-16x12.webp 16w\" sizes=\"auto, (max-width: 720px) 100vw, 720px\" \/><\/figure><div class=\"wp-block-media-text__content\"> <ul class=\"wp-block-list\"> <li><strong>Vollautomatischer Betrieb<\/strong> \u2013 Das Ger\u00e4t arbeitet automatisch, verbessert die Schneideffizienz und reduziert manuelle Arbeit.<\/li>    <li><strong>Lebensmittelgeeignete Edelstahlstruktur<\/strong> \u2013 Aus hochwertigem Edelstahl gefertigt, gew\u00e4hrleistet Hygiene, Langlebigkeit und einfache Reinigung.<\/li>    <li><strong>Verstellbare Schnittst\u00e4rke<\/strong> \u2013 Die Maschine ist mit einem verstellbaren Schneidebrett ausgestattet, das es den Benutzern erm\u00f6glicht, die Schnittgr\u00f6\u00dfe je nach Verarbeitungsbedarf einfach zu steuern.<\/li> <\/ul> <\/div><\/div>    <div class=\"wp-block-media-text has-media-on-the-right is-stacked-on-mobile\"><div class=\"wp-block-media-text__content\"> <ul class=\"wp-block-list\"> <li><strong>Breite Anwendung f\u00fcr Gefl\u00fcgel<\/strong> \u2013 Geeignet zum Schneiden von Huhn, Ente, Gans und anderem frischem Gefl\u00fcgelfleisch.<\/li>    <li><strong>Robustes F\u00f6rdersystem<\/strong> \u2013 Das F\u00f6rderbanddesign sorgt f\u00fcr stabile Zuf\u00fchrung und langlebige Leistung.<\/li>    <li><strong>Ergonomisches Sicherheitsdesign<\/strong> \u2013 Ausgestattet mit Schutzsicherheitsfunktionen f\u00fcr einen sicheren Betrieb w\u00e4hrend des Schneidprozesses.<\/li> <\/ul> <\/div><figure class=\"wp-block-media-text__media\"><img loading=\"lazy\" decoding=\"async\" width=\"720\" height=\"540\" src=\"https:\/\/meat-machine.com\/wp-content\/uploads\/2022\/09\/Automatic-Chicken-Cutting-Machine-price.webp\" alt=\"Preis der automatischen H\u00fchnerzerlegungsmaschine\" class=\"wp-image-807 size-full\" title=\"\" srcset=\"https:\/\/meat-machine.com\/wp-content\/uploads\/2022\/09\/Automatic-Chicken-Cutting-Machine-price.webp 720w, https:\/\/meat-machine.com\/wp-content\/uploads\/2022\/09\/Automatic-Chicken-Cutting-Machine-price-300x225.webp 300w, https:\/\/meat-machine.com\/wp-content\/uploads\/2022\/09\/Automatic-Chicken-Cutting-Machine-price-16x12.webp 16w\" sizes=\"auto, (max-width: 720px) 100vw, 720px\" \/><\/figure><\/div>    <h2 id=\"h-automatic-chicken-cutting-machine-price-in-china\" class=\"wp-block-heading\">Was kostet die automatische H\u00fchnerzerlegemaschine?<\/h2>    <p class=\"wp-block-paragraph\">Der Preis einer automatischen H\u00fchnerzerlegemaschine variiert je nach Modell, Kapazit\u00e4t und optionalen Funktionen. In der Regel sind kleinere oder Basismodelle erschwinglicher, w\u00e4hrend Hochleistungs-Industrieanlagen h\u00f6here Kosten verursachen. <\/p>    <p class=\"wp-block-paragraph\">F\u00fcr eine genaue Preisgestaltung empfiehlt es sich, ein Angebot anzufordern, das auf Ihre spezifischen Anforderungen zugeschnitten ist, um den besten Wert f\u00fcr Ihre Investition zu erhalten.<\/p>    <figure class=\"wp-block-image size-full\"><img loading=\"lazy\" decoding=\"async\" width=\"540\" height=\"720\" src=\"https:\/\/meat-machine.com\/wp-content\/uploads\/2022\/09\/Chicken-Cutting-Machine-for-sale-1.webp\" alt=\"H\u00fchnerzerlegemaschine zum Verkauf\" class=\"wp-image-1175\" title=\"\" srcset=\"https:\/\/meat-machine.com\/wp-content\/uploads\/2022\/09\/Chicken-Cutting-Machine-for-sale-1.webp 540w, https:\/\/meat-machine.com\/wp-content\/uploads\/2022\/09\/Chicken-Cutting-Machine-for-sale-1-225x300.webp 225w, https:\/\/meat-machine.com\/wp-content\/uploads\/2022\/09\/Chicken-Cutting-Machine-for-sale-1-9x12.webp 9w\" sizes=\"auto, (max-width: 540px) 100vw, 540px\" \/><figcaption class=\"wp-element-caption\">H\u00fchnerzerlegemaschine zum Verkauf<\/figcaption><\/figure>    <h2 class=\"wp-block-heading\">Parameter der H\u00fchnerzerlegemaschine<\/h2>    <figure class=\"wp-block-table\"><table class=\"has-fixed-layout\"><thead><tr><th>Parameter<\/th><th>Spezifikation<\/th><\/tr><\/thead><tbody><tr><td>Stromspannung<\/td><td>220 V<\/td><\/tr><tr><td>Leistung<\/td><td>Dreiphasig 1,5 kW \/ Zweiphasig 3,5 kW<\/td><\/tr><tr><td>Kapazit\u00e4t<\/td><td>600 kg\/h<\/td><\/tr><tr><td>Schneidegr\u00f6\u00dfe<\/td><td>Anpassbar<\/td><\/tr><tr><td>Nettogewicht<\/td><td>260 kg<\/td><\/tr><tr><td>Maschinenma\u00dfe<\/td><td>1300 \u00d7 700 \u00d7 850 mm<\/td><\/tr><\/tbody><\/table><figcaption class=\"wp-element-caption\">Parameter des H\u00fchnerzerlegers<\/figcaption><\/figure>    <h2 class=\"wp-block-heading\">Kundenfallstudie zur Fleischschneidemaschine<\/h2>    <p class=\"wp-block-paragraph translation-block\">Ein Gefl\u00fcgelfleischverarbeitungsunternehmen in <strong>Brasilien<\/strong> hat k\u00fcrzlich unsere automatische H\u00fchnerzerlegemaschine gekauft, um die t\u00e4gliche Produktion ganzer H\u00fchner zu optimieren. Vor der Nutzung unserer Maschine war das Unternehmen auf manuelle Schnitte angewiesen, die langsam, arbeitsintensiv und ungleichm\u00e4\u00dfige Portionen zur Folge hatten. <\/p>    <p class=\"wp-block-paragraph translation-block\">Nach der Installation der Maschine konnten sie bis zu <strong>800\u20131.000 H\u00fchner pro Stunde<\/strong> verarbeiten, einschlie\u00dflich frischer und gefrorener V\u00f6gel, mit gleichm\u00e4\u00dfigen Schnitten jedes Mal. Die Automatisierung <strong>reduzierte die Arbeitskosten<\/strong> erheblich, minimierte Produktverschwendung und steigerte die Gesamteffizienz. <\/p>    <p class=\"wp-block-paragraph translation-block\">Der Kunde lobte auch unser Team f\u00fcr die Bereitstellung <strong>Vor-Ort-Installationsanleitung, Schulung der Bediener und reaktionsschnellen After-Sales-Support<\/strong>, was eine reibungslose Integration in ihre Produktionslinie sicherstellte.<\/p>    <figure class=\"wp-block-image size-full\"><img loading=\"lazy\" decoding=\"async\" width=\"540\" height=\"720\" src=\"https:\/\/meat-machine.com\/wp-content\/uploads\/2022\/09\/meat-cutting-machine.webp\" alt=\"Fleischschneidemaschine\" class=\"wp-image-1176\" title=\"\" srcset=\"https:\/\/meat-machine.com\/wp-content\/uploads\/2022\/09\/meat-cutting-machine.webp 540w, https:\/\/meat-machine.com\/wp-content\/uploads\/2022\/09\/meat-cutting-machine-225x300.webp 225w, https:\/\/meat-machine.com\/wp-content\/uploads\/2022\/09\/meat-cutting-machine-9x12.webp 9w\" sizes=\"auto, (max-width: 540px) 100vw, 540px\" \/><figcaption class=\"wp-element-caption\">Fleischschneidemaschine<\/figcaption><\/figure>    <h2 class=\"wp-block-heading\">Abschluss<\/h2>    <p class=\"wp-block-paragraph translation-block\">Die Investition in unsere <strong>automatische H\u00fchnerzerlegemaschine<\/strong> bedeutet Effizienz, Pr\u00e4zision und Zuverl\u00e4ssigkeit f\u00fcr Ihre Gefl\u00fcgelfleischverarbeitung. Ob Sie die Produktion steigern, Arbeitskosten senken oder gleichm\u00e4\u00dfige Schnitte gew\u00e4hrleisten m\u00f6chten, dieses Ger\u00e4t bietet hervorragende Leistung und langfristigen Wert.<\/p>    <p class=\"wp-block-paragraph translation-block\">Neben der H\u00fchnerzerlegemaschine bieten wir auch eine <strong><a href=\"https:\/\/meat-machine.com\/de\/produkt\/multifunktionale-fischschneidemaschine\/\" data-type=\"link\" data-id=\"https:\/\/meat-machine.com\/product\/multifunctional-fish-cutting-machine\/\">Fischschneidemaschine<\/a><\/strong> an, die f\u00fcr schnelles und pr\u00e4zises Fischportionieren entwickelt wurde und sich f\u00fcr Meeresfr\u00fcchteverarbeitungsbetriebe und Lebensmittelwerke eignet. Kunden k\u00f6nnen die passende Ausr\u00fcstung entsprechend ihren Verarbeitungsanforderungen ausw\u00e4hlen.<\/p>    <p class=\"wp-block-paragraph translation-block\"><strong>Kontaktieren Sie uns noch heute f\u00fcr ein pers\u00f6nliches Angebot und bringen Sie Ihre Produktionslinie auf das n\u00e4chste Level.<\/strong><\/p>","protected":false},"excerpt":{"rendered":"<p>Die H\u00fchnerzerlegemaschine kann effizient eine Vielzahl von Fleischsorten verarbeiten, wie Huhn, Ente, Fisch, Rind und Schwein.<\/p>","protected":false},"author":1,"featured_media":44,"parent":0,"template":"","tags":[10],"product-type":[2],"class_list":["post-37","product","type-product","status-publish","has-post-thumbnail","hentry","tag-meat-cutting-machine","product-type-meat-cutting-machine"],"_links":{"self":[{"href":"https:\/\/meat-machine.com\/de\/wp-json\/wp\/v2\/product\/37","targetHints":{"allow":["GET"]}}],"collection":[{"href":"https:\/\/meat-machine.com\/de\/wp-json\/wp\/v2\/product"}],"about":[{"href":"https:\/\/meat-machine.com\/de\/wp-json\/wp\/v2\/types\/product"}],"author":[{"embeddable":true,"href":"https:\/\/meat-machine.com\/de\/wp-json\/wp\/v2\/users\/1"}],"wp:featuredmedia":[{"embeddable":true,"href":"https:\/\/meat-machine.com\/de\/wp-json\/wp\/v2\/media\/44"}],"wp:attachment":[{"href":"https:\/\/meat-machine.com\/de\/wp-json\/wp\/v2\/media?parent=37"}],"wp:term":[{"taxonomy":"post_tag","embeddable":true,"href":"https:\/\/meat-machine.com\/de\/wp-json\/wp\/v2\/tags?post=37"},{"taxonomy":"product-type","embeddable":true,"href":"https:\/\/meat-machine.com\/de\/wp-json\/wp\/v2\/product-type?post=37"}],"curies":[{"name":"wp","href":"https:\/\/api.w.org\/{rel}","templated":true}]}}