{"id":363,"date":"2023-03-07T16:55:57","date_gmt":"2023-03-07T08:55:57","guid":{"rendered":"https:\/\/meat-machine.com\/?post_type=product&#038;p=363"},"modified":"2026-03-10T17:15:19","modified_gmt":"2026-03-10T09:15:19","slug":"fleischrauchermaschine","status":"publish","type":"product","link":"https:\/\/meat-machine.com\/de\/product\/meat-smoker-machine\/","title":{"rendered":"Fleischr\u00e4uchermaschine zum R\u00e4uchern von H\u00e4hnchen, Fisch und Wurst"},"content":{"rendered":"<div class=\"kk-star-ratings kksr-auto kksr-align-left kksr-valign-top\"     data-payload='{&quot;align&quot;:&quot;left&quot;,&quot;id&quot;:&quot;363&quot;,&quot;slug&quot;:&quot;default&quot;,&quot;valign&quot;:&quot;top&quot;,&quot;ignore&quot;:&quot;&quot;,&quot;reference&quot;:&quot;auto&quot;,&quot;class&quot;:&quot;&quot;,&quot;count&quot;:&quot;12&quot;,&quot;legendonly&quot;:&quot;&quot;,&quot;readonly&quot;:&quot;&quot;,&quot;score&quot;:&quot;4.8&quot;,&quot;starsonly&quot;:&quot;&quot;,&quot;best&quot;:&quot;5&quot;,&quot;gap&quot;:&quot;5&quot;,&quot;greet&quot;:&quot;Rate this product&quot;,&quot;legend&quot;:&quot;4.8\\\/5 - (12 votes)&quot;,&quot;size&quot;:&quot;24&quot;,&quot;title&quot;:&quot;Meat Smoker Machine for Smoking Chicken, Fish and Sausage&quot;,&quot;width&quot;:&quot;136.7&quot;,&quot;_legend&quot;:&quot;{score}\\\/{best} - ({count} {votes})&quot;,&quot;font_factor&quot;:&quot;1.25&quot;}'>              <div class=\"kksr-stars\">      <div class=\"kksr-stars-inactive\">             <div class=\"kksr-star\" data-star=\"1\" style=\"padding-right: 5px\">               <div class=\"kksr-icon\" style=\"width: 24px; height: 24px;\"><\/div>         <\/div>             <div class=\"kksr-star\" data-star=\"2\" style=\"padding-right: 5px\">               <div class=\"kksr-icon\" style=\"width: 24px; height: 24px;\"><\/div>         <\/div>             <div class=\"kksr-star\" data-star=\"3\" style=\"padding-right: 5px\">               <div class=\"kksr-icon\" style=\"width: 24px; height: 24px;\"><\/div>         <\/div>             <div class=\"kksr-star\" data-star=\"4\" style=\"padding-right: 5px\">               <div class=\"kksr-icon\" style=\"width: 24px; height: 24px;\"><\/div>         <\/div>             <div class=\"kksr-star\" data-star=\"5\" style=\"padding-right: 5px\">               <div class=\"kksr-icon\" style=\"width: 24px; height: 24px;\"><\/div>         <\/div>     <\/div>      <div class=\"kksr-stars-active\" style=\"width: 136.7px;\">             <div class=\"kksr-star\" style=\"padding-right: 5px\">               <div class=\"kksr-icon\" style=\"width: 24px; height: 24px;\"><\/div>         <\/div>             <div class=\"kksr-star\" style=\"padding-right: 5px\">               <div class=\"kksr-icon\" style=\"width: 24px; height: 24px;\"><\/div>         <\/div>             <div class=\"kksr-star\" style=\"padding-right: 5px\">               <div class=\"kksr-icon\" style=\"width: 24px; height: 24px;\"><\/div>         <\/div>             <div class=\"kksr-star\" style=\"padding-right: 5px\">               <div class=\"kksr-icon\" style=\"width: 24px; height: 24px;\"><\/div>         <\/div>             <div class=\"kksr-star\" style=\"padding-right: 5px\">               <div class=\"kksr-icon\" style=\"width: 24px; height: 24px;\"><\/div>         <\/div>     <\/div> <\/div>                   <div class=\"kksr-legend\" style=\"font-size: 19.2px;\">             4,8\/5 - (12 Bewertungen)    <\/div>     <\/div>  <p class=\"wp-block-paragraph translation-block\">Das <strong>Fleischr\u00e4ucherger\u00e4t<\/strong> wird zum R\u00e4uchern von W\u00fcrstchen, Schinken, Gefl\u00fcgel, Fisch und anderen Fleischprodukten verwendet, um deren Geschmack mit einem reichen rauchigen Aroma w\u00e4hrend der Verarbeitung zu verbessern.<\/p>    <p class=\"wp-block-paragraph translation-block\">Dieses <strong>Fleischr\u00e4ucherger\u00e4t<\/strong> ist vollautomatisch und integriert Funktionen wie Trocknen, Backen, R\u00e4uchern, F\u00e4rben und Absaugen. Es wird h\u00e4ufig in Fleischverarbeitungsbetrieben und Wurstproduktionslinien eingesetzt. Neben ger\u00e4uchertem Fleisch kann das Ger\u00e4t auch ger\u00e4ucherten Speck, W\u00fcrstchen, ger\u00e4ucherten Fisch und sogar ger\u00e4ucherten K\u00e4se verarbeiten.<\/p>    <p class=\"wp-block-paragraph translation-block\">Das <strong>Fleischr\u00e4ucherger\u00e4t<\/strong> unterst\u00fctzt sowohl Kalt- als auch Hei\u00dfr\u00e4uchern. Das Kaltr\u00e4uchern erfolgt typischerweise bei <strong>10\u201330\u00b0C<\/strong>, w\u00e4hrend das Hei\u00dfr\u00e4uchern je nach Produktanforderungen zwischen <strong>10\u2013100\u00b0C<\/strong> liegt. Verschiedene H\u00f6lzer, darunter Hickory, Mesquite, Apfelholz und Kirsche, k\u00f6nnen verwendet werden, um charakteristische rauchige Aromen zu erzeugen.<\/p>    <figure class=\"wp-block-embed is-type-video is-provider-youtube wp-block-embed-youtube wp-embed-aspect-9-16 wp-has-aspect-ratio\"><div class=\"wp-block-embed__wrapper\"> <iframe loading=\"lazy\" title=\"Gewerblicher Fleischr\u00e4ucherofen | Perfekt f\u00fcr Wurst und R\u00e4uchermet\" width=\"422\" height=\"750\" src=\"https:\/\/www.youtube.com\/embed\/nMbKB-s3k-E?feature=oembed\" frameborder=\"0\" allow=\"accelerometer; autoplay; clipboard-write; encrypted-media; gyroscope; picture-in-picture; web-share\" referrerpolicy=\"strict-origin-when-cross-origin\" allowfullscreen><\/iframe> <\/div><figcaption class=\"wp-element-caption\">Video zur Funktionsweise des Fleischr\u00e4ucherger\u00e4ts<\/figcaption><\/figure>    <h2 class=\"wp-block-heading\">Verkauf von H\u00e4hnchenr\u00e4ucherger\u00e4ten<\/h2>    <p class=\"wp-block-paragraph translation-block\">Unser <strong>H\u00e4hnchenr\u00e4ucherger\u00e4t zum Verkauf<\/strong> ist zum R\u00e4uchern und D\u00e4mpfen verschiedener Lebensmittel wie H\u00e4hnchen, W\u00fcrstchen, Schinken, Trockenw\u00fcrstchen, Barbecue und Fisch geeignet. Das Ger\u00e4t ist einfach zu bedienen, zuverl\u00e4ssig in der Leistung und geeignet f\u00fcr Fleischverarbeitungsbetriebe und Lebensmittelwerke.<\/p>    <p class=\"wp-block-paragraph\">Dieses H\u00e4hnchenr\u00e4ucherger\u00e4t verwendet manuelle elektrische Steuerung mit einem hohen Automatisierungsgrad. Es integriert mehrere Funktionen wie elektrische Heizung oder Dampferw\u00e4rmung (D\u00e4mpfen), Hei\u00dfluftzirkulation zum Trocknen oder Backen, R\u00e4uchern und Absaugen. Diese Funktionen k\u00f6nnen je nach Verarbeitungsanforderungen flexibel kombiniert werden. <\/p>    <p class=\"wp-block-paragraph\">Das Ger\u00e4t verf\u00fcgt \u00fcber eine doppelschichtige Edelstahlkonstruktion mit dicken Isolationsmaterialien, um den Energieverbrauch zu reduzieren. Zus\u00e4tzlich k\u00f6nnen Verarbeitungsparameter wie Zeit und Temperatur frei eingestellt werden, um eine pr\u00e4zise Steuerung zu gew\u00e4hrleisten. Das System ist au\u00dferdem mit zwei oder vier Temperatursensoren und einer automatischen Alarmfunktion ausgestattet, um einen sicheren und stabilen Betrieb w\u00e4hrend der Produktion zu gew\u00e4hrleisten.<\/p>    <figure class=\"wp-block-gallery has-nested-images columns-default is-cropped wp-block-gallery-2 is-layout-flex wp-block-gallery-is-layout-flex\"> <figure class=\"wp-block-image size-large\"><img loading=\"lazy\" decoding=\"async\" width=\"720\" height=\"540\" data-id=\"1157\" src=\"https:\/\/meat-machine.com\/wp-content\/uploads\/2023\/03\/cheese.webp\" alt=\"cheese\" class=\"wp-image-1157\" title=\"\" srcset=\"https:\/\/meat-machine.com\/wp-content\/uploads\/2023\/03\/cheese.webp 720w, https:\/\/meat-machine.com\/wp-content\/uploads\/2023\/03\/cheese-300x225.webp 300w, https:\/\/meat-machine.com\/wp-content\/uploads\/2023\/03\/cheese-16x12.webp 16w\" sizes=\"auto, (max-width: 720px) 100vw, 720px\" \/><figcaption class=\"wp-element-caption\">K\u00e4se<\/figcaption><\/figure>    <figure class=\"wp-block-image size-large\"><img loading=\"lazy\" decoding=\"async\" width=\"540\" height=\"720\" data-id=\"1158\" src=\"https:\/\/meat-machine.com\/wp-content\/uploads\/2023\/03\/food-smoking-machine.webp\" alt=\"Lebensmittelr\u00e4ucherger\u00e4t\" class=\"wp-image-1158\" title=\"\" srcset=\"https:\/\/meat-machine.com\/wp-content\/uploads\/2023\/03\/food-smoking-machine.webp 540w, https:\/\/meat-machine.com\/wp-content\/uploads\/2023\/03\/food-smoking-machine-225x300.webp 225w, https:\/\/meat-machine.com\/wp-content\/uploads\/2023\/03\/food-smoking-machine-9x12.webp 9w\" sizes=\"auto, (max-width: 540px) 100vw, 540px\" \/><figcaption class=\"wp-element-caption\">Lebensmittelr\u00e4ucherger\u00e4t<\/figcaption><\/figure> <\/figure>    <h2 class=\"wp-block-heading\">Struktur des Fleischr\u00e4ucherger\u00e4ts<\/h2>    <div class=\"wp-block-media-text is-stacked-on-mobile\"><figure class=\"wp-block-media-text__media\"><img loading=\"lazy\" decoding=\"async\" width=\"720\" height=\"540\" src=\"https:\/\/meat-machine.com\/wp-content\/uploads\/2023\/03\/Meat-Smoker-Machine-structure.webp\" alt=\"Struktur des Fleischr\u00e4ucherger\u00e4ts\" class=\"wp-image-1159 size-full\" title=\"\" srcset=\"https:\/\/meat-machine.com\/wp-content\/uploads\/2023\/03\/Meat-Smoker-Machine-structure.webp 720w, https:\/\/meat-machine.com\/wp-content\/uploads\/2023\/03\/Meat-Smoker-Machine-structure-300x225.webp 300w, https:\/\/meat-machine.com\/wp-content\/uploads\/2023\/03\/Meat-Smoker-Machine-structure-16x12.webp 16w\" sizes=\"auto, (max-width: 720px) 100vw, 720px\" \/><\/figure><div class=\"wp-block-media-text__content\"> <ul class=\"wp-block-list\"> <li><strong>Motor<\/strong>: Versorgt das Ger\u00e4t mit Strom und sorgt f\u00fcr einen stabilen Betrieb w\u00e4hrend des R\u00e4uchervorgangs.<\/li>    <li><strong>Rauchabgaberohr<\/strong>: \u00dcbertr\u00e4gt Rauch vom Raucherzeuger in die R\u00e4ucherkammer.<\/li>    <li><strong>PLC-Steuerkasten<\/strong>: Erm\u00f6glicht die automatische Steuerung von Temperatur, Zeit und R\u00e4ucherfunktionen f\u00fcr eine bequeme Bedienung.<\/li>    <li><strong>Externer Rauchgenerator<\/strong>: Produziert Rauch, der Fleisch und andere Lebensmittel ihren charakteristischen rauchigen Geschmack verleiht.<\/li>    <li><strong>Ansichtsfenster<\/strong>: Erm\u00f6glicht es den Bedienern, den R\u00e4uchervorgang im Inneren der Kammer zu beobachten.<\/li>    <li><strong>Griff<\/strong>: Erleichtert das \u00d6ffnen und Schlie\u00dfen der R\u00e4ucherkammert\u00fcr.<\/li> <\/ul> <\/div><\/div>    <h2 class=\"wp-block-heading\">Wie funktioniert die R\u00e4uchermaschine?<\/h2>    <div class=\"wp-block-media-text has-media-on-the-right is-stacked-on-mobile\"><div class=\"wp-block-media-text__content\"> <ul class=\"wp-block-list\"> <li><strong>S\u00e4gemehlzufuhr<\/strong>: S\u00e4gemehl wird durch den Trichter in die externe Rauchkammer gef\u00fcttert, und die Zufuhrrate wird vom R\u00fchrmotor gesteuert.<\/li>    <li><strong>Rauchentwicklung<\/strong>: Das U-f\u00f6rmige elektrische Heizelement erhitzt den S\u00e4gemehl, um Rauch f\u00fcr den R\u00e4uchervorgang zu erzeugen.<\/li>    <li><strong>Rauchzirkulation<\/strong>: Der erzeugte Rauch gelangt durch kleine L\u00f6cher in die R\u00e4ucherkammer und zirkuliert im Inneren des Ger\u00e4ts.<\/li>    <li><strong>L\u00fcfterverteilung<\/strong>: Ein Axialventilator treibt den Rauch von oben nach unten, sorgt f\u00fcr eine gleichm\u00e4\u00dfige Erw\u00e4rmung und R\u00e4ucherung der Lebensmittel.<\/li>    <li><strong>Temperatur\u00fcberwachung<\/strong>: Ein integrierter Temperatursensor \u00fcberwacht die Innentemperatur, um stabile R\u00e4ucherbedingungen zu gew\u00e4hrleisten.<\/li> <\/ul> <\/div><figure class=\"wp-block-media-text__media\"><img loading=\"lazy\" decoding=\"async\" width=\"540\" height=\"720\" src=\"https:\/\/meat-machine.com\/wp-content\/uploads\/2023\/03\/commercial-meat-smoker.webp\" alt=\"Gewerblicher Fleischr\u00e4ucherofen\" class=\"wp-image-1160 size-full\" title=\"\" srcset=\"https:\/\/meat-machine.com\/wp-content\/uploads\/2023\/03\/commercial-meat-smoker.webp 540w, https:\/\/meat-machine.com\/wp-content\/uploads\/2023\/03\/commercial-meat-smoker-225x300.webp 225w, https:\/\/meat-machine.com\/wp-content\/uploads\/2023\/03\/commercial-meat-smoker-9x12.webp 9w\" sizes=\"auto, (max-width: 540px) 100vw, 540px\" \/><\/figure><\/div>    <h2 class=\"wp-block-heading\">Technische Parameter der Fleischr\u00e4uchermaschine<\/h2>    <figure class=\"wp-block-table\"><table class=\"has-fixed-layout\"><tbody><tr><td>Modell<\/td><td>Kapazit\u00e4t(kg\/Charge)<\/td><td>Leistung (kw)<\/td><td>Gewicht (kg)<\/td><td>Gr\u00f6\u00dfe (mm)<\/td><\/tr><tr><td>TZ-30<\/td><td>30<\/td><td>16.5<\/td><td>350<\/td><td>2000*1100*1500<\/td><\/tr><tr><td>TZ-50<\/td><td>50<\/td><td>16.5<\/td><td>450<\/td><td>2100*1150*1715<\/td><\/tr><tr><td>TZ-100<\/td><td>100<\/td><td>18<\/td><td>500<\/td><td>2100*1200*2020<\/td><\/tr><tr><td>TZ-150<\/td><td>150<\/td><td>18<\/td><td>550<\/td><td>2320*1220*2510<\/td><\/tr><tr><td>TZ-200<\/td><td>200<\/td><td>19<\/td><td>600<\/td><td>2310*1370*2500<\/td><\/tr><tr><td>TZ-250<\/td><td>300<\/td><td>19<\/td><td>700<\/td><td>2350*1500*3000<\/td><\/tr><tr><td>TZ-500<\/td><td>500<\/td><td>35<\/td><td>1200<\/td><td>2420*2200*3000<\/td><\/tr><tr><td>TZ-1000<\/td><td>1000<\/td><td>67<\/td><td>2400<\/td><td>2500*4400*3000<\/td><\/tr><\/tbody><\/table><figcaption class=\"wp-element-caption\">Parameter des Fleischr\u00e4ucherger\u00e4ts<\/figcaption><\/figure>    <figure class=\"wp-block-gallery has-nested-images columns-default is-cropped wp-block-gallery-3 is-layout-flex wp-block-gallery-is-layout-flex\"> <figure class=\"wp-block-image size-large\"><img loading=\"lazy\" decoding=\"async\" width=\"540\" height=\"720\" data-id=\"1161\" src=\"https:\/\/meat-machine.com\/wp-content\/uploads\/2023\/03\/chicken-smoker.webp\" alt=\"H\u00e4hnchenr\u00e4ucherofen\" class=\"wp-image-1161\" title=\"\" srcset=\"https:\/\/meat-machine.com\/wp-content\/uploads\/2023\/03\/chicken-smoker.webp 540w, https:\/\/meat-machine.com\/wp-content\/uploads\/2023\/03\/chicken-smoker-225x300.webp 225w, https:\/\/meat-machine.com\/wp-content\/uploads\/2023\/03\/chicken-smoker-9x12.webp 9w\" sizes=\"auto, (max-width: 540px) 100vw, 540px\" \/><figcaption class=\"wp-element-caption\">H\u00e4hnchenr\u00e4ucherofen<\/figcaption><\/figure>    <figure class=\"wp-block-image size-large\"><img loading=\"lazy\" decoding=\"async\" width=\"540\" height=\"720\" data-id=\"1162\" src=\"https:\/\/meat-machine.com\/wp-content\/uploads\/2023\/03\/food-smoker.webp\" alt=\"Fleischr\u00e4ucherofen\" class=\"wp-image-1162\" title=\"\" srcset=\"https:\/\/meat-machine.com\/wp-content\/uploads\/2023\/03\/food-smoker.webp 540w, https:\/\/meat-machine.com\/wp-content\/uploads\/2023\/03\/food-smoker-225x300.webp 225w, https:\/\/meat-machine.com\/wp-content\/uploads\/2023\/03\/food-smoker-9x12.webp 9w\" sizes=\"auto, (max-width: 540px) 100vw, 540px\" \/><figcaption class=\"wp-element-caption\">Lebensmittelr\u00e4ucherofen<\/figcaption><\/figure> <\/figure>    <h2 class=\"wp-block-heading\">Vorteile des Fleischr\u00e4ucherger\u00e4ts<\/h2>    <ul class=\"wp-block-list\"> <li><strong>Pr\u00e4zise Temperaturkontrolle<\/strong>: Das Pilotdampfelement steuert den Dampffluss pr\u00e4zise, sorgt f\u00fcr einen stabilen Betrieb und h\u00e4lt die Temperaturdifferenz im Inneren innerhalb von <strong>1\u00b0C<\/strong>.<\/li>    <li><strong>Gleichm\u00e4\u00dfiges Heizungssystem<\/strong>: Dynamisch ausbalancierte Ventilatorbl\u00e4tter, die bei <strong>3000 U\/min<\/strong> starken Luftstrom mit einer Windgeschwindigkeit von bis zu bieten <strong>25 m\/s<\/strong>, die eine gleichm\u00e4\u00dfige Temperaturverteilung im gesamten Inneren gew\u00e4hrleistet.<\/li>    <li><strong>Stabile Rauchentwicklung<\/strong>: Das Ger\u00e4t verwendet einen <strong>Holzpartikels Rauchgenerator<\/strong>, die stabilen Rauch erzeugt, schnelles F\u00e4rben der Lebensmittel erm\u00f6glicht und f\u00fcr sauberen Rauch im Inneren sorgt.<\/li>    <li><strong>Einfache Reinigung und Wartung<\/strong>: Ausgestattet mit einem <strong>Hochdruck-Pipelinepumpe<\/strong> und Mehrwinkeld\u00fcsen, das System reinigt effektiv Spulen und Rauchrohre, erh\u00e4lt die Hygiene und sorgt f\u00fcr einen effizienten Betrieb.<\/li> <\/ul>    <div class=\"wp-block-columns is-layout-flex wp-container-core-columns-is-layout-8f761849 wp-block-columns-is-layout-flex\"> <div class=\"wp-block-column is-layout-flow wp-block-column-is-layout-flow\"> <figure class=\"wp-block-image size-full\"><img loading=\"lazy\" decoding=\"async\" width=\"720\" height=\"540\" src=\"https:\/\/meat-machine.com\/wp-content\/uploads\/2023\/03\/sausage.webp\" alt=\"Wurst\" class=\"wp-image-371\" title=\"\" srcset=\"https:\/\/meat-machine.com\/wp-content\/uploads\/2023\/03\/sausage.webp 720w, https:\/\/meat-machine.com\/wp-content\/uploads\/2023\/03\/sausage-300x225.webp 300w\" sizes=\"auto, (max-width: 720px) 100vw, 720px\" \/><figcaption class=\"wp-element-caption\">Wurst<\/figcaption><\/figure> <\/div>    <div class=\"wp-block-column is-layout-flow wp-block-column-is-layout-flow\"> <figure class=\"wp-block-image size-full\"><img loading=\"lazy\" decoding=\"async\" width=\"720\" height=\"540\" src=\"https:\/\/meat-machine.com\/wp-content\/uploads\/2023\/03\/pork.webp\" alt=\"Schweinefleisch\" class=\"wp-image-370\" title=\"\" srcset=\"https:\/\/meat-machine.com\/wp-content\/uploads\/2023\/03\/pork.webp 720w, https:\/\/meat-machine.com\/wp-content\/uploads\/2023\/03\/pork-300x225.webp 300w\" sizes=\"auto, (max-width: 720px) 100vw, 720px\" \/><figcaption class=\"wp-element-caption\">Schweinefleisch<\/figcaption><\/figure> <\/div> <\/div>    <h2 class=\"wp-block-heading\">Wie reinigt man einen Fleischr\u00e4ucherofen?<\/h2>    <div class=\"wp-block-media-text is-stacked-on-mobile\"><figure class=\"wp-block-media-text__media\"><img loading=\"lazy\" decoding=\"async\" width=\"540\" height=\"720\" src=\"https:\/\/meat-machine.com\/wp-content\/uploads\/2023\/03\/Meat-Smoker-Machine-price.webp\" alt=\"Preis f\u00fcr Fleischr\u00e4ucherger\u00e4t\" class=\"wp-image-1163 size-full\" title=\"\" srcset=\"https:\/\/meat-machine.com\/wp-content\/uploads\/2023\/03\/Meat-Smoker-Machine-price.webp 540w, https:\/\/meat-machine.com\/wp-content\/uploads\/2023\/03\/Meat-Smoker-Machine-price-225x300.webp 225w, https:\/\/meat-machine.com\/wp-content\/uploads\/2023\/03\/Meat-Smoker-Machine-price-9x12.webp 9w\" sizes=\"auto, (max-width: 540px) 100vw, 540px\" \/><\/figure><div class=\"wp-block-media-text__content\"> <ul class=\"wp-block-list\"> <li><strong>Reinigungsfrequenz<\/strong> <ul class=\"wp-block-list\"> <li>Reinigen Sie den R\u00e4ucherofen nach jedem Gebrauch, um Hygiene und Leistung zu erhalten.<\/li> <\/ul> <\/li>    <li><strong>Reinigungsbereiche<\/strong> <ul class=\"wp-block-list\"> <li>Konzentrieren Sie sich auf das Rauchrohr und das Innere der R\u00e4ucherkammer. Mit ausreichendem Pumpdruck k\u00f6nnen alle Teile gleichzeitig ge\u00f6ffnet werden. Eine Abdeckung am Rauchrohr erm\u00f6glicht manuellen Zugang, um bei Bedarf hartn\u00e4ckigen Schmutz zu entfernen.<\/li> <\/ul> <\/li>    <li><strong>Reinigungsl\u00f6sung<\/strong> <ul class=\"wp-block-list\"> <li>Verwenden Sie eine 3\u20135% Natronlauge-L\u00f6sung. Sp\u00fclen Sie gr\u00fcndlich mit sauberem Wasser, um verbleibende alkalische L\u00f6sung oder Ablagerungen zu entfernen.<\/li> <\/ul> <\/li> <\/ul> <\/div><\/div>    <ul class=\"wp-block-list\"> <li><strong>Reinigungsschritte<\/strong> <ul class=\"wp-block-list\"> <li>Heizen Sie den R\u00e4ucherofen auf 70\u201380\u00b0C. Spr\u00fchen Sie die Reinigungsl\u00f6sung mit einer Wasserpumpe auf und lassen Sie sie 2\u20133 Minuten einwirken.<\/li>    <li>Gie\u00dfen Sie sauberes Wasser in den Reinigungsbeh\u00e4lter und sp\u00fclen Sie den R\u00e4ucherofen gr\u00fcndlich aus. Wiederholen Sie das Sp\u00fclen bei Bedarf.<\/li> <\/ul> <\/li>    <li><strong>Sicherheitsvorkehrungen<\/strong> <ul class=\"wp-block-list\"> <li>Vermeiden Sie es, Wasser auf die Steuerbox oder den Computer zu spritzen.<\/li>    <li>Bediener m\u00fcssen beim Reinigen Schutzausr\u00fcstung tragen.<\/li> <\/ul> <\/li> <\/ul>    <figure class=\"wp-block-gallery has-nested-images columns-default is-cropped wp-block-gallery-4 is-layout-flex wp-block-gallery-is-layout-flex\"> <figure class=\"wp-block-image size-full\"><img loading=\"lazy\" decoding=\"async\" width=\"540\" height=\"720\" data-id=\"1164\" src=\"https:\/\/meat-machine.com\/wp-content\/uploads\/2023\/03\/Meat-Smoker-Machine-1.webp\" alt=\"Fleischr\u00e4ucherger\u00e4t\" class=\"wp-image-1164\" title=\"\" srcset=\"https:\/\/meat-machine.com\/wp-content\/uploads\/2023\/03\/Meat-Smoker-Machine-1.webp 540w, https:\/\/meat-machine.com\/wp-content\/uploads\/2023\/03\/Meat-Smoker-Machine-1-225x300.webp 225w, https:\/\/meat-machine.com\/wp-content\/uploads\/2023\/03\/Meat-Smoker-Machine-1-9x12.webp 9w\" sizes=\"auto, (max-width: 540px) 100vw, 540px\" \/><figcaption class=\"wp-element-caption\">Fleischr\u00e4ucherger\u00e4t<\/figcaption><\/figure>    <figure class=\"wp-block-image size-full\"><img loading=\"lazy\" decoding=\"async\" width=\"540\" height=\"720\" data-id=\"1165\" src=\"https:\/\/meat-machine.com\/wp-content\/uploads\/2023\/03\/meat-smoking-machine.webp\" alt=\"Fleischr\u00e4uchermaschine\" class=\"wp-image-1165\" title=\"\" srcset=\"https:\/\/meat-machine.com\/wp-content\/uploads\/2023\/03\/meat-smoking-machine.webp 540w, https:\/\/meat-machine.com\/wp-content\/uploads\/2023\/03\/meat-smoking-machine-225x300.webp 225w, https:\/\/meat-machine.com\/wp-content\/uploads\/2023\/03\/meat-smoking-machine-9x12.webp 9w\" sizes=\"auto, (max-width: 540px) 100vw, 540px\" \/><figcaption class=\"wp-element-caption\">Fleischr\u00e4ucherofen<\/figcaption><\/figure> <\/figure>    <h2 class=\"wp-block-heading\">Abschluss<\/h2>    <p class=\"wp-block-paragraph translation-block\">Unser <strong>Fleischr\u00e4ucherger\u00e4t<\/strong> liefert konsistente R\u00e4uchergebnisse, ist leicht zu reinigen und zuverl\u00e4ssig in der Leistung. Kontaktieren Sie uns noch heute f\u00fcr ein Angebot und lassen Sie uns Ihnen bei der Auswahl des passenden Modells helfen. <\/p>    <p class=\"wp-block-paragraph translation-block\">Wir bieten auch eine breite Palette anderer Lebensmittelverarbeitungsmaschinen an, von <a href=\"https:\/\/meat-machine.com\/de\/produkte\/fleischwolf\/\" data-type=\"link\" data-id=\"https:\/\/meat-machine.com\/products\/meat-grinder\/\">Fleischw\u00f6lfen<\/a> bis <a href=\"https:\/\/meat-machine.com\/de\/produkt\/wurstverarbeitungslinie\/\" data-type=\"link\" data-id=\"https:\/\/meat-machine.com\/product\/sausage-processing-line\/\">Wurstmaschinen<\/a>\u2014erkunden Sie unser vollst\u00e4ndiges Sortiment und finden Sie die perfekte L\u00f6sung f\u00fcr Ihre Produktionslinie!<\/p>","protected":false},"excerpt":{"rendered":"<p>Das Fleischr\u00e4ucherger\u00e4t wird zum R\u00e4uchern von W\u00fcrstchen, Schinken, Gefl\u00fcgel, Fisch und anderen Fleischprodukten verwendet, um deren Geschmack w\u00e4hrend der Verarbeitung mit einem reichen rauchigen Aroma zu verbessern.<\/p>","protected":false},"author":1,"featured_media":375,"parent":0,"template":"","tags":[27],"product-type":[4],"class_list":["post-363","product","type-product","status-publish","has-post-thumbnail","hentry","tag-smoke-oven","product-type-meat-grinder"],"_links":{"self":[{"href":"https:\/\/meat-machine.com\/de\/wp-json\/wp\/v2\/product\/363","targetHints":{"allow":["GET"]}}],"collection":[{"href":"https:\/\/meat-machine.com\/de\/wp-json\/wp\/v2\/product"}],"about":[{"href":"https:\/\/meat-machine.com\/de\/wp-json\/wp\/v2\/types\/product"}],"author":[{"embeddable":true,"href":"https:\/\/meat-machine.com\/de\/wp-json\/wp\/v2\/users\/1"}],"wp:featuredmedia":[{"embeddable":true,"href":"https:\/\/meat-machine.com\/de\/wp-json\/wp\/v2\/media\/375"}],"wp:attachment":[{"href":"https:\/\/meat-machine.com\/de\/wp-json\/wp\/v2\/media?parent=363"}],"wp:term":[{"taxonomy":"post_tag","embeddable":true,"href":"https:\/\/meat-machine.com\/de\/wp-json\/wp\/v2\/tags?post=363"},{"taxonomy":"product-type","embeddable":true,"href":"https:\/\/meat-machine.com\/de\/wp-json\/wp\/v2\/product-type?post=363"}],"curies":[{"name":"wp","href":"https:\/\/api.w.org\/{rel}","templated":true}]}}