{"id":283,"date":"2023-01-16T17:55:26","date_gmt":"2023-01-16T09:55:26","guid":{"rendered":"https:\/\/meat-machine.com\/?post_type=product&#038;p=283"},"modified":"2026-03-04T16:48:42","modified_gmt":"2026-03-04T08:48:42","slug":"gewerbliche-knochensage-maschine","status":"publish","type":"product","link":"https:\/\/meat-machine.com\/de\/product\/commercial-bone-saw-machine\/","title":{"rendered":"Kommerzielle Knochens\u00e4gemaschine | Kommerzielle Fleischbands\u00e4ge"},"content":{"rendered":"<div class=\"kk-star-ratings kksr-auto kksr-align-left kksr-valign-top\"     data-payload='{&quot;align&quot;:&quot;left&quot;,&quot;id&quot;:&quot;283&quot;,&quot;slug&quot;:&quot;default&quot;,&quot;valign&quot;:&quot;top&quot;,&quot;ignore&quot;:&quot;&quot;,&quot;reference&quot;:&quot;auto&quot;,&quot;class&quot;:&quot;&quot;,&quot;count&quot;:&quot;15&quot;,&quot;legendonly&quot;:&quot;&quot;,&quot;readonly&quot;:&quot;&quot;,&quot;score&quot;:&quot;4.7&quot;,&quot;starsonly&quot;:&quot;&quot;,&quot;best&quot;:&quot;5&quot;,&quot;gap&quot;:&quot;5&quot;,&quot;greet&quot;:&quot;Rate this product&quot;,&quot;legend&quot;:&quot;4.7\\\/5 - (15 votes)&quot;,&quot;size&quot;:&quot;24&quot;,&quot;title&quot;:&quot;Commercial Bone Saw Machine | Commercial Meat Band Saw&quot;,&quot;width&quot;:&quot;133.8&quot;,&quot;_legend&quot;:&quot;{score}\\\/{best} - ({count} {votes})&quot;,&quot;font_factor&quot;:&quot;1.25&quot;}'>              <div class=\"kksr-stars\">      <div class=\"kksr-stars-inactive\">             <div class=\"kksr-star\" data-star=\"1\" style=\"padding-right: 5px\">               <div class=\"kksr-icon\" style=\"width: 24px; height: 24px;\"><\/div>         <\/div>             <div class=\"kksr-star\" data-star=\"2\" style=\"padding-right: 5px\">               <div class=\"kksr-icon\" style=\"width: 24px; height: 24px;\"><\/div>         <\/div>             <div class=\"kksr-star\" data-star=\"3\" style=\"padding-right: 5px\">               <div class=\"kksr-icon\" style=\"width: 24px; height: 24px;\"><\/div>         <\/div>             <div class=\"kksr-star\" data-star=\"4\" style=\"padding-right: 5px\">               <div class=\"kksr-icon\" style=\"width: 24px; height: 24px;\"><\/div>         <\/div>             <div class=\"kksr-star\" data-star=\"5\" style=\"padding-right: 5px\">               <div class=\"kksr-icon\" style=\"width: 24px; height: 24px;\"><\/div>         <\/div>     <\/div>      <div class=\"kksr-stars-active\" style=\"width: 133.8px;\">             <div class=\"kksr-star\" style=\"padding-right: 5px\">               <div class=\"kksr-icon\" style=\"width: 24px; height: 24px;\"><\/div>         <\/div>             <div class=\"kksr-star\" style=\"padding-right: 5px\">               <div class=\"kksr-icon\" style=\"width: 24px; height: 24px;\"><\/div>         <\/div>             <div class=\"kksr-star\" style=\"padding-right: 5px\">               <div class=\"kksr-icon\" style=\"width: 24px; height: 24px;\"><\/div>         <\/div>             <div class=\"kksr-star\" style=\"padding-right: 5px\">               <div class=\"kksr-icon\" style=\"width: 24px; height: 24px;\"><\/div>         <\/div>             <div class=\"kksr-star\" style=\"padding-right: 5px\">               <div class=\"kksr-icon\" style=\"width: 24px; height: 24px;\"><\/div>         <\/div>     <\/div> <\/div>                   <div class=\"kksr-legend\" style=\"font-size: 19.2px;\">             4,7\/5 - (15 Bewertungen)    <\/div>     <\/div>  <p class=\"wp-block-paragraph\">Die Handels-Knochens\u00e4ge Maschine kann schnell und pr\u00e4zise verschiedene Knochen- und Tiefk\u00fchlfleischprodukte schneiden. <\/p>    <p class=\"wp-block-paragraph\">Ausgestattet mit einem Hochgeschwindigkeits-Bands\u00e4gesystem arbeitet die Maschine reibungslos und liefert saubere, gleichm\u00e4\u00dfige Schnittfl\u00e4chen, was die Verarbeitungseffizienz erheblich verbessert und die Arbeitskosten senkt. <\/p>    <p class=\"wp-block-paragraph\">Mit einem verstellbaren Schnittbreitenbereich von 0\u2013580 mm kann sie unterschiedliche Gr\u00f6\u00dfenanforderungen erf\u00fcllen und wird h\u00e4ufig in Lebensmittelverarbeitungsbetrieben, Zentral-K\u00fcchen und Fleischschneidewerkst\u00e4tten eingesetzt.<\/p>    <figure class=\"wp-block-embed is-type-video is-provider-youtube wp-block-embed-youtube wp-embed-aspect-9-16 wp-has-aspect-ratio\"><div class=\"wp-block-embed__wrapper\"> <iframe loading=\"lazy\" title=\"Industrielle Knochens\u00e4ge Maschine f\u00fcr Fleischverarbeitungsanlage #knochen #lebensmittelverarbeitung #lebensmittelmaschine\" width=\"422\" height=\"750\" src=\"https:\/\/www.youtube.com\/embed\/LKkPTC52Qh4?feature=oembed\" frameborder=\"0\" allow=\"accelerometer; autoplay; clipboard-write; encrypted-media; gyroscope; picture-in-picture; web-share\" referrerpolicy=\"strict-origin-when-cross-origin\" allowfullscreen><\/iframe> <\/div><figcaption class=\"wp-element-caption\">Video der Handels-Knochens\u00e4ge Maschine in Betrieb<\/figcaption><\/figure>    <h2 class=\"wp-block-heading\">Anwendungen der elektrischen Knochens\u00e4ge<\/h2>    <p class=\"wp-block-paragraph\">Die elektrische Knochens\u00e4ge ist \u00e4u\u00dferst vielseitig und f\u00fcr eine Vielzahl von Fleischverarbeitungsaufgaben geeignet. Sie kann effizient kleine bis mittelgro\u00dfe Tierknochen, Rippen, frisches Fleisch, gefrorenes Fleisch und gefrorenen Fisch schneiden. <\/p>    <p class=\"wp-block-paragraph\">Diese Vielseitigkeit macht sie ideal f\u00fcr den Einsatz in Fleischverarbeitungsbetrieben, Schlachth\u00f6fen, Lebensmittelwerken und gro\u00dfen K\u00fcchen oder Restaurants. <\/p>    <p class=\"wp-block-paragraph translation-block\">Neben der Knochens\u00e4ge bieten wir auch spezialisierte <a href=\"https:\/\/meat-machine.com\/de\/produkt\/fleischwurfelmaschine\/\" data-type=\"link\" data-id=\"https:\/\/meat-machine.com\/product\/meat-dicing-machine\/\">Fleischschneidemaschinen<\/a> und <a href=\"https:\/\/meat-machine.com\/de\/produkt\/knochenschleifer\/\" data-type=\"link\" data-id=\"https:\/\/meat-machine.com\/product\/bone-grinder\/\">Knochenzerkleinerungsmaschinen<\/a> an, um vollst\u00e4ndige Fleischverarbeitungsl\u00f6sungen zu unterst\u00fctzen.<\/p>   <div class=\"wp-block-image\"> <figure class=\"aligncenter size-full\"><img loading=\"lazy\" decoding=\"async\" width=\"720\" height=\"540\" src=\"https:\/\/meat-machine.com\/wp-content\/uploads\/2023\/01\/application.webp\" alt=\"Anwendung\" class=\"wp-image-284\" title=\"\" srcset=\"https:\/\/meat-machine.com\/wp-content\/uploads\/2023\/01\/application.webp 720w, https:\/\/meat-machine.com\/wp-content\/uploads\/2023\/01\/application-300x225.webp 300w\" sizes=\"auto, (max-width: 720px) 100vw, 720px\" \/><figcaption class=\"wp-element-caption\">Anwendung<\/figcaption><\/figure> <\/div>   <h2 class=\"wp-block-heading\">Struktur der Knochens\u00e4ge Maschine<\/h2>    <div class=\"wp-block-media-text is-stacked-on-mobile\"><figure class=\"wp-block-media-text__media\"><img loading=\"lazy\" decoding=\"async\" width=\"720\" height=\"540\" src=\"https:\/\/meat-machine.com\/wp-content\/uploads\/2023\/01\/bone-saw-machine.webp\" alt=\"Knochens\u00e4gemaschine\" class=\"wp-image-285 size-full\" title=\"\" srcset=\"https:\/\/meat-machine.com\/wp-content\/uploads\/2023\/01\/bone-saw-machine.webp 720w, https:\/\/meat-machine.com\/wp-content\/uploads\/2023\/01\/bone-saw-machine-300x225.webp 300w\" sizes=\"auto, (max-width: 720px) 100vw, 720px\" \/><\/figure><div class=\"wp-block-media-text__content\"> <p class=\"wp-block-paragraph\">Das Knochens\u00e4geger\u00e4t verf\u00fcgt \u00fcber ein kompaktes und praktisches Konstruktionsdesign, das haupts\u00e4chlich aus einem leistungsstarken Motor, einer scharfen S\u00e4geklinge, einem elektrisch gesteuerten Arbeitstisch, einer flachen Arbeitsfl\u00e4che und einem stabilen Rahmen besteht. <\/p>    <p class=\"wp-block-paragraph\">Der Motor liefert stabile Leistung, um das S\u00e4geblatt effizient anzutreiben, w\u00e4hrend der verstellbare Arbeitstisch eine pr\u00e4zise Materialpositionierung gew\u00e4hrleistet. Der verst\u00e4rkte Rahmen erh\u00f6ht die Stabilit\u00e4t w\u00e4hrend des Betriebs. <\/p> <\/div><\/div>    <h2 class=\"wp-block-heading\">Wie benutzt man eine Knochens\u00e4gemaschine?<\/h2>    <ul class=\"wp-block-list\"> <li><strong>Position des Antriebsrades einstellen<\/strong> \u2013 Die Setschraube am Bolzenbuchsen l\u00f6sen und den schiebbaren Positionierungsstift verschieben, um das Antriebsrad richtig auszurichten.<\/li>    <li><strong>Neigungswinkel des Antriebswelle einstellen<\/strong> \u2013 Justieren Sie die \u00e4u\u00dfere Schraube am Deckel, um den richtigen Neigungswinkel f\u00fcr einen reibungslosen Betrieb zu erreichen.<\/li>    <li><strong>S\u00e4geblattspannung pr\u00fcfen<\/strong> \u2013 Sicherstellen, dass das S\u00e4geblatt richtig gespannt ist, um ein Durchrutschen w\u00e4hrend des Schneidens zu verhindern.<\/li>    <li><strong>Motor starten<\/strong> \u2013 Das Ger\u00e4t einschalten, um den Betrieb zu starten.<\/li>    <li><strong>Material auf dem Arbeitstisch platzieren<\/strong> \u2013 Knochen oder andere Zutaten auf dem abnehmbaren Regal platzieren.<\/li>    <li><strong>Material durch die S\u00e4ge f\u00fchren<\/strong> \u2013 Das Material langsam vorw\u00e4rts schieben, bis es die S\u00e4ge durchl\u00e4uft.<\/li>    <li><strong>Geschnittene St\u00fccke sammeln<\/strong> \u2013 Die Knochen und das Fleisch werden auf die gew\u00fcnschte Gr\u00f6\u00dfe geschnitten und sind bereit f\u00fcr die weitere Verarbeitung.<\/li> <\/ul>   <div class=\"wp-block-image\"> <figure class=\"aligncenter size-full\"><img loading=\"lazy\" decoding=\"async\" width=\"720\" height=\"540\" src=\"https:\/\/meat-machine.com\/wp-content\/uploads\/2023\/01\/commercial-meat-band-saw.webp\" alt=\"Handels-Knochens\u00e4ge Maschine\" class=\"wp-image-286\" title=\"\" srcset=\"https:\/\/meat-machine.com\/wp-content\/uploads\/2023\/01\/commercial-meat-band-saw.webp 720w, https:\/\/meat-machine.com\/wp-content\/uploads\/2023\/01\/commercial-meat-band-saw-300x225.webp 300w\" sizes=\"auto, (max-width: 720px) 100vw, 720px\" \/><figcaption class=\"wp-element-caption\">Handels-Knochens\u00e4ge Maschine<\/figcaption><\/figure> <\/div>   <h2 class=\"wp-block-heading\">Vorteile der handels\u00fcblichen Knochens\u00e4gemaschine<\/h2>    <div class=\"wp-block-media-text has-media-on-the-right is-stacked-on-mobile\"><div class=\"wp-block-media-text__content\"> <ul class=\"wp-block-list\"> <li><strong>Lebensmittelechter Edelstahlaufbau<\/strong> \u2013 Alle Teile, die mit Zutaten in Kontakt kommen, sind aus Edelstahl gefertigt, erf\u00fcllen die Lebensmittelhygienestandards und gew\u00e4hrleisten Langlebigkeit.<\/li>    <li><strong>Hohe Stabilit\u00e4t und Pr\u00e4zision<\/strong> \u2013 Der verst\u00e4rkte Flacharbeitsplatz und der robuste Rahmen verhindern Bewegungen w\u00e4hrend des Schneidens, auch bei der Verarbeitung gro\u00dfer Knochen, und sorgen f\u00fcr pr\u00e4zise Ergebnisse.<\/li> <\/ul> <\/div><figure class=\"wp-block-media-text__media\"><img loading=\"lazy\" decoding=\"async\" width=\"720\" height=\"540\" src=\"https:\/\/meat-machine.com\/wp-content\/uploads\/2023\/01\/bone-saw-machine-for-sale.webp\" alt=\"Knochens\u00e4gemaschine zu verkaufen\" class=\"wp-image-290 size-full\" title=\"\" srcset=\"https:\/\/meat-machine.com\/wp-content\/uploads\/2023\/01\/bone-saw-machine-for-sale.webp 720w, https:\/\/meat-machine.com\/wp-content\/uploads\/2023\/01\/bone-saw-machine-for-sale-300x225.webp 300w\" sizes=\"auto, (max-width: 720px) 100vw, 720px\" \/><\/figure><\/div>    <div class=\"wp-block-media-text is-stacked-on-mobile\"><figure class=\"wp-block-media-text__media\"><img loading=\"lazy\" decoding=\"async\" width=\"540\" height=\"720\" src=\"https:\/\/meat-machine.com\/wp-content\/uploads\/2023\/01\/Bone-Saw-Machine-price.webp\" alt=\"Preis der Knochens\u00e4ge Maschine\" class=\"wp-image-1118 size-full\" title=\"\" srcset=\"https:\/\/meat-machine.com\/wp-content\/uploads\/2023\/01\/Bone-Saw-Machine-price.webp 540w, https:\/\/meat-machine.com\/wp-content\/uploads\/2023\/01\/Bone-Saw-Machine-price-225x300.webp 225w, https:\/\/meat-machine.com\/wp-content\/uploads\/2023\/01\/Bone-Saw-Machine-price-9x12.webp 9w\" sizes=\"auto, (max-width: 540px) 100vw, 540px\" \/><\/figure><div class=\"wp-block-media-text__content\"> <ul class=\"wp-block-list\"> <li><strong>Erh\u00f6htes Sicherheitsdesign<\/strong> \u2013 Die integrierte Sicherheitshebel und Schutzvorrichtungen sorgen f\u00fcr einen sicheren und zuverl\u00e4ssigen Betrieb.<\/li>    <li><strong>Verstellbares S\u00e4geband-System<\/strong> \u2013 Das Spannvorrichtung f\u00fcr den S\u00e4gebanddruck erm\u00f6glicht eine einfache Installation und pr\u00e4zise Einstellung des Bands f\u00fcr optimale Leistung.<\/li>    <li><strong>Einfache Reinigung und Wartung<\/strong> \u2013 Das einfache Design und die glatte Oberfl\u00e4che machen die Maschine leicht zu reinigen und zu warten.<\/li> <\/ul> <\/div><\/div>    <h2 class=\"wp-block-heading\">Sicherheitshinweise f\u00fcr handels\u00fcbliche Fleischbands\u00e4gen<\/h2>    <ul class=\"wp-block-list\"> <li><strong>Schutzausr\u00fcstung tragen<\/strong> \u2013 Bediener sollten stets Schutzhandschuhe tragen, um Verletzungen durch das S\u00e4geblatt w\u00e4hrend des Umgangs zu vermeiden.<\/li>    <li><strong>Fleischschieber verwenden<\/strong> \u2013 Verwenden Sie immer die mitgelieferte Fleischschiebestange, um das Fleisch in die S\u00e4ge zu schieben; schieben Sie das Fleisch niemals direkt mit den H\u00e4nden, um Unf\u00e4lle zu vermeiden.<\/li>    <li><strong>Bei Wartungsarbeiten ausschalten<\/strong> \u2013 Bei Blockaden oder Unregelm\u00e4\u00dfigkeiten des Ger\u00e4ts sofort den Stecker ziehen, bevor Wartungsarbeiten durchgef\u00fchrt werden. Versuchen Sie niemals, Reparaturen durchzuf\u00fchren, w\u00e4hrend das Ger\u00e4t eingeschaltet ist, um Verletzungen zu vermeiden.<\/li>    <li><strong>Sicherheitspraktiken einhalten<\/strong> \u2013 Halten Sie einen sicheren Abstand, bleiben Sie beim Betrieb konzentriert und schneiden Sie niemals rohes und gekochtes Fleisch zusammen, um Kreuzkontamination und mikrobiologische Risiken zu vermeiden.<\/li> <\/ul>    <figure class=\"wp-block-image size-full\"><img loading=\"lazy\" decoding=\"async\" width=\"540\" height=\"720\" src=\"https:\/\/meat-machine.com\/wp-content\/uploads\/2023\/01\/industrial-Bone-Saw-Machine.webp\" alt=\"Industrielle Knochens\u00e4ge Maschine\" class=\"wp-image-1119\" title=\"\" srcset=\"https:\/\/meat-machine.com\/wp-content\/uploads\/2023\/01\/industrial-Bone-Saw-Machine.webp 540w, https:\/\/meat-machine.com\/wp-content\/uploads\/2023\/01\/industrial-Bone-Saw-Machine-225x300.webp 225w, https:\/\/meat-machine.com\/wp-content\/uploads\/2023\/01\/industrial-Bone-Saw-Machine-9x12.webp 9w\" sizes=\"auto, (max-width: 540px) 100vw, 540px\" \/><figcaption class=\"wp-element-caption\">Industrielle Knochens\u00e4ge Maschine<\/figcaption><\/figure>    <h2 class=\"wp-block-heading\">Parameter der Handels-Knochens\u00e4ge Maschine<\/h2>    <figure class=\"wp-block-table\"><table class=\"has-fixed-layout\"><thead><tr><th>Modell<\/th><th>TZ-210<\/th><th>TZ-320<\/th><th>TZ-350<\/th><th>TZ-430<\/th><th>TZ-500<\/th><th>TZ-600<\/th><\/tr><\/thead><tbody><tr><td>Stromspannung<\/td><td>220V 50Hz Einphasen<\/td><td>220\/380V<\/td><td>220\/380V 50Hz<\/td><td>220V\/380V 50\/60Hz<\/td><td>380V<\/td><td>380V<\/td><\/tr><tr><td>Leistung<\/td><td>1.1kW<\/td><td>1.1kW<\/td><td>1.5kW<\/td><td>3kW<\/td><td>2.2kW<\/td><td>3kW<\/td><\/tr><tr><td>Riemenscheibendurchmesser<\/td><td>\u2014<\/td><td>250mm<\/td><td>350mm<\/td><td>400mm<\/td><td>400mm<\/td><td>260mm (Vier-Rad)<\/td><\/tr><tr><td>S\u00e4geblattl\u00e4nge<\/td><td>1650mm<\/td><td>2040mm<\/td><td>2420mm<\/td><td>3150mm<\/td><td>3370mm<\/td><td>3400mm<\/td><\/tr><tr><td>Arbeitsplattengr\u00f6\u00dfe<\/td><td>600\u00d7415mm<\/td><td>590\u00d7480\u00d7300mm<\/td><td>760\u00d7640mm<\/td><td>840\u00d7750mm<\/td><td>880\u00d7760mm<\/td><td>1000\u00d71056mm<\/td><\/tr><tr><td>Schnitt-H\u00f6he<\/td><td>225mm<\/td><td>10\u2013200mm<\/td><td>350mm<\/td><td>430mm<\/td><td>565mm<\/td><td>0\u2013600mm<\/td><\/tr><tr><td>Schnittbreite<\/td><td>189mm<\/td><td>\u2014<\/td><td>265mm<\/td><td>0\u2013360mm verstellbar<\/td><td>370mm<\/td><td>0\u2013580mm<\/td><\/tr><tr><td>Maschinengr\u00f6\u00dfe<\/td><td>620\u00d7505\u00d7945mm<\/td><td>600\u00d7675\u00d71170mm<\/td><td>850\u00d7670\u00d71660mm<\/td><td>900\u00d7980\u00d71850mm<\/td><td>1080\u00d7970\u00d71935mm<\/td><td>985\u00d71215\u00d71745mm<\/td><\/tr><tr><td>Nettogewicht<\/td><td>52kg<\/td><td>85kg<\/td><td>98kg<\/td><td>161kg<\/td><td>186kg<\/td><td>200kg<\/td><\/tr><tr><td>Verpackungsgr\u00f6\u00dfe<\/td><td>700\u00d7570\u00d71080mm<\/td><td>680\u00d7620\u00d71180mm<\/td><td>960\u00d7960\u00d71860mm<\/td><td>\u2014<\/td><td>1140\u00d71002\u00d72000mm<\/td><td>1025\u00d71255\u00d71900mm<\/td><\/tr><\/tbody><\/table><figcaption class=\"wp-element-caption\">Parameter der Knochens\u00e4ge Maschine<\/figcaption><\/figure>    <figure class=\"wp-block-image size-full\"><img loading=\"lazy\" decoding=\"async\" width=\"720\" height=\"540\" src=\"https:\/\/meat-machine.com\/wp-content\/uploads\/2023\/01\/Bone-Saw-Machine-1.webp\" alt=\"Knochens\u00e4ge Maschine\" class=\"wp-image-1120\" title=\"\" srcset=\"https:\/\/meat-machine.com\/wp-content\/uploads\/2023\/01\/Bone-Saw-Machine-1.webp 720w, https:\/\/meat-machine.com\/wp-content\/uploads\/2023\/01\/Bone-Saw-Machine-1-300x225.webp 300w, https:\/\/meat-machine.com\/wp-content\/uploads\/2023\/01\/Bone-Saw-Machine-1-16x12.webp 16w\" sizes=\"auto, (max-width: 720px) 100vw, 720px\" \/><figcaption class=\"wp-element-caption\">Knochens\u00e4ge Maschine<\/figcaption><\/figure>    <h2 class=\"wp-block-heading\">Abschluss<\/h2>    <p class=\"wp-block-paragraph\">Zusammenfassend kann die Handels-Knochens\u00e4ge Maschine Knochenfleisch, gefrorenes Fleisch und Fisch pr\u00e4zise und sicher schneiden. Ihre langlebige Edelstahlkonstruktion, verstellbare Schnittbreite und benutzerfreundliches Design machen sie ideal f\u00fcr Fleischverarbeitungsbetriebe, Schlachth\u00f6fe, Lebensmittelwerke und gro\u00dfe K\u00fcchen. <\/p>    <p class=\"wp-block-paragraph\">Kontaktieren Sie uns noch heute, um mehr zu erfahren und ein Angebot f\u00fcr Ihre Fleischverarbeitungsanforderungen anzufordern.<\/p>","protected":false},"excerpt":{"rendered":"<p>Die Handels-Knochens\u00e4ge Maschine kann schnell und pr\u00e4zise verschiedene Knochen- und Tiefk\u00fchlfleischprodukte schneiden. <\/p>","protected":false},"author":1,"featured_media":288,"parent":0,"template":"","tags":[80],"product-type":[3],"class_list":["post-283","product","type-product","status-publish","has-post-thumbnail","hentry","tag-commercial-bone-saw-machine","product-type-bone-grinder"],"_links":{"self":[{"href":"https:\/\/meat-machine.com\/de\/wp-json\/wp\/v2\/product\/283","targetHints":{"allow":["GET"]}}],"collection":[{"href":"https:\/\/meat-machine.com\/de\/wp-json\/wp\/v2\/product"}],"about":[{"href":"https:\/\/meat-machine.com\/de\/wp-json\/wp\/v2\/types\/product"}],"author":[{"embeddable":true,"href":"https:\/\/meat-machine.com\/de\/wp-json\/wp\/v2\/users\/1"}],"wp:featuredmedia":[{"embeddable":true,"href":"https:\/\/meat-machine.com\/de\/wp-json\/wp\/v2\/media\/288"}],"wp:attachment":[{"href":"https:\/\/meat-machine.com\/de\/wp-json\/wp\/v2\/media?parent=283"}],"wp:term":[{"taxonomy":"post_tag","embeddable":true,"href":"https:\/\/meat-machine.com\/de\/wp-json\/wp\/v2\/tags?post=283"},{"taxonomy":"product-type","embeddable":true,"href":"https:\/\/meat-machine.com\/de\/wp-json\/wp\/v2\/product-type?post=283"}],"curies":[{"name":"wp","href":"https:\/\/api.w.org\/{rel}","templated":true}]}}