{"id":271,"date":"2023-01-05T15:23:39","date_gmt":"2023-01-05T07:23:39","guid":{"rendered":"https:\/\/meat-machine.com\/?post_type=product&#038;p=271"},"modified":"2026-03-03T18:00:31","modified_gmt":"2026-03-03T10:00:31","slug":"huhnerknochenmuhle","status":"publish","type":"product","link":"https:\/\/meat-machine.com\/de\/product\/chicken-bone-grinder\/","title":{"rendered":"H\u00fchnerknochenm\u00fchle | Knochenschleifmaschine"},"content":{"rendered":"<div class=\"kk-star-ratings kksr-auto kksr-align-left kksr-valign-top\"     data-payload='{&quot;align&quot;:&quot;left&quot;,&quot;id&quot;:&quot;271&quot;,&quot;slug&quot;:&quot;default&quot;,&quot;valign&quot;:&quot;top&quot;,&quot;ignore&quot;:&quot;&quot;,&quot;reference&quot;:&quot;auto&quot;,&quot;class&quot;:&quot;&quot;,&quot;count&quot;:&quot;18&quot;,&quot;legendonly&quot;:&quot;&quot;,&quot;readonly&quot;:&quot;&quot;,&quot;score&quot;:&quot;4.7&quot;,&quot;starsonly&quot;:&quot;&quot;,&quot;best&quot;:&quot;5&quot;,&quot;gap&quot;:&quot;5&quot;,&quot;greet&quot;:&quot;Rate this product&quot;,&quot;legend&quot;:&quot;4.7\\\/5 - (18 votes)&quot;,&quot;size&quot;:&quot;24&quot;,&quot;title&quot;:&quot;Chicken Bone Grinder | Bone Grinding Machine&quot;,&quot;width&quot;:&quot;133.8&quot;,&quot;_legend&quot;:&quot;{score}\\\/{best} - ({count} {votes})&quot;,&quot;font_factor&quot;:&quot;1.25&quot;}'>              <div class=\"kksr-stars\">      <div class=\"kksr-stars-inactive\">             <div class=\"kksr-star\" data-star=\"1\" style=\"padding-right: 5px\">               <div class=\"kksr-icon\" style=\"width: 24px; height: 24px;\"><\/div>         <\/div>             <div class=\"kksr-star\" data-star=\"2\" style=\"padding-right: 5px\">               <div class=\"kksr-icon\" style=\"width: 24px; height: 24px;\"><\/div>         <\/div>             <div class=\"kksr-star\" data-star=\"3\" style=\"padding-right: 5px\">               <div class=\"kksr-icon\" style=\"width: 24px; height: 24px;\"><\/div>         <\/div>             <div class=\"kksr-star\" data-star=\"4\" style=\"padding-right: 5px\">               <div class=\"kksr-icon\" style=\"width: 24px; height: 24px;\"><\/div>         <\/div>             <div class=\"kksr-star\" data-star=\"5\" style=\"padding-right: 5px\">               <div class=\"kksr-icon\" style=\"width: 24px; height: 24px;\"><\/div>         <\/div>     <\/div>      <div class=\"kksr-stars-active\" style=\"width: 133.8px;\">             <div class=\"kksr-star\" style=\"padding-right: 5px\">               <div class=\"kksr-icon\" style=\"width: 24px; height: 24px;\"><\/div>         <\/div>             <div class=\"kksr-star\" style=\"padding-right: 5px\">               <div class=\"kksr-icon\" style=\"width: 24px; height: 24px;\"><\/div>         <\/div>             <div class=\"kksr-star\" style=\"padding-right: 5px\">               <div class=\"kksr-icon\" style=\"width: 24px; height: 24px;\"><\/div>         <\/div>             <div class=\"kksr-star\" style=\"padding-right: 5px\">               <div class=\"kksr-icon\" style=\"width: 24px; height: 24px;\"><\/div>         <\/div>             <div class=\"kksr-star\" style=\"padding-right: 5px\">               <div class=\"kksr-icon\" style=\"width: 24px; height: 24px;\"><\/div>         <\/div>     <\/div> <\/div>                   <div class=\"kksr-legend\" style=\"font-size: 19.2px;\">             4,7\/5 - (18 Stimmen)    <\/div>     <\/div>  <p class=\"wp-block-paragraph translation-block\">Die <strong>H\u00e4hnchenknochenm\u00fchle<\/strong> dient der Verarbeitung von Gefl\u00fcgelknochen und verschiedenen Tierknochenmaterialien. Sie wird h\u00e4ufig in Fleischverarbeitungsbetrieben, Knochenpulverproduktionslinien, Tiernahrungsherstellungsanlagen und Futtermittelindustrien eingesetzt, wo eine effiziente Knochenzerkleinerung erforderlich ist.<\/p>    <p class=\"wp-block-paragraph\">Zweck ist es, die Knochenressourcennutzung zu maximieren und gleichzeitig die Herausforderungen bei der Abfallentsorgung zu verringern. Durch das Zerkleinern der Knochen in kleinere, einheitliche Partikel verbessert die Maschine die Effizienz der nachgelagerten Verarbeitung erheblich. Die verarbeiteten Materialien lassen sich in nachfolgenden Zerkleinerungs-, Misch- oder Pressstufen leichter handhaben, was die Produktionszeit verk\u00fcrzt, die Arbeitskosten senkt und den kontinuierlichen Gro\u00dfbetrieb unterst\u00fctzt.<\/p>    <p class=\"wp-block-paragraph translation-block\">Die Maschine ist f\u00fcr eine Vielzahl von Rohstoffen geeignet, darunter H\u00fchnerknochen, Entenknochen, G\u00e4nseknochen, H\u00fchnerrahmen, H\u00fchnerf\u00fc\u00dfe und H\u00fchnerschenkelknochen. Mit einem breiten Kapazit\u00e4tsbereich von <strong>30\u201320.000 kg\/h<\/strong> kann die H\u00e4hnchenknochenm\u00fchle die Anforderungen sowohl kleiner Werkst\u00e4tten als auch gro\u00dfer industrieller Produktionslinien erf\u00fcllen.<\/p>    <figure class=\"wp-block-embed is-type-video is-provider-youtube wp-block-embed-youtube wp-embed-aspect-9-16 wp-has-aspect-ratio\"><div class=\"wp-block-embed__wrapper\"> <iframe loading=\"lazy\" title=\"Industrielle Knochenpaste-Zerkleinerungsmaschine f\u00fcr Fleischverarbeitungsbetriebe #knochen #m\u00fchle #lebensmittelverarbeitung #fleisch\" width=\"422\" height=\"750\" src=\"https:\/\/www.youtube.com\/embed\/PkMWdw9DV10?feature=oembed\" frameborder=\"0\" allow=\"accelerometer; autoplay; clipboard-write; encrypted-media; gyroscope; picture-in-picture; web-share\" referrerpolicy=\"strict-origin-when-cross-origin\" allowfullscreen><\/iframe> <\/div><figcaption class=\"wp-element-caption\">H\u00e4hnchenknochenm\u00fchle Arbeitsvideo<\/figcaption><\/figure>    <h2 class=\"wp-block-heading\">Anwendungsbereich der Knochenpaste-Zerkleinerungsmaschine<\/h2>    <div class=\"wp-block-media-text is-stacked-on-mobile\"><figure class=\"wp-block-media-text__media\"><img loading=\"lazy\" decoding=\"async\" width=\"720\" height=\"540\" src=\"https:\/\/meat-machine.com\/wp-content\/uploads\/2023\/01\/poultry-bones-and-livestock-bones.webp\" alt=\"Gefl\u00fcgelknochen und Viehknochen\" class=\"wp-image-277 size-full\" title=\"\" srcset=\"https:\/\/meat-machine.com\/wp-content\/uploads\/2023\/01\/poultry-bones-and-livestock-bones.webp 720w, https:\/\/meat-machine.com\/wp-content\/uploads\/2023\/01\/poultry-bones-and-livestock-bones-300x225.webp 300w\" sizes=\"auto, (max-width: 720px) 100vw, 720px\" \/><\/figure><div class=\"wp-block-media-text__content\"> <p class=\"wp-block-paragraph translation-block\">Die <strong>H\u00e4hnchenknochenm\u00fchle<\/strong> kann Gefl\u00fcgelknochen (Huhn, Ente) und Vieh- und Schafsknochen (Schwein, Rind, Schaf) verarbeiten sowie Fleisch zerkleinern. <\/p>    <p class=\"wp-block-paragraph\">Sie wird h\u00e4ufig bei der Herstellung von W\u00fcrstchen, Schinken, Mittagsspeisen, Fleischb\u00e4llchen, Tiernahrung, Tiefk\u00fchlkost, Catering-Zutaten, Knochenbr\u00fche, Chondroitin, Knochenleim, Knochenpulver, calciumreichen Lebensmitteln, Gesundheitsprodukten und biopharmazeutischen Produkten eingesetzt und ist somit eine vielseitige, multifunktionale M\u00fchle.<\/p> <\/div><\/div>    <h2 class=\"wp-block-heading\">Struktur der H\u00e4hnchenknochenm\u00fchle<\/h2>    <div class=\"wp-block-media-text has-media-on-the-right is-stacked-on-mobile\"><div class=\"wp-block-media-text__content\"> <p class=\"wp-block-paragraph translation-block\">Die <strong>H\u00e4hnchenknochenm\u00fchle<\/strong> verf\u00fcgt \u00fcber eine kompakte und langlebige Struktur, einschlie\u00dflich Zuf\u00fchr\u00f6ffnung, Stator, Rotor, verstellbaren Griff, K\u00fchlsystem, Wassereinspritz\u00f6ffnung, Motor, Ablaufschacht und Schutzabdeckung.<\/p> <\/div><figure class=\"wp-block-media-text__media\"><img loading=\"lazy\" decoding=\"async\" width=\"720\" height=\"540\" src=\"https:\/\/meat-machine.com\/wp-content\/uploads\/2023\/01\/chicken-bone-grinding-machine-structure.webp\" alt=\"Struktur der H\u00fchnerknochen-Schleifmaschine\" class=\"wp-image-275 size-full\" title=\"\" srcset=\"https:\/\/meat-machine.com\/wp-content\/uploads\/2023\/01\/chicken-bone-grinding-machine-structure.webp 720w, https:\/\/meat-machine.com\/wp-content\/uploads\/2023\/01\/chicken-bone-grinding-machine-structure-300x225.webp 300w\" sizes=\"auto, (max-width: 720px) 100vw, 720px\" \/><\/figure><\/div>    <p class=\"wp-block-paragraph\">Materialien gelangen durch den Einlass und werden vom Hochgeschwindigkeitsrotor und Stator zerkleinert. Der verstellbare Griff steuert die Partikelgr\u00f6\u00dfe, w\u00e4hrend das K\u00fchlsystem und die Wassereinspritz\u00f6ffnung \u00dcberhitzung w\u00e4hrend des Dauerbetriebs verhindern.<\/p>    <p class=\"wp-block-paragraph\">Alle Hauptkomponenten sind aus Edelstahl gefertigt, was eine hohe Verschlei\u00dffestigkeit, Korrosionsbest\u00e4ndigkeit und lange Lebensdauer gew\u00e4hrleistet.<\/p>    <figure class=\"wp-block-image size-full\"><img loading=\"lazy\" decoding=\"async\" width=\"720\" height=\"540\" src=\"https:\/\/meat-machine.com\/wp-content\/uploads\/2023\/01\/bone-paste-grinding-machine.webp\" alt=\"Knochenpaste-Zerkleinerungsmaschine\" class=\"wp-image-1107\" title=\"\" srcset=\"https:\/\/meat-machine.com\/wp-content\/uploads\/2023\/01\/bone-paste-grinding-machine.webp 720w, https:\/\/meat-machine.com\/wp-content\/uploads\/2023\/01\/bone-paste-grinding-machine-300x225.webp 300w, https:\/\/meat-machine.com\/wp-content\/uploads\/2023\/01\/bone-paste-grinding-machine-16x12.webp 16w\" sizes=\"auto, (max-width: 720px) 100vw, 720px\" \/><figcaption class=\"wp-element-caption\">Knochenpaste-Zerkleinerungsmaschine<\/figcaption><\/figure>    <h2 class=\"wp-block-heading\">Wie funktioniert die H\u00fchnerknochen-Schleifmaschine?<\/h2>    <div class=\"wp-block-media-text has-media-on-the-right is-stacked-on-mobile\"><div class=\"wp-block-media-text__content\"> <ul class=\"wp-block-list\"> <li>Rohe H\u00fchnerknochen gelangen durch den Zuf\u00fchrungsanschluss in die Zerkleinerungskammer.<\/li>    <li>Der Rotor dreht sich mit hoher Geschwindigkeit, w\u00e4hrend er mit dem unterschiedlich geformten Stator interagiert.<\/li>    <li>Materialien passieren den verstellbaren ringf\u00f6rmigen Spalt zwischen Rotor und Stator.<\/li>    <li>Scheren, Reibung, Aufprall und hochfrequente Vibrationskr\u00e4fte zerdr\u00fccken, emulgieren und mischen das Material.<\/li>    <li>Zentrifugalkraft und Luftdruck helfen, das Material durch die Zerkleinerungszone zu bewegen.<\/li>    <li>Das fein verarbeitete Material wird durch den Ausgang mit einheitlicher Partikelgr\u00f6\u00dfe entlassen.<\/li> <\/ul> <\/div><figure class=\"wp-block-media-text__media\"><img loading=\"lazy\" decoding=\"async\" width=\"720\" height=\"540\" src=\"https:\/\/meat-machine.com\/wp-content\/uploads\/2023\/01\/Chicken-Bone-Grinder.webp\" alt=\"H\u00e4hnchenknochenm\u00fchle\" class=\"wp-image-1105 size-full\" title=\"\" srcset=\"https:\/\/meat-machine.com\/wp-content\/uploads\/2023\/01\/Chicken-Bone-Grinder.webp 720w, https:\/\/meat-machine.com\/wp-content\/uploads\/2023\/01\/Chicken-Bone-Grinder-300x225.webp 300w, https:\/\/meat-machine.com\/wp-content\/uploads\/2023\/01\/Chicken-Bone-Grinder-16x12.webp 16w\" sizes=\"auto, (max-width: 720px) 100vw, 720px\" \/><\/figure><\/div>    <h2 class=\"wp-block-heading\">Parameter der Knochenpaste-Zerkleinerungsmaschine<\/h2>    <figure class=\"wp-block-table\"><table class=\"has-fixed-layout\"><tbody><tr><td>Modell<\/td><td>Verarbeitungsfeinheit (Maschenzahl)<\/td><td>Kapazit\u00e4t (kg\/h)<\/td><td>Leistung (kw)<\/td><td>Gewicht (kg)<\/td><td>Gr\u00f6\u00dfe (mm)<\/td><\/tr><tr><td>TZ-50<\/td><td>30-50<\/td><td>30-50<\/td><td>1.5<\/td><td>50<\/td><td>530*260*580<\/td><\/tr><tr><td>TZ-80<\/td><td>50-100<\/td><td>50-100<\/td><td>4<\/td><td>150<\/td><td>600*410*930<\/td><\/tr><tr><td>TZ-110<\/td><td>100-200<\/td><td>100-300<\/td><td>7.5<\/td><td>175<\/td><td>700*430*1000<\/td><\/tr><tr><td>TZ-130<\/td><td>100-200<\/td><td>300-500<\/td><td>11<\/td><td>285<\/td><td>990*440*1000<\/td><\/tr><tr><td>TZ-160<\/td><td>100-200<\/td><td>500-800<\/td><td>15<\/td><td>300<\/td><td>1000*460*1050<\/td><\/tr><tr><td>TZ-180<\/td><td>100-200<\/td><td>800-1000<\/td><td>18.5<\/td><td>375<\/td><td>1000*490*1100<\/td><\/tr><tr><td>TZ-210<\/td><td>100-200<\/td><td>1000-8000<\/td><td>30<\/td><td>700<\/td><td>1260*600*1230<\/td><\/tr><tr><td>TZ-240<\/td><td>100-200<\/td><td>2000-15000<\/td><td>45<\/td><td>920<\/td><td>1330*630*1280<\/td><\/tr><tr><td>TZ-300<\/td><td>60-200<\/td><td>6000-20000<\/td><td>75<\/td><td>1300<\/td><td>1440*680*1420<\/td><\/tr><\/tbody><\/table><figcaption class=\"wp-element-caption\">H\u00e4hnchenknochenm\u00fchle Arbeitsvideo<\/figcaption><\/figure>    <h2 class=\"wp-block-heading\">Was sind die Vorteile eines H\u00fchnerknochenwolfs?<\/h2>    <div class=\"wp-block-media-text is-stacked-on-mobile\"><figure class=\"wp-block-media-text__media\"><img loading=\"lazy\" decoding=\"async\" width=\"720\" height=\"540\" src=\"https:\/\/meat-machine.com\/wp-content\/uploads\/2023\/01\/Chicken-Bone-Grinder-details.webp\" alt=\"Details zur H\u00e4hnchenknochenm\u00fchle\" class=\"wp-image-1106 size-full\" title=\"\" srcset=\"https:\/\/meat-machine.com\/wp-content\/uploads\/2023\/01\/Chicken-Bone-Grinder-details.webp 720w, https:\/\/meat-machine.com\/wp-content\/uploads\/2023\/01\/Chicken-Bone-Grinder-details-300x225.webp 300w, https:\/\/meat-machine.com\/wp-content\/uploads\/2023\/01\/Chicken-Bone-Grinder-details-16x12.webp 16w\" sizes=\"auto, (max-width: 720px) 100vw, 720px\" \/><\/figure><div class=\"wp-block-media-text__content\"> <ul class=\"wp-block-list\"> <li><strong>Langlebig und sicher<\/strong> \u2013 Hergestellt aus korrosionsbest\u00e4ndigem, ungiftigem Edelstahl, der eine lange Lebensdauer und hygienischen Betrieb gew\u00e4hrleistet.<\/li>    <li><strong>Pr\u00e4zisionsschleifen<\/strong> \u2013 Der Stator und der Rotor sind gut verarbeitet, mit einem einstellbaren Spalt, der \u00fcber eine Skala geregelt wird, um eine gleichbleibende Produktqualit\u00e4t zu gew\u00e4hrleisten.<\/li>    <li><strong>Gro\u00dfe Vielseitigkeit<\/strong> \u2013 Unterst\u00fctzt verschiedene Motortypen und Geschwindigkeitsanpassungen, um unterschiedliche Materialien und Verarbeitungsanforderungen zu bew\u00e4ltigen.<\/li> <\/ul> <\/div><\/div>    <div class=\"wp-block-media-text has-media-on-the-right is-stacked-on-mobile\"><div class=\"wp-block-media-text__content\"> <ul class=\"wp-block-list\"> <li><strong>Vielseitige Anwendungen<\/strong> \u2013 Geeignet f\u00fcr Lebensmittel, Medizin, Chemikalien, Kosmetika und leichte Industrieplastik.<\/li>    <li><strong>Einfache und sichere Bedienung<\/strong> \u2013 Nur f\u00fcr Nassverarbeitung konzipiert; verf\u00fcgt \u00fcber Schutzvorrichtungen wie Verunreinigungspr\u00fcfungen, richtige Materialgr\u00f6\u00dfe und kontrollierten Rotorbetrieb, um Sch\u00e4den zu vermeiden.<\/li> <\/ul> <\/div><figure class=\"wp-block-media-text__media\"><img loading=\"lazy\" decoding=\"async\" width=\"720\" height=\"540\" src=\"https:\/\/meat-machine.com\/wp-content\/uploads\/2023\/01\/bone-grinder-machine.webp\" alt=\"Knochenschleifmaschine\" class=\"wp-image-272 size-full\" title=\"\" srcset=\"https:\/\/meat-machine.com\/wp-content\/uploads\/2023\/01\/bone-grinder-machine.webp 720w, https:\/\/meat-machine.com\/wp-content\/uploads\/2023\/01\/bone-grinder-machine-300x225.webp 300w\" sizes=\"auto, (max-width: 720px) 100vw, 720px\" \/><\/figure><\/div>    <h2 class=\"wp-block-heading\">Abschluss<\/h2>    <p class=\"wp-block-paragraph\">Als professioneller Hersteller von Fleischmaschinen verf\u00fcgen wir \u00fcber umfangreiche Erfahrung in Produktion und Export und bedienen Kunden in \u00fcber 20 L\u00e4ndern.<\/p>    <p class=\"wp-block-paragraph translation-block\">Neben der H\u00e4hnchenknochenm\u00fchle bieten wir auch eine Reihe anderer <a href=\"https:\/\/meat-machine.com\/de\/produkt\/\" data-type=\"link\" data-id=\"https:\/\/meat-machine.com\/product\/\">Fleischverarbeitungsmaschinen<\/a> an, die alle darauf ausgelegt sind, Effizienz und Produktqualit\u00e4t zu verbessern. Wenn Sie zuverl\u00e4ssige und hochwertige Ger\u00e4te suchen, sind wir bereit, professionelle Unterst\u00fctzung und L\u00f6sungen anzubieten, und laden Sie ein, unser vollst\u00e4ndiges Produktsortiment zu erkunden.<\/p>    <figure class=\"wp-block-image size-full\"><img loading=\"lazy\" decoding=\"async\" width=\"720\" height=\"540\" src=\"https:\/\/meat-machine.com\/wp-content\/uploads\/2023\/01\/Chicken-Bone-Grinder-factory.webp\" alt=\"H\u00e4hnchenknochenm\u00fchlenfabrik\" class=\"wp-image-1108\" title=\"\" srcset=\"https:\/\/meat-machine.com\/wp-content\/uploads\/2023\/01\/Chicken-Bone-Grinder-factory.webp 720w, https:\/\/meat-machine.com\/wp-content\/uploads\/2023\/01\/Chicken-Bone-Grinder-factory-300x225.webp 300w, https:\/\/meat-machine.com\/wp-content\/uploads\/2023\/01\/Chicken-Bone-Grinder-factory-16x12.webp 16w\" sizes=\"auto, (max-width: 720px) 100vw, 720px\" \/><figcaption class=\"wp-element-caption\">H\u00e4hnchenknochenm\u00fchlenfabrik<\/figcaption><\/figure>","protected":false},"excerpt":{"rendered":"<p>Der H\u00fchnerknochenm\u00fchle ist f\u00fcr die Verarbeitung von Gefl\u00fcgelknochen und verschiedenen tierischen Knochenmaterialien geeignet. <\/p>","protected":false},"author":1,"featured_media":279,"parent":0,"template":"","tags":[14],"product-type":[3],"class_list":["post-271","product","type-product","status-publish","has-post-thumbnail","hentry","tag-bone-grinding-machine","product-type-bone-grinder"],"_links":{"self":[{"href":"https:\/\/meat-machine.com\/de\/wp-json\/wp\/v2\/product\/271","targetHints":{"allow":["GET"]}}],"collection":[{"href":"https:\/\/meat-machine.com\/de\/wp-json\/wp\/v2\/product"}],"about":[{"href":"https:\/\/meat-machine.com\/de\/wp-json\/wp\/v2\/types\/product"}],"author":[{"embeddable":true,"href":"https:\/\/meat-machine.com\/de\/wp-json\/wp\/v2\/users\/1"}],"wp:featuredmedia":[{"embeddable":true,"href":"https:\/\/meat-machine.com\/de\/wp-json\/wp\/v2\/media\/279"}],"wp:attachment":[{"href":"https:\/\/meat-machine.com\/de\/wp-json\/wp\/v2\/media?parent=271"}],"wp:term":[{"taxonomy":"post_tag","embeddable":true,"href":"https:\/\/meat-machine.com\/de\/wp-json\/wp\/v2\/tags?post=271"},{"taxonomy":"product-type","embeddable":true,"href":"https:\/\/meat-machine.com\/de\/wp-json\/wp\/v2\/product-type?post=271"}],"curies":[{"name":"wp","href":"https:\/\/api.w.org\/{rel}","templated":true}]}}