{"id":259,"date":"2022-12-28T17:02:06","date_gmt":"2022-12-28T09:02:06","guid":{"rendered":"https:\/\/meat-machine.com\/?post_type=product&#038;p=259"},"modified":"2025-12-22T16:56:37","modified_gmt":"2025-12-22T08:56:37","slug":"fisch-trocknungsmaschine","status":"publish","type":"product","link":"https:\/\/meat-machine.com\/de\/product\/fish-dryer-machine\/","title":{"rendered":"Fischtrocknermaschine | Fischtrocknungsmaschine"},"content":{"rendered":"<div class=\"kk-star-ratings kksr-auto kksr-align-left kksr-valign-top\"     data-payload='{&quot;align&quot;:&quot;left&quot;,&quot;id&quot;:&quot;259&quot;,&quot;slug&quot;:&quot;default&quot;,&quot;valign&quot;:&quot;top&quot;,&quot;ignore&quot;:&quot;&quot;,&quot;reference&quot;:&quot;auto&quot;,&quot;class&quot;:&quot;&quot;,&quot;count&quot;:&quot;19&quot;,&quot;legendonly&quot;:&quot;&quot;,&quot;readonly&quot;:&quot;&quot;,&quot;score&quot;:&quot;4.8&quot;,&quot;starsonly&quot;:&quot;&quot;,&quot;best&quot;:&quot;5&quot;,&quot;gap&quot;:&quot;5&quot;,&quot;greet&quot;:&quot;Rate this product&quot;,&quot;legend&quot;:&quot;4.8\\\/5 - (19 votes)&quot;,&quot;size&quot;:&quot;24&quot;,&quot;title&quot;:&quot;Fish Dryer Machine | Fish Drying Machine&quot;,&quot;width&quot;:&quot;136.7&quot;,&quot;_legend&quot;:&quot;{score}\\\/{best} - ({count} {votes})&quot;,&quot;font_factor&quot;:&quot;1.25&quot;}'>              <div class=\"kksr-stars\">      <div class=\"kksr-stars-inactive\">             <div class=\"kksr-star\" data-star=\"1\" style=\"padding-right: 5px\">               <div class=\"kksr-icon\" style=\"width: 24px; height: 24px;\"><\/div>         <\/div>             <div class=\"kksr-star\" data-star=\"2\" style=\"padding-right: 5px\">               <div class=\"kksr-icon\" style=\"width: 24px; height: 24px;\"><\/div>         <\/div>             <div class=\"kksr-star\" data-star=\"3\" style=\"padding-right: 5px\">               <div class=\"kksr-icon\" style=\"width: 24px; height: 24px;\"><\/div>         <\/div>             <div class=\"kksr-star\" data-star=\"4\" style=\"padding-right: 5px\">               <div class=\"kksr-icon\" style=\"width: 24px; height: 24px;\"><\/div>         <\/div>             <div class=\"kksr-star\" data-star=\"5\" style=\"padding-right: 5px\">               <div class=\"kksr-icon\" style=\"width: 24px; height: 24px;\"><\/div>         <\/div>     <\/div>      <div class=\"kksr-stars-active\" style=\"width: 136.7px;\">             <div class=\"kksr-star\" style=\"padding-right: 5px\">               <div class=\"kksr-icon\" style=\"width: 24px; height: 24px;\"><\/div>         <\/div>             <div class=\"kksr-star\" style=\"padding-right: 5px\">               <div class=\"kksr-icon\" style=\"width: 24px; height: 24px;\"><\/div>         <\/div>             <div class=\"kksr-star\" style=\"padding-right: 5px\">               <div class=\"kksr-icon\" style=\"width: 24px; height: 24px;\"><\/div>         <\/div>             <div class=\"kksr-star\" style=\"padding-right: 5px\">               <div class=\"kksr-icon\" style=\"width: 24px; height: 24px;\"><\/div>         <\/div>             <div class=\"kksr-star\" style=\"padding-right: 5px\">               <div class=\"kksr-icon\" style=\"width: 24px; height: 24px;\"><\/div>         <\/div>     <\/div> <\/div>                   <div class=\"kksr-legend\" style=\"font-size: 19.2px;\">             4,8\/5 - (19 Bewertungen)    <\/div>     <\/div>  <p class=\"wp-block-paragraph translation-block\">Der <strong>Fischtrockner<\/strong> kann verschiedene Fischarten effizient trocknen, indem er Temperatur und Luftfeuchtigkeit pr\u00e4zise steuert, was die Haltbarkeit verl\u00e4ngert und gleichzeitig die Produktqualit\u00e4t erh\u00e4lt. Er verwendet ein W\u00e4rmepumpentrocknungssystem mit automatischer Entfeuchtung und gleichm\u00e4\u00dfiger Zirkulation der hei\u00dfen Luft, was eine saubere, energiesparende und stabile Trocknungsleistung bietet. <\/p>    <p class=\"wp-block-paragraph translation-block\">Die Maschine ist in <strong>drei Modellen<\/strong> erh\u00e4ltlich, um unterschiedlichen Kapazit\u00e4tsanforderungen gerecht zu werden, ausgestattet mit <strong>6 bis 16 Ventilatoren<\/strong>, <strong>4 bis 16 Wagen<\/strong> und <strong>48 bis 192 Trocknungsgittern<\/strong>, mit Motorleistung von <strong>3 kW bis 11 kW<\/strong>. Mit ihrer flexiblen Konfiguration und zuverl\u00e4ssigen Betrieb ist der Fischtrockner f\u00fcr kleine, mittlere und gro\u00dfe Fischverarbeitungsbetriebe sowie f\u00fcr das Trocknen anderer Lebensmittel geeignet.<\/p>    <figure class=\"wp-block-embed is-type-video is-provider-youtube wp-block-embed-youtube wp-embed-aspect-16-9 wp-has-aspect-ratio\"><div class=\"wp-block-embed__wrapper\"> https:\/\/www.youtube.com\/shorts\/pglk7VhFJpc <\/div><figcaption class=\"wp-element-caption\">Fischtrockner Maschine Arbeitsvideo<\/figcaption><\/figure>    <h2 class=\"wp-block-heading\">Fischtrocknungsmaschine zum Verkauf<\/h2>    <p class=\"wp-block-paragraph\">Die Fischtrocknungsmaschine arbeitet mit einer optimalen Trocknungstemperatur von etwa 30 \u00b0 C und sorgt daf\u00fcr, dass der Trocknungsprozess allm\u00e4hlich und gleichm\u00e4\u00dfig ist. <\/p>    <p class=\"wp-block-paragraph\">Um die besten Ergebnisse zu erzielen, ist es wichtig, die ordnungsgem\u00e4\u00dfe Luftzirkulation aufrechtzuerhalten und die Trocknungsgeschwindigkeit zu kontrollieren, um das Wachstum des Bakteriens und die ungleiche Trocknung zu verhindern.<\/p>    <div class=\"wp-block-media-text is-stacked-on-mobile\"><figure class=\"wp-block-media-text__media\"><img loading=\"lazy\" decoding=\"async\" width=\"720\" height=\"540\" src=\"https:\/\/meat-machine.com\/wp-content\/uploads\/2022\/12\/dried-fish.webp\" alt=\"getrockneter Fisch\" class=\"wp-image-262 size-full\" title=\"\" srcset=\"https:\/\/meat-machine.com\/wp-content\/uploads\/2022\/12\/dried-fish.webp 720w, https:\/\/meat-machine.com\/wp-content\/uploads\/2022\/12\/dried-fish-300x225.webp 300w\" sizes=\"auto, (max-width: 720px) 100vw, 720px\" \/><\/figure><div class=\"wp-block-media-text__content\"> <ul class=\"wp-block-list\"> <li><strong>Eine Trocknungstemperatur von etwa 30 \u00b0 C beibehalten<\/strong> - Vermeiden Sie \u00fcberm\u00e4\u00dfige W\u00e4rme, um einen Qualit\u00e4tsverlust zu vermeiden.<\/li>    <li><strong>Stellen Sie die ordnungsgem\u00e4\u00dfe Luftzirkulation sicher<\/strong> - Ein gro\u00dfes Volumen der zirkulierenden Luft hemmt das Bakterienwachstum und das gleichm\u00e4\u00dfige Trocknen.<\/li>    <li><strong>Kontrolltrocknungsgeschwindigkeit<\/strong> - Feuchtigkeit sollte allm\u00e4hlich entlassen werden, um die Ansammlung von Oberfl\u00e4chenwasser zu verhindern.<\/li> <\/ul> <\/div><\/div>    <div class=\"wp-block-media-text has-media-on-the-right is-stacked-on-mobile\"><div class=\"wp-block-media-text__content\"> <ul class=\"wp-block-list\"> <li><strong>Einheitliches Trocknen<\/strong> - Stellen Sie sicher, dass die Fischtemperatur konsistent ist, und entfernen Sie den Wasserdampf rechtzeitig.<\/li>    <li><strong>\u00dcberpr\u00fcfen Sie die Trockenheit<\/strong> - Der Fischschlitz und die Kiemen sollten beim Dr\u00fccken kein Wasser mehr freisetzen.<\/li> <\/ul> <\/div><figure class=\"wp-block-media-text__media\"><img loading=\"lazy\" decoding=\"async\" width=\"720\" height=\"540\" src=\"https:\/\/meat-machine.com\/wp-content\/uploads\/2022\/12\/dried-fish-2.webp\" alt=\"Fisch trocknen\" class=\"wp-image-260 size-full\" title=\"\" srcset=\"https:\/\/meat-machine.com\/wp-content\/uploads\/2022\/12\/dried-fish-2.webp 720w, https:\/\/meat-machine.com\/wp-content\/uploads\/2022\/12\/dried-fish-2-300x225.webp 300w\" sizes=\"auto, (max-width: 720px) 100vw, 720px\" \/><\/figure><\/div>    <p class=\"wp-block-paragraph translation-block\">F\u00fcr die besten Ergebnisse wird empfohlen, Fisch zu verwenden, dessen Innereien und Schuppen vor dem Trocknen entfernt wurden. Taizy Meat Machinery bietet unterst\u00fctzende Ger\u00e4te wie eine <strong><a href=\"https:\/\/meat-machine.com\/de\/produkt\/automatische-entschuppungsmaschine-fur-fische\/\" data-type=\"link\" data-id=\"https:\/\/meat-machine.com\/product\/automatic-fish-descaling-machine\/\">automatische Fischschuppenmaschine<\/a><\/strong> und eine <strong><a href=\"https:\/\/meat-machine.com\/de\/produkt\/fisch-entbeinungsmaschine\/\" data-type=\"link\" data-id=\"https:\/\/meat-machine.com\/product\/fish-deboner-machine\/\">Fischfiletiermaschine<\/a><\/strong>, um die Fischverarbeitung vor dem Trocknen zu optimieren.<\/p>    <h2 class=\"wp-block-heading\">Struktur der Fischtrocknermaschine<\/h2>    <p class=\"wp-block-paragraph\">Die Fischtrocknermaschine ist mit einer gut integrierten Struktur ausgelegt, um effiziente und sichere Trocknungsvorg\u00e4nge zu gew\u00e4hrleisten. Es besteht aus mehreren Schl\u00fcsselkomponenten, die jeweils eine entscheidende Rolle im Trocknungsprozess spielen. <\/p>    <p class=\"wp-block-paragraph translation-block\">Der Hauptmotor ist mit Dichtungen und W\u00e4rmeisolierung ausgestattet, was Energieeffizienz und Sicherheit w\u00e4hrend des Betriebs gew\u00e4hrleistet. Die Trockenbox ist mit einer <a href=\"https:\/\/en.wikipedia.org\/wiki\/Polycarbonate\" data-type=\"link\" data-id=\"https:\/\/en.wikipedia.org\/wiki\/Polycarbonate\" target=\"_blank\" rel=\"noopener\">Polycarbonat<\/a>-Platte ausgestattet, die W\u00e4rme gleichm\u00e4\u00dfig im Raum verteilt und konstante Trocknungsbedingungen bietet.<\/p>    <div class=\"wp-block-media-text is-stacked-on-mobile\"><figure class=\"wp-block-media-text__media\"><img loading=\"lazy\" decoding=\"async\" width=\"720\" height=\"540\" src=\"https:\/\/meat-machine.com\/wp-content\/uploads\/2022\/12\/structure-of-fish-dryer.webp\" alt=\"Aufbau der Fischtrockner\" class=\"wp-image-265 size-full\" title=\"\" srcset=\"https:\/\/meat-machine.com\/wp-content\/uploads\/2022\/12\/structure-of-fish-dryer.webp 720w, https:\/\/meat-machine.com\/wp-content\/uploads\/2022\/12\/structure-of-fish-dryer-300x225.webp 300w\" sizes=\"auto, (max-width: 720px) 100vw, 720px\" \/><\/figure><div class=\"wp-block-media-text__content\"> <ul class=\"wp-block-list\"> <li><strong>W\u00e4rmepumpenheizsystem<\/strong> - Erzeugt hei\u00dfe Luft effizient, um eine optimale Trocknungstemperatur aufrechtzuerhalten.<\/li>    <li><strong>Trockenbox<\/strong> -Eine gut versiegelte Kammer, in der der Fisch gleichm\u00e4\u00dfig getrocknet wird.<\/li>    <li><strong>Automatisches Entfeuchtungssystem<\/strong> - Entfernt Feuchtigkeit schnell, um den Trocknungsprozess zu beschleunigen.<\/li>    <li><strong>Temperaturkontrollsystem<\/strong> - reguliert genau die Trocknungstemperatur f\u00fcr konsistente Ergebnisse.<\/li>    <li><strong>Intelligentes Steuerungssystem<\/strong> - Erm\u00f6glicht den Benutzern die Einstellungen der Trocknung und Anpassung von Benutzern.<\/li>    <li><strong>Versiegelter und isolierter Hauptmotor<\/strong> - verhindert W\u00e4rmeverlust und erh\u00f6ht die Sicherheit w\u00e4hrend des Betriebs.<\/li> <\/ul> <\/div><\/div>    <p class=\"wp-block-paragraph\">Dieses gut strukturierte Design sorgt f\u00fcr eine hohe Trocknungseffizienz und h\u00e4lt die Betriebskosten niedrig und macht es zu einer idealen L\u00f6sung f\u00fcr Unternehmen mit Meeresfr\u00fcchten.<\/p>    <h2 class=\"wp-block-heading\">Wie funktioniert der Fischtrockner?<\/h2>    <div class=\"wp-block-media-text has-media-on-the-right is-stacked-on-mobile\"><div class=\"wp-block-media-text__content\"> <ul class=\"wp-block-list\"> <li>Die Fischtrocknermaschine verwendet a <strong class=\"\">Hei\u00dfluftofen<\/strong> Luft erhitzen und hei\u00dfe Luft zum Trocknen von Materialien erzeugen.<\/li>    <li>Es besch\u00e4ftigt a <strong class=\"\">Hei\u00dfluftsystem f\u00fcr Doppelzirkulation<\/strong> schnell Feuchtigkeit aus dem Fisch zu verdampfen und effizientes Trocknen zu gew\u00e4hrleisten.<\/li>    <li>Die Maschine <strong class=\"\">thermostatisches System<\/strong> Beh\u00e4lt die Boxtemperatur genau bei und bietet stabile Trocknungsbedingungen.<\/li> <\/ul> <\/div><figure class=\"wp-block-media-text__media\"><img loading=\"lazy\" decoding=\"async\" width=\"720\" height=\"540\" src=\"https:\/\/meat-machine.com\/wp-content\/uploads\/2022\/12\/tray.webp\" alt=\"Tablett\" class=\"wp-image-266 size-full\" title=\"\" srcset=\"https:\/\/meat-machine.com\/wp-content\/uploads\/2022\/12\/tray.webp 720w, https:\/\/meat-machine.com\/wp-content\/uploads\/2022\/12\/tray-300x225.webp 300w\" sizes=\"auto, (max-width: 720px) 100vw, 720px\" \/><\/figure><\/div>    <div class=\"wp-block-media-text is-stacked-on-mobile\"><figure class=\"wp-block-media-text__media\"><img loading=\"lazy\" decoding=\"async\" width=\"720\" height=\"540\" src=\"https:\/\/meat-machine.com\/wp-content\/uploads\/2022\/12\/fish-dehydrator-machine.webp\" alt=\"Fischd\u00f6rrger\u00e4t\" class=\"wp-image-506 size-full\" title=\"\" srcset=\"https:\/\/meat-machine.com\/wp-content\/uploads\/2022\/12\/fish-dehydrator-machine.webp 720w, https:\/\/meat-machine.com\/wp-content\/uploads\/2022\/12\/fish-dehydrator-machine-300x225.webp 300w\" sizes=\"auto, (max-width: 720px) 100vw, 720px\" \/><\/figure><div class=\"wp-block-media-text__content\"> <ul class=\"wp-block-list\"> <li>Ein <strong>Automatisches Entfeuchtungssystem<\/strong> Schnelle Entladung von Verdampfung Wasser, w\u00e4hrend die optimale Trocknungsfeuchtigkeit der Maschine genau steuert.<\/li>    <li>Diese Funktionen arbeiten zusammen, um den Trocknungsprozess zu beschleunigen und gleichzeitig hygienische und konsistente Ergebnisse sicherzustellen.<\/li> <\/ul> <\/div><\/div>    <h2 class=\"wp-block-heading\">Was sind die Vorteile der Maschine?<\/h2>    <div class=\"wp-block-media-text has-media-on-the-right is-stacked-on-mobile\"><div class=\"wp-block-media-text__content\"> <ul class=\"wp-block-list\"> <li><strong>Intelligentes Steuerungssystem<\/strong> -Das SPS-Touchscreen-Bedienfeld erm\u00f6glicht pr\u00e4zise Temperatur- und Entfeuchtungseinstellungen f\u00fcr verschiedene Trocknungsstufen, um hochwertige Ergebnisse zu gew\u00e4hrleisten.<\/li>    <li><strong>Energieeinsparung<\/strong> -Das Trocknungssystem der Luft-Energie-W\u00e4rmepumpe arbeitet mit geringen Kosten und verbraucht nur 30% der Energie, die von elektrischen Heizger\u00e4ten verwendet wird, und 60% der von Kohleentrocknern verwendeten Energie.<\/li> <\/ul> <\/div><figure class=\"wp-block-media-text__media\"><img loading=\"lazy\" decoding=\"async\" width=\"720\" height=\"540\" src=\"https:\/\/meat-machine.com\/wp-content\/uploads\/2022\/12\/fish-dryer-machine.webp\" alt=\"Fischtrockner zu verkaufen\" class=\"wp-image-505 size-full\" title=\"\" srcset=\"https:\/\/meat-machine.com\/wp-content\/uploads\/2022\/12\/fish-dryer-machine.webp 720w, https:\/\/meat-machine.com\/wp-content\/uploads\/2022\/12\/fish-dryer-machine-300x225.webp 300w\" sizes=\"auto, (max-width: 720px) 100vw, 720px\" \/><\/figure><\/div>    <div class=\"wp-block-media-text is-stacked-on-mobile\"><figure class=\"wp-block-media-text__media\"><img loading=\"lazy\" decoding=\"async\" width=\"720\" height=\"540\" src=\"https:\/\/meat-machine.com\/wp-content\/uploads\/2022\/12\/fish-dryer.webp\" alt=\"Fischtrockner\" class=\"wp-image-780 size-full\" title=\"\" srcset=\"https:\/\/meat-machine.com\/wp-content\/uploads\/2022\/12\/fish-dryer.webp 720w, https:\/\/meat-machine.com\/wp-content\/uploads\/2022\/12\/fish-dryer-300x225.webp 300w, https:\/\/meat-machine.com\/wp-content\/uploads\/2022\/12\/fish-dryer-16x12.webp 16w\" sizes=\"auto, (max-width: 720px) 100vw, 720px\" \/><\/figure><div class=\"wp-block-media-text__content\"> <ul class=\"wp-block-list\"> <li><strong>Hohe Arbeitseffizienz<\/strong> - Im Gegensatz zum traditionellen Sonnentrocknen kann die Fischtrocknermaschine 24 Stunden lang kontinuierlich arbeiten und die Produktivit\u00e4t verbessern.<\/li>    <li><strong>Hohe Qualit\u00e4t<\/strong> -Die Maschine erbaut mit hochwertigen W\u00e4rmeisolierungsmaterialien bietet Haltbarkeit, Sicherheit und eine lange Lebensdauer.<\/li>    <li><strong>Gute Versiegelungsleistung<\/strong> - Die Maschine verf\u00fcgt \u00fcber ausgezeichnete Versiegelung und thermischen Schutz, um einen effizienten und stabilen Betrieb zu gew\u00e4hrleisten.<\/li> <\/ul> <\/div><\/div>    <h2 class=\"wp-block-heading\">Fischtrocknungsmaschine Technische Parameter<\/h2>    <figure class=\"wp-block-table\"><table><tbody><tr><td>Modell<\/td><td>F\u00e4cher (St\u00fcck)<\/td><td>Trolley (Set)<\/td><td>Tabletts (St\u00fcck)<\/td><td>Motor (kw)<\/td><td>Maschinengr\u00f6\u00dfe (m)<\/td><\/tr><tr><td>TZ-320<\/td><td>6<\/td><td>4<\/td><td>48<\/td><td>3.0<\/td><td>3.2*2.5*2.2<\/td><\/tr><tr><td>TZ-580<\/td><td>8<\/td><td>10<\/td><td>120<\/td><td>7.0<\/td><td>5.8*2.5*2.2<\/td><\/tr><tr><td>TZ-980<\/td><td>16<\/td><td>16<\/td><td>192<\/td><td>11.0<\/td><td>9.8*2.5*2.2<\/td><\/tr><\/tbody><\/table><figcaption class=\"wp-element-caption\">3 Arten von Fischtrocknungsmaschinen zum Verkauf<\/figcaption><\/figure>    <div class=\"wp-block-media-text has-media-on-the-right is-stacked-on-mobile\"><div class=\"wp-block-media-text__content\"> <p class=\"wp-block-paragraph translation-block\">Die drei Modelle des Fischtrockners unterscheiden sich in der Gr\u00f6\u00dfe\u2014<strong>3,2\u00d72,5\u00d72,2 m<\/strong>, <strong>5,8\u00d72,5\u00d72,2 m<\/strong> und <strong>9,8\u00d72,5\u00d72,2 m<\/strong>\u2014mit entsprechend steigernder Produktionskapazit\u00e4t. <\/p>    <p class=\"wp-block-paragraph translation-block\">Wir bieten auch <strong>kundenspezifische L\u00f6sungen<\/strong> an, um besondere Anforderungen zu erf\u00fcllen. Wenn Sie nach einem effizienten Fischtrockner suchen, kontaktieren Sie uns gerne, und wir werden schnell reagieren.<\/p> <\/div><figure class=\"wp-block-media-text__media\"><img loading=\"lazy\" decoding=\"async\" width=\"750\" height=\"710\" src=\"https:\/\/meat-machine.com\/wp-content\/uploads\/2022\/12\/factory-display.webp\" alt=\"Werksanzeige\" class=\"wp-image-263 size-full\" title=\"\" srcset=\"https:\/\/meat-machine.com\/wp-content\/uploads\/2022\/12\/factory-display.webp 750w, https:\/\/meat-machine.com\/wp-content\/uploads\/2022\/12\/factory-display-300x284.webp 300w\" sizes=\"auto, (max-width: 750px) 100vw, 750px\" \/><\/figure><\/div>    <h2 class=\"wp-block-heading\">Wie lange dauert es, Fisch in einem Fischtrockner zu trocknen?<\/h2>    <p class=\"wp-block-paragraph\">Die Zeit, die zum Trocknen von Fisch ben\u00f6tigt wird, kann von mehreren Faktoren beeinflusst werden, darunter der Gr\u00f6\u00dfe und Dicke des Fisches, der Temperatur und Luftfeuchtigkeit des Fischtrockners und mehr. Im Allgemeinen kann das Trocknen von Fisch einige Stunden bis zu einem Tag dauern. <\/p>    <p class=\"wp-block-paragraph\">Typischerweise kann das Trocknen von Fisch einige Stunden bis zu einem Tag dauern, um sicherzustellen, dass der Fisch vollst\u00e4ndig trocken ist und keine Feuchtigkeit mehr zur\u00fcckbleibt, um die Haltbarkeit zu gew\u00e4hrleisten.<\/p>    <figure class=\"wp-block-gallery has-nested-images columns-default is-cropped wp-block-gallery-2 is-layout-flex wp-block-gallery-is-layout-flex\"> <figure class=\"wp-block-image size-full\"><img loading=\"lazy\" decoding=\"async\" width=\"720\" height=\"540\" data-id=\"782\" src=\"https:\/\/meat-machine.com\/wp-content\/uploads\/2022\/12\/fish-drying-machine-1.webp\" alt=\"Fischtrockenmaschine\" class=\"wp-image-782\" title=\"\" srcset=\"https:\/\/meat-machine.com\/wp-content\/uploads\/2022\/12\/fish-drying-machine-1.webp 720w, https:\/\/meat-machine.com\/wp-content\/uploads\/2022\/12\/fish-drying-machine-1-300x225.webp 300w, https:\/\/meat-machine.com\/wp-content\/uploads\/2022\/12\/fish-drying-machine-1-16x12.webp 16w\" sizes=\"auto, (max-width: 720px) 100vw, 720px\" \/><figcaption class=\"wp-element-caption\">Fischtrocknungsmaschine<\/figcaption><\/figure>    <figure class=\"wp-block-image size-full\"><img loading=\"lazy\" decoding=\"async\" width=\"720\" height=\"540\" data-id=\"504\" src=\"https:\/\/meat-machine.com\/wp-content\/uploads\/2022\/12\/finished-products.webp\" alt=\"fertige Produkte\" class=\"wp-image-504\" title=\"\" srcset=\"https:\/\/meat-machine.com\/wp-content\/uploads\/2022\/12\/finished-products.webp 720w, https:\/\/meat-machine.com\/wp-content\/uploads\/2022\/12\/finished-products-300x225.webp 300w\" sizes=\"auto, (max-width: 720px) 100vw, 720px\" \/><figcaption class=\"wp-element-caption\">Fertige Produkte<\/figcaption><\/figure> <\/figure>    <h2 class=\"wp-block-heading\">Anwendungsbereich der Fischtrocknungsmaschine<\/h2>    <div class=\"wp-block-media-text is-stacked-on-mobile\"><figure class=\"wp-block-media-text__media\"><img loading=\"lazy\" decoding=\"async\" width=\"720\" height=\"540\" src=\"https:\/\/meat-machine.com\/wp-content\/uploads\/2022\/12\/widely-application.webp\" alt=\"breite Anwendung\" class=\"wp-image-268 size-full\" title=\"\" srcset=\"https:\/\/meat-machine.com\/wp-content\/uploads\/2022\/12\/widely-application.webp 720w, https:\/\/meat-machine.com\/wp-content\/uploads\/2022\/12\/widely-application-300x225.webp 300w\" sizes=\"auto, (max-width: 720px) 100vw, 720px\" \/><\/figure><div class=\"wp-block-media-text__content\"> <p class=\"wp-block-paragraph\">Unsere Fischtrocknungsger\u00e4te k\u00f6nnen nicht nur alle Arten von Fisch trocknen, sondern auch Obst, Gem\u00fcse, Blumen, Fleisch, N\u00fcsse, Kr\u00e4uter und Grillkohle.<\/p> <\/div><\/div>    <h2 class=\"wp-block-heading\">Vorsichtsma\u00dfnahmen f\u00fcr die Verwendung einer Fischtrocknungsmaschine<\/h2>    <div class=\"wp-block-media-text has-media-on-the-right is-stacked-on-mobile\"><div class=\"wp-block-media-text__content\"> <ol class=\"wp-block-list\"> <li>Vermeiden Sie hohe Temperaturen in der fr\u00fchen Trocknungsphase, um zu verhindern, dass die Qualit\u00e4t und Lagerung der Fische beeintr\u00e4chtigt wird.<\/li>    <li>Kontrolldehydrationsgeschwindigkeit aufgrund des hohen Wasser- und \u00d6lgehalts bei Fischen.<\/li>    <li>Behalten Sie das richtige Luftvolumen auf, um zu verhindern, dass Wasserdampf auf der Fischoberfl\u00e4che bleibt.<\/li> <\/ol> <\/div><figure class=\"wp-block-media-text__media\"><img loading=\"lazy\" decoding=\"async\" width=\"720\" height=\"540\" src=\"https:\/\/meat-machine.com\/wp-content\/uploads\/2022\/12\/fish-drying-machine-for-sale.webp\" alt=\"Fischtrocknungsmaschine zu verkaufen\" class=\"wp-image-781 size-full\" title=\"\" srcset=\"https:\/\/meat-machine.com\/wp-content\/uploads\/2022\/12\/fish-drying-machine-for-sale.webp 720w, https:\/\/meat-machine.com\/wp-content\/uploads\/2022\/12\/fish-drying-machine-for-sale-300x225.webp 300w, https:\/\/meat-machine.com\/wp-content\/uploads\/2022\/12\/fish-drying-machine-for-sale-16x12.webp 16w\" sizes=\"auto, (max-width: 720px) 100vw, 720px\" \/><\/figure><\/div>    <h2 class=\"wp-block-heading\">Abschluss<\/h2>    <p class=\"wp-block-paragraph\">Die Fischtrocknermaschine ist eine effiziente, energiesparende und intelligente L\u00f6sung zum Trocknen von Fischen mit hoher Qualit\u00e4t und Konsistenz. <\/p>    <p class=\"wp-block-paragraph\">Da mehrere Modelle zur Verf\u00fcgung stehen, um unterschiedliche Produktionsanforderungen zu erf\u00fcllen, bieten wir ma\u00dfgeschneiderte L\u00f6sungen an, die Ihren spezifischen Anforderungen entsprechen. <\/p>    <p class=\"wp-block-paragraph\">Kontaktieren Sie uns noch heute, um weitere Details und ein wettbewerbsf\u00e4higes Angebot zu erhalten!<\/p>","protected":false},"excerpt":{"rendered":"<p>Der Fischtrockner kann verschiedene Fischarten effizient trocknen, indem er Temperatur und Luftfeuchtigkeit pr\u00e4zise steuert, was die Haltbarkeit verl\u00e4ngert und gleichzeitig die Produktqualit\u00e4t erh\u00e4lt.<\/p>","protected":false},"author":1,"featured_media":264,"parent":0,"template":"","tags":[19],"product-type":[25],"class_list":["post-259","product","type-product","status-publish","has-post-thumbnail","hentry","tag-fish-dryer-machine","product-type-fish-processing-machine"],"_links":{"self":[{"href":"https:\/\/meat-machine.com\/de\/wp-json\/wp\/v2\/product\/259","targetHints":{"allow":["GET"]}}],"collection":[{"href":"https:\/\/meat-machine.com\/de\/wp-json\/wp\/v2\/product"}],"about":[{"href":"https:\/\/meat-machine.com\/de\/wp-json\/wp\/v2\/types\/product"}],"author":[{"embeddable":true,"href":"https:\/\/meat-machine.com\/de\/wp-json\/wp\/v2\/users\/1"}],"wp:featuredmedia":[{"embeddable":true,"href":"https:\/\/meat-machine.com\/de\/wp-json\/wp\/v2\/media\/264"}],"wp:attachment":[{"href":"https:\/\/meat-machine.com\/de\/wp-json\/wp\/v2\/media?parent=259"}],"wp:term":[{"taxonomy":"post_tag","embeddable":true,"href":"https:\/\/meat-machine.com\/de\/wp-json\/wp\/v2\/tags?post=259"},{"taxonomy":"product-type","embeddable":true,"href":"https:\/\/meat-machine.com\/de\/wp-json\/wp\/v2\/product-type?post=259"}],"curies":[{"name":"wp","href":"https:\/\/api.w.org\/{rel}","templated":true}]}}