{"id":254,"date":"2022-12-14T14:34:09","date_gmt":"2022-12-14T06:34:09","guid":{"rendered":"https:\/\/meat-machine.com\/?post_type=product&#038;p=254"},"modified":"2025-07-14T17:42:04","modified_gmt":"2025-07-14T09:42:04","slug":"multifunktionale-fischschneidemaschine","status":"publish","type":"product","link":"https:\/\/meat-machine.com\/de\/product\/multifunctional-fish-cutting-machine\/","title":{"rendered":"Multifunktionale Fischschneidemaschine"},"content":{"rendered":"<div class=\"kk-star-ratings kksr-auto kksr-align-left kksr-valign-top\"     data-payload='{&quot;align&quot;:&quot;left&quot;,&quot;id&quot;:&quot;254&quot;,&quot;slug&quot;:&quot;default&quot;,&quot;valign&quot;:&quot;top&quot;,&quot;ignore&quot;:&quot;&quot;,&quot;reference&quot;:&quot;auto&quot;,&quot;class&quot;:&quot;&quot;,&quot;count&quot;:&quot;19&quot;,&quot;legendonly&quot;:&quot;&quot;,&quot;readonly&quot;:&quot;&quot;,&quot;score&quot;:&quot;4.8&quot;,&quot;starsonly&quot;:&quot;&quot;,&quot;best&quot;:&quot;5&quot;,&quot;gap&quot;:&quot;5&quot;,&quot;greet&quot;:&quot;Rate this product&quot;,&quot;legend&quot;:&quot;4.8\\\/5 - (19 votes)&quot;,&quot;size&quot;:&quot;24&quot;,&quot;title&quot;:&quot;Multifunctional Fish Cutting Machine&quot;,&quot;width&quot;:&quot;136.7&quot;,&quot;_legend&quot;:&quot;{score}\\\/{best} - ({count} {votes})&quot;,&quot;font_factor&quot;:&quot;1.25&quot;}'>              <div class=\"kksr-stars\">      <div class=\"kksr-stars-inactive\">             <div class=\"kksr-star\" data-star=\"1\" style=\"padding-right: 5px\">               <div class=\"kksr-icon\" style=\"width: 24px; height: 24px;\"><\/div>         <\/div>             <div class=\"kksr-star\" data-star=\"2\" style=\"padding-right: 5px\">               <div class=\"kksr-icon\" style=\"width: 24px; height: 24px;\"><\/div>         <\/div>             <div class=\"kksr-star\" data-star=\"3\" style=\"padding-right: 5px\">               <div class=\"kksr-icon\" style=\"width: 24px; height: 24px;\"><\/div>         <\/div>             <div class=\"kksr-star\" data-star=\"4\" style=\"padding-right: 5px\">               <div class=\"kksr-icon\" style=\"width: 24px; height: 24px;\"><\/div>         <\/div>             <div class=\"kksr-star\" data-star=\"5\" style=\"padding-right: 5px\">               <div class=\"kksr-icon\" style=\"width: 24px; height: 24px;\"><\/div>         <\/div>     <\/div>      <div class=\"kksr-stars-active\" style=\"width: 136.7px;\">             <div class=\"kksr-star\" style=\"padding-right: 5px\">               <div class=\"kksr-icon\" style=\"width: 24px; height: 24px;\"><\/div>         <\/div>             <div class=\"kksr-star\" style=\"padding-right: 5px\">               <div class=\"kksr-icon\" style=\"width: 24px; height: 24px;\"><\/div>         <\/div>             <div class=\"kksr-star\" style=\"padding-right: 5px\">               <div class=\"kksr-icon\" style=\"width: 24px; height: 24px;\"><\/div>         <\/div>             <div class=\"kksr-star\" style=\"padding-right: 5px\">               <div class=\"kksr-icon\" style=\"width: 24px; height: 24px;\"><\/div>         <\/div>             <div class=\"kksr-star\" style=\"padding-right: 5px\">               <div class=\"kksr-icon\" style=\"width: 24px; height: 24px;\"><\/div>         <\/div>     <\/div> <\/div>                   <div class=\"kksr-legend\" style=\"font-size: 19.2px;\">             4,8\/5 - (19 Bewertungen)    <\/div>     <\/div>  <p class=\"wp-block-paragraph translation-block\">Die <strong>Fischschneidemaschine<\/strong> kann <strong>verschiedene Fischarten pr\u00e4zise aufschneiden und portionieren<\/strong>. Sie liefert <strong>gleichm\u00e4\u00dfige und saubere Schnitte<\/strong> mit einstellbaren Dicken, was sie zur perfekten L\u00f6sung f\u00fcr <strong>Fischm\u00e4rkte, gewerbliche K\u00fcchen und Fischverarbeitungsbetriebe<\/strong> macht.<\/p>    <p class=\"wp-block-paragraph translation-block\">Erh\u00e4ltlich in zwei Modellen, <strong>TZ-400<\/strong> und <strong>TZ-600<\/strong>, bietet die Maschine eine Verarbeitungskapazit\u00e4t von <strong>200\u2013400 kg\/h<\/strong> bzw. <strong>400\u2013600 kg\/h<\/strong>. Sie verf\u00fcgt \u00fcber scharfe Edelstahlklingen, stabile Leistung und ein leicht zu reinigendes Design. <\/p>    <p class=\"wp-block-paragraph\">Diese Fischschneidemaschine ist eine zuverl\u00e4ssige L\u00f6sung zur Steigerung der Verarbeitungsgeschwindigkeit, zur Gew\u00e4hrleistung der Produktkonsistenz und zur Senkung der Arbeitskosten in modernen Fischverarbeitungsumgebungen.<\/p>    <figure class=\"wp-block-embed is-type-video is-provider-youtube wp-block-embed-youtube wp-embed-aspect-4-3 wp-has-aspect-ratio\"><div class=\"wp-block-embed__wrapper\"> <iframe loading=\"lazy\" title=\"Gewerblicher Fleischschneider in Aktion | Einheitliche Scheiben jedes Mal #fleisch #schneider #lebensmittelverarbeitung #fisch\" width=\"500\" height=\"375\" src=\"https:\/\/www.youtube.com\/embed\/MzMWaI8GUvk?feature=oembed\" frameborder=\"0\" allow=\"accelerometer; autoplay; clipboard-write; encrypted-media; gyroscope; picture-in-picture; web-share\" referrerpolicy=\"strict-origin-when-cross-origin\" allowfullscreen><\/iframe> <\/div><figcaption class=\"wp-element-caption\">Fischschneidemaschine Arbeitsvideo<\/figcaption><\/figure>    <h2 class=\"wp-block-heading\">Aufbau der Fischschneidemaschine<\/h2>    <p class=\"wp-block-paragraph translation-block\">Die Fischschneidemaschine besteht haupts\u00e4chlich aus einem <strong>Hauptrahmen<\/strong>, einem <strong>Elektromotor<\/strong>, einem <strong>F\u00f6rderband<\/strong> und <strong>Schneidklingen<\/strong>. <\/p>    <p class=\"wp-block-paragraph translation-block\">Die Klingen bestehen aus <strong>hochfestem legiertem Stahl<\/strong>, der f\u00fcr seine <strong>Sicherheit, Langlebigkeit und hervorragende Verschlei\u00dffestigkeit<\/strong> bekannt ist. Dieses Material sorgt daf\u00fcr, dass die Klingen auch nach langer Nutzungsdauer scharf und <strong>rostfrei<\/strong> bleiben. <\/p>    <p class=\"wp-block-paragraph translation-block\">Zus\u00e4tzlich unterst\u00fctzt die Maschine <strong>zwei Arten von F\u00f6rderb\u00e4ndern<\/strong>, sodass Benutzer die beste Konfiguration f\u00fcr ihre Verarbeitungsanforderungen w\u00e4hlen k\u00f6nnen.<\/p>   <div class=\"wp-block-image\"> <figure class=\"aligncenter size-full\"><img loading=\"lazy\" decoding=\"async\" width=\"720\" height=\"540\" src=\"https:\/\/meat-machine.com\/wp-content\/uploads\/2022\/12\/automatic-fish-cutting-machine-1.webp\" alt=\"automatische Fischschneidemaschine\" class=\"wp-image-358\" title=\"\" srcset=\"https:\/\/meat-machine.com\/wp-content\/uploads\/2022\/12\/automatic-fish-cutting-machine-1.webp 720w, https:\/\/meat-machine.com\/wp-content\/uploads\/2022\/12\/automatic-fish-cutting-machine-1-300x225.webp 300w\" sizes=\"auto, (max-width: 720px) 100vw, 720px\" \/><figcaption class=\"wp-element-caption\">automatische Fischschneidemaschine<\/figcaption><\/figure> <\/div>   <h2 class=\"wp-block-heading\">Wie funktioniert die automatische Fischschneidemaschine?<\/h2>    <p class=\"wp-block-paragraph\">Die automatische Fischschneidemaschine funktioniert mit einer hochgeschwindigkeitsdrehenden Klinge, die im Maschinengeh\u00e4use installiert ist. Wenn Fische in den Einlass gef\u00fcttert werden, schneidet die Klinge sie schnell in gleichm\u00e4\u00dfige St\u00fccke mit sauberen Kanten und minimalen R\u00fcckst\u00e4nden. <\/p>    <p class=\"wp-block-paragraph\">Die Maschine gew\u00e4hrleistet pr\u00e4zises und konsistentes Schneiden, was die Verarbeitungsgeschwindigkeit erheblich verbessert und die manuelle Arbeit reduziert. Nach Abschluss des Schneidens werden die verarbeiteten Fischst\u00fccke durch den Auslass entladen. <\/p>    <p class=\"wp-block-paragraph translation-block\">Das Funktionsprinzip \u00e4hnelt dem einer <a href=\"https:\/\/meat-machine.com\/de\/produkt\/automatische-huhner-schneidemaschine\/\" data-type=\"link\" data-id=\"https:\/\/meat-machine.com\/product\/automatic-chicken-cutting-machine\/\">automatischen H\u00e4hnchenschneidemaschine<\/a>, bei der eine kontinuierliche Klingenbewegung und ein gef\u00fchrter Materialfluss f\u00fcr effiziente und hygienische Schnittergebnisse sorgen.<\/p>    <figure class=\"wp-block-image\"><img loading=\"lazy\" decoding=\"async\" width=\"720\" height=\"540\" src=\"https:\/\/meat-machine.com\/wp-content\/uploads\/2022\/12\/cutter-of-the-machine.webp\" alt=\"Fr\u00e4ser der Maschine\" class=\"wp-image-354\" title=\"\" srcset=\"https:\/\/meat-machine.com\/wp-content\/uploads\/2022\/12\/cutter-of-the-machine.webp 720w, https:\/\/meat-machine.com\/wp-content\/uploads\/2022\/12\/cutter-of-the-machine-300x225.webp 300w\" sizes=\"auto, (max-width: 720px) 100vw, 720px\" \/><figcaption class=\"wp-element-caption\">Schneider der Maschine<\/figcaption><\/figure>    <h2 class=\"wp-block-heading\"> Technische Parameter der Fischfleischschneidemaschine<\/h2>    <figure class=\"wp-block-table\"><table><tbody><tr><td>Modell<\/td><td>TZ-400<\/td><td>TZ-600<\/td><\/tr><tr><td>Kapazit\u00e4t<\/td><td>200\u2013400 kg\/h<\/td><td>400\u2013600 kg\/h<\/td><\/tr><tr><td>Dimension<\/td><td>520*350*800mm<\/td><td>710*660*1010mm<\/td><\/tr><tr><td>Leistung<\/td><td>1,5 kW<\/td><td>2,2 kW<\/td><\/tr><tr><td>Gewicht<\/td><td>70kg<\/td><td>100kg<\/td><\/tr><tr><td>Stromspannung<\/td><td>220 V<\/td><td>380 V<\/td><\/tr><\/tbody><\/table><figcaption class=\"wp-element-caption\">Parameter der Fischschneidemaschine<\/figcaption><\/figure>    <p class=\"wp-block-paragraph\">Derzeit stehen in unserer Fabrik zwei beliebte Fischschneideger\u00e4te zum Verkauf. Die Kapazit\u00e4t betr\u00e4gt 200\u2013400 kg\/h und 400\u2013600 kg\/h. Die Leistung betr\u00e4gt 1,5 kW bzw. 2,2 kW. Wenn Sie diese Fisch- und Fleischschneidemaschine ben\u00f6tigen, k\u00f6nnen Sie sich gerne an uns wenden.<\/p>   <div class=\"wp-block-image\"> <figure class=\"aligncenter size-full\"><img loading=\"lazy\" decoding=\"async\" width=\"720\" height=\"540\" src=\"https:\/\/meat-machine.com\/wp-content\/uploads\/2022\/12\/commercial-fish-cutter.webp\" alt=\"kommerzieller Fischkutter\" class=\"wp-image-353\" title=\"\" srcset=\"https:\/\/meat-machine.com\/wp-content\/uploads\/2022\/12\/commercial-fish-cutter.webp 720w, https:\/\/meat-machine.com\/wp-content\/uploads\/2022\/12\/commercial-fish-cutter-300x225.webp 300w\" sizes=\"auto, (max-width: 720px) 100vw, 720px\" \/><figcaption class=\"wp-element-caption\">kommerzieller Fischkutter<\/figcaption><\/figure> <\/div>   <h2 class=\"wp-block-heading\">Vorteile der automatischen Fischschneidemaschine von Taizy<\/h2>    <div class=\"wp-block-media-text is-stacked-on-mobile\"><figure class=\"wp-block-media-text__media\"><img loading=\"lazy\" decoding=\"async\" width=\"720\" height=\"540\" src=\"https:\/\/meat-machine.com\/wp-content\/uploads\/2022\/12\/fish-cutting-equipment-for-sale-1.webp\" alt=\"Fischschneideausr\u00fcstung zu verkaufen-1\" class=\"wp-image-359 size-full\" title=\"\" srcset=\"https:\/\/meat-machine.com\/wp-content\/uploads\/2022\/12\/fish-cutting-equipment-for-sale-1.webp 720w, https:\/\/meat-machine.com\/wp-content\/uploads\/2022\/12\/fish-cutting-equipment-for-sale-1-300x225.webp 300w\" sizes=\"auto, (max-width: 720px) 100vw, 720px\" \/><\/figure><div class=\"wp-block-media-text__content\"> <ul class=\"wp-block-list\"> <li>Schneidet Fisch in Scheiben, Filets oder Streifen mit hoher Pr\u00e4zision.<\/li>    <li>Hergestellt aus hochwertigem 304-Edelstahl f\u00fcr Langlebigkeit und Verschlei\u00dffestigkeit.<\/li>    <li>Einfache Struktur und leicht zu bedienen, geeignet f\u00fcr alle Benutzer.<\/li>    <li>Niedriges Betriebsger\u00e4usch, was eine ruhigere Arbeitsumgebung schafft.<\/li>    <li>F\u00e4hig, verschiedene Fischarten zu schneiden, einschlie\u00dflich trockenem, frischem und leicht gefrorenem Fisch.<\/li>    <li>Erzeugt glatte Schnitte ohne R\u00fcckst\u00e4nde und sorgt f\u00fcr saubere Verarbeitungsergebnisse.<\/li>    <li>Vielseitig einsetzbar in Fischereifabriken, Restaurants und Lebensmittelverarbeitungsanlagen.<\/li> <\/ul> <\/div><\/div>    <h2 class=\"wp-block-heading\">Welche Rohstoffe sind f\u00fcr die Fischschneidemaschine geeignet?<\/h2>    <div class=\"wp-block-media-text has-media-on-the-right is-stacked-on-mobile\"><div class=\"wp-block-media-text__content\"> <ul class=\"wp-block-list\"> <li><strong>Verschiedene Fischarten<\/strong>: Geeignet zum Schneiden von Karpfen, Lachs, Kabeljau, Tintenfisch, <a href=\"https:\/\/en.wikipedia.org\/wiki\/Catfish\" data-type=\"link\" data-id=\"https:\/\/en.wikipedia.org\/wiki\/Catfish\" target=\"_blank\" rel=\"noopener\">Wels<\/a>, Wei\u00dffisch und mehr.<\/li>    <li><strong>Verschiedene Fischzust\u00e4nde<\/strong>Kann frischen, trockenen und leicht gefrorenen Fisch effizient verarbeiten.<\/li>    <li><strong>Mehrere Fleischsorten<\/strong>Kann auch zum Schneiden von Schweinefleisch, Rindfleisch, Lammfleisch und \u00e4hnlichen Fleischsorten verwendet werden.<\/li> <\/ul> <\/div><figure class=\"wp-block-media-text__media\"><img loading=\"lazy\" decoding=\"async\" width=\"720\" height=\"540\" src=\"https:\/\/meat-machine.com\/wp-content\/uploads\/2022\/12\/fish-cubes.webp\" alt=\"Fischw\u00fcrfel\" class=\"wp-image-355 size-full\" title=\"\" srcset=\"https:\/\/meat-machine.com\/wp-content\/uploads\/2022\/12\/fish-cubes.webp 720w, https:\/\/meat-machine.com\/wp-content\/uploads\/2022\/12\/fish-cubes-300x225.webp 300w\" sizes=\"auto, (max-width: 720px) 100vw, 720px\" \/><\/figure><\/div>    <h2 class=\"wp-block-heading\">Fragen zu Fischschneidemaschinen<\/h2>   <div id=\"rank-math-faq\" class=\"rank-math-block\"> <div class=\"rank-math-list\"> <div id=\"faq-question-1752481432320\" class=\"rank-math-list-item\"> <h3 class=\"rank-math-question\">Welche Arten von Fischschneidemaschinenstrukturen sind verf\u00fcgbar?<\/h3> <div class=\"rank-math-answer\">  <p class=\"translation-block\">Wir bieten <strong>zwei Typen<\/strong> an: <strong>F\u00f6rderbandtyp<\/strong> und <strong>Kettenplattentyp<\/strong>, geeignet f\u00fcr unterschiedliche Verarbeitungsanforderungen.<\/p>  <\/div> <\/div> <div id=\"faq-question-1752481448643\" class=\"rank-math-list-item\"> <h3 class=\"rank-math-question\">Aus welchem Material sind die Klingen gefertigt?<\/h3> <div class=\"rank-math-answer\">  <p class=\"translation-block\">Die Klingen bestehen aus <strong>hochmanganhaltigem Stahl<\/strong>, bekannt f\u00fcr seine Haltbarkeit und Verschlei\u00dffestigkeit.<\/p>  <\/div> <\/div> <div id=\"faq-question-1752481477500\" class=\"rank-math-list-item\"> <h3 class=\"rank-math-question\">Wie breit ist das F\u00f6rderband?<\/h3> <div class=\"rank-math-answer\">  <p class=\"translation-block\">Das Band ist ungef\u00e4hr <strong>30 cm breit<\/strong>.<\/p>  <\/div> <\/div> <div id=\"faq-question-1752481497771\" class=\"rank-math-list-item\"> <h3 class=\"rank-math-question\">Wie dick ist der F\u00f6rdergurt?<\/h3> <div class=\"rank-math-answer\">  <p class=\"translation-block\">Die Dicke betr\u00e4gt etwa <strong>2 cm<\/strong>, ausgelegt f\u00fcr Langlebigkeit und Robustheit.<\/p>  <\/div> <\/div> <div id=\"faq-question-1752481510466\" class=\"rank-math-list-item\"> <h3 class=\"rank-math-question\">Kann die Schnittgr\u00f6\u00dfe angepasst werden?<\/h3> <div class=\"rank-math-answer\">  <p class=\"translation-block\">Ja, die <strong>Schnittl\u00e4nge ist einstellbar<\/strong> (zwischen <strong>20\u201350 mm<\/strong>), aber die <strong>Schnittbreite ist fest<\/strong>.<\/p>  <\/div> <\/div> <\/div> <\/div>   <figure class=\"wp-block-image size-full\"><img loading=\"lazy\" decoding=\"async\" width=\"720\" height=\"540\" src=\"https:\/\/meat-machine.com\/wp-content\/uploads\/2023\/10\/cutted-fish.webp\" alt=\"geschnittener Fisch\" class=\"wp-image-477\" title=\"\" srcset=\"https:\/\/meat-machine.com\/wp-content\/uploads\/2023\/10\/cutted-fish.webp 720w, https:\/\/meat-machine.com\/wp-content\/uploads\/2023\/10\/cutted-fish-300x225.webp 300w\" sizes=\"auto, (max-width: 720px) 100vw, 720px\" \/><figcaption class=\"wp-element-caption\">Geschnittener Fisch<\/figcaption><\/figure>    <h2 class=\"wp-block-heading\">Abschluss<\/h2>    <p class=\"wp-block-paragraph\">Mit seiner hohen Effizienz, pr\u00e4zisen Schneidleistung und benutzerfreundlichen Gestaltung ist die Fischschneidemaschine ein unverzichtbares Werkzeug f\u00fcr die moderne Meeresfr\u00fcchteverarbeitung. <\/p>    <p class=\"wp-block-paragraph\">Egal, ob Sie einen Fischmarkt, ein Restaurant oder eine Gro\u00dfverarbeitungsanlage betreiben, diese Maschine kann die Produktivit\u00e4t erheblich steigern und eine gleichbleibende Schneidqualit\u00e4t gew\u00e4hrleisten. <\/p>    <p class=\"wp-block-paragraph translation-block\">Wenn Sie Ihre Fischverarbeitungsprozesse verbessern m\u00f6chten, ist diese Maschine eine zuverl\u00e4ssige und kosteng\u00fcnstige Wahl. <strong>Kontaktieren Sie uns noch heute f\u00fcr weitere Details oder eine ma\u00dfgeschneiderte L\u00f6sung.<\/strong><\/p>","protected":false},"excerpt":{"rendered":"<p>Die Fischschneidemaschine kann verschiedene Arten von Fisch genau schneiden und segmentieren.<\/p>","protected":false},"author":1,"featured_media":360,"parent":0,"template":"","tags":[24],"product-type":[2],"class_list":["post-254","product","type-product","status-publish","has-post-thumbnail","hentry","tag-fish-cutting-machine","product-type-meat-cutting-machine"],"_links":{"self":[{"href":"https:\/\/meat-machine.com\/de\/wp-json\/wp\/v2\/product\/254","targetHints":{"allow":["GET"]}}],"collection":[{"href":"https:\/\/meat-machine.com\/de\/wp-json\/wp\/v2\/product"}],"about":[{"href":"https:\/\/meat-machine.com\/de\/wp-json\/wp\/v2\/types\/product"}],"author":[{"embeddable":true,"href":"https:\/\/meat-machine.com\/de\/wp-json\/wp\/v2\/users\/1"}],"wp:featuredmedia":[{"embeddable":true,"href":"https:\/\/meat-machine.com\/de\/wp-json\/wp\/v2\/media\/360"}],"wp:attachment":[{"href":"https:\/\/meat-machine.com\/de\/wp-json\/wp\/v2\/media?parent=254"}],"wp:term":[{"taxonomy":"post_tag","embeddable":true,"href":"https:\/\/meat-machine.com\/de\/wp-json\/wp\/v2\/tags?post=254"},{"taxonomy":"product-type","embeddable":true,"href":"https:\/\/meat-machine.com\/de\/wp-json\/wp\/v2\/product-type?post=254"}],"curies":[{"name":"wp","href":"https:\/\/api.w.org\/{rel}","templated":true}]}}