{"id":241,"date":"2022-12-08T15:24:09","date_gmt":"2022-12-08T07:24:09","guid":{"rendered":"https:\/\/meat-machine.com\/?post_type=product&#038;p=241"},"modified":"2023-02-07T15:13:05","modified_gmt":"2023-02-07T07:13:05","slug":"automatische-entschuppungsmaschine-fur-fische","status":"publish","type":"product","link":"https:\/\/meat-machine.com\/de\/product\/automatic-fish-descaling-machine\/","title":{"rendered":"Automatische Fischentschuppungsmaschine"},"content":{"rendered":"<div class=\"kk-star-ratings kksr-auto kksr-align-left kksr-valign-top\"     data-payload='{&quot;align&quot;:&quot;left&quot;,&quot;id&quot;:&quot;241&quot;,&quot;slug&quot;:&quot;default&quot;,&quot;valign&quot;:&quot;top&quot;,&quot;ignore&quot;:&quot;&quot;,&quot;reference&quot;:&quot;auto&quot;,&quot;class&quot;:&quot;&quot;,&quot;count&quot;:&quot;10&quot;,&quot;legendonly&quot;:&quot;&quot;,&quot;readonly&quot;:&quot;&quot;,&quot;score&quot;:&quot;4.5&quot;,&quot;starsonly&quot;:&quot;&quot;,&quot;best&quot;:&quot;5&quot;,&quot;gap&quot;:&quot;5&quot;,&quot;greet&quot;:&quot;Rate this product&quot;,&quot;legend&quot;:&quot;4.5\\\/5 - (10 votes)&quot;,&quot;size&quot;:&quot;24&quot;,&quot;title&quot;:&quot;Automatic Fish Descaling Machine&quot;,&quot;width&quot;:&quot;128&quot;,&quot;_legend&quot;:&quot;{score}\\\/{best} - ({count} {votes})&quot;,&quot;font_factor&quot;:&quot;1.25&quot;}'>              <div class=\"kksr-stars\">      <div class=\"kksr-stars-inactive\">             <div class=\"kksr-star\" data-star=\"1\" style=\"padding-right: 5px\">               <div class=\"kksr-icon\" style=\"width: 24px; height: 24px;\"><\/div>         <\/div>             <div class=\"kksr-star\" data-star=\"2\" style=\"padding-right: 5px\">               <div class=\"kksr-icon\" style=\"width: 24px; height: 24px;\"><\/div>         <\/div>             <div class=\"kksr-star\" data-star=\"3\" style=\"padding-right: 5px\">               <div class=\"kksr-icon\" style=\"width: 24px; height: 24px;\"><\/div>         <\/div>             <div class=\"kksr-star\" data-star=\"4\" style=\"padding-right: 5px\">               <div class=\"kksr-icon\" style=\"width: 24px; height: 24px;\"><\/div>         <\/div>             <div class=\"kksr-star\" data-star=\"5\" style=\"padding-right: 5px\">               <div class=\"kksr-icon\" style=\"width: 24px; height: 24px;\"><\/div>         <\/div>     <\/div>      <div class=\"kksr-stars-active\" style=\"width: 128px;\">             <div class=\"kksr-star\" style=\"padding-right: 5px\">               <div class=\"kksr-icon\" style=\"width: 24px; height: 24px;\"><\/div>         <\/div>             <div class=\"kksr-star\" style=\"padding-right: 5px\">               <div class=\"kksr-icon\" style=\"width: 24px; height: 24px;\"><\/div>         <\/div>             <div class=\"kksr-star\" style=\"padding-right: 5px\">               <div class=\"kksr-icon\" style=\"width: 24px; height: 24px;\"><\/div>         <\/div>             <div class=\"kksr-star\" style=\"padding-right: 5px\">               <div class=\"kksr-icon\" style=\"width: 24px; height: 24px;\"><\/div>         <\/div>             <div class=\"kksr-star\" style=\"padding-right: 5px\">               <div class=\"kksr-icon\" style=\"width: 24px; height: 24px;\"><\/div>         <\/div>     <\/div> <\/div>                   <div class=\"kksr-legend\" style=\"font-size: 19.2px;\">             4,5\/5 - (10 Stimmen)    <\/div>     <\/div>  <p class=\"wp-block-paragraph translation-block\">Automatische Fischschuppenentfernungsmaschine ist die Maschine, die automatisch Fischschuppen entfernt. In der <a href=\"https:\/\/meat-machine.com\/de\/\">Taizy Meat Machinery Factory<\/a> bieten wir 4 verschiedene Arten von Fischschuppenentfernungsmaschinen an. Es sind kleine Fischschuppenentfernungsmaschinen, gro\u00dfe Fischschuppenentfernungsmaschinen, Taizy-Verkaufs-Schuppenentfernungsmaschinen und Multifunktions-Schuppenentferner. Die 4 Maschinen haben unterschiedliche Kapazit\u00e4ten und Funktionen. Als N\u00e4chstes werden wir diese vier Maschinen im Detail vorstellen. <\/p>   <div class=\"wp-block-image\"> <figure class=\"aligncenter size-full\"><img loading=\"lazy\" decoding=\"async\" width=\"720\" height=\"540\" src=\"https:\/\/meat-machine.com\/wp-content\/uploads\/2022\/12\/commercial-fish-scaler-machine.webp\" alt=\"kommerzielle Fischschuppermaschine\" class=\"wp-image-242\" title=\"\" srcset=\"https:\/\/meat-machine.com\/wp-content\/uploads\/2022\/12\/commercial-fish-scaler-machine.webp 720w, https:\/\/meat-machine.com\/wp-content\/uploads\/2022\/12\/commercial-fish-scaler-machine-300x225.webp 300w\" sizes=\"auto, (max-width: 720px) 100vw, 720px\" \/><figcaption class=\"wp-element-caption\">kommerzielle Fischschuppermaschine<\/figcaption><\/figure> <\/div>   <h2 class=\"wp-block-heading\">Kleine automatische Entschuppungsmaschine f\u00fcr Fische<\/h2>    <p class=\"wp-block-paragraph\">Eine kleine Fischschuppermaschine kann kleine Fische entschuppen. Viele Kunden entscheiden sich f\u00fcr diese Maschine im Einzelhandel. Die Maschine verwendet den Schmirgel in der Maschine, um den Fisch st\u00e4ndig zu reiben, um die Schuppen zu entfernen.<\/p>   <div class=\"wp-block-image\"> <figure class=\"aligncenter size-full\"><img loading=\"lazy\" decoding=\"async\" width=\"720\" height=\"540\" src=\"https:\/\/meat-machine.com\/wp-content\/uploads\/2022\/12\/small-scale-fish-scaler-machine.webp\" alt=\"kleine Fischschuppermaschine\" class=\"wp-image-243\" title=\"\" srcset=\"https:\/\/meat-machine.com\/wp-content\/uploads\/2022\/12\/small-scale-fish-scaler-machine.webp 720w, https:\/\/meat-machine.com\/wp-content\/uploads\/2022\/12\/small-scale-fish-scaler-machine-300x225.webp 300w\" sizes=\"auto, (max-width: 720px) 100vw, 720px\" \/><figcaption class=\"wp-element-caption\">kleine Fischschuppermaschine<\/figcaption><\/figure> <\/div>   <h3 class=\"wp-block-heading\">Maschinenparameter<\/h3>    <figure class=\"wp-block-table\"><table><tbody><tr><td>Modell<\/td><td>TZ-J2<\/td><\/tr><tr><td>Kapazit\u00e4t<\/td><td>3-8kg-Charge<\/td><\/tr><tr><td>Verarbeitungsgeschwindigkeit<\/td><td>15 Sekunden\/Charge<\/td><\/tr><tr><td>Leistung<\/td><td>1,1 kW<\/td><\/tr><tr><td>Gewicht<\/td><td>52kg<\/td><\/tr><tr><td>Dimension<\/td><td>53*53*73cm<\/td><\/tr><\/tbody><\/table><\/figure>    <h3 class=\"wp-block-heading\">Vorteile einer kleinen Fischschuppungsmaschine<\/h3>    <ol class=\"wp-block-list\"> <li>Die Karosserie und der Innenraum bestehen aus <a href=\"https:\/\/en.wikipedia.org\/wiki\/Stainless_steel\" target=\"_blank\" rel=\"noopener\">Edelstahl<\/a>. Es hat die Vorteile von Haltbarkeit und Hygiene.<\/li>    <li>Im Vergleich zu anderen Arten von Fischentschuppern bietet dieser kleine automatische Fischentschupper Preisvorteile.<\/li>    <li>Die Phosphorentfernungswirkung der Maschine ist gut. Ein Eimer voller Fischschuppen kann in 15 Sekunden entfernt werden.<\/li>    <li>Kleine Grundfl\u00e4che.<\/li>    <li>Geeignet f\u00fcr Familien und kleine Fischst\u00e4nde.<\/li> <\/ol>   <div class=\"wp-block-image\"> <figure class=\"aligncenter size-full\"><img loading=\"lazy\" decoding=\"async\" width=\"720\" height=\"540\" src=\"https:\/\/meat-machine.com\/wp-content\/uploads\/2022\/12\/small-fish-scaler-machine-for-sale.webp\" alt=\"Kleine Fischschuppermaschine zu verkaufen\" class=\"wp-image-244\" title=\"\" srcset=\"https:\/\/meat-machine.com\/wp-content\/uploads\/2022\/12\/small-fish-scaler-machine-for-sale.webp 720w, https:\/\/meat-machine.com\/wp-content\/uploads\/2022\/12\/small-fish-scaler-machine-for-sale-300x225.webp 300w\" sizes=\"auto, (max-width: 720px) 100vw, 720px\" \/><figcaption class=\"wp-element-caption\">Kleine Fischschuppermaschine zu verkaufen<\/figcaption><\/figure> <\/div>   <h2 class=\"wp-block-heading\">Gro\u00dfe Maschine zum Entfernen von Fischschuppen<\/h2>    <p class=\"wp-block-paragraph\">Gro\u00dfe kommerzielle Fischschuppermaschinen entfernen Schuppen von verschiedenen Fischarten. Die Leistung liegt zwischen 700-3000kg. Es gibt viele Modelle, aus denen Kunden w\u00e4hlen k\u00f6nnen. Diese automatische Fischentschuppungsmaschine mit gro\u00dfer Leistung nutzt das Reibungsprinzip der Haarwalze, um Fischschuppen zu entfernen. Der Kunde kann je nach Fisch die passende Wollrolle austauschen. Gleichzeitig k\u00f6nnen wir auch ma\u00dfgeschneiderte Dienstleistungen anbieten.<\/p>   <div class=\"wp-block-image\"> <figure class=\"aligncenter size-full\"><img loading=\"lazy\" decoding=\"async\" width=\"720\" height=\"540\" src=\"https:\/\/meat-machine.com\/wp-content\/uploads\/2022\/12\/large-fish-descaling-machine.webp\" alt=\"gro\u00dfe Fischentschuppungsmaschine\" class=\"wp-image-245\" title=\"\" srcset=\"https:\/\/meat-machine.com\/wp-content\/uploads\/2022\/12\/large-fish-descaling-machine.webp 720w, https:\/\/meat-machine.com\/wp-content\/uploads\/2022\/12\/large-fish-descaling-machine-300x225.webp 300w\" sizes=\"auto, (max-width: 720px) 100vw, 720px\" \/><figcaption class=\"wp-element-caption\">gro\u00dfe Fischentschuppungsmaschine<\/figcaption><\/figure> <\/div>   <h3 class=\"wp-block-heading\">Technischer Parameter<\/h3>    <figure class=\"wp-block-table\"><table><tbody><tr><td>Modell<\/td><td>Kapazit\u00e4t<\/td><td>Motorleistung<\/td><\/tr><tr><td>TZ-800<\/td><td>700 kg\/h<\/td><td>1,1 kW<\/td><\/tr><tr><td>TZ-1000<\/td><td>1000 kg\/h<\/td><td>1,5 kW<\/td><\/tr><tr><td>TZ-1200<\/td><td>1200 kg\/h<\/td><td>1,5 kW<\/td><\/tr><tr><td>TZ-1500<\/td><td>1500 kg\/h<\/td><td>2,2 kW<\/td><\/tr><tr><td>TZ-1800<\/td><td>1800 kg\/h<\/td><td>2,2 kW<\/td><\/tr><tr><td>TZ-2000<\/td><td>2000 kg\/h<\/td><td>3 kW<\/td><\/tr><tr><td>TZ-2600<\/td><td>3000 kg\/h<\/td><td>4 kW<\/td><\/tr><\/tbody><\/table><\/figure>    <h3 class=\"wp-block-heading\">Vorteile einer kommerziellen vollautomatischen Fischentschuppungsmaschine<\/h3>    <ol class=\"wp-block-list\"> <li>Diese automatische Fischentschuppungsmaschine verf\u00fcgt \u00fcber eine gro\u00dfe Produktionskapazit\u00e4t.<\/li>    <li>Breites Anwendungsspektrum. Es eignet sich f\u00fcr gro\u00dfe Superm\u00e4rkte, Restaurants und Fischverarbeitungsbetriebe.<\/li>    <li>Mit verschiedenen Modellen k\u00f6nnen Kunden je nach Bedarf ihre eigene Maschine zur Entfernung von Gro\u00dffischschuppen ausw\u00e4hlen.<\/li>    <li>Der B\u00fcrstenmechanismus schadet dem Fischk\u00f6rper nicht und der behandelte Fischk\u00f6rper ist vollst\u00e4ndig.<\/li>    <li>Die handels\u00fcbliche Fischschuppungsmaschine ist mit einer Schutzvorrichtung ausgestattet, um eine \u00dcberhitzung oder einen Stromausfall des Motors zu vermeiden.<\/li> <\/ol>   <div class=\"wp-block-image\"> <figure class=\"aligncenter size-full\"><img loading=\"lazy\" decoding=\"async\" width=\"750\" height=\"750\" src=\"https:\/\/meat-machine.com\/wp-content\/uploads\/2022\/12\/large-commercial-fish-scaler-machine.webp\" alt=\"gro\u00dfe kommerzielle Fischschuppermaschine\" class=\"wp-image-246\" title=\"\" srcset=\"https:\/\/meat-machine.com\/wp-content\/uploads\/2022\/12\/large-commercial-fish-scaler-machine.webp 750w, https:\/\/meat-machine.com\/wp-content\/uploads\/2022\/12\/large-commercial-fish-scaler-machine-300x300.webp 300w, https:\/\/meat-machine.com\/wp-content\/uploads\/2022\/12\/large-commercial-fish-scaler-machine-150x150.webp 150w\" sizes=\"auto, (max-width: 750px) 100vw, 750px\" \/><figcaption class=\"wp-element-caption\">gro\u00dfe kommerzielle Fischschuppermaschine<\/figcaption><\/figure> <\/div>   <h2 class=\"wp-block-heading\">Taizy Hot Sale automatische Entkalkungsmaschine<\/h2>    <p class=\"wp-block-paragraph\">Das Funktionsprinzip der Fischentschuppungsmaschine Taizy Hot Sale \u00e4hnelt dem der gro\u00dfen Maschine. Die Fischschuppen werden durch die kontinuierlich rotierende B\u00fcrste im Inneren der Maschine entfernt. Der Unterschied besteht darin, dass diese automatische Fischentschuppungsmaschine w\u00e4hrend des Arbeitsprozesses eine kontinuierliche Wassereinspritzung ben\u00f6tigt. Die Funktion der Wassereinspritzung besteht darin, die abgekratzten Fischschuppen abzuwaschen. Nach der Arbeit wird der saubere Fisch aus dem Auslauf ausgegeben.<\/p>   <div class=\"wp-block-image\"> <figure class=\"aligncenter size-full\"><img loading=\"lazy\" decoding=\"async\" width=\"720\" height=\"540\" src=\"https:\/\/meat-machine.com\/wp-content\/uploads\/2022\/12\/automatic-fish-descaling-machine.webp\" alt=\"automatische Entschuppungsmaschine f\u00fcr Fische\" class=\"wp-image-247\" title=\"\" srcset=\"https:\/\/meat-machine.com\/wp-content\/uploads\/2022\/12\/automatic-fish-descaling-machine.webp 720w, https:\/\/meat-machine.com\/wp-content\/uploads\/2022\/12\/automatic-fish-descaling-machine-300x225.webp 300w\" sizes=\"auto, (max-width: 720px) 100vw, 720px\" \/><figcaption class=\"wp-element-caption\">automatische Entschuppungsmaschine f\u00fcr Fische<\/figcaption><\/figure> <\/div>   <h3 class=\"wp-block-heading\">Parametertabelle<\/h3>    <figure class=\"wp-block-table\"><table><tbody><tr><td>Modell<\/td><td>HA-500<\/td><td>HA-700<\/td><td>HA-1000<\/td><\/tr><tr><td>Nennspannung<\/td><td>220V\/380<\/td><td>220V\/380<\/td><td>220V\/380<\/td><\/tr><tr><td>Leistung<\/td><td>2,2 kW<\/td><td>2,2 kW<\/td><td>2,2 kW<\/td><\/tr><tr><td>Au\u00dfenma\u00df (mm)<\/td><td>1050*550*700<\/td><td>1250*550*700mm<\/td><td>1250*650*700mm<\/td><\/tr><tr><td>Kapazit\u00e4t (kg)<\/td><td>15 kg\/Charge<\/td><td>25 kg\/Charge<\/td><td>40 kg\/Charge<\/td><\/tr><tr><td>Gewicht (kg)<\/td><td>120<\/td><td>160<\/td><td>210kg<\/td><\/tr><\/tbody><\/table><\/figure>    <h3 class=\"wp-block-heading\">Vorteile der Maschine<\/h3>    <ol class=\"wp-block-list\"> <li>Jede Fischcharge kann in etwa 35 Sekunden verarbeitet werden.<\/li>    <li>Diese automatische Fischschuppenmaschine kann Fischschuppen reinigen und gleichzeitig Schuppen entfernen.<\/li>    <li>Es besteht aus Edelstahl.<\/li>    <li>Kunden k\u00f6nnen die Entkalkungszeit je nach Fischart einstellen.<\/li> <\/ol>    <h2 class=\"wp-block-heading\">Multifunktionale Fischentschuppungsmaschine<\/h2>    <p class=\"wp-block-paragraph\">Die multifunktionale Fischentschuppungsmaschine ist eine multifunktionale vollautomatische Entschuppungsmaschine, die sowohl Fischeingeweide entschuppen als auch entfernen kann. Im Vergleich zu anderen automatischen Entkalkungsmaschinen kann diese Maschine jeweils nur einen Fisch verarbeiten.<\/p>   <div class=\"wp-block-image\"> <figure class=\"aligncenter size-full\"><img loading=\"lazy\" decoding=\"async\" width=\"720\" height=\"540\" src=\"https:\/\/meat-machine.com\/wp-content\/uploads\/2022\/12\/taizy-descaling-fish-machine.webp\" alt=\"Taizy-Fisch-Entkalkungsmaschine\" class=\"wp-image-248\" title=\"\" srcset=\"https:\/\/meat-machine.com\/wp-content\/uploads\/2022\/12\/taizy-descaling-fish-machine.webp 720w, https:\/\/meat-machine.com\/wp-content\/uploads\/2022\/12\/taizy-descaling-fish-machine-300x225.webp 300w\" sizes=\"auto, (max-width: 720px) 100vw, 720px\" \/><figcaption class=\"wp-element-caption\">Taizy-Fisch-Entkalkungsmaschine<\/figcaption><\/figure> <\/div>   <h3 class=\"wp-block-heading\">Maschinenparameter<\/h3>    <figure class=\"wp-block-table\"><table><tbody><tr><td>Name<\/td><td>Kapazit\u00e4t<\/td><td>Gewicht<\/td><td>Gr\u00f6\u00dfe<\/td><\/tr><tr><td>Multifunktionale Fischschuppungsmaschine<\/td><td>400-500kg\/h<\/td><td>140kg<\/td><td>1000*500*700mm<\/td><\/tr><\/tbody><\/table><\/figure>    <h3 class=\"wp-block-heading\">Vorteile der Maschine<\/h3>    <ol class=\"wp-block-list\"> <li>Multifunktional. Diese multifunktionale Entkalkungsmaschine kann nicht nur entkalken, sondern auch den Bauch \u00f6ffnen, Eingeweide entfernen und reinigen.<\/li>    <li>Gute Verarbeitungseffekte. Maschinen verletzen die Fische nicht.<\/li>    <li>Das Edelstahlmaterial entspricht dem Lebensmittelhygienestandard.<\/li>    <li>Das intelligente Steuerungssystem bietet den Vorteil einer einfachen Bedienung.<\/li> <\/ol>   <div class=\"wp-block-image\"> <figure class=\"aligncenter size-full\"><img loading=\"lazy\" decoding=\"async\" width=\"720\" height=\"540\" src=\"https:\/\/meat-machine.com\/wp-content\/uploads\/2022\/12\/descaling-fish-machine.webp\" alt=\"Entkalkungsmaschine f\u00fcr Fische\" class=\"wp-image-249\" title=\"\" srcset=\"https:\/\/meat-machine.com\/wp-content\/uploads\/2022\/12\/descaling-fish-machine.webp 720w, https:\/\/meat-machine.com\/wp-content\/uploads\/2022\/12\/descaling-fish-machine-300x225.webp 300w\" sizes=\"auto, (max-width: 720px) 100vw, 720px\" \/><figcaption class=\"wp-element-caption\">Entkalkungsmaschine f\u00fcr Fische<\/figcaption><\/figure> <\/div>   <h2 class=\"wp-block-heading\">Fischentschuppungsmaschine zu verkaufen<\/h2>    <p class=\"wp-block-paragraph\">In der Taizy Meat Machinery Factory haben wir 4 automatische Fischentschuppungsmaschinen zum Verkauf. Jede Maschine hat unterschiedliche Vorteile, Leistungen und Arbeitsmethoden. Wir bieten gro\u00dfe kommerzielle Entkalker und kleine Entkalker an. Wenn Sie eine automatische Entkalkungsmaschine ben\u00f6tigen, k\u00f6nnen Sie sich gerne an uns wenden.<\/p>    <h2 class=\"wp-block-heading\">Video zur Fischschuppenentfernungsmaschine<\/h2>    <figure class=\"wp-block-embed is-type-video is-provider-youtube wp-block-embed-youtube wp-embed-aspect-16-9 wp-has-aspect-ratio\"><div class=\"wp-block-embed__wrapper\"> <iframe loading=\"lazy\" title=\"Wie entkalkt man einen Fisch schnell? | Maschine zum Entfernen von Fischschuppen\" width=\"500\" height=\"281\" src=\"https:\/\/www.youtube.com\/embed\/3vg3LTY5RzA?feature=oembed\" frameborder=\"0\" allow=\"accelerometer; autoplay; clipboard-write; encrypted-media; gyroscope; picture-in-picture; web-share\" referrerpolicy=\"strict-origin-when-cross-origin\" allowfullscreen><\/iframe> <\/div><\/figure>    <h2 class=\"wp-block-heading\">5 Gr\u00fcnde, warum Kunden sich f\u00fcr uns entscheiden<\/h2>    <ol class=\"wp-block-list\"> <li>Den Kunden stehen verschiedene Typen von automatischen Entkalkungsmaschinen zur Auswahl. Wir haben immer Maschinen, die den Kundenbed\u00fcrfnissen entsprechen. Dar\u00fcber hinaus haben wir auch eine <a href=\"https:\/\/meat-machine.com\/de\/produkt\/fischschneidemaschine\/\">Fischfiletmaschine<\/a> und a <a href=\"https:\/\/meat-machine.com\/de\/produkt\/fisch-entbeinungsmaschine\/\">Fisch-Entbeinungsmaschine<\/a>.<\/li>    <li>Die Maschine ist von hoher Qualit\u00e4t. Mehr als 10 Jahre Erfahrung in der Fleischmaschinenproduktion erm\u00f6glichen es uns, qualitativ hochwertige und erschwingliche Maschinen herzustellen.<\/li> <\/ol>    <ol class=\"wp-block-list\" start=\"3\"> <li>Umfangreiche Exporterfahrung. Heute werden unsere Maschinen in mehr als 20 L\u00e4nder und Regionen auf der ganzen Welt exportiert.<\/li>    <li>Patientenservice. Ausgebildete Verk\u00e4ufer k\u00f6nnen Probleme f\u00fcr Kunden vor und nach dem Verkauf l\u00f6sen.<\/li>    <li>Schnelle Lieferung. Die Quellfabrik zeichnet sich durch eine schnelle Lieferung aus.<\/li> <\/ol>","protected":false},"excerpt":{"rendered":"<p>Automatic fish descaling machine is the machine that automatically removes fish scales. In Taizy Meat Machinery Factory, we provide 4 different types of fish descaling machines. They are small scale fish scaler machines, large scale fish scaler machines, Taizy hot sale descaling fish machines, and multi-function fish scale removers. The 4 machines have different capacities [&hellip;]<\/p>\n","protected":false},"author":1,"featured_media":242,"parent":0,"template":"","tags":[11],"product-type":[25],"class_list":["post-241","product","type-product","status-publish","has-post-thumbnail","hentry","tag-fish-descaling-machine","product-type-fish-processing-machine"],"_links":{"self":[{"href":"https:\/\/meat-machine.com\/de\/wp-json\/wp\/v2\/product\/241","targetHints":{"allow":["GET"]}}],"collection":[{"href":"https:\/\/meat-machine.com\/de\/wp-json\/wp\/v2\/product"}],"about":[{"href":"https:\/\/meat-machine.com\/de\/wp-json\/wp\/v2\/types\/product"}],"author":[{"embeddable":true,"href":"https:\/\/meat-machine.com\/de\/wp-json\/wp\/v2\/users\/1"}],"wp:featuredmedia":[{"embeddable":true,"href":"https:\/\/meat-machine.com\/de\/wp-json\/wp\/v2\/media\/242"}],"wp:attachment":[{"href":"https:\/\/meat-machine.com\/de\/wp-json\/wp\/v2\/media?parent=241"}],"wp:term":[{"taxonomy":"post_tag","embeddable":true,"href":"https:\/\/meat-machine.com\/de\/wp-json\/wp\/v2\/tags?post=241"},{"taxonomy":"product-type","embeddable":true,"href":"https:\/\/meat-machine.com\/de\/wp-json\/wp\/v2\/product-type?post=241"}],"curies":[{"name":"wp","href":"https:\/\/api.w.org\/{rel}","templated":true}]}}