{"id":226,"date":"2022-12-01T16:44:31","date_gmt":"2022-12-01T08:44:31","guid":{"rendered":"https:\/\/meat-machine.com\/?post_type=product&#038;p=226"},"modified":"2026-04-02T16:51:56","modified_gmt":"2026-04-02T08:51:56","slug":"automatische-schaschlikmaschine","status":"publish","type":"product","link":"https:\/\/meat-machine.com\/de\/product\/automatic-shish-kebab-machine\/","title":{"rendered":"Automatische Schaschlikmaschine | Elektrischer Fleischspie\u00dfbereiter"},"content":{"rendered":"<div class=\"kk-star-ratings kksr-auto kksr-align-left kksr-valign-top\"     data-payload='{&quot;align&quot;:&quot;left&quot;,&quot;id&quot;:&quot;226&quot;,&quot;slug&quot;:&quot;default&quot;,&quot;valign&quot;:&quot;top&quot;,&quot;ignore&quot;:&quot;&quot;,&quot;reference&quot;:&quot;auto&quot;,&quot;class&quot;:&quot;&quot;,&quot;count&quot;:&quot;9&quot;,&quot;legendonly&quot;:&quot;&quot;,&quot;readonly&quot;:&quot;&quot;,&quot;score&quot;:&quot;4.6&quot;,&quot;starsonly&quot;:&quot;&quot;,&quot;best&quot;:&quot;5&quot;,&quot;gap&quot;:&quot;5&quot;,&quot;greet&quot;:&quot;Rate this product&quot;,&quot;legend&quot;:&quot;4.6\\\/5 - (9 votes)&quot;,&quot;size&quot;:&quot;24&quot;,&quot;title&quot;:&quot;Automatic Shish Kebab Machine | Electric Meat Kebab Maker&quot;,&quot;width&quot;:&quot;130.9&quot;,&quot;_legend&quot;:&quot;{score}\\\/{best} - ({count} {votes})&quot;,&quot;font_factor&quot;:&quot;1.25&quot;}'>              <div class=\"kksr-stars\">      <div class=\"kksr-stars-inactive\">             <div class=\"kksr-star\" data-star=\"1\" style=\"padding-right: 5px\">               <div class=\"kksr-icon\" style=\"width: 24px; height: 24px;\"><\/div>         <\/div>             <div class=\"kksr-star\" data-star=\"2\" style=\"padding-right: 5px\">               <div class=\"kksr-icon\" style=\"width: 24px; height: 24px;\"><\/div>         <\/div>             <div class=\"kksr-star\" data-star=\"3\" style=\"padding-right: 5px\">               <div class=\"kksr-icon\" style=\"width: 24px; height: 24px;\"><\/div>         <\/div>             <div class=\"kksr-star\" data-star=\"4\" style=\"padding-right: 5px\">               <div class=\"kksr-icon\" style=\"width: 24px; height: 24px;\"><\/div>         <\/div>             <div class=\"kksr-star\" data-star=\"5\" style=\"padding-right: 5px\">               <div class=\"kksr-icon\" style=\"width: 24px; height: 24px;\"><\/div>         <\/div>     <\/div>      <div class=\"kksr-stars-active\" style=\"width: 130.9px;\">             <div class=\"kksr-star\" style=\"padding-right: 5px\">               <div class=\"kksr-icon\" style=\"width: 24px; height: 24px;\"><\/div>         <\/div>             <div class=\"kksr-star\" style=\"padding-right: 5px\">               <div class=\"kksr-icon\" style=\"width: 24px; height: 24px;\"><\/div>         <\/div>             <div class=\"kksr-star\" style=\"padding-right: 5px\">               <div class=\"kksr-icon\" style=\"width: 24px; height: 24px;\"><\/div>         <\/div>             <div class=\"kksr-star\" style=\"padding-right: 5px\">               <div class=\"kksr-icon\" style=\"width: 24px; height: 24px;\"><\/div>         <\/div>             <div class=\"kksr-star\" style=\"padding-right: 5px\">               <div class=\"kksr-icon\" style=\"width: 24px; height: 24px;\"><\/div>         <\/div>     <\/div> <\/div>                   <div class=\"kksr-legend\" style=\"font-size: 19.2px;\">             4,6\/5 - (9 Stimmen)    <\/div>     <\/div>  <p class=\"wp-block-paragraph translation-block\">Die <strong>Automatische Shish Kebab Maschine<\/strong> kann das Spie\u00dfen von Fleisch und anderen Zutaten automatisieren. Sie sorgt f\u00fcr einheitliche Gr\u00f6\u00dfe, Gewicht und Aussehen jedes Kebabs. Mit einer <strong>Kapazit\u00e4t von 1800\u20133500 Spie\u00dfen pro Stunde<\/strong> und einer <strong>Arbeitsgeschwindigkeit von 1,5\u20132,0 Sekunden pro Spie\u00df<\/strong>, erh\u00f6ht die Maschine die Produktionsgeschwindigkeit erheblich und reduziert die Arbeitskosten. <\/p>    <p class=\"wp-block-paragraph\">Diese Maschine ist f\u00fcr eine Vielzahl von Rohstoffen geeignet, darunter H\u00fchnchen, Rindfleisch, Lamm, Meeresfr\u00fcchte und gemischtes Gem\u00fcse. Sie wird h\u00e4ufig f\u00fcr die Herstellung von Shish Kebabs, BBQ-Spie\u00dfen und Satay-Produkten mit einheitlicher Qualit\u00e4t und professionellem Erscheinungsbild verwendet. <\/p>    <p class=\"wp-block-paragraph\">Durch die Verbesserung der Spie\u00dfgenauigkeit und Effizienz hilft die Maschine Unternehmen, gleichbleibende Produktstandards zu wahren, was sie zu einer idealen Wahl f\u00fcr Restaurants, Catering-Services, Tiefk\u00fchlkostfabriken und Zentral-K\u00fcchen macht, die die Produktion steigern m\u00f6chten.<\/p>    <figure class=\"wp-block-embed is-type-video is-provider-youtube wp-block-embed-youtube wp-embed-aspect-9-16 wp-has-aspect-ratio\"><div class=\"wp-block-embed__wrapper\"> <iframe loading=\"lazy\" title=\"Meat Skewer Machine Working Process | Fast &amp; Uniform Skewering #meat #food #skewers\" width=\"422\" height=\"750\" src=\"https:\/\/www.youtube.com\/embed\/j-KMBSLvi-k?feature=oembed\" frameborder=\"0\" allow=\"accelerometer; autoplay; clipboard-write; encrypted-media; gyroscope; picture-in-picture; web-share\" referrerpolicy=\"strict-origin-when-cross-origin\" allowfullscreen><\/iframe> <\/div><figcaption class=\"wp-element-caption\">Video zum Betrieb der automatischen Schaschlikmaschine<\/figcaption><\/figure>    <h2 class=\"wp-block-heading\">Wie ist der Schaschlikautomat aufgebaut?<\/h2>    <div class=\"wp-block-media-text is-stacked-on-mobile\"><figure class=\"wp-block-media-text__media\"><img loading=\"lazy\" decoding=\"async\" width=\"720\" height=\"540\" src=\"https:\/\/meat-machine.com\/wp-content\/uploads\/2022\/12\/machine-structure.webp\" alt=\"Maschinenstruktur\" class=\"wp-image-231 size-full\" title=\"\" srcset=\"https:\/\/meat-machine.com\/wp-content\/uploads\/2022\/12\/machine-structure.webp 720w, https:\/\/meat-machine.com\/wp-content\/uploads\/2022\/12\/machine-structure-300x225.webp 300w\" sizes=\"auto, (max-width: 720px) 100vw, 720px\" \/><\/figure><div class=\"wp-block-media-text__content\"> <ul class=\"wp-block-list\"> <li>Stromversorgungsanzeige: Zeigt den Betriebsstatus der Maschine f\u00fcr sichere und bequeme Nutzung an.<\/li>    <li>F\u00f6rderband: Transportiert Rohstoffe reibungslos, um eine kontinuierliche Produktion zu gew\u00e4hrleisten. <\/li>    <li>Form: Formt und positioniert das Fleisch gleichm\u00e4\u00dfig f\u00fcr eine genaue Spie\u00dfung. <\/li>    <li>Spie\u00dfdetektionssensor: Erkennt die Position des Spie\u00dfes, um eine pr\u00e4zise und gleichm\u00e4\u00dfige Insertion zu gew\u00e4hrleisten. <\/li>    <li>Spie\u00dfvorrichtung: F\u00fcgt Spie\u00dfe automatisch mit hoher Genauigkeit in das Fleisch ein. <\/li> <\/ul> <\/div><\/div>    <div class=\"wp-block-media-text has-media-on-the-right is-stacked-on-mobile\"><div class=\"wp-block-media-text__content\"> <ul class=\"wp-block-list\"> <li>Anti-Doppel-Spie\u00dfvorrichtung: Verhindert, dass mehrere Spie\u00dfe gleichzeitig zugef\u00fchrt werden, was die Effizienz verbessert. <\/li>    <li>Spie\u00dfbeh\u00e4lter: Lagert und versorgt Spie\u00dfe f\u00fcr einen ununterbrochenen Betrieb. <\/li>    <li>\u00d6l-Wasser-Trennsieb: H\u00e4lt die Maschine sauber und erh\u00e4lt die Hygienestandards der Lebensmittel. <\/li>    <li>F\u00f6rderbandmotor: Sorgt f\u00fcr stabile Kraft f\u00fcr reibungslosen und effizienten Transport. <\/li>    <li>Hintere Geh\u00e4use: Sch\u00fctzt interne Komponenten und sorgt f\u00fcr einen sicheren Maschinenbetrieb.<\/li> <\/ul> <\/div><figure class=\"wp-block-media-text__media\"><img loading=\"lazy\" decoding=\"async\" width=\"720\" height=\"540\" src=\"https:\/\/meat-machine.com\/wp-content\/uploads\/2022\/12\/automatic-shish-kebab-machine-1.webp\" alt=\"automatische Schaschlikmaschine\" class=\"wp-image-714 size-full\" title=\"\" srcset=\"https:\/\/meat-machine.com\/wp-content\/uploads\/2022\/12\/automatic-shish-kebab-machine-1.webp 720w, https:\/\/meat-machine.com\/wp-content\/uploads\/2022\/12\/automatic-shish-kebab-machine-1-300x225.webp 300w, https:\/\/meat-machine.com\/wp-content\/uploads\/2022\/12\/automatic-shish-kebab-machine-1-16x12.webp 16w\" sizes=\"auto, (max-width: 720px) 100vw, 720px\" \/><\/figure><\/div>    <h2 class=\"wp-block-heading\">Schaschlikmaschine zu verkaufen<\/h2>    <figure class=\"wp-block-table\"><table class=\"has-fixed-layout\"><thead><tr><th>Parameter<\/th><th>Spezifikation<\/th><\/tr><\/thead><tbody><tr><td>Stromspannung<\/td><td>415V \/ 50Hz, Dreiphasen<\/td><\/tr><tr><td>Modellkapazit\u00e4t<\/td><td>1800\u20133500 Spie\u00dfe pro Stunde<\/td><\/tr><tr><td>Bambusspie\u00dfl\u00e4nge<\/td><td>250 mm<\/td><\/tr><tr><td>Bambusspie\u00dfdurchmesser<\/td><td>5 mm<\/td><\/tr><tr><td>Fleischl\u00e4nge<\/td><td>210 mm<\/td><\/tr><tr><td>Gewicht pro Spie\u00df<\/td><td>120 g<\/td><\/tr><tr><td>Spie\u00dfspitzenauslage<\/td><td>5 mm<\/td><\/tr><tr><td>Material<\/td><td>304 Edelstahl (Maschinenk\u00f6rper, Lager, Ketten usw.)<\/td><\/tr><tr><td>Maschinengr\u00f6\u00dfe<\/td><td>2000 \u00d7 2000 \u00d7 1100 mm<\/td><\/tr><tr><td>Gewicht<\/td><td>160 kg<\/td><\/tr><\/tbody><\/table><figcaption class=\"wp-element-caption\">BBQ-Spie\u00dfmaschinenparameter<\/figcaption><\/figure>    <h2 class=\"wp-block-heading\">Funktionsprinzip der automatischen Schaschlikmaschine<\/h2>    <p class=\"wp-block-paragraph translation-block\">Die <strong>Automatic Shish Kebab Machine<\/strong> arbeitet mit einer Kombination aus pneumatischen und elektrischen Prinzipien zum Spie\u00dfen von Lamm:<\/p>    <ol class=\"wp-block-list\"> <li>Legen Sie das Fleisch in die Form.<\/li>    <li>Starten Sie die Maschine und das F\u00f6rderband schiebt die Form vorw\u00e4rts.<\/li>    <li>Ein Sensor im Inneren der Maschine erkennt die Bewegung und sendet einen Befehl.<\/li>    <li>Die Luftpumpe wird aktiviert und treibt die Aufspie\u00dfvorrichtung an, um das Fleisch aufzuspie\u00dfen.<\/li>    <li>Bevor Sie die Maschine verwenden, schneiden Sie das Fleisch mit einem in St\u00fccke <a href=\"https:\/\/meat-machine.com\/de\/produkt\/fleischwurfelmaschine\/\" data-type=\"link\" data-id=\"https:\/\/meat-machine.com\/product\/meat-dicing-machine\/\">Fleischw\u00fcrfelschneider<\/a> f\u00fcr optimale Ergebnisse.<\/li> <\/ol>    <figure class=\"wp-block-gallery aligncenter has-nested-images columns-default is-cropped wp-block-gallery-2 is-layout-flex wp-block-gallery-is-layout-flex\"> <figure class=\"wp-block-image size-full\"><img loading=\"lazy\" decoding=\"async\" width=\"720\" height=\"540\" data-id=\"232\" src=\"https:\/\/meat-machine.com\/wp-content\/uploads\/2022\/12\/meat-skewer-machine.webp\" alt=\"Fleischspie\u00dfmaschine\" class=\"wp-image-232\" title=\"\" srcset=\"https:\/\/meat-machine.com\/wp-content\/uploads\/2022\/12\/meat-skewer-machine.webp 720w, https:\/\/meat-machine.com\/wp-content\/uploads\/2022\/12\/meat-skewer-machine-300x225.webp 300w\" sizes=\"auto, (max-width: 720px) 100vw, 720px\" \/><figcaption class=\"wp-element-caption\">Fleischspie\u00dfmaschine<\/figcaption><\/figure>    <figure class=\"wp-block-image size-full\"><img loading=\"lazy\" decoding=\"async\" width=\"720\" height=\"540\" data-id=\"713\" src=\"https:\/\/meat-machine.com\/wp-content\/uploads\/2022\/12\/bbq-meat-kebab-machine.webp\" alt=\"Grillfleisch-Kebab-Maschine\" class=\"wp-image-713\" title=\"\" srcset=\"https:\/\/meat-machine.com\/wp-content\/uploads\/2022\/12\/bbq-meat-kebab-machine.webp 720w, https:\/\/meat-machine.com\/wp-content\/uploads\/2022\/12\/bbq-meat-kebab-machine-300x225.webp 300w, https:\/\/meat-machine.com\/wp-content\/uploads\/2022\/12\/bbq-meat-kebab-machine-16x12.webp 16w\" sizes=\"auto, (max-width: 720px) 100vw, 720px\" \/><figcaption class=\"wp-element-caption\">Grill-Fleisch-Kebab-Maschine<\/figcaption><\/figure> <\/figure>    <h2 class=\"wp-block-heading\">Vorteile der BBQ-Spie\u00dfmaschine<\/h2>    <p class=\"wp-block-paragraph translation-block\">Der <strong>Elektrische Shish Kebab Maker<\/strong> bietet pr\u00e4zise und effiziente Bedienung und ist damit ein zuverl\u00e4ssiges Werkzeug f\u00fcr verschiedene Anwendungen:<\/p>    <div class=\"wp-block-media-text is-stacked-on-mobile\"><figure class=\"wp-block-media-text__media\"><img loading=\"lazy\" decoding=\"async\" width=\"720\" height=\"540\" src=\"https:\/\/meat-machine.com\/wp-content\/uploads\/2022\/12\/shish-kebab-machine-for-sale.webp\" alt=\"Schaschlikmaschine zu verkaufen\" class=\"wp-image-233 size-full\" title=\"\" srcset=\"https:\/\/meat-machine.com\/wp-content\/uploads\/2022\/12\/shish-kebab-machine-for-sale.webp 720w, https:\/\/meat-machine.com\/wp-content\/uploads\/2022\/12\/shish-kebab-machine-for-sale-300x225.webp 300w\" sizes=\"auto, (max-width: 720px) 100vw, 720px\" \/><\/figure><div class=\"wp-block-media-text__content\"> <ul class=\"wp-block-list\"> <li>Anti-Doppelspie\u00dfger\u00e4t. Verhindert doppeltes Eindringen und sorgt so f\u00fcr ein reibungsloses und effizientes Aufspie\u00dfen.<\/li>    <li>Vielf\u00e4ltige Einsatzm\u00f6glichkeiten. Geeignet zum Aufspie\u00dfen von Lammfleisch, anderem Fleisch, Zuckerk\u00fcrbis und einer Vielzahl anderer Zutaten.<\/li>    <li>Hochwertige Materialien. Hergestellt aus hochwertigem Edelstahl, mit Formen aus lebensmittelechtem Material <a href=\"https:\/\/en.wikipedia.org\/wiki\/PE\" data-type=\"link\" data-id=\"https:\/\/en.wikipedia.org\/wiki\/PE\" target=\"_blank\" rel=\"noopener\">PE<\/a> Material, das Sicherheit und Hygiene gew\u00e4hrleistet.<\/li>    <li>Hohe Effizienz. Produziert fast 3500 Spie\u00dfe pro Stunde und erreicht damit mehr als das Zehnfache der manuellen Spie\u00dfung.<\/li> <\/ul> <\/div><\/div>    <h2 class=\"wp-block-heading\">Anwendungsbereich der automatischen Schaschlikmaschine<\/h2>    <p class=\"wp-block-paragraph\">Die automatische Schaschlikmaschine bietet ein breites Anwendungsspektrum und eignet sich daher f\u00fcr die Herstellung verschiedener Spie\u00dfprodukte. <\/p>    <p class=\"wp-block-paragraph\">Dazu geh\u00f6ren H\u00e4hnchenspie\u00dfe, Fleischrippenspie\u00dfe, H\u00e4hnchenherzspie\u00dfe, H\u00e4hnchenmagenspie\u00dfe, w\u00fcrzige scharfe Spie\u00dfe, Gem\u00fcsespie\u00dfe, Rindfleischspie\u00dfe, Tintenfischspie\u00dfe, Algenspie\u00dfe, ger\u00f6stete Brotspie\u00dfe, Wei\u00dfdornspie\u00dfe, Yamswurzelspie\u00dfe und Obstspie\u00dfe. <\/p>    <p class=\"wp-block-paragraph\">Seine Vielseitigkeit erm\u00f6glicht es ihm, vielf\u00e4ltige kulinarische Bed\u00fcrfnisse zu erf\u00fcllen, von Fleisch und Meeresfr\u00fcchten bis hin zu Gem\u00fcse und Desserts.<\/p>    <figure class=\"wp-block-gallery aligncenter has-nested-images columns-default is-cropped wp-block-gallery-3 is-layout-flex wp-block-gallery-is-layout-flex\"> <figure class=\"wp-block-image size-full\"><img loading=\"lazy\" decoding=\"async\" width=\"720\" height=\"540\" data-id=\"230\" src=\"https:\/\/meat-machine.com\/wp-content\/uploads\/2022\/12\/automatic-shish-kebab-machine.webp\" alt=\"automatische Schaschlikmaschine\" class=\"wp-image-230\" title=\"\" srcset=\"https:\/\/meat-machine.com\/wp-content\/uploads\/2022\/12\/automatic-shish-kebab-machine.webp 720w, https:\/\/meat-machine.com\/wp-content\/uploads\/2022\/12\/automatic-shish-kebab-machine-300x225.webp 300w\" sizes=\"auto, (max-width: 720px) 100vw, 720px\" \/><figcaption class=\"wp-element-caption\">Automatische Schaschlikmaschine<\/figcaption><\/figure>    <figure class=\"wp-block-image size-full\"><img loading=\"lazy\" decoding=\"async\" width=\"720\" height=\"540\" data-id=\"229\" src=\"https:\/\/meat-machine.com\/wp-content\/uploads\/2022\/12\/Application-scope-of-the-shish-kebab-making-machine.webp\" alt=\"Anwendungsbereich der Schaschlik-Maschine\" class=\"wp-image-229\" title=\"\" srcset=\"https:\/\/meat-machine.com\/wp-content\/uploads\/2022\/12\/Application-scope-of-the-shish-kebab-making-machine.webp 720w, https:\/\/meat-machine.com\/wp-content\/uploads\/2022\/12\/Application-scope-of-the-shish-kebab-making-machine-300x225.webp 300w\" sizes=\"auto, (max-width: 720px) 100vw, 720px\" \/><figcaption class=\"wp-element-caption\">Anwendungsbereich der Shish Kebab Herstellungsmachine<\/figcaption><\/figure> <\/figure>    <h2 class=\"wp-block-heading\">Wie w\u00e4hlt man einen vertrauensw\u00fcrdigen Hersteller von Fleischspie\u00dfmaschinen aus?<\/h2>    <p class=\"wp-block-paragraph translation-block\">Bei <strong>Taizy Machinery<\/strong> stehen wir stolz als zuverl\u00e4ssiger und vertrauensw\u00fcrdiger Hersteller hochwertiger Maschinen. Darum k\u00f6nnen Sie sich auf uns verlassen:<\/p>    <div class=\"wp-block-media-text is-stacked-on-mobile\"><figure class=\"wp-block-media-text__media\"><img loading=\"lazy\" decoding=\"async\" width=\"720\" height=\"540\" src=\"https:\/\/meat-machine.com\/wp-content\/uploads\/2022\/12\/meat-kebab-machine.webp\" alt=\"Fleisch-Kebab-Maschine\" class=\"wp-image-711 size-full\" title=\"\" srcset=\"https:\/\/meat-machine.com\/wp-content\/uploads\/2022\/12\/meat-kebab-machine.webp 720w, https:\/\/meat-machine.com\/wp-content\/uploads\/2022\/12\/meat-kebab-machine-300x225.webp 300w, https:\/\/meat-machine.com\/wp-content\/uploads\/2022\/12\/meat-kebab-machine-16x12.webp 16w\" sizes=\"auto, (max-width: 720px) 100vw, 720px\" \/><\/figure><div class=\"wp-block-media-text__content\"> <ul class=\"wp-block-list\"> <li><strong>Firmenqualifikationen:<\/strong> Taizy Machinery besitzt CE-Zertifizierung, die hohe Qualit\u00e4ts- und Sicherheitsstandards garantiert. <\/li>    <li><strong>Maschinenqualit\u00e4t:<\/strong> Wir stellen detaillierte Fotos und Videos bereit, um Transparenz und zuverl\u00e4ssige Verarbeitung zu garantieren. <\/li>    <li><strong>Kundendienst:<\/strong> Umfassender Support inklusive Garantie und technischer Unterst\u00fctzung f\u00fcr einen reibungslosen Betrieb. <\/li>    <li><strong>Export-Erfahrung:<\/strong> Umfangreiche globale Exporterfahrung mit professionellen Logistikl\u00f6sungen und p\u00fcnktlicher Lieferung.<\/li> <\/ul> <\/div><\/div>    <p class=\"wp-block-paragraph translation-block\">W\u00e4hlen Sie <strong>Taizy Machinery<\/strong> f\u00fcr zuverl\u00e4ssige L\u00f6sungen und unvergleichlichen Service. Lassen Sie uns Ihnen helfen, Ihre Gesch\u00e4ftsziele mit Zuversicht zu erreichen!<\/p>    <h2 class=\"wp-block-heading\">Abschluss<\/h2>    <p class=\"wp-block-paragraph translation-block\">Zusammenfassend machen die fortschrittlichen Merkmale der <strong>Automatic Shish Kebab Machine<\/strong>, hochwertige Materialien und einfache Bedienung sie zu einer idealen Wahl f\u00fcr Fleischspiess-Fabriken, Grillrestaurants und Lebensmittelverarbeitungsbetriebe. <\/p>    <p class=\"wp-block-paragraph\">Mit dieser Maschine k\u00f6nnen Sie die Produktivit\u00e4t erheblich steigern und gleichzeitig die Sicherheits- und Hygienestandards einhalten. Kontaktieren Sie uns noch heute, um mehr dar\u00fcber zu erfahren, wie diese innovative Maschine Ihrem Betrieb zugute kommen kann!<\/p>","protected":false},"excerpt":{"rendered":"<p>Die automatische Shish-Kebab-Maschine kann das Aufspie\u00dfen von Fleisch und anderen Zutaten automatisieren. <\/p>","protected":false},"author":1,"featured_media":228,"parent":0,"template":"","tags":[12],"product-type":[4],"class_list":["post-226","product","type-product","status-publish","has-post-thumbnail","hentry","tag-shish-kebab-machine","product-type-meat-grinder"],"_links":{"self":[{"href":"https:\/\/meat-machine.com\/de\/wp-json\/wp\/v2\/product\/226","targetHints":{"allow":["GET"]}}],"collection":[{"href":"https:\/\/meat-machine.com\/de\/wp-json\/wp\/v2\/product"}],"about":[{"href":"https:\/\/meat-machine.com\/de\/wp-json\/wp\/v2\/types\/product"}],"author":[{"embeddable":true,"href":"https:\/\/meat-machine.com\/de\/wp-json\/wp\/v2\/users\/1"}],"wp:featuredmedia":[{"embeddable":true,"href":"https:\/\/meat-machine.com\/de\/wp-json\/wp\/v2\/media\/228"}],"wp:attachment":[{"href":"https:\/\/meat-machine.com\/de\/wp-json\/wp\/v2\/media?parent=226"}],"wp:term":[{"taxonomy":"post_tag","embeddable":true,"href":"https:\/\/meat-machine.com\/de\/wp-json\/wp\/v2\/tags?post=226"},{"taxonomy":"product-type","embeddable":true,"href":"https:\/\/meat-machine.com\/de\/wp-json\/wp\/v2\/product-type?post=226"}],"curies":[{"name":"wp","href":"https:\/\/api.w.org\/{rel}","templated":true}]}}