{"id":217,"date":"2022-11-25T15:14:54","date_gmt":"2022-11-25T07:14:54","guid":{"rendered":"https:\/\/meat-machine.com\/?post_type=product&#038;p=217"},"modified":"2023-02-07T15:12:59","modified_gmt":"2023-02-07T07:12:59","slug":"fischschneidemaschine","status":"publish","type":"product","link":"https:\/\/meat-machine.com\/de\/product\/fish-slicer-machine\/","title":{"rendered":"Fischschneidemaschine | Fischfiletiermaschine"},"content":{"rendered":"<div class=\"kk-star-ratings kksr-auto kksr-align-left kksr-valign-top\"     data-payload='{&quot;align&quot;:&quot;left&quot;,&quot;id&quot;:&quot;217&quot;,&quot;slug&quot;:&quot;default&quot;,&quot;valign&quot;:&quot;top&quot;,&quot;ignore&quot;:&quot;&quot;,&quot;reference&quot;:&quot;auto&quot;,&quot;class&quot;:&quot;&quot;,&quot;count&quot;:&quot;11&quot;,&quot;legendonly&quot;:&quot;&quot;,&quot;readonly&quot;:&quot;&quot;,&quot;score&quot;:&quot;4.7&quot;,&quot;starsonly&quot;:&quot;&quot;,&quot;best&quot;:&quot;5&quot;,&quot;gap&quot;:&quot;5&quot;,&quot;greet&quot;:&quot;Rate this product&quot;,&quot;legend&quot;:&quot;4.7\\\/5 - (11 votes)&quot;,&quot;size&quot;:&quot;24&quot;,&quot;title&quot;:&quot;Fish Slicer Machine | Fish Fillet Machine&quot;,&quot;width&quot;:&quot;133.8&quot;,&quot;_legend&quot;:&quot;{score}\\\/{best} - ({count} {votes})&quot;,&quot;font_factor&quot;:&quot;1.25&quot;}'>              <div class=\"kksr-stars\">      <div class=\"kksr-stars-inactive\">             <div class=\"kksr-star\" data-star=\"1\" style=\"padding-right: 5px\">               <div class=\"kksr-icon\" style=\"width: 24px; height: 24px;\"><\/div>         <\/div>             <div class=\"kksr-star\" data-star=\"2\" style=\"padding-right: 5px\">               <div class=\"kksr-icon\" style=\"width: 24px; height: 24px;\"><\/div>         <\/div>             <div class=\"kksr-star\" data-star=\"3\" style=\"padding-right: 5px\">               <div class=\"kksr-icon\" style=\"width: 24px; height: 24px;\"><\/div>         <\/div>             <div class=\"kksr-star\" data-star=\"4\" style=\"padding-right: 5px\">               <div class=\"kksr-icon\" style=\"width: 24px; height: 24px;\"><\/div>         <\/div>             <div class=\"kksr-star\" data-star=\"5\" style=\"padding-right: 5px\">               <div class=\"kksr-icon\" style=\"width: 24px; height: 24px;\"><\/div>         <\/div>     <\/div>      <div class=\"kksr-stars-active\" style=\"width: 133.8px;\">             <div class=\"kksr-star\" style=\"padding-right: 5px\">               <div class=\"kksr-icon\" style=\"width: 24px; height: 24px;\"><\/div>         <\/div>             <div class=\"kksr-star\" style=\"padding-right: 5px\">               <div class=\"kksr-icon\" style=\"width: 24px; height: 24px;\"><\/div>         <\/div>             <div class=\"kksr-star\" style=\"padding-right: 5px\">               <div class=\"kksr-icon\" style=\"width: 24px; height: 24px;\"><\/div>         <\/div>             <div class=\"kksr-star\" style=\"padding-right: 5px\">               <div class=\"kksr-icon\" style=\"width: 24px; height: 24px;\"><\/div>         <\/div>             <div class=\"kksr-star\" style=\"padding-right: 5px\">               <div class=\"kksr-icon\" style=\"width: 24px; height: 24px;\"><\/div>         <\/div>     <\/div> <\/div>                   <div class=\"kksr-legend\" style=\"font-size: 19.2px;\">             4,7\/5 - (11 Stimmen)    <\/div>     <\/div>  <p class=\"wp-block-paragraph translation-block\">Fischschneidemaschine ist eine g\u00e4ngige Fischverarbeitungsmaschine bei <a href=\"https:\/\/meat-machine.com\/de\/\">Taizy Fleischmaschinen<\/a>. Diese Maschine kann die Art des manuellen Zuschneidens nachahmen, um das ganze Fischst\u00fcck in Scheiben mit gleichm\u00e4\u00dfiger Dicke zu schneiden. Die Dicke der Fischscheibe kann angepasst werden. Die Dicke der Filets kann von 1 mm bis 40 mm variieren. Wir k\u00f6nnen den Schnittwinkel der Maschine entsprechend den Bed\u00fcrfnissen des Kunden anpassen (15-45 Grad). Zus\u00e4tzlich kann die Taizy-Fischschneidemaschine jeden Fisch filetieren. Letzte Woche hat unser Kunde eine Filetiermaschine gekauft, um Lachs zu schneiden. Wenn Sie also eine Lachsfiletiermaschine kaufen m\u00f6chten, ist diese Maschine eine gute Wahl.<\/p>   <div class=\"wp-block-image\"> <figure class=\"aligncenter size-full\"><img loading=\"lazy\" decoding=\"async\" width=\"720\" height=\"640\" src=\"https:\/\/meat-machine.com\/wp-content\/uploads\/2022\/11\/fish-slicer-machine.webp\" alt=\"Fischschneidemaschine\" class=\"wp-image-221\" title=\"\" srcset=\"https:\/\/meat-machine.com\/wp-content\/uploads\/2022\/11\/fish-slicer-machine.webp 720w, https:\/\/meat-machine.com\/wp-content\/uploads\/2022\/11\/fish-slicer-machine-300x267.webp 300w\" sizes=\"auto, (max-width: 720px) 100vw, 720px\" \/><figcaption class=\"wp-element-caption\">Fischschneidemaschine<\/figcaption><\/figure> <\/div>   <h2 class=\"wp-block-heading\">Arbeitsvideo der Fischschneidemaschine<\/h2>    <figure class=\"wp-block-embed is-type-video is-provider-youtube wp-block-embed-youtube wp-embed-aspect-16-9 wp-has-aspect-ratio\"><div class=\"wp-block-embed__wrapper\"> <iframe loading=\"lazy\" title=\"Beste Fischschneidemaschine | Fischfiletmaschine zu verkaufen | Fischschneidemaschine #Shorts\" width=\"500\" height=\"281\" src=\"https:\/\/www.youtube.com\/embed\/sXfbZ0-f8vc?feature=oembed\" frameborder=\"0\" allow=\"accelerometer; autoplay; clipboard-write; encrypted-media; gyroscope; picture-in-picture; web-share\" referrerpolicy=\"strict-origin-when-cross-origin\" allowfullscreen><\/iframe> <\/div><\/figure>    <h2 class=\"wp-block-heading\">Was ist das Funktionsprinzip der Fischfiletmaschine?<\/h2>    <p class=\"wp-block-paragraph\">Die kommerzielle Fischfiletmaschine simuliert das Prinzip des manuellen Schneidens und treibt die Zuf\u00fchrvorrichtung und den Schneidsatz unter der Wirkung von Motor und Getriebe an. Die Messergruppe besteht aus 50-80 gleichm\u00e4\u00dfig angeordneten Messern. Nachdem Sie den Fisch in die Maschine gegeben haben, dr\u00fccken Sie die Hebetaste und die Zuf\u00fchrvorrichtung bewegt sich in Richtung der Klinge. Anschlie\u00dfend wird der Fisch mit einer Rasierklinge quer in Scheiben geschnitten. Aus diesem Grund schneidet die vollautomatische Fischfiletiermaschine das Fischfleisch schr\u00e4g in Fischscheiben.<\/p>   <div class=\"wp-block-image\"> <figure class=\"aligncenter size-full\"><img loading=\"lazy\" decoding=\"async\" width=\"720\" height=\"540\" src=\"https:\/\/meat-machine.com\/wp-content\/uploads\/2022\/11\/fillets-of-different-thicknesses.webp\" alt=\"Filets unterschiedlicher Dicke\" class=\"wp-image-219\" title=\"\" srcset=\"https:\/\/meat-machine.com\/wp-content\/uploads\/2022\/11\/fillets-of-different-thicknesses.webp 720w, https:\/\/meat-machine.com\/wp-content\/uploads\/2022\/11\/fillets-of-different-thicknesses-300x225.webp 300w\" sizes=\"auto, (max-width: 720px) 100vw, 720px\" \/><figcaption class=\"wp-element-caption\">Filets unterschiedlicher Dicke<\/figcaption><\/figure> <\/div>   <h2 class=\"wp-block-heading\">Technischer Parameter<\/h2>    <figure class=\"wp-block-table\"><table><tbody><tr><td>Name<\/td><td>Fischschneidemaschine<\/td><\/tr><tr><td>Gr\u00f6\u00dfe (mm)<\/td><td>1030*700*850<\/td><\/tr><tr><td>Spannung (v)<\/td><td>220<\/td><\/tr><tr><td>Leistung (kW)<\/td><td>1.62<\/td><\/tr><tr><td>Gewicht (kg)<\/td><td>160<\/td><\/tr><tr><td>Kapazit\u00e4t (kg\/h)<\/td><td>200kg\/h<\/td><\/tr><\/tbody><\/table><\/figure>    <p class=\"wp-block-paragraph translation-block\">Die obigen Daten sind nur die technischen Parameter einer unserer Fischschneidemaschinen. Bei Taizy Meat Machinery haben wir eine Vielzahl von Fischschneidemaschinen zur Auswahl f\u00fcr unsere Kunden. Die Dicke der Fischscheiben kann auf 1 mm bis 40 mm geschnitten werden. Wenn Kunden andere Dickeanforderungen haben, k\u00f6nnen wir auch ma\u00dfgeschneiderte Dienstleistungen anbieten. Dar\u00fcber hinaus hat unser Unternehmen auch eine <a href=\"https:\/\/meat-machine.com\/de\/produkt\/fisch-entbeinungsmaschine\/\">Fischentgr\u00e4tungsmaschine<\/a>, um Fischgr\u00e4ten zu entfernen.<\/p>    <h2 class=\"wp-block-heading\">Vorteile der Fischschneidemaschine<\/h2>    <ol class=\"wp-block-list\"> <li>Leicht zu bewegen. An der Unterseite des automatischen Frischfischschneiders befinden sich Rollen, die das Bewegen erleichtern.<\/li>    <li>Konsolidierung und hohe Effizienz. Die Maschine kann gew\u00f6hnlichen Speisefisch verarbeiten und die Effizienz entspricht der von 20 Personen. Dar\u00fcber hinaus besch\u00e4digt die Maschine den Fisch nicht und der geschnittene Fisch beh\u00e4lt seine urspr\u00fcngliche Form.<\/li>    <li>Die Dicke des Fischfilets ist einstellbar. Diese Maschine kann die Scheibendicke, die Scheibengeschwindigkeit und den Scheibenwinkel einstellen. Die Bewegungsgeschwindigkeit des Fr\u00e4sers kann auf 64-280 Mal pro Minute eingestellt werden.<\/li>    <li>Der geschnittene Fisch ist gleichm\u00e4\u00dfig dick.<\/li>    <li>Der Allesschneider besteht aus lebensmittelechtem Edelstahl. Es zeichnet sich dadurch aus, dass es nicht leicht zu schlacken f\u00e4llt und hygienisch ist.<\/li>    <li>Leicht zu reinigen. Die Fischschneidemaschine ist einfach aufgebaut und daher leicht zu reinigen.<\/li> <\/ol>   <div class=\"wp-block-image\"> <figure class=\"aligncenter size-full\"><img loading=\"lazy\" decoding=\"async\" width=\"720\" height=\"540\" src=\"https:\/\/meat-machine.com\/wp-content\/uploads\/2022\/11\/slicing-effect-of-the-fish-filleter-machine.webp\" alt=\"Schneideeffekt der Fischfiletiermaschine\" class=\"wp-image-224\" title=\"\" srcset=\"https:\/\/meat-machine.com\/wp-content\/uploads\/2022\/11\/slicing-effect-of-the-fish-filleter-machine.webp 720w, https:\/\/meat-machine.com\/wp-content\/uploads\/2022\/11\/slicing-effect-of-the-fish-filleter-machine-300x225.webp 300w\" sizes=\"auto, (max-width: 720px) 100vw, 720px\" \/><figcaption class=\"wp-element-caption\">Schneideeffekt der Fischfiletiermaschine<\/figcaption><\/figure> <\/div>   <h2 class=\"wp-block-heading\">Anwendungsbereich der Fischschneidemaschine<\/h2>    <p class=\"wp-block-paragraph translation-block\">Die Fischfiletiermaschine kann eine Vielzahl von frischem, getrocknetem und mikrogefrorenem Fisch filetiert, wie Lachs, Graskarpfen, Schwarzfisch, Makrele, Karpfen, Lachs, <a href=\"https:\/\/en.wikipedia.org\/wiki\/Guppy\" target=\"_blank\" rel=\"noopener\">Guppy<\/a>, Tilapia, Seebarsch, Barramundi usw. Die Maschine ist auch geeignet zum Schneiden von Pancetta, Rindfleischpancetta, Schweineleber, Rinderleber, Tintenfisch und anderen weichen Fleischzutaten. Sie ist geeignet f\u00fcr Hotels, Restaurants, Aquakulturverarbeitung und andere Gastronomie. Gleichzeitig wird die Fischschneidemaschine auch h\u00e4ufig in Hotpot-Restaurants, eingelegtem Fisch, gekochten Fischl\u00e4den, Mensen, Hotels und anderen Arten von Gastronomiebetrieben eingesetzt.<\/p>   <div class=\"wp-block-image\"> <figure class=\"aligncenter size-full\"><img loading=\"lazy\" decoding=\"async\" width=\"750\" height=\"470\" src=\"https:\/\/meat-machine.com\/wp-content\/uploads\/2022\/11\/product-application.webp\" alt=\"Produktanwendung\" class=\"wp-image-223\" title=\"\" srcset=\"https:\/\/meat-machine.com\/wp-content\/uploads\/2022\/11\/product-application.webp 750w, https:\/\/meat-machine.com\/wp-content\/uploads\/2022\/11\/product-application-300x188.webp 300w\" sizes=\"auto, (max-width: 750px) 100vw, 750px\" \/><figcaption class=\"wp-element-caption\">Produktanwendung<\/figcaption><\/figure> <\/div>   <h2 class=\"wp-block-heading\">Wie reinige ich die Fischfiletiermaschine?<\/h2>    <p class=\"wp-block-paragraph\">Die Maschine sollte nach jedem Gebrauch gereinigt werden. Die Bereiche, die gereinigt werden m\u00fcssen, sind das Fischtablett und der Schlitz der Klinge. Beim Reinigen m\u00fcssen Sie nur die Ritzen und die Oberfl\u00e4che des Tellers und der Klingen mit Wasser absp\u00fclen. Seien Sie jedoch vorsichtig, keine harten Gegenst\u00e4nde zu verwenden, um die Fischfiletiermaschine zu schlagen, um die Teile der Maschine nicht zu besch\u00e4digen. W\u00e4hrend der Benutzung der Maschine m\u00fcssen Sie regelm\u00e4\u00dfig das mit dem Wort \"\u00d6l\" gekennzeichnete \u00d6leinf\u00fcllloch auff\u00fcllen, damit die Maschine ausreichend geschmiert ist. Die Oberfl\u00e4che des Fischschneidemessers und der Maschine kann mit verd\u00fcnntem Speise\u00f6l abgewischt werden. Wenn die Fischschneidemaschine l\u00e4ngere Zeit nicht verwendet wird, sollte sie nach der Reinigung mit einem Tuch abgedeckt werden, um die n\u00e4chste Benutzung zu erleichtern.<\/p>","protected":false},"excerpt":{"rendered":"<p>Fish slicer machine is a common fish processing machine in Taizy meat machinery. This machine can imitate the way of artificial slicing to cut the whole piece of fish into slices with uniform thickness. The thickness of the fish slice can be adjusted. The thickness of the fillets can vary from 1mm to 40mm. We [&hellip;]<\/p>\n","protected":false},"author":1,"featured_media":220,"parent":0,"template":"","tags":[20],"product-type":[25],"class_list":["post-217","product","type-product","status-publish","has-post-thumbnail","hentry","tag-fish-slicer-machine","product-type-fish-processing-machine"],"_links":{"self":[{"href":"https:\/\/meat-machine.com\/de\/wp-json\/wp\/v2\/product\/217","targetHints":{"allow":["GET"]}}],"collection":[{"href":"https:\/\/meat-machine.com\/de\/wp-json\/wp\/v2\/product"}],"about":[{"href":"https:\/\/meat-machine.com\/de\/wp-json\/wp\/v2\/types\/product"}],"author":[{"embeddable":true,"href":"https:\/\/meat-machine.com\/de\/wp-json\/wp\/v2\/users\/1"}],"wp:featuredmedia":[{"embeddable":true,"href":"https:\/\/meat-machine.com\/de\/wp-json\/wp\/v2\/media\/220"}],"wp:attachment":[{"href":"https:\/\/meat-machine.com\/de\/wp-json\/wp\/v2\/media?parent=217"}],"wp:term":[{"taxonomy":"post_tag","embeddable":true,"href":"https:\/\/meat-machine.com\/de\/wp-json\/wp\/v2\/tags?post=217"},{"taxonomy":"product-type","embeddable":true,"href":"https:\/\/meat-machine.com\/de\/wp-json\/wp\/v2\/product-type?post=217"}],"curies":[{"name":"wp","href":"https:\/\/api.w.org\/{rel}","templated":true}]}}