{"id":1231,"date":"2026-04-27T16:09:49","date_gmt":"2026-04-27T08:09:49","guid":{"rendered":"https:\/\/meat-machine.com\/?post_type=product&#038;p=1231"},"modified":"2026-04-27T16:20:06","modified_gmt":"2026-04-27T08:20:06","slug":"meat-mixing-machine","status":"publish","type":"product","link":"https:\/\/meat-machine.com\/de\/product\/meat-mixing-machine\/","title":{"rendered":"Fleischmischmaschine"},"content":{"rendered":"<div class=\"kk-star-ratings kksr-auto kksr-align-left kksr-valign-top\"     data-payload='{&quot;align&quot;:&quot;left&quot;,&quot;id&quot;:&quot;1231&quot;,&quot;slug&quot;:&quot;default&quot;,&quot;valign&quot;:&quot;top&quot;,&quot;ignore&quot;:&quot;&quot;,&quot;reference&quot;:&quot;auto&quot;,&quot;class&quot;:&quot;&quot;,&quot;count&quot;:&quot;30&quot;,&quot;legendonly&quot;:&quot;&quot;,&quot;readonly&quot;:&quot;&quot;,&quot;score&quot;:&quot;4.5&quot;,&quot;starsonly&quot;:&quot;&quot;,&quot;best&quot;:&quot;5&quot;,&quot;gap&quot;:&quot;5&quot;,&quot;greet&quot;:&quot;Rate this product&quot;,&quot;legend&quot;:&quot;4.5\\\/5 - (30 votes)&quot;,&quot;size&quot;:&quot;24&quot;,&quot;title&quot;:&quot;Meat mixing machine&quot;,&quot;width&quot;:&quot;128&quot;,&quot;_legend&quot;:&quot;{score}\\\/{best} - ({count} {votes})&quot;,&quot;font_factor&quot;:&quot;1.25&quot;}'>              <div class=\"kksr-stars\">      <div class=\"kksr-stars-inactive\">             <div class=\"kksr-star\" data-star=\"1\" style=\"padding-right: 5px\">               <div class=\"kksr-icon\" style=\"width: 24px; height: 24px;\"><\/div>         <\/div>             <div class=\"kksr-star\" data-star=\"2\" style=\"padding-right: 5px\">               <div class=\"kksr-icon\" style=\"width: 24px; height: 24px;\"><\/div>         <\/div>             <div class=\"kksr-star\" data-star=\"3\" style=\"padding-right: 5px\">               <div class=\"kksr-icon\" style=\"width: 24px; height: 24px;\"><\/div>         <\/div>             <div class=\"kksr-star\" data-star=\"4\" style=\"padding-right: 5px\">               <div class=\"kksr-icon\" style=\"width: 24px; height: 24px;\"><\/div>         <\/div>             <div class=\"kksr-star\" data-star=\"5\" style=\"padding-right: 5px\">               <div class=\"kksr-icon\" style=\"width: 24px; height: 24px;\"><\/div>         <\/div>     <\/div>      <div class=\"kksr-stars-active\" style=\"width: 128px;\">             <div class=\"kksr-star\" style=\"padding-right: 5px\">               <div class=\"kksr-icon\" style=\"width: 24px; height: 24px;\"><\/div>         <\/div>             <div class=\"kksr-star\" style=\"padding-right: 5px\">               <div class=\"kksr-icon\" style=\"width: 24px; height: 24px;\"><\/div>         <\/div>             <div class=\"kksr-star\" style=\"padding-right: 5px\">               <div class=\"kksr-icon\" style=\"width: 24px; height: 24px;\"><\/div>         <\/div>             <div class=\"kksr-star\" style=\"padding-right: 5px\">               <div class=\"kksr-icon\" style=\"width: 24px; height: 24px;\"><\/div>         <\/div>             <div class=\"kksr-star\" style=\"padding-right: 5px\">               <div class=\"kksr-icon\" style=\"width: 24px; height: 24px;\"><\/div>         <\/div>     <\/div> <\/div>                   <div class=\"kksr-legend\" style=\"font-size: 19.2px;\">             4,5\/5 - (30 Stimmen)    <\/div>     <\/div>  <p class=\"wp-block-paragraph translation-block\">Die <strong>Fleischmischmaschine<\/strong> ist eine praktische Lebensmittelverarbeitungsmaschine zum gleichm\u00e4\u00dfigen und effizienten Mischen von Hackfleisch und fein gehackten Zutaten. Sie wird h\u00e4ufig in Fleischverarbeitungsbetrieben, Restaurants, Wurstfabriken und Gefrierkostelinien eingesetzt. Mit einem <strong>Kapazit\u00e4tsbereich von 15-90kg\/Charge<\/strong> kann sie die Produktionsanforderungen kleiner Werkst\u00e4tten sowie mittelgro\u00dfer gewerblicher Betriebe erf\u00fcllen.<\/p>    <p class=\"wp-block-paragraph\">Ausgestattet mit leistungsstarken Mischpaddeln und einer Edelstahlkonstruktion kann die Maschine Fleisch schnell mit Gew\u00fcrzen, St\u00e4rke, So\u00dfen und anderen Zus\u00e4tzen vermengen, um eine bessere Textur, Geschmackaufnahme und Produktkonsistenz zu gew\u00e4hrleisten. Sie ist einfach zu bedienen, hygienisch und f\u00fcr den kontinuierlichen gewerblichen Einsatz geeignet.<\/p>    <p class=\"wp-block-paragraph\">Diese Maschine wird haupts\u00e4chlich f\u00fcr die Verarbeitung von Schweinefleisch, Rindfleisch, H\u00fchnchen, Fisch, Lamm und anderen fein zerkleinerten Fleischsorten verwendet. Sie ist ideal f\u00fcr die Herstellung von W\u00fcrsten, Fleischb\u00e4llchen, Burger-Patties, Teigtaschenf\u00fcllungen, Fleischpasteten und verschiedenen verarbeiteten Fleischprodukten. Durch die Verbesserung der Mischleistung und die Reduzierung manueller Arbeit hilft die Fleischmischmaschine Unternehmen, die Produktionskapazit\u00e4t zu erh\u00f6hen und gleichzeitig die stabile Produktqualit\u00e4t zu bewahren.<\/p>    <figure class=\"wp-block-embed is-type-video is-provider-youtube wp-block-embed-youtube wp-embed-aspect-9-16 wp-has-aspect-ratio\"><div class=\"wp-block-embed__wrapper\"> <iframe loading=\"lazy\" title=\"Fleischmischmaschine zum Verkauf | Hochleistungs-Fleischmischger\u00e4te #Fleisch #Mischung #Lebensmittelverarbeitung\" width=\"422\" height=\"750\" src=\"https:\/\/www.youtube.com\/embed\/2ciKKQqU20M?feature=oembed\" frameborder=\"0\" allow=\"accelerometer; autoplay; clipboard-write; encrypted-media; gyroscope; picture-in-picture; web-share\" referrerpolicy=\"strict-origin-when-cross-origin\" allowfullscreen><\/iframe> <\/div><figcaption class=\"wp-element-caption\">Video der Fleischmischmaschinenfunktion<\/figcaption><\/figure>    <h2 class=\"wp-block-heading\">Wie funktioniert die Fleischsch\u00fcssel-Mischmaschine?<\/h2>    <p class=\"wp-block-paragraph translation-block\">Die <strong>Fleischmischmaschine<\/strong> kann Hackfleisch mit verschiedenen Zutaten durch einen kontrollierten Dreh- und R\u00fchrprozess in einer Mischsch\u00fcssel verbinden. Beim Betrieb dreht und hebt die interne Mischwelle das Material wiederholt, sodass Fleisch und Zus\u00e4tze vollst\u00e4ndig gefaltet, gepresst und aus verschiedenen Winkeln vermischt werden. Diese kontinuierliche Bewegung sorgt f\u00fcr eine gleichm\u00e4\u00dfigere Verteilung von Fett, Gew\u00fcrzen und Feuchtigkeit im gesamten Gemisch.<\/p>    <p class=\"wp-block-paragraph translation-block\">Sie wird \u00fcblicherweise nach dem Fleischwolfgang verwendet, um Rohstoffe f\u00fcr Produkte wie <a href=\"https:\/\/meat-machine.com\/de\/produkt\/wurstverarbeitungslinie\/\" data-type=\"link\" data-id=\"https:\/\/meat-machine.com\/product\/sausage-processing-line\/\">W\u00fcrste<\/a>, Fleischf\u00fcllungen, <a href=\"https:\/\/meat-machine.com\/de\/produkt\/meat-patty-making-machine-production-line\/\" data-type=\"link\" data-id=\"https:\/\/meat-machine.com\/product\/meat-patty-making-machine-production-line\/\">Patties<\/a> und verarbeitete Tiefk\u00fchlkost vorzubereiten. Das Ergebnis ist eine stabilere, elastischere und gleichm\u00e4\u00dfigere Fleischmischung, die sowohl die Verarbeitungseffizienz als auch die Endproduktqualit\u00e4t verbessert.<\/p>    <figure class=\"wp-block-gallery has-nested-images columns-default is-cropped wp-block-gallery-2 is-layout-flex wp-block-gallery-is-layout-flex\"> <figure class=\"wp-block-image size-full\"><img loading=\"lazy\" decoding=\"async\" width=\"720\" height=\"540\" data-id=\"1244\" src=\"https:\/\/meat-machine.com\/wp-content\/uploads\/2026\/04\/commercial-meat-mixer-1.webp\" alt=\"Gewerbliche Fleischmischer\" class=\"wp-image-1244\" title=\"\" srcset=\"https:\/\/meat-machine.com\/wp-content\/uploads\/2026\/04\/commercial-meat-mixer-1.webp 720w, https:\/\/meat-machine.com\/wp-content\/uploads\/2026\/04\/commercial-meat-mixer-1-300x225.webp 300w, https:\/\/meat-machine.com\/wp-content\/uploads\/2026\/04\/commercial-meat-mixer-1-16x12.webp 16w\" sizes=\"auto, (max-width: 720px) 100vw, 720px\" \/><figcaption class=\"wp-element-caption\">Gewerbliche Fleischmischer<\/figcaption><\/figure>    <figure class=\"wp-block-image size-large\"><img loading=\"lazy\" decoding=\"async\" width=\"720\" height=\"540\" data-id=\"1238\" src=\"https:\/\/meat-machine.com\/wp-content\/uploads\/2026\/04\/meat-1.webp\" alt=\"Fleisch\" class=\"wp-image-1238\" title=\"\" srcset=\"https:\/\/meat-machine.com\/wp-content\/uploads\/2026\/04\/meat-1.webp 720w, https:\/\/meat-machine.com\/wp-content\/uploads\/2026\/04\/meat-1-300x225.webp 300w, https:\/\/meat-machine.com\/wp-content\/uploads\/2026\/04\/meat-1-16x12.webp 16w\" sizes=\"auto, (max-width: 720px) 100vw, 720px\" \/><figcaption class=\"wp-element-caption\">Fleisch<\/figcaption><\/figure> <\/figure>    <h2 class=\"wp-block-heading\">Vorteile der Fleischmischmaschine<\/h2>    <div class=\"wp-block-media-text is-stacked-on-mobile\"><figure class=\"wp-block-media-text__media\"><img loading=\"lazy\" decoding=\"async\" width=\"540\" height=\"720\" src=\"https:\/\/meat-machine.com\/wp-content\/uploads\/2026\/04\/Meat-mixing-machine-for-sale.webp\" alt=\"Fleischmischmaschine zum Verkauf\" class=\"wp-image-1241 size-full\" title=\"\" srcset=\"https:\/\/meat-machine.com\/wp-content\/uploads\/2026\/04\/Meat-mixing-machine-for-sale.webp 540w, https:\/\/meat-machine.com\/wp-content\/uploads\/2026\/04\/Meat-mixing-machine-for-sale-225x300.webp 225w, https:\/\/meat-machine.com\/wp-content\/uploads\/2026\/04\/Meat-mixing-machine-for-sale-9x12.webp 9w\" sizes=\"auto, (max-width: 540px) 100vw, 540px\" \/><\/figure><div class=\"wp-block-media-text__content\"> <ul class=\"wp-block-list\"> <li>Erreicht eine gleichm\u00e4\u00dfige und homogene Mischung von Fleisch, Fett, Gew\u00fcrzen und Hilfsmitteln ohne ungleichm\u00e4\u00dfige Klumpenbildung. <\/li>    <li>Steigert die Produktionseffizienz erheblich und reduziert manuellen Mischaufwand sowie Zeitkosten. <\/li>    <li>Sanfte Mischstruktur erh\u00e4lt die Fleischfasern intakt und bewahrt die urspr\u00fcngliche Fleischtextur und den Geschmack. <\/li>    <li>Mit lebensmittelechtem Edelstahlgeh\u00e4use, korrosionsbest\u00e4ndig, leicht zu reinigen und erf\u00fcllt die Lebensmittelhygienestandards. <\/li> <\/ul> <\/div><\/div>    <div class=\"wp-block-media-text has-media-on-the-right is-stacked-on-mobile\"><div class=\"wp-block-media-text__content\"> <ul class=\"wp-block-list\"> <li>Stabile Bedienung mit einstellbarer Mischgeschwindigkeit und -zeit, geeignet f\u00fcr verschiedene Fleischproduktformeln. <\/li>    <li>Leistungsstarke Mischleistung sorgt f\u00fcr vollst\u00e4ndige Materialdurchdringung und verbessert die Geschmackskonstanz des Produkts. <\/li>    <li>Niedriger Energieverbrauch und niedriger Ger\u00e4uschpegel, geeignet f\u00fcr langfristigen kontinuierlichen gewerblichen Betrieb. <\/li>    <li>Kompakte und vern\u00fcnftige Struktur, leicht zu bewegen und zu installieren, spart Platz in der Werkstatt. <\/li>    <li>Breit anwendbar f\u00fcr Fleischb\u00e4llchen, W\u00fcrste, Teigtaschenf\u00fcllungen und verschiedene verarbeitete Fleischprodukte.<\/li> <\/ul> <\/div><figure class=\"wp-block-media-text__media\"><img loading=\"lazy\" decoding=\"async\" width=\"540\" height=\"720\" src=\"https:\/\/meat-machine.com\/wp-content\/uploads\/2026\/04\/meat-bowl-mixer.webp\" alt=\"Fleischsch\u00fcssel-Mischer\" class=\"wp-image-1240 size-full\" title=\"\" srcset=\"https:\/\/meat-machine.com\/wp-content\/uploads\/2026\/04\/meat-bowl-mixer.webp 540w, https:\/\/meat-machine.com\/wp-content\/uploads\/2026\/04\/meat-bowl-mixer-225x300.webp 225w, https:\/\/meat-machine.com\/wp-content\/uploads\/2026\/04\/meat-bowl-mixer-9x12.webp 9w\" sizes=\"auto, (max-width: 540px) 100vw, 540px\" \/><\/figure><\/div>    <h2 class=\"wp-block-heading\">Parameter des Fleischmischers<\/h2>    <figure class=\"wp-block-table\"><table class=\"has-fixed-layout\"><thead><tr><th>Modell<\/th><th>ZB20<\/th><th>ZB40<\/th><th>ZB80<\/th><th>ZB125<\/th><\/tr><\/thead><tbody><tr><td>Kapazit\u00e4t (kg\/Charge)<\/td><td>15<\/td><td>30<\/td><td>60<\/td><td>90<\/td><\/tr><tr><td>Leistung (kW)<\/td><td>4.1<\/td><td>5.5<\/td><td>14<\/td><td>13.98<\/td><\/tr><tr><td>Messermenge<\/td><td>3 (Sch\u00fcssel-Durchmesser 550mm)<\/td><td>3 (Sch\u00fcssel-Durchmesser 760mm, Tiefe 117mm)<\/td><td>6 (Sch\u00fcssel-Durchmesser 960mm, Tiefe 160mm)<\/td><td>6<\/td><\/tr><tr><td>Messergeschwindigkeit (U\/min)<\/td><td>1480 \/ 2960<\/td><td>1480 \/ 2960<\/td><td>1480 \/ 2960<\/td><td>1480 \/ 2960<\/td><\/tr><tr><td>Sch\u00fcsselgeschwindigkeit (U\/min)<\/td><td>9<\/td><td>7<\/td><td>7 \/ 16<\/td><td>7 \/ 16<\/td><\/tr><tr><td>Maschinengr\u00f6\u00dfe (mm)<\/td><td>780\u00d7600\u00d7850<\/td><td>1110\u00d7880\u00d71080<\/td><td>1820\u00d71380\u00d71260<\/td><td>2150\u00d71200\u00d71350<\/td><\/tr><tr><td>Gesamtgewicht (kg)<\/td><td>200<\/td><td>385<\/td><td>720<\/td><td>980<\/td><\/tr><tr><td>Antriebsart<\/td><td>Duale Geschwindigkeit (Sch\u00fcsselst\u00e4rke 6mm)<\/td><td>Duale Geschwindigkeit<\/td><td>Duale Geschwindigkeit<\/td><td>Duale Geschwindigkeit<\/td><\/tr><\/tbody><\/table><figcaption class=\"wp-element-caption\">Parameter der Fleischschneidemaschine<\/figcaption><\/figure>    <figure class=\"wp-block-image size-full\"><img loading=\"lazy\" decoding=\"async\" width=\"720\" height=\"540\" src=\"https:\/\/meat-machine.com\/wp-content\/uploads\/2026\/04\/effective-meat-mixing-machine-1.webp\" alt=\"Effektive Fleischmischmaschine\" class=\"wp-image-1245\" title=\"\" srcset=\"https:\/\/meat-machine.com\/wp-content\/uploads\/2026\/04\/effective-meat-mixing-machine-1.webp 720w, https:\/\/meat-machine.com\/wp-content\/uploads\/2026\/04\/effective-meat-mixing-machine-1-300x225.webp 300w, https:\/\/meat-machine.com\/wp-content\/uploads\/2026\/04\/effective-meat-mixing-machine-1-16x12.webp 16w\" sizes=\"auto, (max-width: 720px) 100vw, 720px\" \/><figcaption class=\"wp-element-caption\">Effektive Fleischmischmaschine<\/figcaption><\/figure>    <h2 class=\"wp-block-heading\">Exportierte industrielle Fleischmischer<\/h2>    <p class=\"wp-block-paragraph translation-block\">Ein Fleischverarbeitungsbetrieb in <strong>Serbien<\/strong> hat unsere industrielle Fleischmischmaschine gekauft. Zuvor verwendeten sie manuelle und veraltete kleine Ger\u00e4te mit niedriger Effizienz, ungleichm\u00e4\u00dfiger Zutatenmischung und hohen Arbeitskosten. Nach der Nutzung unserer exportierten Fleischmischmaschine werden die Materialien in kurzer Zeit gleichm\u00e4\u00dfig vermengt, was einen konsistenten Geschmack und Qualit\u00e4t des Produkts gew\u00e4hrleistet. <\/p>    <p class=\"wp-block-paragraph\">Die lebensmittelechte Edelstahlkonstruktion ist leicht zu reinigen und erf\u00fcllt die Lebensmittelsicherheitsstandards. Sie reduziert den Arbeitsaufwand, erh\u00f6ht die t\u00e4gliche Produktionskapazit\u00e4t und bringt h\u00f6here wirtschaftliche Vorteile. Der Kunde lobt die stabile Leistung und das kosteneffiziente Preis-Leistungs-Verh\u00e4ltnis der Maschine.<\/p>    <figure class=\"wp-block-gallery has-nested-images columns-default is-cropped wp-block-gallery-3 is-layout-flex wp-block-gallery-is-layout-flex\"> <figure class=\"wp-block-image size-large\"><img loading=\"lazy\" decoding=\"async\" width=\"540\" height=\"720\" data-id=\"1242\" src=\"https:\/\/meat-machine.com\/wp-content\/uploads\/2026\/04\/meat-mixing-machine-price.webp\" alt=\"Fleischmischmaschine zum Verkauf\" class=\"wp-image-1242\" title=\"\" srcset=\"https:\/\/meat-machine.com\/wp-content\/uploads\/2026\/04\/meat-mixing-machine-price.webp 540w, https:\/\/meat-machine.com\/wp-content\/uploads\/2026\/04\/meat-mixing-machine-price-225x300.webp 225w, https:\/\/meat-machine.com\/wp-content\/uploads\/2026\/04\/meat-mixing-machine-price-9x12.webp 9w\" sizes=\"auto, (max-width: 540px) 100vw, 540px\" \/><figcaption class=\"wp-element-caption\">Preis der Fleischmischmaschine<\/figcaption><\/figure>    <figure class=\"wp-block-image size-large\"><img loading=\"lazy\" decoding=\"async\" width=\"720\" height=\"540\" data-id=\"1243\" src=\"https:\/\/meat-machine.com\/wp-content\/uploads\/2026\/04\/produced-meat.webp\" alt=\"Hergestelltes Fleisch\" class=\"wp-image-1243\" title=\"\" srcset=\"https:\/\/meat-machine.com\/wp-content\/uploads\/2026\/04\/produced-meat.webp 720w, https:\/\/meat-machine.com\/wp-content\/uploads\/2026\/04\/produced-meat-300x225.webp 300w, https:\/\/meat-machine.com\/wp-content\/uploads\/2026\/04\/produced-meat-16x12.webp 16w\" sizes=\"auto, (max-width: 720px) 100vw, 720px\" \/><figcaption class=\"wp-element-caption\">Hergestelltes Fleisch<\/figcaption><\/figure> <\/figure>    <h2 class=\"wp-block-heading\">Abschluss<\/h2>    <p class=\"wp-block-paragraph\">Ideal f\u00fcr kleine Fabriken und gro\u00df angelegte Fleischverarbeitungsanlagen, verf\u00fcgt unsere Fleischmischmaschine \u00fcber stabile Leistung, gleichm\u00e4\u00dfiges Mischen, einfache Reinigung und energiesparenden Betrieb. Sie hilft Ihnen, die Produktionseffizienz zu verbessern, die Produktqualit\u00e4t zu stabilisieren und die Betriebskosten zu senken. <\/p>    <p class=\"wp-block-paragraph\">Ob Sie Standardmodelle oder kundenspezifische L\u00f6sungen ben\u00f6tigen, wir k\u00f6nnen Ihre Anforderungen erf\u00fcllen. Senden Sie uns Ihre Anfrage mit detaillierten Parametern, Angeboten und Fabrikl\u00f6sungen.<\/p>","protected":false},"excerpt":{"rendered":"<p>Die Fleischmischmaschine ist eine praktische Lebensmittelverarbeitungsmaschine zum gleichm\u00e4\u00dfigen und effizienten Mischen von Hackfleisch und fein gehackten Zutaten.<\/p>","protected":false},"author":1,"featured_media":1236,"parent":0,"template":"","tags":[83],"product-type":[2],"class_list":["post-1231","product","type-product","status-publish","has-post-thumbnail","hentry","tag-meat-mixing-machine","product-type-meat-cutting-machine"],"_links":{"self":[{"href":"https:\/\/meat-machine.com\/de\/wp-json\/wp\/v2\/product\/1231","targetHints":{"allow":["GET"]}}],"collection":[{"href":"https:\/\/meat-machine.com\/de\/wp-json\/wp\/v2\/product"}],"about":[{"href":"https:\/\/meat-machine.com\/de\/wp-json\/wp\/v2\/types\/product"}],"author":[{"embeddable":true,"href":"https:\/\/meat-machine.com\/de\/wp-json\/wp\/v2\/users\/1"}],"wp:featuredmedia":[{"embeddable":true,"href":"https:\/\/meat-machine.com\/de\/wp-json\/wp\/v2\/media\/1236"}],"wp:attachment":[{"href":"https:\/\/meat-machine.com\/de\/wp-json\/wp\/v2\/media?parent=1231"}],"wp:term":[{"taxonomy":"post_tag","embeddable":true,"href":"https:\/\/meat-machine.com\/de\/wp-json\/wp\/v2\/tags?post=1231"},{"taxonomy":"product-type","embeddable":true,"href":"https:\/\/meat-machine.com\/de\/wp-json\/wp\/v2\/product-type?post=1231"}],"curies":[{"name":"wp","href":"https:\/\/api.w.org\/{rel}","templated":true}]}}