{"id":1209,"date":"2026-04-02T16:12:36","date_gmt":"2026-04-02T08:12:36","guid":{"rendered":"https:\/\/meat-machine.com\/?post_type=product&#038;p=1209"},"modified":"2026-04-02T17:04:48","modified_gmt":"2026-04-02T09:04:48","slug":"frozen-meat-crusher-machine","status":"publish","type":"product","link":"https:\/\/meat-machine.com\/de\/product\/frozen-meat-crusher-machine\/","title":{"rendered":"Gefrorene Fleischzerkleinerungsmaschine"},"content":{"rendered":"<div class=\"kk-star-ratings kksr-auto kksr-align-left kksr-valign-top\"     data-payload='{&quot;align&quot;:&quot;left&quot;,&quot;id&quot;:&quot;1209&quot;,&quot;slug&quot;:&quot;default&quot;,&quot;valign&quot;:&quot;top&quot;,&quot;ignore&quot;:&quot;&quot;,&quot;reference&quot;:&quot;auto&quot;,&quot;class&quot;:&quot;&quot;,&quot;count&quot;:&quot;0&quot;,&quot;legendonly&quot;:&quot;&quot;,&quot;readonly&quot;:&quot;&quot;,&quot;score&quot;:&quot;0&quot;,&quot;starsonly&quot;:&quot;&quot;,&quot;best&quot;:&quot;5&quot;,&quot;gap&quot;:&quot;5&quot;,&quot;greet&quot;:&quot;Rate this product&quot;,&quot;legend&quot;:&quot;0\\\/5 - (0 votes)&quot;,&quot;size&quot;:&quot;24&quot;,&quot;title&quot;:&quot;Frozen meat crusher machine&quot;,&quot;width&quot;:&quot;0&quot;,&quot;_legend&quot;:&quot;{score}\\\/{best} - ({count} {votes})&quot;,&quot;font_factor&quot;:&quot;1.25&quot;}'>              <div class=\"kksr-stars\">      <div class=\"kksr-stars-inactive\">             <div class=\"kksr-star\" data-star=\"1\" style=\"padding-right: 5px\">               <div class=\"kksr-icon\" style=\"width: 24px; height: 24px;\"><\/div>         <\/div>             <div class=\"kksr-star\" data-star=\"2\" style=\"padding-right: 5px\">               <div class=\"kksr-icon\" style=\"width: 24px; height: 24px;\"><\/div>         <\/div>             <div class=\"kksr-star\" data-star=\"3\" style=\"padding-right: 5px\">               <div class=\"kksr-icon\" style=\"width: 24px; height: 24px;\"><\/div>         <\/div>             <div class=\"kksr-star\" data-star=\"4\" style=\"padding-right: 5px\">               <div class=\"kksr-icon\" style=\"width: 24px; height: 24px;\"><\/div>         <\/div>             <div class=\"kksr-star\" data-star=\"5\" style=\"padding-right: 5px\">               <div class=\"kksr-icon\" style=\"width: 24px; height: 24px;\"><\/div>         <\/div>     <\/div>      <div class=\"kksr-stars-active\" style=\"width: 0px;\">             <div class=\"kksr-star\" style=\"padding-right: 5px\">               <div class=\"kksr-icon\" style=\"width: 24px; height: 24px;\"><\/div>         <\/div>             <div class=\"kksr-star\" style=\"padding-right: 5px\">               <div class=\"kksr-icon\" style=\"width: 24px; height: 24px;\"><\/div>         <\/div>             <div class=\"kksr-star\" style=\"padding-right: 5px\">               <div class=\"kksr-icon\" style=\"width: 24px; height: 24px;\"><\/div>         <\/div>             <div class=\"kksr-star\" style=\"padding-right: 5px\">               <div class=\"kksr-icon\" style=\"width: 24px; height: 24px;\"><\/div>         <\/div>             <div class=\"kksr-star\" style=\"padding-right: 5px\">               <div class=\"kksr-icon\" style=\"width: 24px; height: 24px;\"><\/div>         <\/div>     <\/div> <\/div>                   <div class=\"kksr-legend\" style=\"font-size: 19.2px;\">             <span class=\"kksr-muted\">Bewerten Sie dieses Produkt<\/span>     <\/div>     <\/div>  <p class=\"wp-block-paragraph translation-block\">Die <strong>Gefl\u00fcgelhackmaschine<\/strong> kann <strong>boneless frozen meat bei -18\u00b0C bis -24\u00b0C<\/strong> verarbeiten, entweder durch Zerkleinern oder direkt in Bl\u00f6cke oder Scheiben schneiden, mit einer Kapazit\u00e4t von <strong>3\u20135 Tonnen pro Stunde<\/strong>. Sie kann gro\u00dfe gefrorene Fleischbl\u00f6cke von Rind, Schwein, Lamm, H\u00fchnchen, Fisch und anderen gefrorenen Fleischprodukten verarbeiten und in kleinere St\u00fccke f\u00fcr die weitere Verarbeitung zerlegen. <\/p>    <p class=\"wp-block-paragraph\">Hergestellt aus lebensmittelechtem Edelstahl, sorgt die Maschine f\u00fcr Langlebigkeit, Hygiene und einfache Reinigung. Die verstellbaren Einstellungen erm\u00f6glichen es den Bedienern, die Dicke und Gr\u00f6\u00dfe des zerkleinerten Fleisches zu kontrollieren, was sie zu einem vielseitigen Werkzeug f\u00fcr unterschiedliche Fleischverarbeitungsanforderungen macht.<\/p>    <p class=\"wp-block-paragraph\">Dieses Ger\u00e4t wird h\u00e4ufig in Fleischverarbeitungsbetrieben, Schlachth\u00f6fen, Gefl\u00fcgelfabriken und Restaurants eingesetzt. Es ist perfekt f\u00fcr die Herstellung von W\u00fcrstchen, Fleischb\u00e4llchen, Burger-Patties oder die allgemeine Handhabung von gefrorenem Fleisch, wobei es die Qualit\u00e4t effizient erh\u00e4lt, die Abl\u00e4ufe optimiert und die Gesamtproduktionsleistung steigert.<\/p>    <figure class=\"wp-block-embed is-type-video is-provider-youtube wp-block-embed-youtube wp-embed-aspect-9-16 wp-has-aspect-ratio\"><div class=\"wp-block-embed__wrapper\"> <iframe loading=\"lazy\" title=\"Industrial Meat Crusher Machine | For Restaurants &amp; Meat Factories #meat #frozen #crusher #crushing\" width=\"422\" height=\"750\" src=\"https:\/\/www.youtube.com\/embed\/ylLOTxtzlt4?feature=oembed\" frameborder=\"0\" allow=\"accelerometer; autoplay; clipboard-write; encrypted-media; gyroscope; picture-in-picture; web-share\" referrerpolicy=\"strict-origin-when-cross-origin\" allowfullscreen><\/iframe> <\/div><figcaption class=\"wp-element-caption\">Arbeitsvideo der Gefl\u00fcgelhackmaschine<\/figcaption><\/figure>    <h2 class=\"wp-block-heading\">Warum sollte Fleisch gefroren geschnitten werden?<\/h2>    <p class=\"wp-block-paragraph translation-block\">Das Schneiden von Fleisch im gefrorenen Zustand bietet mehrere entscheidende Vorteile f\u00fcr die industrielle Verarbeitung. Wenn Fleisch gefroren ist, wird es fester und leichter zu handhaben, was es den Maschinen erm\u00f6glicht, es in pr\u00e4zise, einheitliche Bl\u00f6cke oder Scheiben zu schneiden, ohne Verformung. Dies hilft, die <strong>urspr\u00fcngliche Textur, Struktur und Qualit\u00e4t<\/strong> des Fleisches zu bewahren. <\/p>    <p class=\"wp-block-paragraph translation-block\">Dar\u00fcber hinaus reduziert die Verarbeitung von Fleisch im gefrorenen Zustand <strong>das Bakterienwachstum<\/strong>, verbessert die Lebensmittelsicherheit und minimiert Feuchtigkeitsverlust durch Auftauen. <\/p>    <figure class=\"wp-block-image size-full\"><img loading=\"lazy\" decoding=\"async\" width=\"720\" height=\"540\" src=\"https:\/\/meat-machine.com\/wp-content\/uploads\/2026\/04\/meat.webp\" alt=\"Fleisch\" class=\"wp-image-1223\" title=\"\" srcset=\"https:\/\/meat-machine.com\/wp-content\/uploads\/2026\/04\/meat.webp 720w, https:\/\/meat-machine.com\/wp-content\/uploads\/2026\/04\/meat-300x225.webp 300w, https:\/\/meat-machine.com\/wp-content\/uploads\/2026\/04\/meat-16x12.webp 16w\" sizes=\"auto, (max-width: 720px) 100vw, 720px\" \/><figcaption class=\"wp-element-caption\">Fleisch<\/figcaption><\/figure>    <h2 class=\"wp-block-heading\">Wie funktioniert die Gefl\u00fcgelhackmaschine?<\/h2>    <p class=\"wp-block-paragraph translation-block\">Die Gefl\u00fcgelhackmaschine arbeitet durch die Kombination aus <strong>pneumatischer Kraft und Hochgeschwindigkeits-Schneidetechnologie<\/strong>, um harte gefrorene Fleischbl\u00f6cke effizient zu verarbeiten. Dampfdruck treibt ein Zylindersystem an, das das gefrorene Fleisch stetig in die Zerkleinerungskammer schiebt. <\/p>    <p class=\"wp-block-paragraph\">W\u00e4hrend sich das Material vorw\u00e4rts bewegt, bewegt sich eine Reihe rotierender Messer mit hoher Geschwindigkeit, die kontinuierlich schneidet und Impact aus\u00fcbt, um das Fleisch in kleinere, einheitliche St\u00fccke zu zerlegen. Dieser synchronisierte Zuf\u00fchr- und Schneidprozess sorgt f\u00fcr einen reibungslosen Betrieb und eine gleichm\u00e4\u00dfige Ausgabe, ohne dass Auftauen erforderlich ist.<\/p>    <figure class=\"wp-block-image size-full\"><img loading=\"lazy\" decoding=\"async\" width=\"720\" height=\"540\" src=\"https:\/\/meat-machine.com\/wp-content\/uploads\/2026\/04\/frozen-meat-cutter.webp\" alt=\"Gefl\u00fcgelhacker-Maschine\" class=\"wp-image-1216\" title=\"\" srcset=\"https:\/\/meat-machine.com\/wp-content\/uploads\/2026\/04\/frozen-meat-cutter.webp 720w, https:\/\/meat-machine.com\/wp-content\/uploads\/2026\/04\/frozen-meat-cutter-300x225.webp 300w, https:\/\/meat-machine.com\/wp-content\/uploads\/2026\/04\/frozen-meat-cutter-16x12.webp 16w\" sizes=\"auto, (max-width: 720px) 100vw, 720px\" \/><figcaption class=\"wp-element-caption\">Gefl\u00fcgelhacker<\/figcaption><\/figure>    <p class=\"wp-block-paragraph\">Die Maschinenstruktur ist vollst\u00e4ndig verschwei\u00dft, um die Gesamtst\u00e4rke zu erh\u00f6hen und Vibrationen w\u00e4hrend des Betriebs zu minimieren. Dieses robuste Design verbessert nicht nur die Stabilit\u00e4t, sondern reduziert auch Verschlei\u00df und mechanische Belastung, was zu einer geringeren Ausfallrate und l\u00e4ngerer Lebensdauer f\u00fchrt. <\/p>    <p class=\"wp-block-paragraph\">Mit ihrer stabilen Leistung und dem effizienten Zerkleinerungsmechanismus ist die Gefl\u00fcgelhackmaschine ideal f\u00fcr die kontinuierliche industrielle Fleischverarbeitung.<\/p>    <figure class=\"wp-block-image size-full\"><img loading=\"lazy\" decoding=\"async\" width=\"720\" height=\"540\" src=\"https:\/\/meat-machine.com\/wp-content\/uploads\/2026\/04\/Frozen-meat-crusher-machine-for-sale.webp\" alt=\"Gefl\u00fcgelhacker\" class=\"wp-image-1217\" title=\"\" srcset=\"https:\/\/meat-machine.com\/wp-content\/uploads\/2026\/04\/Frozen-meat-crusher-machine-for-sale.webp 720w, https:\/\/meat-machine.com\/wp-content\/uploads\/2026\/04\/Frozen-meat-crusher-machine-for-sale-300x225.webp 300w, https:\/\/meat-machine.com\/wp-content\/uploads\/2026\/04\/Frozen-meat-crusher-machine-for-sale-16x12.webp 16w\" sizes=\"auto, (max-width: 720px) 100vw, 720px\" \/><figcaption class=\"wp-element-caption\">Gefl\u00fcgelhackmaschine zum Verkauf<\/figcaption><\/figure>    <h2 class=\"wp-block-heading\">Vorteile der Gefl\u00fcgelhacker-Maschine<\/h2>    <div class=\"wp-block-media-text is-stacked-on-mobile\"><figure class=\"wp-block-media-text__media\"><img loading=\"lazy\" decoding=\"async\" width=\"720\" height=\"540\" src=\"https:\/\/meat-machine.com\/wp-content\/uploads\/2026\/04\/meat-chopper.webp\" alt=\"Die Fleischpatty-Herstellungsmaschinen-Produktionslinie ist ein automatisiertes System f\u00fcr die gro\u00df angelegte Verarbeitung von Fleischpattys.\" class=\"wp-image-1218 size-full\" title=\"\" srcset=\"https:\/\/meat-machine.com\/wp-content\/uploads\/2026\/04\/meat-chopper.webp 720w, https:\/\/meat-machine.com\/wp-content\/uploads\/2026\/04\/meat-chopper-300x225.webp 300w, https:\/\/meat-machine.com\/wp-content\/uploads\/2026\/04\/meat-chopper-16x12.webp 16w\" sizes=\"auto, (max-width: 720px) 100vw, 720px\" \/><\/figure><div class=\"wp-block-media-text__content\"> <ul class=\"wp-block-list\"> <li><strong>Hochleistungs-Verarbeitung:<\/strong> Z\u00fcgiges Zerschneiden gefrorener Fleischbl\u00f6cke, was die Produktionsgeschwindigkeit und den Output erheblich verbessert. <\/li>    <li><strong>Kein Auftauen erforderlich:<\/strong> Verarbeitet Fleisch direkt bei -18\u00b0C bis -24\u00b0C, bewahrt Frische und reduziert Bakterienwachstum. <\/li>    <li><strong>Einheitliche Schneideergebnisse:<\/strong> Erzeugt gleichm\u00e4\u00dfige Scheiben, St\u00fccke oder Brocken, was eine bessere Qualit\u00e4t f\u00fcr die Weiterverarbeitung sicherstellt. <\/li> <\/ul> <\/div><\/div>    <div class=\"wp-block-media-text has-media-on-the-right is-stacked-on-mobile\"><div class=\"wp-block-media-text__content\"> <ul class=\"wp-block-list\"> <li><strong>Robuste Konstruktion:<\/strong> Hergestellt aus lebensmittelechtem Edelstahl, gew\u00e4hrleistet Hygiene, Korrosionsbest\u00e4ndigkeit und lange Lebensdauer. <\/li>    <li><strong>Stabile Leistung:<\/strong> Starke Struktur mit geringer Vibration sorgt f\u00fcr zuverl\u00e4ssigen und kontinuierlichen Betrieb. <\/li>    <li><strong>Breite Anwendung:<\/strong> Geeignet f\u00fcr Rindfleisch, Schweinefleisch, H\u00fchnchen, Fisch und andere gefrorene Fleischprodukte. <\/li> <\/ul> <\/div><figure class=\"wp-block-media-text__media\"><img loading=\"lazy\" decoding=\"async\" width=\"720\" height=\"540\" src=\"https:\/\/meat-machine.com\/wp-content\/uploads\/2026\/04\/meat-chopping-machine.webp\" alt=\"Gefl\u00fcgelhackmaschine zum Verkauf\" class=\"wp-image-1219 size-full\" title=\"\" srcset=\"https:\/\/meat-machine.com\/wp-content\/uploads\/2026\/04\/meat-chopping-machine.webp 720w, https:\/\/meat-machine.com\/wp-content\/uploads\/2026\/04\/meat-chopping-machine-300x225.webp 300w, https:\/\/meat-machine.com\/wp-content\/uploads\/2026\/04\/meat-chopping-machine-16x12.webp 16w\" sizes=\"auto, (max-width: 720px) 100vw, 720px\" \/><\/figure><\/div>    <h2 class=\"wp-block-heading\">Unterst\u00fctzendes Equipment f\u00fcr die Gefl\u00fcgelhackmaschine<\/h2>    <p class=\"wp-block-paragraph translation-block\">Die <strong>Gefl\u00fcgelhackmaschine<\/strong> wird typischerweise am <strong>Vorderrand von Fleischverarbeitungsstra\u00dfen<\/strong> installiert, wie z.B. <a href=\"https:\/\/meat-machine.com\/de\/produkt\/meat-patty-making-machine-production-line\/\" data-type=\"link\" data-id=\"https:\/\/meat-machine.com\/product\/meat-patty-making-machine-production-line\/\">Burger-Patties<\/a> und <a href=\"https:\/\/meat-machine.com\/de\/produkt\/meatball-making-machine-processing-line\/\" data-type=\"link\" data-id=\"https:\/\/meat-machine.com\/product\/meatball-making-machine-processing-line\/\">Fleischb\u00e4llchen-Produktionlinien<\/a>, um Rohstoffe f\u00fcr die weitere Verarbeitung vorzubereiten. Nach dem Zerkleinern gefrorener Fleischbl\u00f6cke in kleinere, einheitliche St\u00fccke kann das Material reibungslos an nachfolgende Ger\u00e4te wie Fleischwolf, Bowl Cutter, Mixer und Formmaschinen \u00fcbertragen werden. <\/p>    <p class=\"wp-block-paragraph\">In einer Pattie-Linie wird das zerkleinerte Fleisch normalerweise zu einem Grinder transportiert und dann mit Gew\u00fcrzen vermischt, bevor es zu Patties geformt wird. In einer Fleischb\u00e4llchen-Produktionlinie wird es weiter verfeinert, gemischt und zu einheitlichen B\u00e4llen geformt.<\/p>    <figure class=\"wp-block-gallery has-nested-images columns-default is-cropped wp-block-gallery-2 is-layout-flex wp-block-gallery-is-layout-flex\"> <figure class=\"wp-block-image size-large\"><img loading=\"lazy\" decoding=\"async\" width=\"720\" height=\"540\" data-id=\"1026\" src=\"https:\/\/meat-machine.com\/wp-content\/uploads\/2026\/02\/industrial-Meat-patty-making-machine-production-line.webp\" alt=\"Verpackungsmaschine\" class=\"wp-image-1026\" title=\"\" srcset=\"https:\/\/meat-machine.com\/wp-content\/uploads\/2026\/02\/industrial-Meat-patty-making-machine-production-line.webp 720w, https:\/\/meat-machine.com\/wp-content\/uploads\/2026\/02\/industrial-Meat-patty-making-machine-production-line-300x225.webp 300w, https:\/\/meat-machine.com\/wp-content\/uploads\/2026\/02\/industrial-Meat-patty-making-machine-production-line-16x12.webp 16w\" sizes=\"auto, (max-width: 720px) 100vw, 720px\" \/><figcaption class=\"wp-element-caption\">Industrielle Fleischpatty-Herstellungsanlage Produktionslinie<\/figcaption><\/figure>    <figure class=\"wp-block-image size-large\"><img loading=\"lazy\" decoding=\"async\" width=\"720\" height=\"540\" data-id=\"1038\" src=\"https:\/\/meat-machine.com\/wp-content\/uploads\/2026\/02\/Meatball-making-machine-processing-line.webp\" alt=\"Fleischb\u00e4llchenherstellungsmaschine Produktionslinie\" class=\"wp-image-1038\" title=\"\" srcset=\"https:\/\/meat-machine.com\/wp-content\/uploads\/2026\/02\/Meatball-making-machine-processing-line.webp 720w, https:\/\/meat-machine.com\/wp-content\/uploads\/2026\/02\/Meatball-making-machine-processing-line-300x225.webp 300w, https:\/\/meat-machine.com\/wp-content\/uploads\/2026\/02\/Meatball-making-machine-processing-line-16x12.webp 16w\" sizes=\"auto, (max-width: 720px) 100vw, 720px\" \/><figcaption class=\"wp-element-caption\">Wurstherstellungsmaschine Produktionslinie<\/figcaption><\/figure> <\/figure>    <h2 class=\"wp-block-heading\">Parameter des gefrorenen Fleischzerkleinerungsmaschine<\/h2>    <figure class=\"wp-block-table\"><table class=\"has-fixed-layout\"><thead><tr><th>Spezifikation<\/th><th>Details<\/th><\/tr><\/thead><tbody><tr><td>Stromspannung<\/td><td>380V<\/td><\/tr><tr><td>Leistung<\/td><td>5,5 kW<\/td><\/tr><tr><td>Kapazit\u00e4t<\/td><td>3\u20135 Tonnen pro Stunde<\/td><\/tr><tr><td>Gewicht<\/td><td>600 kg<\/td><\/tr><tr><td>Maschinenma\u00dfe<\/td><td>1750 \u00d7 945 \u00d7 1220 mm<\/td><\/tr><tr><td>Material<\/td><td>Alle 304 Edelstahl au\u00dfer Motor und Klingen<\/td><\/tr><\/tbody><\/table><figcaption class=\"wp-element-caption\">Parameter der Fleischzerkleinerungsmaschine<\/figcaption><\/figure>    <figure class=\"wp-block-image size-full\"><img loading=\"lazy\" decoding=\"async\" width=\"720\" height=\"540\" src=\"https:\/\/meat-machine.com\/wp-content\/uploads\/2026\/04\/frozen-meat-cutter-machine.webp\" alt=\"Fleischhackmaschine\" class=\"wp-image-1220\" title=\"\" srcset=\"https:\/\/meat-machine.com\/wp-content\/uploads\/2026\/04\/frozen-meat-cutter-machine.webp 720w, https:\/\/meat-machine.com\/wp-content\/uploads\/2026\/04\/frozen-meat-cutter-machine-300x225.webp 300w, https:\/\/meat-machine.com\/wp-content\/uploads\/2026\/04\/frozen-meat-cutter-machine-16x12.webp 16w\" sizes=\"auto, (max-width: 720px) 100vw, 720px\" \/><figcaption class=\"wp-element-caption\">Gefl\u00fcgelhacker<\/figcaption><\/figure>    <h2 class=\"wp-block-heading\">Abschluss<\/h2>    <p class=\"wp-block-paragraph\"><br>Insgesamt zeichnet sich die Gefl\u00fcgelhackmaschine durch ihre pr\u00e4zise Zerkleinerungsleistung und Anpassungsf\u00e4higkeit an verschiedene Fleischverarbeitungsbed\u00fcrfnisse aus. Ihr robustes Design sorgt f\u00fcr einen reibungslosen, vibrationsfreien Betrieb, w\u00e4hrend das fortschrittliche Schneidsystem eine gleichm\u00e4\u00dfige, einheitliche Ausgabe erm\u00f6glicht, die f\u00fcr die nachgelagerte Produktion geeignet ist. <\/p>    <p class=\"wp-block-paragraph\">Durch die effiziente Vorbereitung von gefrorenem Fleisch f\u00fcr die weitere Verarbeitung verbessert sie die Arbeitsablauf-Effizienz, reduziert manuelle Handhabung und unterst\u00fctzt skalierbare industrielle Betriebe, was sie zu einem zuverl\u00e4ssigen Grundpfeiler jeder modernen Fleischproduktionslinie macht.<\/p>","protected":false},"excerpt":{"rendered":"<p>Die gefrorene Fleischzerkleinerungsmaschine ist ein hochleistungsf\u00e4higes Industrieger\u00e4t, das mageres gefrorenes Fleisch bei -18\u00b0C bis -24\u00b0C verarbeiten kann.<\/p>","protected":false},"author":1,"featured_media":1215,"parent":0,"template":"","tags":[82],"product-type":[2],"class_list":["post-1209","product","type-product","status-publish","has-post-thumbnail","hentry","tag-frozen-meat-crusher-machine","product-type-meat-cutting-machine"],"_links":{"self":[{"href":"https:\/\/meat-machine.com\/de\/wp-json\/wp\/v2\/product\/1209","targetHints":{"allow":["GET"]}}],"collection":[{"href":"https:\/\/meat-machine.com\/de\/wp-json\/wp\/v2\/product"}],"about":[{"href":"https:\/\/meat-machine.com\/de\/wp-json\/wp\/v2\/types\/product"}],"author":[{"embeddable":true,"href":"https:\/\/meat-machine.com\/de\/wp-json\/wp\/v2\/users\/1"}],"wp:featuredmedia":[{"embeddable":true,"href":"https:\/\/meat-machine.com\/de\/wp-json\/wp\/v2\/media\/1215"}],"wp:attachment":[{"href":"https:\/\/meat-machine.com\/de\/wp-json\/wp\/v2\/media?parent=1209"}],"wp:term":[{"taxonomy":"post_tag","embeddable":true,"href":"https:\/\/meat-machine.com\/de\/wp-json\/wp\/v2\/tags?post=1209"},{"taxonomy":"product-type","embeddable":true,"href":"https:\/\/meat-machine.com\/de\/wp-json\/wp\/v2\/product-type?post=1209"}],"curies":[{"name":"wp","href":"https:\/\/api.w.org\/{rel}","templated":true}]}}