{"id":114,"date":"2022-09-09T08:40:18","date_gmt":"2022-09-09T08:40:18","guid":{"rendered":"https:\/\/meat-machine.com\/?post_type=product&#038;p=114"},"modified":"2026-03-16T18:00:03","modified_gmt":"2026-03-16T10:00:03","slug":"kommerzieller-burger-patty-maker","status":"publish","type":"product","link":"https:\/\/meat-machine.com\/de\/product\/commercial-burger-patty-maker\/","title":{"rendered":"Kommerzieller Burger-Patty-Maker | Patty-Herstellungsmaschine"},"content":{"rendered":"<div class=\"kk-star-ratings kksr-auto kksr-align-left kksr-valign-top\"     data-payload='{&quot;align&quot;:&quot;left&quot;,&quot;id&quot;:&quot;114&quot;,&quot;slug&quot;:&quot;default&quot;,&quot;valign&quot;:&quot;top&quot;,&quot;ignore&quot;:&quot;&quot;,&quot;reference&quot;:&quot;auto&quot;,&quot;class&quot;:&quot;&quot;,&quot;count&quot;:&quot;12&quot;,&quot;legendonly&quot;:&quot;&quot;,&quot;readonly&quot;:&quot;&quot;,&quot;score&quot;:&quot;4.6&quot;,&quot;starsonly&quot;:&quot;&quot;,&quot;best&quot;:&quot;5&quot;,&quot;gap&quot;:&quot;5&quot;,&quot;greet&quot;:&quot;Rate this product&quot;,&quot;legend&quot;:&quot;4.6\\\/5 - (12 votes)&quot;,&quot;size&quot;:&quot;24&quot;,&quot;title&quot;:&quot;Commercial Burger Patty Maker | Patty Making Machine&quot;,&quot;width&quot;:&quot;130.9&quot;,&quot;_legend&quot;:&quot;{score}\\\/{best} - ({count} {votes})&quot;,&quot;font_factor&quot;:&quot;1.25&quot;}'>              <div class=\"kksr-stars\">      <div class=\"kksr-stars-inactive\">             <div class=\"kksr-star\" data-star=\"1\" style=\"padding-right: 5px\">               <div class=\"kksr-icon\" style=\"width: 24px; height: 24px;\"><\/div>         <\/div>             <div class=\"kksr-star\" data-star=\"2\" style=\"padding-right: 5px\">               <div class=\"kksr-icon\" style=\"width: 24px; height: 24px;\"><\/div>         <\/div>             <div class=\"kksr-star\" data-star=\"3\" style=\"padding-right: 5px\">               <div class=\"kksr-icon\" style=\"width: 24px; height: 24px;\"><\/div>         <\/div>             <div class=\"kksr-star\" data-star=\"4\" style=\"padding-right: 5px\">               <div class=\"kksr-icon\" style=\"width: 24px; height: 24px;\"><\/div>         <\/div>             <div class=\"kksr-star\" data-star=\"5\" style=\"padding-right: 5px\">               <div class=\"kksr-icon\" style=\"width: 24px; height: 24px;\"><\/div>         <\/div>     <\/div>      <div class=\"kksr-stars-active\" style=\"width: 130.9px;\">             <div class=\"kksr-star\" style=\"padding-right: 5px\">               <div class=\"kksr-icon\" style=\"width: 24px; height: 24px;\"><\/div>         <\/div>             <div class=\"kksr-star\" style=\"padding-right: 5px\">               <div class=\"kksr-icon\" style=\"width: 24px; height: 24px;\"><\/div>         <\/div>             <div class=\"kksr-star\" style=\"padding-right: 5px\">               <div class=\"kksr-icon\" style=\"width: 24px; height: 24px;\"><\/div>         <\/div>             <div class=\"kksr-star\" style=\"padding-right: 5px\">               <div class=\"kksr-icon\" style=\"width: 24px; height: 24px;\"><\/div>         <\/div>             <div class=\"kksr-star\" style=\"padding-right: 5px\">               <div class=\"kksr-icon\" style=\"width: 24px; height: 24px;\"><\/div>         <\/div>     <\/div> <\/div>                   <div class=\"kksr-legend\" style=\"font-size: 19.2px;\">             4,6\/5 - (12 Bewertungen)    <\/div>     <\/div>  <p class=\"wp-block-paragraph translation-block\">Der <strong>Kommerzielle Burger Patty Maker<\/strong> kann effizient gleichm\u00e4\u00dfige und gut geformte Burgerpatties herstellen. Er kann eine Vielzahl von Rohstoffen wie <strong>Fisch, H\u00fchnchen, Rindfleisch und Schweinefleisch<\/strong> verarbeiten, was ihn f\u00fcr verschiedene Fleischprodukte geeignet macht. Durch <strong>Wechsel verschiedener Formen<\/strong> kann die Maschine Patties in unterschiedlichen Gr\u00f6\u00dfen und Formen produzieren, um vielf\u00e4ltigen Produktionsanforderungen gerecht zu werden.<\/p>    <p class=\"wp-block-paragraph translation-block\">Ausgestattet mit einem <strong>automatischen Form- und Freigabesystem<\/strong> stellt die Maschine sicher, dass jedes Patty eine konsistente Form, Dicke und Gewicht hat. Sie wird h\u00e4ufig in <strong>Lebensmittelverarbeitungsbetrieben, Fast-Food-Ketten, Zentral-K\u00fcchen und Fleischproduktfabriken<\/strong> eingesetzt.<\/p>    <p class=\"wp-block-paragraph translation-block\">Mit einer <strong>Kapazit\u00e4t von 35 St\u00fcck\/Min<\/strong> verbessert dieser Burger Patty Maker die Produktionseffizienz erheblich und reduziert den manuellen Arbeitsaufwand. Seine stabile Leistung, flexible Formenoptionen und einfache Bedienung machen ihn zu einer idealen L\u00f6sung f\u00fcr die kontinuierliche und gro\u00df angelegte Produktion von Burgerpatties.<\/p>    <figure class=\"wp-block-embed is-type-video is-provider-youtube wp-block-embed-youtube wp-embed-aspect-16-9 wp-has-aspect-ratio\"><div class=\"wp-block-embed__wrapper\"> <iframe loading=\"lazy\" title=\"Perfekte Patties jedes Mal: So funktioniert der Hamburger-Pattimaker #hamburger #fleisch\" width=\"422\" height=\"750\" src=\"https:\/\/www.youtube.com\/embed\/BF8NXTDPVVA?feature=oembed\" frameborder=\"0\" allow=\"accelerometer; autoplay; clipboard-write; encrypted-media; gyroscope; picture-in-picture; web-share\" referrerpolicy=\"strict-origin-when-cross-origin\" allowfullscreen><\/iframe> <\/div><figcaption class=\"wp-element-caption\">Kommerzieller Burger-Pattie-Maker Arbeitsvideo<\/figcaption><\/figure>    <h2 id=\"h-application-range-of-the-machine\" class=\"wp-block-heading\">Anwendung des kommerziellen Burger-Patty-Makers<\/h2>    <div class=\"wp-block-media-text is-stacked-on-mobile\"><figure class=\"wp-block-media-text__media\"><img loading=\"lazy\" decoding=\"async\" width=\"720\" height=\"540\" src=\"https:\/\/meat-machine.com\/wp-content\/uploads\/2022\/09\/beef-patty.webp\" alt=\"Rindfleischpatty\" class=\"wp-image-619 size-full\" title=\"\" srcset=\"https:\/\/meat-machine.com\/wp-content\/uploads\/2022\/09\/beef-patty.webp 720w, https:\/\/meat-machine.com\/wp-content\/uploads\/2022\/09\/beef-patty-300x225.webp 300w, https:\/\/meat-machine.com\/wp-content\/uploads\/2022\/09\/beef-patty-16x12.webp 16w\" sizes=\"auto, (max-width: 720px) 100vw, 720px\" \/><\/figure><div class=\"wp-block-media-text__content\"> <ul class=\"wp-block-list\"> <li>Rohstoff: Huhn, Rind, Schwein, Hammel usw.<\/li>    <li>Fertige Produkte: Colonel's Chicken Nuggets, McLeod's Chicken Nuggets, Hamburger-Patties, k\u00f6stliche Steaks, H\u00e4hnchenschnitzel, Fleischschnitzel, Fleisch-Patties und alle Arten von Fleischspie\u00dfen.<\/li> <\/ul> <\/div><\/div>    <div class=\"wp-block-media-text has-media-on-the-right is-stacked-on-mobile\"><div class=\"wp-block-media-text__content\"> <ul class=\"wp-block-list\"> <li>Rohstoff: Fisch, Garnelen, Tintenfisch usw.<\/li>    <li>Fertigprodukte: Fischsteak, Hamburger-Patty mit Fischgeschmack, Tempura, Kebab, gekochtes Kanto usw.<\/li> <\/ul> <\/div><figure class=\"wp-block-media-text__media\"><img loading=\"lazy\" decoding=\"async\" width=\"720\" height=\"540\" src=\"https:\/\/meat-machine.com\/wp-content\/uploads\/2022\/09\/pork-patty.webp\" alt=\"Schweinefleischpatty\" class=\"wp-image-622 size-full\" title=\"\" srcset=\"https:\/\/meat-machine.com\/wp-content\/uploads\/2022\/09\/pork-patty.webp 720w, https:\/\/meat-machine.com\/wp-content\/uploads\/2022\/09\/pork-patty-300x225.webp 300w, https:\/\/meat-machine.com\/wp-content\/uploads\/2022\/09\/pork-patty-16x12.webp 16w\" sizes=\"auto, (max-width: 720px) 100vw, 720px\" \/><\/figure><\/div>    <div class=\"wp-block-media-text is-stacked-on-mobile\"><figure class=\"wp-block-media-text__media\"><img loading=\"lazy\" decoding=\"async\" width=\"720\" height=\"540\" src=\"https:\/\/meat-machine.com\/wp-content\/uploads\/2022\/09\/shrimp-patty.webp\" alt=\"Garnelenpatty\" class=\"wp-image-623 size-full\" title=\"\" srcset=\"https:\/\/meat-machine.com\/wp-content\/uploads\/2022\/09\/shrimp-patty.webp 720w, https:\/\/meat-machine.com\/wp-content\/uploads\/2022\/09\/shrimp-patty-300x225.webp 300w, https:\/\/meat-machine.com\/wp-content\/uploads\/2022\/09\/shrimp-patty-16x12.webp 16w\" sizes=\"auto, (max-width: 720px) 100vw, 720px\" \/><\/figure><div class=\"wp-block-media-text__content\"> <ul class=\"wp-block-list\"> <li>Rohstoff: Fleisch- und Gem\u00fcsemischung, Wasser- und Fleischmischung.<\/li>    <li>Fertigprodukte: verschiedene Hamburgersorten, Oden usw.<\/li> <\/ul> <\/div><\/div>    <div class=\"wp-block-media-text has-media-on-the-right is-stacked-on-mobile\"><div class=\"wp-block-media-text__content\"> <ul class=\"wp-block-list\"> <li>Rohstoff: Kartoffeln, S\u00fc\u00dfkartoffeln, K\u00fcrbisse, Karotten, gr\u00fcne Bohnen usw.<\/li>    <li>Fertigprodukte: Kartoffelkuchen, K\u00fcrbiskuchen, Gem\u00fcse-Hamburgerkuchen.<\/li> <\/ul> <\/div><figure class=\"wp-block-media-text__media\"><img loading=\"lazy\" decoding=\"async\" width=\"720\" height=\"540\" src=\"https:\/\/meat-machine.com\/wp-content\/uploads\/2022\/09\/vegetable-patty.webp\" alt=\"Gem\u00fcsepaddy\" class=\"wp-image-624 size-full\" title=\"\" srcset=\"https:\/\/meat-machine.com\/wp-content\/uploads\/2022\/09\/vegetable-patty.webp 720w, https:\/\/meat-machine.com\/wp-content\/uploads\/2022\/09\/vegetable-patty-300x225.webp 300w, https:\/\/meat-machine.com\/wp-content\/uploads\/2022\/09\/vegetable-patty-16x12.webp 16w\" sizes=\"auto, (max-width: 720px) 100vw, 720px\" \/><\/figure><\/div>    <p class=\"wp-block-paragraph\">Zus\u00e4tzlich zu den oben genannten Zutaten kann unsere Maschine auch Patties mit anderen Zutaten herstellen. Wenn Sie Fragen haben, kontaktieren Sie uns bitte \u00fcber das Popup-Fenster in der unteren rechten Ecke.<\/p>    <h2 id=\"h-design-of-commercial-hamburger-patty-maker\" class=\"wp-block-heading\">Kommerzielle Hamburger Patty-Maschine zum Verkauf<\/h2>    <div class=\"wp-block-media-text is-stacked-on-mobile\"><figure class=\"wp-block-media-text__media\"><img loading=\"lazy\" decoding=\"async\" width=\"720\" height=\"540\" src=\"https:\/\/meat-machine.com\/wp-content\/uploads\/2022\/09\/the-machine-can-make-meat-patties-of-different-shapes.webp\" alt=\"Die Maschine kann Fleischpasteten in verschiedenen Formen herstellen\" class=\"wp-image-143 size-full\" title=\"\" srcset=\"https:\/\/meat-machine.com\/wp-content\/uploads\/2022\/09\/the-machine-can-make-meat-patties-of-different-shapes.webp 720w, https:\/\/meat-machine.com\/wp-content\/uploads\/2022\/09\/the-machine-can-make-meat-patties-of-different-shapes-300x225.webp 300w\" sizes=\"auto, (max-width: 720px) 100vw, 720px\" \/><\/figure><div class=\"wp-block-media-text__content\"> <ul class=\"wp-block-list\"> <li><strong>Anpassbare Ausgabe<\/strong> <ul class=\"wp-block-list\"> <li>Durch den Wechsel der Formeins\u00e4tze kann die Maschine Patties in verschiedenen Gr\u00f6\u00dfen, Dicken und Formen produzieren.<\/li> <\/ul> <\/li>    <li><strong>Synchronisierte Zuf\u00fchrung und Formung<\/strong> <ul class=\"wp-block-list\"> <li>Der R\u00fchrer und die Formtrommel arbeiten synchron, um ein hohes F\u00f6rdervolumen und einen gleichm\u00e4\u00dfigen Formdruck zu gew\u00e4hrleisten.<\/li> <\/ul> <\/li> <\/ul> <\/div><\/div>    <div class=\"wp-block-media-text has-media-on-the-right is-stacked-on-mobile\"><div class=\"wp-block-media-text__content\"> <ul class=\"wp-block-list\"> <li><strong>Integrierter verstellbarer Formkern<\/strong> <ul class=\"wp-block-list\"> <li>Der Formkern ist als eine einzige, abnehmbare Einheit konzipiert, was die Dickeinstellung einfach und pr\u00e4zise macht.<\/li> <\/ul> <\/li>    <li><strong>Schneller Formwechsel<\/strong> <ul class=\"wp-block-list\"> <li>Die Formwerkzeuge sind leicht zu wechseln, was eine flexible Produktion von Patties in verschiedenen Formen mit minimaler Ausfallzeit erm\u00f6glicht.<\/li> <\/ul> <\/li> <\/ul> <\/div><figure class=\"wp-block-media-text__media\"><img loading=\"lazy\" decoding=\"async\" width=\"720\" height=\"540\" src=\"https:\/\/meat-machine.com\/wp-content\/uploads\/2022\/09\/automatic-meat-patty-forming-machine.webp\" alt=\"automatische Pastetenmaschine\" class=\"wp-image-310 size-full\" title=\"\" srcset=\"https:\/\/meat-machine.com\/wp-content\/uploads\/2022\/09\/automatic-meat-patty-forming-machine.webp 720w, https:\/\/meat-machine.com\/wp-content\/uploads\/2022\/09\/automatic-meat-patty-forming-machine-300x225.webp 300w\" sizes=\"auto, (max-width: 720px) 100vw, 720px\" \/><\/figure><\/div>    <h2 id=\"h-advantages-of-commercial-burger-patty-maker\" class=\"wp-block-heading\">Merkmale des kommerziellen Burger-Patty-Makers<\/h2>    <div class=\"wp-block-media-text is-stacked-on-mobile\"><figure class=\"wp-block-media-text__media\"><img loading=\"lazy\" decoding=\"async\" width=\"720\" height=\"540\" src=\"https:\/\/meat-machine.com\/wp-content\/uploads\/2022\/09\/meat-patty-machine-moulds.webp\" alt=\"Fleischpatty-Maschinenformen\" class=\"wp-image-1179 size-full\" title=\"\" srcset=\"https:\/\/meat-machine.com\/wp-content\/uploads\/2022\/09\/meat-patty-machine-moulds.webp 720w, https:\/\/meat-machine.com\/wp-content\/uploads\/2022\/09\/meat-patty-machine-moulds-300x225.webp 300w, https:\/\/meat-machine.com\/wp-content\/uploads\/2022\/09\/meat-patty-machine-moulds-16x12.webp 16w\" sizes=\"auto, (max-width: 720px) 100vw, 720px\" \/><\/figure><div class=\"wp-block-media-text__content\"> <ul class=\"wp-block-list\"> <li><strong>Lebensmittelechte Konstruktion<\/strong> <ul class=\"wp-block-list\"> <li>Die Maschine besteht vollst\u00e4ndig aus lebensmittelechtem Edelstahl und erf\u00fcllt alle Hygiene- und <a href=\"https:\/\/nl.wikipedia.org\/wiki\/HACCP\" data-type=\"link\" data-id=\"https:\/\/nl.wikipedia.org\/wiki\/HACCP\" target=\"_blank\" rel=\"noopener\">HACCP<\/a> Standards.<\/li> <\/ul> <\/li>    <li><strong>Verschiedene Patty-Formen<\/strong> <ul class=\"wp-block-list\"> <li>Sie kann Patties in verschiedenen Formen herstellen, darunter rund, quadratisch, dreieckig, herzf\u00f6rmig und andere individuelle Designs.<\/li> <\/ul> <\/li>    <li><strong>Verstellbare Patty-Gr\u00f6\u00dfe<\/strong> <ul class=\"wp-block-list\"> <li>Die Maschine produziert Patties mit einem <strong>Maximaler Durchmesser von 120 mm<\/strong>, und die <strong>Dicke kann von 6 mm bis 21 mm eingestellt werden<\/strong> je nach Produktionsanforderungen.<\/li> <\/ul> <\/li> <\/ul> <\/div><\/div>    <div class=\"wp-block-media-text has-media-on-the-right is-stacked-on-mobile\"><div class=\"wp-block-media-text__content\"> <ul class=\"wp-block-list\"> <li><strong>Vielseitige Rohmaterialkompatibilit\u00e4t<\/strong> <ul class=\"wp-block-list\"> <li>Geeignet f\u00fcr die Verarbeitung einer Vielzahl von Zutaten wie Rindfleisch, Schweinefleisch, H\u00e4hnchen, Fisch, Gem\u00fcse und pflanzlichen Mischungen.<\/li> <\/ul> <\/li>    <li><strong>Europ\u00e4isches Sicherheitsdesign<\/strong> <ul class=\"wp-block-list\"> <li>Ausgestattet mit einem elektrischen System nach europ\u00e4ischen Standards, um einen sicheren Betrieb zu gew\u00e4hrleisten.<\/li> <\/ul> <\/li>    <li><strong>Einfache Bedienung<\/strong> <ul class=\"wp-block-list\"> <li>Einfach zu bedienen \u2013 einfach das vorbereitete Rohmaterial in das Fass gie\u00dfen und die Patties automatisch formen.<\/li> <\/ul> <\/li> <\/ul> <\/div><figure class=\"wp-block-media-text__media\"><img loading=\"lazy\" decoding=\"async\" width=\"720\" height=\"540\" src=\"https:\/\/meat-machine.com\/wp-content\/uploads\/2024\/01\/hamburger-patty.webp\" alt=\"Hamburger-Patty\" class=\"wp-image-530 size-full\" title=\"\" srcset=\"https:\/\/meat-machine.com\/wp-content\/uploads\/2024\/01\/hamburger-patty.webp 720w, https:\/\/meat-machine.com\/wp-content\/uploads\/2024\/01\/hamburger-patty-300x225.webp 300w\" sizes=\"auto, (max-width: 720px) 100vw, 720px\" \/><\/figure><\/div>    <h2 class=\"wp-block-heading\">Wie funktioniert die kommerzielle Burger Patty-Maschine?<\/h2>    <div class=\"wp-block-media-text is-stacked-on-mobile\"><figure class=\"wp-block-media-text__media\"><img loading=\"lazy\" decoding=\"async\" width=\"540\" height=\"720\" src=\"https:\/\/meat-machine.com\/wp-content\/uploads\/2022\/09\/meat-patty-machine-working-process.webp\" alt=\"Arbeitsprozess der Fleischpattymaschine\" class=\"wp-image-621 size-full\" title=\"\" srcset=\"https:\/\/meat-machine.com\/wp-content\/uploads\/2022\/09\/meat-patty-machine-working-process.webp 540w, https:\/\/meat-machine.com\/wp-content\/uploads\/2022\/09\/meat-patty-machine-working-process-225x300.webp 225w, https:\/\/meat-machine.com\/wp-content\/uploads\/2022\/09\/meat-patty-machine-working-process-9x12.webp 9w\" sizes=\"auto, (max-width: 540px) 100vw, 540px\" \/><\/figure><div class=\"wp-block-media-text__content\"> <ul class=\"wp-block-list\"> <li><strong>Materialzufuhr<\/strong> <ul class=\"wp-block-list\"> <li>Hackfleisch oder Mischzutaten werden in den Trichter gegeben. Das F\u00f6rdersystem liefert die Mischung kontinuierlich in die Form.<\/li> <\/ul> <\/li>    <li><strong>Patty-Formung<\/strong> <ul class=\"wp-block-list\"> <li>Im Inneren der Maschine dr\u00fcckt die Formplatte die Fleischmischung in eine Formh\u00f6hle und formt sie zu runden Patties mit gleichm\u00e4\u00dfigem Durchmesser und Dicke.<\/li> <\/ul> <\/li>    <li><strong>Automatisches Freigeben<\/strong> <ul class=\"wp-block-list\"> <li>Nach dem Formen gibt die Maschine die Patties automatisch aus der Form frei, ohne ihre Form zu besch\u00e4digen.<\/li> <\/ul> <\/li>    <li><strong>F\u00f6rderband-Ausgabe<\/strong> <ul class=\"wp-block-list\"> <li>Die geformten Patties werden auf das F\u00f6rderband \u00fcbertragen und reibungslos zum n\u00e4chsten Verarbeitungsschritt transportiert, wie Beschichtung, Frittieren, Einfrieren oder Verpacken.<\/li> <\/ul> <\/li>    <li><strong>Kontinuierliche Produktion<\/strong> <ul class=\"wp-block-list\"> <li>Die Maschine arbeitet kontinuierlich und produziert Patties bei einer <strong>Kapazit\u00e4t von bis zu 35 St\u00fcck pro Minute<\/strong>, was eine hohe Effizienz und gleichm\u00e4\u00dfige Produktqualit\u00e4t gew\u00e4hrleistet.<\/li> <\/ul> <\/li> <\/ul> <\/div><\/div>    <h2 class=\"wp-block-heading\">Technische Daten der automatischen Fleischpastetenmaschine<\/h2>    <figure class=\"wp-block-table\"><table class=\"has-fixed-layout\"><thead><tr><th>Modell<\/th><th>TZ-100<\/th><\/tr><\/thead><tbody><tr><td>Gesamtabmessung<\/td><td>860 \u00d7 600 \u00d7 1350 mm<\/td><\/tr><tr><td>Fleischhaufenkapazit\u00e4t<\/td><td>32 L<\/td><\/tr><tr><td>Patty-Durchmesser<\/td><td>28\u2013120 mm<\/td><\/tr><tr><td>Patty-Dicke<\/td><td>6\u201321 mm (verstellbar)<\/td><\/tr><tr><td>Leistung<\/td><td>0,75 kW<\/td><\/tr><tr><td>F\u00f6rderbandbreite<\/td><td>130 mm<\/td><\/tr><tr><td>Maschinengewicht<\/td><td>100 kg<\/td><\/tr><tr><td>Kapazit\u00e4t<\/td><td>35 Stk.\/Min.<\/td><\/tr><\/tbody><\/table><figcaption class=\"wp-element-caption\">Parameter der Fleischpatty-Maschine<\/figcaption><\/figure>    <p class=\"wp-block-paragraph\">Oben sind die Parameter einer Maschine zum Formen von Fleischpasteten mit einer Leistung von 35 St\u00fcck\/Min. Damit k\u00f6nnen pro Stunde 2.100 Fertigprodukte hergestellt werden. Dadurch k\u00f6nnen die Produktionsanforderungen der meisten Kunden erf\u00fcllt werden. <\/p>    <p class=\"wp-block-paragraph\">Dar\u00fcber hinaus betr\u00e4gt die Leistung dieser Maschine 0,55 kW. Das Gewicht betr\u00e4gt 100 kg. Wenn Sie mehr \u00fcber diese Maschine erfahren m\u00f6chten, kontaktieren Sie uns bitte.<\/p>    <figure class=\"wp-block-gallery aligncenter has-nested-images columns-default is-cropped wp-block-gallery-2 is-layout-flex wp-block-gallery-is-layout-flex\"> <figure class=\"wp-block-image size-full\"><img loading=\"lazy\" decoding=\"async\" width=\"720\" height=\"540\" data-id=\"311\" src=\"https:\/\/meat-machine.com\/wp-content\/uploads\/2022\/09\/commercial-burger-patty-maker-1.webp\" alt=\"kommerzieller Burger-Patty-Maker\" class=\"wp-image-311\" title=\"\" srcset=\"https:\/\/meat-machine.com\/wp-content\/uploads\/2022\/09\/commercial-burger-patty-maker-1.webp 720w, https:\/\/meat-machine.com\/wp-content\/uploads\/2022\/09\/commercial-burger-patty-maker-1-300x225.webp 300w\" sizes=\"auto, (max-width: 720px) 100vw, 720px\" \/><figcaption class=\"wp-element-caption\">Kommerzielle Burger Patty-Maschine<\/figcaption><\/figure>    <figure class=\"wp-block-image size-full\"><img loading=\"lazy\" decoding=\"async\" width=\"720\" height=\"540\" data-id=\"312\" src=\"https:\/\/meat-machine.com\/wp-content\/uploads\/2022\/09\/commercial-hamburger-patty-making-machine.webp\" alt=\"Kommerzielle Maschine zur Herstellung von Hamburger-Pattys\" class=\"wp-image-312\" title=\"\" srcset=\"https:\/\/meat-machine.com\/wp-content\/uploads\/2022\/09\/commercial-hamburger-patty-making-machine.webp 720w, https:\/\/meat-machine.com\/wp-content\/uploads\/2022\/09\/commercial-hamburger-patty-making-machine-300x225.webp 300w\" sizes=\"auto, (max-width: 720px) 100vw, 720px\" \/><figcaption class=\"wp-element-caption\">Kommerzielle Hamburger Patty-Maschine<\/figcaption><\/figure> <\/figure>    <h2 class=\"wp-block-heading\">Vollst\u00e4ndiger Prozess zur Herstellung von Fleischpasteten<\/h2>    <p class=\"wp-block-paragraph translation-block\">Wenn Sie in die Produktion von Fleischpatties investieren m\u00f6chten, ist ein <strong>einzelner kommerzieller Burger Patty Maker<\/strong> nicht ausreichend. Um diese Bed\u00fcrfnisse zu erf\u00fcllen, bieten wir eine <strong><a href=\"https:\/\/meat-machine.com\/de\/produkt\/meat-patty-making-machine-production-line\/\" data-type=\"link\" data-id=\"https:\/\/meat-machine.com\/product\/meat-patty-making-machine-production-line\/\">komplette Fleischpatty-Verarbeitungsanlage<\/a><\/strong> an, einschlie\u00dflich Maschinen wie <strong>Fleischwolf, Fleischmischer, Patty-Formmaschinen, Battering-Maschinen, Breading-Maschinen, Frittiermaschinen und Verpackungsmaschinen<\/strong>. <\/p>    <p class=\"wp-block-paragraph\">Diese Maschinen arbeiten zusammen, um eine effiziente, kontinuierliche Produktion und gleichbleibende Produktqualit\u00e4t zu gew\u00e4hrleisten, was sie ideal f\u00fcr Lebensmittelverarbeitungsbetriebe und gro\u00dfe Fleischprodukt-Hersteller macht.<\/p>    <figure class=\"wp-block-gallery aligncenter has-nested-images columns-default is-cropped wp-block-gallery-3 is-layout-flex wp-block-gallery-is-layout-flex\"> <figure class=\"wp-block-image size-full\"><img loading=\"lazy\" decoding=\"async\" width=\"720\" height=\"540\" data-id=\"1026\" src=\"https:\/\/meat-machine.com\/wp-content\/uploads\/2026\/02\/industrial-Meat-patty-making-machine-production-line.webp\" alt=\"Verpackungsmaschine\" class=\"wp-image-1026\" title=\"\" srcset=\"https:\/\/meat-machine.com\/wp-content\/uploads\/2026\/02\/industrial-Meat-patty-making-machine-production-line.webp 720w, https:\/\/meat-machine.com\/wp-content\/uploads\/2026\/02\/industrial-Meat-patty-making-machine-production-line-300x225.webp 300w, https:\/\/meat-machine.com\/wp-content\/uploads\/2026\/02\/industrial-Meat-patty-making-machine-production-line-16x12.webp 16w\" sizes=\"auto, (max-width: 720px) 100vw, 720px\" \/><figcaption class=\"wp-element-caption\">Industrielle Fleischpatty-Herstellungsanlage Produktionslinie<\/figcaption><\/figure>    <figure class=\"wp-block-image size-full\"><img loading=\"lazy\" decoding=\"async\" width=\"720\" height=\"540\" data-id=\"625\" src=\"https:\/\/meat-machine.com\/wp-content\/uploads\/2022\/09\/burger-patty-production-factory.webp\" alt=\"Fabrik zur Herstellung von Burger-Pattys\" class=\"wp-image-625\" title=\"\" srcset=\"https:\/\/meat-machine.com\/wp-content\/uploads\/2022\/09\/burger-patty-production-factory.webp 720w, https:\/\/meat-machine.com\/wp-content\/uploads\/2022\/09\/burger-patty-production-factory-300x225.webp 300w, https:\/\/meat-machine.com\/wp-content\/uploads\/2022\/09\/burger-patty-production-factory-16x12.webp 16w\" sizes=\"auto, (max-width: 720px) 100vw, 720px\" \/><figcaption class=\"wp-element-caption\">Burger Patty Produktionsfabrik<\/figcaption><\/figure> <\/figure>    <h2 class=\"wp-block-heading\">Abschluss<\/h2>    <p class=\"wp-block-paragraph\">Wenn Sie die Produktionskapazit\u00e4t steigern m\u00f6chten, w\u00e4hrend Sie die Produktqualit\u00e4t beibehalten, ist dieser Patty-Maker eine zuverl\u00e4ssige und kosteneffektive Wahl. <\/p>    <p class=\"wp-block-paragraph\">Kontaktieren Sie uns gerne f\u00fcr weitere Details oder um ein auf Ihre Bed\u00fcrfnisse zugeschnittenes Angebot zu erhalten.<\/p>","protected":false},"excerpt":{"rendered":"<p>Der  Kommerzielle Burger Patty Maker  kann effizient gleichm\u00e4\u00dfige und gut geformte Burgerpatties herstellen. Er kann eine Vielzahl von Materialien wie Rindfleisch, H\u00fchnchen, Fisch und pflanzenbasierte Mischungen verarbeiten. <\/p>","protected":false},"author":1,"featured_media":313,"parent":0,"template":"","tags":[15],"product-type":[4],"class_list":["post-114","product","type-product","status-publish","has-post-thumbnail","hentry","tag-burger-patty-maker","product-type-meat-grinder"],"_links":{"self":[{"href":"https:\/\/meat-machine.com\/de\/wp-json\/wp\/v2\/product\/114","targetHints":{"allow":["GET"]}}],"collection":[{"href":"https:\/\/meat-machine.com\/de\/wp-json\/wp\/v2\/product"}],"about":[{"href":"https:\/\/meat-machine.com\/de\/wp-json\/wp\/v2\/types\/product"}],"author":[{"embeddable":true,"href":"https:\/\/meat-machine.com\/de\/wp-json\/wp\/v2\/users\/1"}],"wp:featuredmedia":[{"embeddable":true,"href":"https:\/\/meat-machine.com\/de\/wp-json\/wp\/v2\/media\/313"}],"wp:attachment":[{"href":"https:\/\/meat-machine.com\/de\/wp-json\/wp\/v2\/media?parent=114"}],"wp:term":[{"taxonomy":"post_tag","embeddable":true,"href":"https:\/\/meat-machine.com\/de\/wp-json\/wp\/v2\/tags?post=114"},{"taxonomy":"product-type","embeddable":true,"href":"https:\/\/meat-machine.com\/de\/wp-json\/wp\/v2\/product-type?post=114"}],"curies":[{"name":"wp","href":"https:\/\/api.w.org\/{rel}","templated":true}]}}