{"id":109,"date":"2022-09-08T10:38:58","date_gmt":"2022-09-08T10:38:58","guid":{"rendered":"https:\/\/meat-machine.com\/?post_type=product&#038;p=109"},"modified":"2026-03-17T17:54:44","modified_gmt":"2026-03-17T09:54:44","slug":"maschine-zur-herstellung-von-fleischballchen","status":"publish","type":"product","link":"https:\/\/meat-machine.com\/de\/product\/meatball-making-machine\/","title":{"rendered":"Maschine zur Herstellung von Fleischb\u00e4llchen"},"content":{"rendered":"<div class=\"kk-star-ratings kksr-auto kksr-align-left kksr-valign-top\"     data-payload='{&quot;align&quot;:&quot;left&quot;,&quot;id&quot;:&quot;109&quot;,&quot;slug&quot;:&quot;default&quot;,&quot;valign&quot;:&quot;top&quot;,&quot;ignore&quot;:&quot;&quot;,&quot;reference&quot;:&quot;auto&quot;,&quot;class&quot;:&quot;&quot;,&quot;count&quot;:&quot;26&quot;,&quot;legendonly&quot;:&quot;&quot;,&quot;readonly&quot;:&quot;&quot;,&quot;score&quot;:&quot;4.8&quot;,&quot;starsonly&quot;:&quot;&quot;,&quot;best&quot;:&quot;5&quot;,&quot;gap&quot;:&quot;5&quot;,&quot;greet&quot;:&quot;Rate this product&quot;,&quot;legend&quot;:&quot;4.8\\\/5 - (26 votes)&quot;,&quot;size&quot;:&quot;24&quot;,&quot;title&quot;:&quot;Meatball Making Machine&quot;,&quot;width&quot;:&quot;136.7&quot;,&quot;_legend&quot;:&quot;{score}\\\/{best} - ({count} {votes})&quot;,&quot;font_factor&quot;:&quot;1.25&quot;}'>              <div class=\"kksr-stars\">      <div class=\"kksr-stars-inactive\">             <div class=\"kksr-star\" data-star=\"1\" style=\"padding-right: 5px\">               <div class=\"kksr-icon\" style=\"width: 24px; height: 24px;\"><\/div>         <\/div>             <div class=\"kksr-star\" data-star=\"2\" style=\"padding-right: 5px\">               <div class=\"kksr-icon\" style=\"width: 24px; height: 24px;\"><\/div>         <\/div>             <div class=\"kksr-star\" data-star=\"3\" style=\"padding-right: 5px\">               <div class=\"kksr-icon\" style=\"width: 24px; height: 24px;\"><\/div>         <\/div>             <div class=\"kksr-star\" data-star=\"4\" style=\"padding-right: 5px\">               <div class=\"kksr-icon\" style=\"width: 24px; height: 24px;\"><\/div>         <\/div>             <div class=\"kksr-star\" data-star=\"5\" style=\"padding-right: 5px\">               <div class=\"kksr-icon\" style=\"width: 24px; height: 24px;\"><\/div>         <\/div>     <\/div>      <div class=\"kksr-stars-active\" style=\"width: 136.7px;\">             <div class=\"kksr-star\" style=\"padding-right: 5px\">               <div class=\"kksr-icon\" style=\"width: 24px; height: 24px;\"><\/div>         <\/div>             <div class=\"kksr-star\" style=\"padding-right: 5px\">               <div class=\"kksr-icon\" style=\"width: 24px; height: 24px;\"><\/div>         <\/div>             <div class=\"kksr-star\" style=\"padding-right: 5px\">               <div class=\"kksr-icon\" style=\"width: 24px; height: 24px;\"><\/div>         <\/div>             <div class=\"kksr-star\" style=\"padding-right: 5px\">               <div class=\"kksr-icon\" style=\"width: 24px; height: 24px;\"><\/div>         <\/div>             <div class=\"kksr-star\" style=\"padding-right: 5px\">               <div class=\"kksr-icon\" style=\"width: 24px; height: 24px;\"><\/div>         <\/div>     <\/div> <\/div>                   <div class=\"kksr-legend\" style=\"font-size: 19.2px;\">             4,8\/5 - (26 Bewertungen)    <\/div>     <\/div>  <p class=\"wp-block-paragraph translation-block\">Die <strong>Fleischb\u00e4llchenherstellungsmaschine<\/strong> kann automatisch gleichm\u00e4\u00dfige und glatte Fleischb\u00e4llchen aus vorbereiteter Fleischpaste formen. Mit einem automatischen Formungssystem kann die Maschine kontinuierlich Fleischb\u00e4llchen mit einheitlicher Gr\u00f6\u00dfe, runder Form und stabilem Gewicht produzieren. <\/p>    <p class=\"wp-block-paragraph translation-block\">Die Maschine kann sowohl <strong>feste Fleischb\u00e4llchen als auch gef\u00fcllte Fleischb\u00e4llchen<\/strong> produzieren und erf\u00fcllt die Bed\u00fcrfnisse verschiedener Lebensmittelprodukte. Ihre Produktionskapazit\u00e4t kann <strong>500\u2013600 St\u00fcck\/min<\/strong> erreichen, was die Produktionseffizienz bei gro\u00dfem Ma\u00dfstab erheblich steigert.<\/p>    <p class=\"wp-block-paragraph translation-block\">Die Fleischb\u00e4llchenherstellungsmaschine kann eine Vielzahl von Rohstoffen verarbeiten, einschlie\u00dflich <strong>Rindfleischpaste, Schweinefleischpaste, H\u00e4hnchenpaste, Fischpaste und gemischte Fleischmaterialien<\/strong>. Sie kann auch Mischungen mit St\u00e4rke, Gew\u00fcrzen und anderen Zutaten verarbeiten, was sie geeignet macht f\u00fcr die Herstellung von Rindfleischb\u00e4llchen, Schweinefleischb\u00e4llchen, H\u00e4hnchenb\u00e4llchen, Fischb\u00e4llchen und anderen \u00e4hnlichen Lebensmitteln.<\/p>    <p class=\"wp-block-paragraph\">Es wird h\u00e4ufig in Lebensmittelverarbeitungsanlagen, Zentral-K\u00fcchen, Restaurants und Tiefk\u00fchlkostfabriken eingesetzt, um die Produktionseffizienz zu verbessern und eine gleichbleibende Produktqualit\u00e4t zu gew\u00e4hrleisten. <\/p>    <figure class=\"wp-block-embed is-type-video is-provider-youtube wp-block-embed-youtube wp-embed-aspect-9-16 wp-has-aspect-ratio\"><div class=\"wp-block-embed__wrapper\"> <iframe loading=\"lazy\" title=\"Kommerzielle Fleischb\u00e4llchen-Herstellungsmaschine | Hochleistungs-Fleischb\u00e4llchenproduktion #Fleischb\u00e4llchen #Lebensmittelverarbeitung\" width=\"422\" height=\"750\" src=\"https:\/\/www.youtube.com\/embed\/66EHhpuL-2U?feature=oembed\" frameborder=\"0\" allow=\"accelerometer; autoplay; clipboard-write; encrypted-media; gyroscope; picture-in-picture; web-share\" referrerpolicy=\"strict-origin-when-cross-origin\" allowfullscreen><\/iframe> <\/div><figcaption class=\"wp-element-caption\">Video zur Funktionsweise einer Fleischb\u00e4llchenmaschine<\/figcaption><\/figure>    <h2 id=\"h-how-are-meatballs-made\" class=\"wp-block-heading\">Wie werden Fleischb\u00e4llchen hergestellt?<\/h2>    <div class=\"wp-block-media-text is-stacked-on-mobile\"><figure class=\"wp-block-media-text__media\"><img loading=\"lazy\" decoding=\"async\" width=\"720\" height=\"540\" src=\"https:\/\/meat-machine.com\/wp-content\/uploads\/2022\/09\/meat-ball-making-machine-for-sale.webp\" alt=\"Fleischb\u00e4llchenmaschine zu verkaufen\" class=\"wp-image-751 size-full\" title=\"\" srcset=\"https:\/\/meat-machine.com\/wp-content\/uploads\/2022\/09\/meat-ball-making-machine-for-sale.webp 720w, https:\/\/meat-machine.com\/wp-content\/uploads\/2022\/09\/meat-ball-making-machine-for-sale-300x225.webp 300w, https:\/\/meat-machine.com\/wp-content\/uploads\/2022\/09\/meat-ball-making-machine-for-sale-16x12.webp 16w\" sizes=\"auto, (max-width: 720px) 100vw, 720px\" \/><\/figure><div class=\"wp-block-media-text__content\"> <ul class=\"wp-block-list\"> <li>Reinigen Sie das Fleisch.<br>Stellen Sie sicher, dass das Fleisch gr\u00fcndlich gereinigt ist, um die Hygiene zu gew\u00e4hrleisten.<\/li>    <li>Das Fleisch zerkleinern.<br>Verwenden Sie einen Werbespot <a href=\"https:\/\/meat-machine.com\/de\/produkt\/kommerzieller-fleischwolf\/\" data-type=\"link\" data-id=\"https:\/\/meat-machine.com\/product\/commercial-meat-mincer-machine\/\">Fleischwolfmaschine<\/a> das Fleisch in kleine W\u00fcrfel schneiden.<\/li> <\/ul> <\/div><\/div>    <div class=\"wp-block-media-text has-media-on-the-right is-stacked-on-mobile\"><div class=\"wp-block-media-text__content\"> <ul class=\"wp-block-list\"> <li>Machen Sie eine Fleischpaste.<br>Das gew\u00fcrfelte Fleisch mit einem Fleischpulper zu einer glatten Paste verarbeiten.<\/li>    <li>Hackfleisch vorbereiten.<br>Geben Sie die Fleischpaste zum Schlagen in einen Fleischstampfer und p\u00fcrieren Sie sie zu einer fein gehackten Konsistenz.<\/li> <\/ul> <\/div><figure class=\"wp-block-media-text__media\"><img loading=\"lazy\" decoding=\"async\" width=\"720\" height=\"540\" src=\"https:\/\/meat-machine.com\/wp-content\/uploads\/2022\/09\/meatball.webp\" alt=\"Fleischb\u00e4llchen\" class=\"wp-image-893 size-full\" title=\"\" srcset=\"https:\/\/meat-machine.com\/wp-content\/uploads\/2022\/09\/meatball.webp 720w, https:\/\/meat-machine.com\/wp-content\/uploads\/2022\/09\/meatball-300x225.webp 300w, https:\/\/meat-machine.com\/wp-content\/uploads\/2022\/09\/meatball-16x12.webp 16w\" sizes=\"auto, (max-width: 720px) 100vw, 720px\" \/><\/figure><\/div>    <div class=\"wp-block-media-text is-stacked-on-mobile\"><figure class=\"wp-block-media-text__media\"><img loading=\"lazy\" decoding=\"async\" width=\"720\" height=\"540\" src=\"https:\/\/meat-machine.com\/wp-content\/uploads\/2022\/09\/meat-ball-making-machine.webp\" alt=\"Fleischb\u00e4llchenmaschine\" class=\"wp-image-752 size-full\" title=\"\" srcset=\"https:\/\/meat-machine.com\/wp-content\/uploads\/2022\/09\/meat-ball-making-machine.webp 720w, https:\/\/meat-machine.com\/wp-content\/uploads\/2022\/09\/meat-ball-making-machine-300x225.webp 300w, https:\/\/meat-machine.com\/wp-content\/uploads\/2022\/09\/meat-ball-making-machine-16x12.webp 16w\" sizes=\"auto, (max-width: 720px) 100vw, 720px\" \/><\/figure><div class=\"wp-block-media-text__content\"> <ul class=\"wp-block-list\"> <li>Stellen Sie den Fleischb\u00e4llchen-Maker auf. <ul class=\"wp-block-list\"> <li>Schalten Sie die Fleischb\u00e4llchenmaschine ein.<\/li>    <li>Schlie\u00dfen Sie die Wasserversorgungsleitung an und \u00f6ffnen Sie die Wasserleitung an der Gleitplatte, damit das Wasser abflie\u00dfen kann.<\/li> <\/ul> <\/li>    <li>Beladen Sie die Maschine. <ul class=\"wp-block-list\"> <li>Geben Sie die vorbereitete Fleischpaste in die Einf\u00fcll\u00f6ffnung der Fleischb\u00e4llchenmaschine.<\/li> <\/ul> <\/li> <\/ul> <\/div><\/div>    <div class=\"wp-block-media-text has-media-on-the-right is-stacked-on-mobile\"><div class=\"wp-block-media-text__content\"> <ul class=\"wp-block-list\"> <li>Sammle die Fleischb\u00e4llchen ein. <ul class=\"wp-block-list\"> <li>Stellen Sie eine Sch\u00fcssel mit warmem Wasser am Auslass der Maschine auf.<\/li>    <li>Warten Sie, bis die Maschine die Fleischb\u00e4llchen geformt und in die Sch\u00fcssel gegeben hat.<\/li> <\/ul> <\/li> <\/ul> <\/div><figure class=\"wp-block-media-text__media\"><img loading=\"lazy\" decoding=\"async\" width=\"720\" height=\"540\" src=\"https:\/\/meat-machine.com\/wp-content\/uploads\/2022\/09\/meatballs.webp\" alt=\"Fleischb\u00e4llchen\" class=\"wp-image-894 size-full\" title=\"\" srcset=\"https:\/\/meat-machine.com\/wp-content\/uploads\/2022\/09\/meatballs.webp 720w, https:\/\/meat-machine.com\/wp-content\/uploads\/2022\/09\/meatballs-300x225.webp 300w, https:\/\/meat-machine.com\/wp-content\/uploads\/2022\/09\/meatballs-16x12.webp 16w\" sizes=\"auto, (max-width: 720px) 100vw, 720px\" \/><\/figure><\/div>    <p class=\"wp-block-paragraph\">Dieser Prozess gew\u00e4hrleistet eine effiziente und hygienische Produktion hochwertiger Fleischb\u00e4llchen.<\/p>    <h2 id=\"h-what-are-the-characteristics-of-the-commercial-meatball-making-machine\" class=\"wp-block-heading\">Was sind die Merkmale der kommerziellen Fleischb\u00e4llchenmaschine?<\/h2>    <div class=\"wp-block-media-text is-stacked-on-mobile\"><figure class=\"wp-block-media-text__media\"><img loading=\"lazy\" decoding=\"async\" width=\"980\" height=\"562\" src=\"https:\/\/meat-machine.com\/wp-content\/uploads\/2022\/09\/application-of-meatball-maker-machine.webp\" alt=\"Anwendung einer Fleischb\u00e4llchenmaschine\" class=\"wp-image-111 size-full\" title=\"\" srcset=\"https:\/\/meat-machine.com\/wp-content\/uploads\/2022\/09\/application-of-meatball-maker-machine.webp 980w, https:\/\/meat-machine.com\/wp-content\/uploads\/2022\/09\/application-of-meatball-maker-machine-300x172.webp 300w, https:\/\/meat-machine.com\/wp-content\/uploads\/2022\/09\/application-of-meatball-maker-machine-768x440.webp 768w\" sizes=\"auto, (max-width: 980px) 100vw, 980px\" \/><\/figure><div class=\"wp-block-media-text__content\"> <ul class=\"wp-block-list\"> <li>Hohe Arbeitseffizienz. Produziert 500-600 Fleischb\u00e4llchen pro Minute, was die Produktivit\u00e4t erheblich steigert.<\/li>    <li>Breites Anwendungsspektrum. Kann verschiedene Arten von Fleischb\u00e4llchen zubereiten <a href=\"https:\/\/en.wikipedia.org\/wiki\/Seafood\" data-type=\"link\" data-id=\"https:\/\/en.wikipedia.org\/wiki\/Seafood\" target=\"_blank\" rel=\"noopener\">Meeresfr\u00fcchte<\/a> B\u00e4lle.<\/li>    <li>Einstellbare Fleischb\u00e4llchengr\u00f6\u00dfe. Der Durchmesser der Frikadellen kann individuell an die jeweiligen Bed\u00fcrfnisse angepasst werden.<\/li> <\/ul> <\/div><\/div>    <div class=\"wp-block-media-text has-media-on-the-right is-stacked-on-mobile\"><div class=\"wp-block-media-text__content\"> <ul class=\"wp-block-list\"> <li>Einheitliche und hochwertige Fleischb\u00e4llchen. Ergibt gleichm\u00e4\u00dfig gro\u00dfe Fleischb\u00e4llchen mit gutem Geschmack und Elastizit\u00e4t, die auch nach l\u00e4ngerem Kochen nicht brechen.<\/li>    <li>Robuste Edelstahlkonstruktion. Hergestellt aus lebensmittelechtem Edelstahl, der Sicherheit, Haltbarkeit und eine lange Lebensdauer gew\u00e4hrleistet.<\/li> <\/ul> <\/div><figure class=\"wp-block-media-text__media\"><img loading=\"lazy\" decoding=\"async\" width=\"540\" height=\"720\" src=\"https:\/\/meat-machine.com\/wp-content\/uploads\/2022\/09\/Meatball-Making-Machine-moulds.webp\" alt=\"Meatball Making Machine moulds\" class=\"wp-image-1186 size-full\" title=\"\" srcset=\"https:\/\/meat-machine.com\/wp-content\/uploads\/2022\/09\/Meatball-Making-Machine-moulds.webp 540w, https:\/\/meat-machine.com\/wp-content\/uploads\/2022\/09\/Meatball-Making-Machine-moulds-225x300.webp 225w, https:\/\/meat-machine.com\/wp-content\/uploads\/2022\/09\/Meatball-Making-Machine-moulds-9x12.webp 9w\" sizes=\"auto, (max-width: 540px) 100vw, 540px\" \/><\/figure><\/div>    <div class=\"wp-block-media-text is-stacked-on-mobile\"><figure class=\"wp-block-media-text__media\"><img loading=\"lazy\" decoding=\"async\" width=\"540\" height=\"720\" src=\"https:\/\/meat-machine.com\/wp-content\/uploads\/2022\/09\/meatball-forming-machine-for-sale.webp\" alt=\"Fleischb\u00e4llchen-Formmaschine zum Verkauf\" class=\"wp-image-1181 size-full\" title=\"\" srcset=\"https:\/\/meat-machine.com\/wp-content\/uploads\/2022\/09\/meatball-forming-machine-for-sale.webp 540w, https:\/\/meat-machine.com\/wp-content\/uploads\/2022\/09\/meatball-forming-machine-for-sale-225x300.webp 225w, https:\/\/meat-machine.com\/wp-content\/uploads\/2022\/09\/meatball-forming-machine-for-sale-9x12.webp 9w\" sizes=\"auto, (max-width: 540px) 100vw, 540px\" \/><\/figure><div class=\"wp-block-media-text__content\"> <ul class=\"wp-block-list\"> <li>Einstellbare Geschwindigkeit. Zur besseren Kontrolle kann die Ausgabegeschwindigkeit der Fleischb\u00e4llchen ver\u00e4ndert werden.<\/li>    <li>Kompaktes und flexibles Design. Nimmt nur minimalen Platz ein und kann daher flexibel in verschiedenen Arbeitsumgebungen platziert werden.<\/li> <\/ul> <\/div><\/div>    <h2 class=\"wp-block-heading\">Parameter der Fleischb\u00e4llchen-Maschine<\/h2>    <figure class=\"wp-block-table\"><table class=\"has-fixed-layout\"><thead><tr><th>Parameter<\/th><th>Spezifikation<\/th><\/tr><\/thead><tbody><tr><td>Modell<\/td><td>TZ-1<\/td><\/tr><tr><td>Stromspannung<\/td><td>380V 50Hz Dreiphasenstrom<\/td><\/tr><tr><td>Kapazit\u00e4t<\/td><td>500\u2013600 St\u00fcck\/Min<\/td><\/tr><tr><td>Gr\u00f6\u00dfe<\/td><td>1050 \u00d7 600 \u00d7 1800 mm<\/td><\/tr><tr><td>Gewicht<\/td><td>160 kg<\/td><\/tr><\/tbody><\/table><figcaption class=\"wp-element-caption\">Parameter der Fleischb\u00e4llchenherstellungsmaschine<\/figcaption><\/figure>    <h2 class=\"wp-block-heading\">Unterst\u00fctzende Ausr\u00fcstung der Fleischb\u00e4llchen-Formmaschine<\/h2>    <p class=\"wp-block-paragraph translation-block\">Die <strong>Fleischb\u00e4llchen-Formmaschine<\/strong> kann zusammen mit unterst\u00fctzender Ausr\u00fcstung verwendet werden, um einen effizienteren und automatisierten Produktionsprozess zu schaffen. Nach der Formung der Fleischb\u00e4llchen k\u00f6nnen sie direkt in eine <strong>Konstanttemperatur-Fleischb\u00e4llchen-Kochmaschine<\/strong> zum Garen oder in eine <strong>Frittiermaschine<\/strong> zum Frittieren \u00fcberf\u00fchrt werden, je nach den Anforderungen des Endprodukts. <\/p>    <p class=\"wp-block-paragraph\">Die Konstanttemperatur-Kochmaschine sorgt daf\u00fcr, dass die Fleischb\u00e4llchen gleichm\u00e4\u00dfig gegart werden und eine glatte Oberfl\u00e4che sowie eine gute Textur behalten, w\u00e4hrend die Frittiermaschine geeignet ist, knusprige, frittierte Fleischb\u00e4llchen mit reichhaltigem Geschmack herzustellen. <\/p>    <p class=\"wp-block-paragraph\">Durch die Kombination der Fleischb\u00e4llchen-Formmaschine mit diesen unterst\u00fctzenden Maschinen k\u00f6nnen Nutzer eine kontinuierliche Fleischb\u00e4llchen-Verarbeitungsanlage aufbauen, was die Produktionseffizienz und Produktqualit\u00e4t erheblich verbessert.<\/p>    <figure class=\"wp-block-gallery has-nested-images columns-default is-cropped wp-block-gallery-2 is-layout-flex wp-block-gallery-is-layout-flex\"> <figure class=\"wp-block-image size-large\"><img loading=\"lazy\" decoding=\"async\" width=\"540\" height=\"720\" data-id=\"1183\" src=\"https:\/\/meat-machine.com\/wp-content\/uploads\/2022\/09\/commercial-meatball-molding-machine.webp\" alt=\"Kommerzielle Fleischb\u00e4llchen-Formmaschine\" class=\"wp-image-1183\" title=\"\" srcset=\"https:\/\/meat-machine.com\/wp-content\/uploads\/2022\/09\/commercial-meatball-molding-machine.webp 540w, https:\/\/meat-machine.com\/wp-content\/uploads\/2022\/09\/commercial-meatball-molding-machine-225x300.webp 225w, https:\/\/meat-machine.com\/wp-content\/uploads\/2022\/09\/commercial-meatball-molding-machine-9x12.webp 9w\" sizes=\"auto, (max-width: 540px) 100vw, 540px\" \/><figcaption class=\"wp-element-caption\">Kommerzielle Fleischb\u00e4llchen-Formmaschine<\/figcaption><\/figure>    <figure class=\"wp-block-image size-large\"><img loading=\"lazy\" decoding=\"async\" width=\"720\" height=\"540\" data-id=\"1044\" src=\"https:\/\/meat-machine.com\/wp-content\/uploads\/2026\/02\/frying-machine-1.webp\" alt=\"Frittiermaschine\" class=\"wp-image-1044\" title=\"\" srcset=\"https:\/\/meat-machine.com\/wp-content\/uploads\/2026\/02\/frying-machine-1.webp 720w, https:\/\/meat-machine.com\/wp-content\/uploads\/2026\/02\/frying-machine-1-300x225.webp 300w, https:\/\/meat-machine.com\/wp-content\/uploads\/2026\/02\/frying-machine-1-16x12.webp 16w\" sizes=\"auto, (max-width: 720px) 100vw, 720px\" \/><figcaption class=\"wp-element-caption\">Frittiermaschine<\/figcaption><\/figure> <\/figure>    <h2 id=\"h-meatball-making-machine-for-sale\" class=\"wp-block-heading\">Fleischb\u00e4llchenmaschine zu verkaufen<\/h2>    <p class=\"wp-block-paragraph\">Taizy bietet eine gro\u00dfe Auswahl an Maschinen zum Formen von Fleischb\u00e4llchen, erh\u00e4ltlich in verschiedenen Modellen mit anpassbaren Ausbeuten und Gr\u00f6\u00dfen. <\/p>    <p class=\"wp-block-paragraph\">Als vertrauensw\u00fcrdiger chinesischer Hersteller mit \u00fcber 10 Jahren Erfahrung bieten wir hochwertige Maschinen zu wettbewerbsf\u00e4higen Preisen, unterst\u00fctzt durch einen zuverl\u00e4ssigen Kundendienst. <\/p>    <p class=\"wp-block-paragraph\">Wenn Sie nach einem zuverl\u00e4ssigen Lieferanten f\u00fcr Fleischb\u00e4llchenmaschinen suchen, kontaktieren Sie uns noch heute!<\/p>   <div class=\"wp-block-image\"> <figure class=\"aligncenter size-full\"><img loading=\"lazy\" decoding=\"async\" width=\"980\" height=\"375\" src=\"https:\/\/meat-machine.com\/wp-content\/uploads\/2022\/09\/meatball-forming-machine-details.webp\" alt=\"Einzelheiten zur Frikadellenformmaschine\" class=\"wp-image-113\" title=\"\" srcset=\"https:\/\/meat-machine.com\/wp-content\/uploads\/2022\/09\/meatball-forming-machine-details.webp 980w, https:\/\/meat-machine.com\/wp-content\/uploads\/2022\/09\/meatball-forming-machine-details-300x115.webp 300w, https:\/\/meat-machine.com\/wp-content\/uploads\/2022\/09\/meatball-forming-machine-details-768x294.webp 768w\" sizes=\"auto, (max-width: 980px) 100vw, 980px\" \/><figcaption class=\"wp-element-caption\">Einzelheiten zur Frikadellenformmaschine<\/figcaption><\/figure> <\/div>   <h2 id=\"h-meatball-forming-machine-price\" class=\"wp-block-heading\">Preis einer Fleischb\u00e4llchenformmaschine<\/h2>    <div class=\"wp-block-media-text is-stacked-on-mobile\"><figure class=\"wp-block-media-text__media\"><img loading=\"lazy\" decoding=\"async\" width=\"540\" height=\"720\" src=\"https:\/\/meat-machine.com\/wp-content\/uploads\/2022\/09\/meatball-making-machine-price-1.webp\" alt=\"Preis der Fleischb\u00e4llchenmaschine\" class=\"wp-image-1182 size-full\" title=\"\" srcset=\"https:\/\/meat-machine.com\/wp-content\/uploads\/2022\/09\/meatball-making-machine-price-1.webp 540w, https:\/\/meat-machine.com\/wp-content\/uploads\/2022\/09\/meatball-making-machine-price-1-225x300.webp 225w, https:\/\/meat-machine.com\/wp-content\/uploads\/2022\/09\/meatball-making-machine-price-1-9x12.webp 9w\" sizes=\"auto, (max-width: 540px) 100vw, 540px\" \/><\/figure><div class=\"wp-block-media-text__content\"> <p class=\"wp-block-paragraph\">Der Preis einer kommerziellen Fleischb\u00e4llchenmaschine h\u00e4ngt von verschiedenen Faktoren ab, wie zum Beispiel der Leistung, der Entfernung und den Steuers\u00e4tzen. Bei Online-Preisen handelt es sich h\u00e4ufig um Sch\u00e4tzungen und nicht um die tats\u00e4chlichen Kosten.<\/p>    <p class=\"wp-block-paragraph\">F\u00fcr eine genaue Preisgestaltung sollten Sie sich direkt an uns wenden, um Maschinendetails zu besprechen und ein genaues Angebot zu erhalten.<\/p> <\/div><\/div>    <h2 id=\"h-precautions-for-use-of-commercial-meatball-forming-equipment\" class=\"wp-block-heading\">Vorsichtsma\u00dfnahmen f\u00fcr die Verwendung einer kommerziellen Fleischb\u00e4llchenmaschine<\/h2>    <div class=\"wp-block-media-text has-media-on-the-right is-stacked-on-mobile\"><div class=\"wp-block-media-text__content\"> <ul class=\"wp-block-list\"> <li>Stellen Sie die Maschine auf eine stabile Oberfl\u00e4che und achten Sie auf ordnungsgem\u00e4\u00dfe Strom- und Erdungsanschl\u00fcsse.<\/li>    <li>Reinigen Sie die Maschine vor und nach dem Gebrauch.<\/li>    <li>F\u00fchren Sie vor dem Start einen Leertest durch, um den normalen Betrieb zu best\u00e4tigen.<\/li>    <li>Bearbeiten Sie das Fleisch durch einen Fleischwolf, bevor Sie es in die Maschine geben.<\/li>    <li>Verwenden Sie warmes Wasser am Auslass, um die Fleischb\u00e4llchen aufzufangen.<\/li>    <li>Passen Sie Gewicht, F\u00fcllung und Geschwindigkeit nach Bedarf an.<\/li> <\/ul> <\/div><figure class=\"wp-block-media-text__media\"><img loading=\"lazy\" decoding=\"async\" width=\"540\" height=\"720\" src=\"https:\/\/meat-machine.com\/wp-content\/uploads\/2026\/02\/meatball-making-machine-price.webp\" alt=\"Preis der Fleischb\u00e4llchenmaschine\" class=\"wp-image-1048 size-full\" title=\"\" srcset=\"https:\/\/meat-machine.com\/wp-content\/uploads\/2026\/02\/meatball-making-machine-price.webp 540w, https:\/\/meat-machine.com\/wp-content\/uploads\/2026\/02\/meatball-making-machine-price-225x300.webp 225w, https:\/\/meat-machine.com\/wp-content\/uploads\/2026\/02\/meatball-making-machine-price-9x12.webp 9w\" sizes=\"auto, (max-width: 540px) 100vw, 540px\" \/><\/figure><\/div>    <h2 class=\"wp-block-heading\">Abschluss<\/h2>    <p class=\"wp-block-paragraph translation-block\">Wenn Sie nach einer effizienten L\u00f6sung suchen, um hochwertige Fleischb\u00e4llchen herzustellen, ist unsere <strong>Fleischb\u00e4llchenherstellungsmaschine<\/strong> eine ausgezeichnete Wahl. <\/p>    <p class=\"wp-block-paragraph\">Kontaktieren Sie uns gerne f\u00fcr weitere Details, Maschinenvideos und ein ma\u00dfgeschneidertes Angebot. Unser Team hilft Ihnen, die am besten geeignete Ausr\u00fcstung f\u00fcr Ihre Produktionslinie auszuw\u00e4hlen.<\/p>","protected":false},"excerpt":{"rendered":"<p>Die Fleischb\u00e4llchenmaschine kann eine Vielzahl von Fleischb\u00e4llchen herstellen, darunter Rind-, Schweine-, H\u00fchner-, Hammel-, Garnelen- und Fischb\u00e4llchen. <\/p>","protected":false},"author":1,"featured_media":112,"parent":0,"template":"","tags":[23],"product-type":[4],"class_list":["post-109","product","type-product","status-publish","has-post-thumbnail","hentry","tag-meatball-making-machine","product-type-meat-grinder"],"_links":{"self":[{"href":"https:\/\/meat-machine.com\/de\/wp-json\/wp\/v2\/product\/109","targetHints":{"allow":["GET"]}}],"collection":[{"href":"https:\/\/meat-machine.com\/de\/wp-json\/wp\/v2\/product"}],"about":[{"href":"https:\/\/meat-machine.com\/de\/wp-json\/wp\/v2\/types\/product"}],"author":[{"embeddable":true,"href":"https:\/\/meat-machine.com\/de\/wp-json\/wp\/v2\/users\/1"}],"wp:featuredmedia":[{"embeddable":true,"href":"https:\/\/meat-machine.com\/de\/wp-json\/wp\/v2\/media\/112"}],"wp:attachment":[{"href":"https:\/\/meat-machine.com\/de\/wp-json\/wp\/v2\/media?parent=109"}],"wp:term":[{"taxonomy":"post_tag","embeddable":true,"href":"https:\/\/meat-machine.com\/de\/wp-json\/wp\/v2\/tags?post=109"},{"taxonomy":"product-type","embeddable":true,"href":"https:\/\/meat-machine.com\/de\/wp-json\/wp\/v2\/product-type?post=109"}],"curies":[{"name":"wp","href":"https:\/\/api.w.org\/{rel}","templated":true}]}}