{"id":1052,"date":"2026-02-26T15:53:58","date_gmt":"2026-02-26T07:53:58","guid":{"rendered":"https:\/\/meat-machine.com\/?post_type=product&#038;p=1052"},"modified":"2026-02-26T15:53:59","modified_gmt":"2026-02-26T07:53:59","slug":"meat-bowl-chopper-and-mixer-machine","status":"publish","type":"product","link":"https:\/\/meat-machine.com\/de\/product\/meat-bowl-chopper-and-mixer-machine\/","title":{"rendered":"Fleischsch\u00fcssel-Hacker- und Mischmaschine"},"content":{"rendered":"<div class=\"kk-star-ratings kksr-auto kksr-align-left kksr-valign-top\"     data-payload='{&quot;align&quot;:&quot;left&quot;,&quot;id&quot;:&quot;1052&quot;,&quot;slug&quot;:&quot;default&quot;,&quot;valign&quot;:&quot;top&quot;,&quot;ignore&quot;:&quot;&quot;,&quot;reference&quot;:&quot;auto&quot;,&quot;class&quot;:&quot;&quot;,&quot;count&quot;:&quot;0&quot;,&quot;legendonly&quot;:&quot;&quot;,&quot;readonly&quot;:&quot;&quot;,&quot;score&quot;:&quot;0&quot;,&quot;starsonly&quot;:&quot;&quot;,&quot;best&quot;:&quot;5&quot;,&quot;gap&quot;:&quot;5&quot;,&quot;greet&quot;:&quot;Rate this product&quot;,&quot;legend&quot;:&quot;0\\\/5 - (0 votes)&quot;,&quot;size&quot;:&quot;24&quot;,&quot;title&quot;:&quot;Meat bowl chopper and mixer machine&quot;,&quot;width&quot;:&quot;0&quot;,&quot;_legend&quot;:&quot;{score}\\\/{best} - ({count} {votes})&quot;,&quot;font_factor&quot;:&quot;1.25&quot;}'>              <div class=\"kksr-stars\">      <div class=\"kksr-stars-inactive\">             <div class=\"kksr-star\" data-star=\"1\" style=\"padding-right: 5px\">               <div class=\"kksr-icon\" style=\"width: 24px; height: 24px;\"><\/div>         <\/div>             <div class=\"kksr-star\" data-star=\"2\" style=\"padding-right: 5px\">               <div class=\"kksr-icon\" style=\"width: 24px; height: 24px;\"><\/div>         <\/div>             <div class=\"kksr-star\" data-star=\"3\" style=\"padding-right: 5px\">               <div class=\"kksr-icon\" style=\"width: 24px; height: 24px;\"><\/div>         <\/div>             <div class=\"kksr-star\" data-star=\"4\" style=\"padding-right: 5px\">               <div class=\"kksr-icon\" style=\"width: 24px; height: 24px;\"><\/div>         <\/div>             <div class=\"kksr-star\" data-star=\"5\" style=\"padding-right: 5px\">               <div class=\"kksr-icon\" style=\"width: 24px; height: 24px;\"><\/div>         <\/div>     <\/div>      <div class=\"kksr-stars-active\" style=\"width: 0px;\">             <div class=\"kksr-star\" style=\"padding-right: 5px\">               <div class=\"kksr-icon\" style=\"width: 24px; height: 24px;\"><\/div>         <\/div>             <div class=\"kksr-star\" style=\"padding-right: 5px\">               <div class=\"kksr-icon\" style=\"width: 24px; height: 24px;\"><\/div>         <\/div>             <div class=\"kksr-star\" style=\"padding-right: 5px\">               <div class=\"kksr-icon\" style=\"width: 24px; height: 24px;\"><\/div>         <\/div>             <div class=\"kksr-star\" style=\"padding-right: 5px\">               <div class=\"kksr-icon\" style=\"width: 24px; height: 24px;\"><\/div>         <\/div>             <div class=\"kksr-star\" style=\"padding-right: 5px\">               <div class=\"kksr-icon\" style=\"width: 24px; height: 24px;\"><\/div>         <\/div>     <\/div> <\/div>                   <div class=\"kksr-legend\" style=\"font-size: 19.2px;\">             <span class=\"kksr-muted\">Bewerten Sie dieses Produkt<\/span>     <\/div>     <\/div>  <p class=\"wp-block-paragraph translation-block\"><br><strong>Die Fleischsch\u00fcssel-Hacker- und Mischmaschine<\/strong> ist eine Lebensmittelverarbeitungsmaschine, die Hochgeschwindigkeits-Hacken und gleichm\u00e4\u00dfiges Mischen in einer Einheit vereint. Sie wird haupts\u00e4chlich zur Verarbeitung von Fleisch und Gew\u00fcrzen zu feinem, gleichm\u00e4\u00dfig vermischtem Hackfleisch oder Paste verwendet. <\/p>    <p class=\"wp-block-paragraph\">Durch die Kombination einer rotierenden Sch\u00fcssel mit Hochgeschwindigkeitsmessern f\u00fchrt die Maschine das Schneiden, Mischen und Emulgieren in kurzer Zeit aus. Sie wird h\u00e4ufig in der industriellen Produktion von W\u00fcrsten, Frikadellen, Fleischpattys und anderen Fleischprodukten eingesetzt und ist ein Schl\u00fcsselger\u00e4t zur Steigerung der Effizienz und Produktqualit\u00e4t.<\/p>    <figure class=\"wp-block-embed is-type-video is-provider-youtube wp-block-embed-youtube wp-embed-aspect-9-16 wp-has-aspect-ratio\"><div class=\"wp-block-embed__wrapper\"> <iframe loading=\"lazy\" title=\"Meat Bowl Mixer Machine | Efficient Mixing for Sausage &amp; Meat Processing #meat #mixer #foodmachine\" width=\"422\" height=\"750\" src=\"https:\/\/www.youtube.com\/embed\/vVYxtUePktA?feature=oembed\" frameborder=\"0\" allow=\"accelerometer; autoplay; clipboard-write; encrypted-media; gyroscope; picture-in-picture; web-share\" referrerpolicy=\"strict-origin-when-cross-origin\" allowfullscreen><\/iframe> <\/div><figcaption class=\"wp-element-caption\">Arbeitsvideo der Fleischsch\u00fcssel-Hacker- und Mischmaschine<\/figcaption><\/figure>    <h2 class=\"wp-block-heading\">Fleischsch\u00fcssel-Hacker- und Mischmaschine f\u00fcr effiziente Lebensmittelverarbeitung<\/h2>    <p class=\"wp-block-paragraph translation-block\">Die <strong>Fleischsch\u00fcssel-Hacker- und Mischmaschine<\/strong> verf\u00fcgt \u00fcber eine Turbinen- und Schneckengetriebeantrieb f\u00fcr einen reibungslosen, zuverl\u00e4ssigen Betrieb. Ihr Sch\u00fcssel und alle lebensmittelber\u00fchrenden Komponenten sind aus Edelstahl gefertigt, was eine langlebige Nutzung und einfache Reinigung gew\u00e4hrleistet. Das Pr\u00e4zisionsgetriebesystem, hergestellt aus hochwertiger Aluminiumlegierung und Kupfer-Schneckengetrieben, garantiert stabile Leistung.<\/p>    <p class=\"wp-block-paragraph\">Dieses Ger\u00e4t ist hervorragend geeignet zum Hacken und Mischen von Fleisch, Hackfleisch, Gem\u00fcse und anderen Hauptzutaten, w\u00e4hrend Wasser, Eis, Gew\u00fcrze und andere Zus\u00e4tze integriert werden. Seine Emulgierungsf\u00e4higkeit schafft eine einheitliche, glatte Mischung, die die Textur, Dichte und Elastizit\u00e4t von Produkten wie W\u00fcrsten verbessert. <\/p>    <p class=\"wp-block-paragraph\">Verstellbare hohe und niedrige Messer-Geschwindigkeiten in Kombination mit stufenloser Sch\u00fcssel-Drehzahlregelung erm\u00f6glichen es, Hacken, Mischen und Emulgieren in einem einzigen, effizienten Prozess abzuschlie\u00dfen, was sie ideal f\u00fcr die industrielle Fleisch- und Lebensmittelproduktion macht.<\/p>    <figure class=\"wp-block-gallery has-nested-images columns-default is-cropped wp-block-gallery-2 is-layout-flex wp-block-gallery-is-layout-flex\"> <figure class=\"wp-block-image size-large\"><img loading=\"lazy\" decoding=\"async\" width=\"720\" height=\"540\" data-id=\"1056\" src=\"https:\/\/meat-machine.com\/wp-content\/uploads\/2026\/02\/Meat-bowl-chopper-and-mixer-machine-blades.webp\" alt=\"Fleischmischer\" class=\"wp-image-1056\" title=\"\" srcset=\"https:\/\/meat-machine.com\/wp-content\/uploads\/2026\/02\/Meat-bowl-chopper-and-mixer-machine-blades.webp 720w, https:\/\/meat-machine.com\/wp-content\/uploads\/2026\/02\/Meat-bowl-chopper-and-mixer-machine-blades-300x225.webp 300w, https:\/\/meat-machine.com\/wp-content\/uploads\/2026\/02\/Meat-bowl-chopper-and-mixer-machine-blades-16x12.webp 16w\" sizes=\"auto, (max-width: 720px) 100vw, 720px\" \/><figcaption class=\"wp-element-caption\">Schneidklingen der Fleischsch\u00fcssel-Hacker- und Mischmaschine<\/figcaption><\/figure>    <figure class=\"wp-block-image size-large\"><img loading=\"lazy\" decoding=\"async\" width=\"720\" height=\"540\" data-id=\"1057\" src=\"https:\/\/meat-machine.com\/wp-content\/uploads\/2026\/02\/meat-chopping-machine-details.webp\" alt=\"Details der Fleischhacker-Maschine\" class=\"wp-image-1057\" title=\"\" srcset=\"https:\/\/meat-machine.com\/wp-content\/uploads\/2026\/02\/meat-chopping-machine-details.webp 720w, https:\/\/meat-machine.com\/wp-content\/uploads\/2026\/02\/meat-chopping-machine-details-300x225.webp 300w, https:\/\/meat-machine.com\/wp-content\/uploads\/2026\/02\/meat-chopping-machine-details-16x12.webp 16w\" sizes=\"auto, (max-width: 720px) 100vw, 720px\" \/><figcaption class=\"wp-element-caption\">Details der Fleischhacker-Maschine<\/figcaption><\/figure> <\/figure>    <h2 class=\"wp-block-heading\">Struktur und Arbeitsprozess der Fleischhacker- und Mischmaschine<\/h2>    <p class=\"wp-block-paragraph translation-block\"><br>Der <strong>Fleischsch\u00fcssel-Mixer<\/strong> arbeitet durch eine Kombination aus rotierender Sch\u00fcssel, Hochgeschwindigkeitsmesserwelle, stabilem Rahmen und einem elektrischen Steuerungssystem, das den gesamten Prozess synchronisiert. <\/p>    <p class=\"wp-block-paragraph\">Die Sch\u00fcssel rotiert mit kontrollierter niedriger Geschwindigkeit \u00fcber einen Reduzierer und erzeugt eine Spiralbewegung, die die Rohstoffe kontinuierlich zur Messeranordnung f\u00fchrt. Gleichzeitig dreht die angetriebene Messerwelle, die von einem Zwei-Gang- oder Frequenzumrichter-Motor angetrieben wird, die Messer mit hoher Geschwindigkeit, um die Zutaten effizient zu hacken und zu mischen. <\/p>    <figure class=\"wp-block-image size-full\"><img loading=\"lazy\" decoding=\"async\" width=\"720\" height=\"540\" src=\"https:\/\/meat-machine.com\/wp-content\/uploads\/2026\/02\/Meat-bowl-chopper-and-mixer-machine-exported.webp\" alt=\"Details der Fleischhacker-Maschine\" class=\"wp-image-1058\" title=\"\" srcset=\"https:\/\/meat-machine.com\/wp-content\/uploads\/2026\/02\/Meat-bowl-chopper-and-mixer-machine-exported.webp 720w, https:\/\/meat-machine.com\/wp-content\/uploads\/2026\/02\/Meat-bowl-chopper-and-mixer-machine-exported-300x225.webp 300w, https:\/\/meat-machine.com\/wp-content\/uploads\/2026\/02\/Meat-bowl-chopper-and-mixer-machine-exported-16x12.webp 16w\" sizes=\"auto, (max-width: 720px) 100vw, 720px\" \/><figcaption class=\"wp-element-caption\">Exportierte Fleischsch\u00fcssel-Hacker- und Mischmaschine<\/figcaption><\/figure>    <p class=\"wp-block-paragraph\">Diese Bewegung sorgt nicht nur f\u00fcr eine gleichm\u00e4\u00dfige Textur, sondern entfernt auch eingeschlossene Luft aus der Mischung, verbessert die Konsistenz. Hochgeschwindigkeits-Hacken reduziert die Fl\u00fcssigkeitsabtrennung, bewahrt die Feuchtigkeit und verbessert die Elastizit\u00e4t und Feinheit von Fleisch und anderen Zutaten. <\/p>    <p class=\"wp-block-paragraph\">Die Maschine ist vielseitig einsetzbar, verarbeitet Fleisch, Gem\u00fcse und verschiedene Zus\u00e4tze, und produziert fein gehackte und gut vermischte Produkte, die f\u00fcr W\u00fcrste, Frikadellen und andere verarbeitete Lebensmittel geeignet sind.<\/p>    <figure class=\"wp-block-image size-full\"><img loading=\"lazy\" decoding=\"async\" width=\"720\" height=\"540\" src=\"https:\/\/meat-machine.com\/wp-content\/uploads\/2026\/02\/Meat-bowl-chopper-and-mixer-machine-price.webp\" alt=\"Exportierte Fleischsch\u00fcssel-Hacker- und Mischmaschine\" class=\"wp-image-1059\" title=\"\" srcset=\"https:\/\/meat-machine.com\/wp-content\/uploads\/2026\/02\/Meat-bowl-chopper-and-mixer-machine-price.webp 720w, https:\/\/meat-machine.com\/wp-content\/uploads\/2026\/02\/Meat-bowl-chopper-and-mixer-machine-price-300x225.webp 300w, https:\/\/meat-machine.com\/wp-content\/uploads\/2026\/02\/Meat-bowl-chopper-and-mixer-machine-price-16x12.webp 16w\" sizes=\"auto, (max-width: 720px) 100vw, 720px\" \/><figcaption class=\"wp-element-caption\">Preis der Fleischsch\u00fcssel-Hacker- und Mischmaschine<\/figcaption><\/figure>    <h2 class=\"wp-block-heading\">Vorteile der Fleischsch\u00fcssel-Hacker- und Mischmaschine<\/h2>    <div class=\"wp-block-media-text is-stacked-on-mobile\"><figure class=\"wp-block-media-text__media\"><img loading=\"lazy\" decoding=\"async\" width=\"720\" height=\"540\" src=\"https:\/\/meat-machine.com\/wp-content\/uploads\/2026\/02\/meat-bowl-mixing-machine.webp\" alt=\"Preis der Fleischsch\u00fcssel-Hacker- und Mischmaschine\" class=\"wp-image-1060 size-full\" title=\"\" srcset=\"https:\/\/meat-machine.com\/wp-content\/uploads\/2026\/02\/meat-bowl-mixing-machine.webp 720w, https:\/\/meat-machine.com\/wp-content\/uploads\/2026\/02\/meat-bowl-mixing-machine-300x225.webp 300w, https:\/\/meat-machine.com\/wp-content\/uploads\/2026\/02\/meat-bowl-mixing-machine-16x12.webp 16w\" sizes=\"auto, (max-width: 720px) 100vw, 720px\" \/><\/figure><div class=\"wp-block-media-text__content\"> <ul class=\"wp-block-list\"> <li><strong>Verstellbare Messer-Geschwindigkeit:<\/strong> Frequenzgeregelter Motor erm\u00f6glicht eine Messer-Geschwindigkeit von 126 bis 3800 U\/min f\u00fcr pr\u00e4zises, stabiles und effizientes Schneiden.<\/li>    <li><strong>Hochwertige Konstruktion:<\/strong> Hergestellt aus hochwertigen importierten Materialien, alle Edelstahlkomponenten mit einem \u00dcberlauf-sicheren Sch\u00fcsselrand, um Versch\u00fcttungen zu verhindern.<\/li>    <li><strong>Zwei-Gang-Hacksch\u00fcssel:<\/strong> Kann mit dem Messer f\u00fcr optimales Hacken und Mischen kombiniert werden, um die Verarbeitungszeit zu verk\u00fcrzen und die Materialtemperatur niedrig zu halten.<\/li> <\/ul> <\/div><\/div>    <div class=\"wp-block-media-text has-media-on-the-right is-stacked-on-mobile\"><div class=\"wp-block-media-text__content\"> <ul class=\"wp-block-list\"> <li><strong>Pr\u00e4zises Schneiden:<\/strong> Messerspalten unter 1,5 mm gew\u00e4hrleisten gleichm\u00e4\u00dfiges und konsistentes Hacken auch bei hohen Geschwindigkeiten.<\/li>    <li><strong>Niedrige Ger\u00e4uschentwicklung &amp; Stabile Bedienung:<\/strong> Entwickelt f\u00fcr reibungslose, leise Leistung bei Hochgeschwindigkeitsverarbeitung.<\/li>    <li><strong>Bequeme Entladung:<\/strong> Ausgestattet mit einem Entladesystem f\u00fcr einfaches und sauberes Entleeren der Materialien.<\/li>    <li><strong>Vielseitige Anwendung:<\/strong> Geeignet f\u00fcr die Tiefenverarbeitung von Fleisch, Meeresfr\u00fcchten, Gem\u00fcse, Fr\u00fcchten und Gew\u00fcrzen bei gleichzeitiger Bewahrung der nat\u00fcrlichen Farbe und Qualit\u00e4t.<\/li> <\/ul> <\/div><figure class=\"wp-block-media-text__media\"><img loading=\"lazy\" decoding=\"async\" width=\"720\" height=\"540\" src=\"https:\/\/meat-machine.com\/wp-content\/uploads\/2026\/02\/meat-chopper-1.webp\" alt=\"Die Fleischpatty-Herstellungsmaschinen-Produktionslinie ist ein automatisiertes System f\u00fcr die gro\u00df angelegte Verarbeitung von Fleischpattys.\" class=\"wp-image-1061 size-full\" title=\"\" srcset=\"https:\/\/meat-machine.com\/wp-content\/uploads\/2026\/02\/meat-chopper-1.webp 720w, https:\/\/meat-machine.com\/wp-content\/uploads\/2026\/02\/meat-chopper-1-300x225.webp 300w, https:\/\/meat-machine.com\/wp-content\/uploads\/2026\/02\/meat-chopper-1-16x12.webp 16w\" sizes=\"auto, (max-width: 720px) 100vw, 720px\" \/><\/figure><\/div>    <h2 class=\"wp-block-heading\">Parameter der Fleischsch\u00fcssel-Hacker-Maschine<\/h2>    <figure class=\"wp-block-table\"><table class=\"has-fixed-layout\"><thead><tr><th>Modell<\/th><th>SL-20<\/th><th>SL-40<\/th><th>SL-80<\/th><th>SL-125<\/th><th>SL-200<\/th><\/tr><\/thead><tbody><tr><td><strong>Chargenverarbeitungsf\u00e4higkeit (kg\/Charge)<\/strong><\/td><td>10\u201315<\/td><td>20\u201330<\/td><td>40\u201350<\/td><td>70\u201380<\/td><td>100\u2013140<\/td><\/tr><tr><td><strong>Sch\u00fcsselvolumen (L)<\/strong><\/td><td>20<\/td><td>40<\/td><td>80<\/td><td>125<\/td><td>200<\/td><\/tr><tr><td><strong>Installierte Leistung (kW)<\/strong><\/td><td>2.55<\/td><td>6.25<\/td><td>23<\/td><td>27<\/td><td>63<\/td><\/tr><tr><td><strong>Anzahl der Schneidklingen<\/strong><\/td><td>3<\/td><td>3<\/td><td>6<\/td><td>6<\/td><td>6<\/td><\/tr><tr><td><strong>Sch\u00fcssel-Drehzahl (U\/min)<\/strong><\/td><td>16<\/td><td>12<\/td><td>8 \/ 12<\/td><td>8 \/ 12<\/td><td>8 \/ 12 \/ 16<\/td><\/tr><tr><td><strong>Messergeschwindigkeit (U\/min)<\/strong><\/td><td>1650 \/ 3300<\/td><td>1800 \/ 3600<\/td><td>126 \/ 1800 \/ 3600<\/td><td>126 \/ 1800 \/ 3600<\/td><td>200 \/ 1900 \/ 3800<\/td><\/tr><tr><td><strong>Gesamtabmessungen (mm)<\/strong><\/td><td>770 \u00d7 650 \u00d7 980<\/td><td>1245 \u00d7 810 \u00d7 1094<\/td><td>2300 \u00d7 1020 \u00d7 1195<\/td><td>2400 \u00d7 1420 \u00d7 1300<\/td><td>2580 \u00d7 2400 \u00d7 1960<\/td><\/tr><tr><td><strong>Maschinengewicht (kg)<\/strong><\/td><td>215<\/td><td>480<\/td><td>1100<\/td><td>1300<\/td><td>3800<\/td><\/tr><tr><td><strong>Stromversorgung<\/strong><\/td><td>380V<\/td><td>380V<\/td><td>380V<\/td><td>380V<\/td><td>380V<\/td><\/tr><\/tbody><\/table><figcaption class=\"wp-element-caption\">Parameter der Fleischsch\u00fcssel-Hacker- und Mischmaschine<\/figcaption><\/figure>    <figure class=\"wp-block-gallery has-nested-images columns-default is-cropped wp-block-gallery-3 is-layout-flex wp-block-gallery-is-layout-flex\"> <figure class=\"wp-block-image size-large\"><img loading=\"lazy\" decoding=\"async\" width=\"720\" height=\"540\" data-id=\"1062\" src=\"https:\/\/meat-machine.com\/wp-content\/uploads\/2026\/02\/final-products.webp\" alt=\"Fleischsch\u00fcssel-Mischmaschine\" class=\"wp-image-1062\" title=\"\" srcset=\"https:\/\/meat-machine.com\/wp-content\/uploads\/2026\/02\/final-products.webp 720w, https:\/\/meat-machine.com\/wp-content\/uploads\/2026\/02\/final-products-300x225.webp 300w, https:\/\/meat-machine.com\/wp-content\/uploads\/2026\/02\/final-products-16x12.webp 16w\" sizes=\"auto, (max-width: 720px) 100vw, 720px\" \/><figcaption class=\"wp-element-caption\">Endprodukte<\/figcaption><\/figure>    <figure class=\"wp-block-image size-large\"><img loading=\"lazy\" decoding=\"async\" width=\"720\" height=\"540\" data-id=\"1063\" src=\"https:\/\/meat-machine.com\/wp-content\/uploads\/2026\/02\/meat-mixer.webp\" alt=\"Endprodukte\" class=\"wp-image-1063\" title=\"\" srcset=\"https:\/\/meat-machine.com\/wp-content\/uploads\/2026\/02\/meat-mixer.webp 720w, https:\/\/meat-machine.com\/wp-content\/uploads\/2026\/02\/meat-mixer-300x225.webp 300w, https:\/\/meat-machine.com\/wp-content\/uploads\/2026\/02\/meat-mixer-16x12.webp 16w\" sizes=\"auto, (max-width: 720px) 100vw, 720px\" \/><figcaption class=\"wp-element-caption\">Fleischmischer<\/figcaption><\/figure>    <figure class=\"wp-block-image size-large\"><img loading=\"lazy\" decoding=\"async\" width=\"720\" height=\"540\" data-id=\"1064\" src=\"https:\/\/meat-machine.com\/wp-content\/uploads\/2026\/02\/meat.webp\" alt=\"Fleisch\" class=\"wp-image-1064\" title=\"\" srcset=\"https:\/\/meat-machine.com\/wp-content\/uploads\/2026\/02\/meat.webp 720w, https:\/\/meat-machine.com\/wp-content\/uploads\/2026\/02\/meat-300x225.webp 300w, https:\/\/meat-machine.com\/wp-content\/uploads\/2026\/02\/meat-16x12.webp 16w\" sizes=\"auto, (max-width: 720px) 100vw, 720px\" \/><figcaption class=\"wp-element-caption\">Fleisch<\/figcaption><\/figure> <\/figure>    <h2 class=\"wp-block-heading\">Abschluss<\/h2>    <p class=\"wp-block-paragraph translation-block\">Die <strong>Fleischsch\u00fcssel-Hacker- und Mischmaschine<\/strong> ist perfekt f\u00fcr die industrielle Produktion von <a href=\"https:\/\/meat-machine.com\/de\/produkt\/wurstverarbeitungslinie\/\" data-type=\"link\" data-id=\"https:\/\/meat-machine.com\/product\/sausage-processing-line\/\">W\u00fcrsten<\/a>, <a href=\"https:\/\/meat-machine.com\/de\/produkt\/meatball-making-machine-processing-line\/\" data-type=\"link\" data-id=\"https:\/\/meat-machine.com\/product\/meatball-making-machine-processing-line\/\">Frikadellen<\/a>, <a href=\"https:\/\/meat-machine.com\/de\/produkt\/meat-patty-making-machine-production-line\/\" data-type=\"link\" data-id=\"https:\/\/meat-machine.com\/product\/meat-patty-making-machine-production-line\/\">Pattys<\/a> und anderen verarbeiteten Lebensmitteln. Diese Maschine verk\u00fcrzt die Verarbeitungszeit, erh\u00e4lt die Qualit\u00e4t der Zutaten und vereinfacht die Bedienung. <\/p>    <figure class=\"wp-block-gallery has-nested-images columns-default is-cropped wp-block-gallery-4 is-layout-flex wp-block-gallery-is-layout-flex\"> <figure class=\"wp-block-image size-large\"><img loading=\"lazy\" decoding=\"async\" width=\"720\" height=\"540\" data-id=\"1038\" src=\"https:\/\/meat-machine.com\/wp-content\/uploads\/2026\/02\/Meatball-making-machine-processing-line.webp\" alt=\"Fleischb\u00e4llchenherstellungsmaschine Produktionslinie\" class=\"wp-image-1038\" title=\"\" srcset=\"https:\/\/meat-machine.com\/wp-content\/uploads\/2026\/02\/Meatball-making-machine-processing-line.webp 720w, https:\/\/meat-machine.com\/wp-content\/uploads\/2026\/02\/Meatball-making-machine-processing-line-300x225.webp 300w, https:\/\/meat-machine.com\/wp-content\/uploads\/2026\/02\/Meatball-making-machine-processing-line-16x12.webp 16w\" sizes=\"auto, (max-width: 720px) 100vw, 720px\" \/><figcaption class=\"wp-element-caption\">Wurstherstellungsmaschine Produktionslinie<\/figcaption><\/figure>    <figure class=\"wp-block-image size-large\"><img loading=\"lazy\" decoding=\"async\" width=\"720\" height=\"540\" data-id=\"1026\" src=\"https:\/\/meat-machine.com\/wp-content\/uploads\/2026\/02\/industrial-Meat-patty-making-machine-production-line.webp\" alt=\"Verpackungsmaschine\" class=\"wp-image-1026\" title=\"\" srcset=\"https:\/\/meat-machine.com\/wp-content\/uploads\/2026\/02\/industrial-Meat-patty-making-machine-production-line.webp 720w, https:\/\/meat-machine.com\/wp-content\/uploads\/2026\/02\/industrial-Meat-patty-making-machine-production-line-300x225.webp 300w, https:\/\/meat-machine.com\/wp-content\/uploads\/2026\/02\/industrial-Meat-patty-making-machine-production-line-16x12.webp 16w\" sizes=\"auto, (max-width: 720px) 100vw, 720px\" \/><figcaption class=\"wp-element-caption\">Industrielle Fleischpatty-Herstellungsanlage Produktionslinie<\/figcaption><\/figure>    <figure class=\"wp-block-image size-large\"><img loading=\"lazy\" decoding=\"async\" width=\"720\" height=\"540\" data-id=\"459\" src=\"https:\/\/meat-machine.com\/wp-content\/uploads\/2023\/08\/sausage-production-line.webp\" alt=\"Wurstherstellungsger\u00e4te\" class=\"wp-image-459\" title=\"\" srcset=\"https:\/\/meat-machine.com\/wp-content\/uploads\/2023\/08\/sausage-production-line.webp 720w, https:\/\/meat-machine.com\/wp-content\/uploads\/2023\/08\/sausage-production-line-300x225.webp 300w\" sizes=\"auto, (max-width: 720px) 100vw, 720px\" \/><figcaption class=\"wp-element-caption\">Wurstherstellungsger\u00e4te<\/figcaption><\/figure> <\/figure>    <p class=\"wp-block-paragraph translation-block\"><strong>Kontaktieren Sie uns noch heute f\u00fcr ein Angebot und sehen Sie, wie diese Maschine Ihre Produktionslinie verbessern kann.<\/strong><br><br><\/p>","protected":false},"excerpt":{"rendered":"<p>Der Fleischsch\u00fcssel-Hacker und Mischmaschine ist eine Lebensmittelverarbeitungsmaschine, die Hochgeschwindigkeits-Hacken und gleichm\u00e4\u00dfiges Mischen in einer Einheit vereint.<\/p>","protected":false},"author":1,"featured_media":1055,"parent":0,"template":"","tags":[79],"product-type":[4],"class_list":["post-1052","product","type-product","status-publish","has-post-thumbnail","hentry","tag-meat-bowl-chopper-and-mixer-machine","product-type-meat-grinder"],"_links":{"self":[{"href":"https:\/\/meat-machine.com\/de\/wp-json\/wp\/v2\/product\/1052","targetHints":{"allow":["GET"]}}],"collection":[{"href":"https:\/\/meat-machine.com\/de\/wp-json\/wp\/v2\/product"}],"about":[{"href":"https:\/\/meat-machine.com\/de\/wp-json\/wp\/v2\/types\/product"}],"author":[{"embeddable":true,"href":"https:\/\/meat-machine.com\/de\/wp-json\/wp\/v2\/users\/1"}],"wp:featuredmedia":[{"embeddable":true,"href":"https:\/\/meat-machine.com\/de\/wp-json\/wp\/v2\/media\/1055"}],"wp:attachment":[{"href":"https:\/\/meat-machine.com\/de\/wp-json\/wp\/v2\/media?parent=1052"}],"wp:term":[{"taxonomy":"post_tag","embeddable":true,"href":"https:\/\/meat-machine.com\/de\/wp-json\/wp\/v2\/tags?post=1052"},{"taxonomy":"product-type","embeddable":true,"href":"https:\/\/meat-machine.com\/de\/wp-json\/wp\/v2\/product-type?post=1052"}],"curies":[{"name":"wp","href":"https:\/\/api.w.org\/{rel}","templated":true}]}}