{"id":101,"date":"2022-09-08T09:03:47","date_gmt":"2022-09-08T09:03:47","guid":{"rendered":"https:\/\/meat-machine.com\/?post_type=product&#038;p=101"},"modified":"2024-12-16T16:44:22","modified_gmt":"2024-12-16T08:44:22","slug":"fisch-entbeinungsmaschine","status":"publish","type":"product","link":"https:\/\/meat-machine.com\/de\/product\/fish-deboner-machine\/","title":{"rendered":"Fisch-Entbeinungsmaschine | Fischfleisch-Knochentrennmaschine"},"content":{"rendered":"<div class=\"kk-star-ratings kksr-auto kksr-align-left kksr-valign-top\"     data-payload='{&quot;align&quot;:&quot;left&quot;,&quot;id&quot;:&quot;101&quot;,&quot;slug&quot;:&quot;default&quot;,&quot;valign&quot;:&quot;top&quot;,&quot;ignore&quot;:&quot;&quot;,&quot;reference&quot;:&quot;auto&quot;,&quot;class&quot;:&quot;&quot;,&quot;count&quot;:&quot;7&quot;,&quot;legendonly&quot;:&quot;&quot;,&quot;readonly&quot;:&quot;&quot;,&quot;score&quot;:&quot;4.7&quot;,&quot;starsonly&quot;:&quot;&quot;,&quot;best&quot;:&quot;5&quot;,&quot;gap&quot;:&quot;5&quot;,&quot;greet&quot;:&quot;Rate this product&quot;,&quot;legend&quot;:&quot;4.7\\\/5 - (7 votes)&quot;,&quot;size&quot;:&quot;24&quot;,&quot;title&quot;:&quot;Fish Deboner Machine | Fish Meat Bone Separator Machine&quot;,&quot;width&quot;:&quot;133.8&quot;,&quot;_legend&quot;:&quot;{score}\\\/{best} - ({count} {votes})&quot;,&quot;font_factor&quot;:&quot;1.25&quot;}'>              <div class=\"kksr-stars\">      <div class=\"kksr-stars-inactive\">             <div class=\"kksr-star\" data-star=\"1\" style=\"padding-right: 5px\">               <div class=\"kksr-icon\" style=\"width: 24px; height: 24px;\"><\/div>         <\/div>             <div class=\"kksr-star\" data-star=\"2\" style=\"padding-right: 5px\">               <div class=\"kksr-icon\" style=\"width: 24px; height: 24px;\"><\/div>         <\/div>             <div class=\"kksr-star\" data-star=\"3\" style=\"padding-right: 5px\">               <div class=\"kksr-icon\" style=\"width: 24px; height: 24px;\"><\/div>         <\/div>             <div class=\"kksr-star\" data-star=\"4\" style=\"padding-right: 5px\">               <div class=\"kksr-icon\" style=\"width: 24px; height: 24px;\"><\/div>         <\/div>             <div class=\"kksr-star\" data-star=\"5\" style=\"padding-right: 5px\">               <div class=\"kksr-icon\" style=\"width: 24px; height: 24px;\"><\/div>         <\/div>     <\/div>      <div class=\"kksr-stars-active\" style=\"width: 133.8px;\">             <div class=\"kksr-star\" style=\"padding-right: 5px\">               <div class=\"kksr-icon\" style=\"width: 24px; height: 24px;\"><\/div>         <\/div>             <div class=\"kksr-star\" style=\"padding-right: 5px\">               <div class=\"kksr-icon\" style=\"width: 24px; height: 24px;\"><\/div>         <\/div>             <div class=\"kksr-star\" style=\"padding-right: 5px\">               <div class=\"kksr-icon\" style=\"width: 24px; height: 24px;\"><\/div>         <\/div>             <div class=\"kksr-star\" style=\"padding-right: 5px\">               <div class=\"kksr-icon\" style=\"width: 24px; height: 24px;\"><\/div>         <\/div>             <div class=\"kksr-star\" style=\"padding-right: 5px\">               <div class=\"kksr-icon\" style=\"width: 24px; height: 24px;\"><\/div>         <\/div>     <\/div> <\/div>                   <div class=\"kksr-legend\" style=\"font-size: 19.2px;\">             4,7\/5 - (7 Stimmen)    <\/div>     <\/div>  <p class=\"wp-block-paragraph\">Die Fischentbeinungsmaschine kann Fischfleisch effizient extrahieren und es von Knochen und Haut trennen. Diese vielseitige Maschine dient sowohl als Fleischtrenner als auch als Fleischwolf und erm\u00f6glicht die saubere Extraktion von Fischfleisch. Es kann alle Arten von Fisch verarbeiten und eignet sich daher ideal f\u00fcr die Herstellung von Produkten wie Fischb\u00e4llchen und anderen Produkten auf Fischbasis.<\/p>    <p class=\"wp-block-paragraph\">Mit Kapazit\u00e4ten von 180 kg\/h bis 1500 kg\/h eignet sich die Fischentbeinungsmaschine sowohl f\u00fcr kleine als auch gro\u00dfe Produktionsanforderungen. Es wird h\u00e4ufig in Lebensmittelverarbeitungsbetrieben, Restaurants, Hotels und anderen Lebensmittelindustrien eingesetzt, in denen hochwertiges Fischfleisch ben\u00f6tigt wird. <\/p>    <figure class=\"wp-block-embed is-type-video is-provider-youtube wp-block-embed-youtube wp-embed-aspect-16-9 wp-has-aspect-ratio\"><div class=\"wp-block-embed__wrapper\"> <iframe loading=\"lazy\" title=\"Fischfleisch-Knochentrennmaschine | Wie funktioniert die Fisch-Entbeinungsmaschine?\" width=\"500\" height=\"281\" src=\"https:\/\/www.youtube.com\/embed\/1CjSzOEuwnU?feature=oembed\" frameborder=\"0\" allow=\"accelerometer; autoplay; clipboard-write; encrypted-media; gyroscope; picture-in-picture; web-share\" referrerpolicy=\"strict-origin-when-cross-origin\" allowfullscreen><\/iframe> <\/div><figcaption class=\"wp-element-caption\">Arbeitsvideo der Fischzerlegemaschine<\/figcaption><\/figure>    <h2 class=\"wp-block-heading\" id=\"h-characteristics-of-automatic-fish-deboner-machine\">Eigenschaften der automatischen Fischentbeinungsmaschine<\/h2>    <ul class=\"wp-block-list\"> <li>Hergestellt aus lebensmittelechtem Edelstahl 304 f\u00fcr Langlebigkeit und Sicherheit.<\/li>    <li>Erreicht eine Fischfleischsammlung von bis zu 95% durch effizientes Trennen von Knochen, Haut und Rippen.<\/li>    <li>Geeignet f\u00fcr S\u00fc\u00dfwasser- und Meeresfische, wobei kleine Fische direkt und gr\u00f6\u00dfere Fische nach der Segmentierung verarbeitet werden.<\/li>    <li>Unterst\u00fctzt die Herstellung von Fischb\u00e4llchen, Kn\u00f6deln, Tofu und anderen Fischprodukten.<\/li>    <li>Kompakt, effizient und kosteng\u00fcnstig, steigert den Wert von preisg\u00fcnstigem Fisch und spart gleichzeitig Arbeitsaufwand.<\/li> <\/ul>   <div class=\"wp-block-image\"> <figure class=\"aligncenter size-full\"><img loading=\"lazy\" decoding=\"async\" width=\"800\" height=\"500\" src=\"https:\/\/meat-machine.com\/wp-content\/uploads\/2022\/09\/application-scope-of-fish-deboning-machine.webp\" alt=\"Anwendungsbereich der Fischzerlegemaschine\" class=\"wp-image-103\" title=\"\" srcset=\"https:\/\/meat-machine.com\/wp-content\/uploads\/2022\/09\/application-scope-of-fish-deboning-machine.webp 800w, https:\/\/meat-machine.com\/wp-content\/uploads\/2022\/09\/application-scope-of-fish-deboning-machine-300x188.webp 300w, https:\/\/meat-machine.com\/wp-content\/uploads\/2022\/09\/application-scope-of-fish-deboning-machine-768x480.webp 768w\" sizes=\"auto, (max-width: 800px) 100vw, 800px\" \/><figcaption class=\"wp-element-caption\">Anwendungsbereich der Fischzerlegemaschine<\/figcaption><\/figure> <\/div>   <h2 class=\"wp-block-heading\">Struktur der Fischentbeinungsmaschine<\/h2>    <p class=\"wp-block-paragraph translation-block\">Die <strong>Fischentgr\u00e4tmaschine<\/strong> verf\u00fcgt \u00fcber eine robuste und effiziente Struktur, die darauf ausgelegt ist, Fischfleisch und Knochen zu trennen. Ihre Hauptkomponenten umfassen:<\/p>    <div class=\"wp-block-media-text is-stacked-on-mobile\"><figure class=\"wp-block-media-text__media\"><img loading=\"lazy\" decoding=\"async\" width=\"720\" height=\"540\" src=\"https:\/\/meat-machine.com\/wp-content\/uploads\/2022\/09\/automatic-fish-deboner-machine.webp\" alt=\"automatische Fischentgr\u00e4tungsmaschine\" class=\"wp-image-700 size-full\" title=\"\" srcset=\"https:\/\/meat-machine.com\/wp-content\/uploads\/2022\/09\/automatic-fish-deboner-machine.webp 720w, https:\/\/meat-machine.com\/wp-content\/uploads\/2022\/09\/automatic-fish-deboner-machine-300x225.webp 300w, https:\/\/meat-machine.com\/wp-content\/uploads\/2022\/09\/automatic-fish-deboner-machine-16x12.webp 16w\" sizes=\"auto, (max-width: 720px) 100vw, 720px\" \/><\/figure><div class=\"wp-block-media-text__content\"> <ul class=\"wp-block-list\"> <li><strong>Motor- und \u00dcbertragungsger\u00e4t<\/strong>. Diese steuern den Betrieb der Maschine und sorgen f\u00fcr eine reibungslose Leistung.<\/li>    <li><strong>Walze mit Innenabstreifer<\/strong>. Die Walze ist ein wesentlicher Bestandteil beim Trennen der Fischgr\u00e4ten vom Fleisch. Gleichm\u00e4\u00dfig verteilte Siebl\u00f6cher auf der Trommel erm\u00f6glichen den Durchtritt des Fischfleisches, w\u00e4hrend die Gr\u00e4ten drau\u00dfen bleiben. Der innere Schaber l\u00f6st Fleisch von der Innenwand der Walze und sorgt so f\u00fcr eine effiziente Sammlung.<\/li> <\/ul> <\/div><\/div>    <div class=\"wp-block-media-text has-media-on-the-right is-stacked-on-mobile\"><div class=\"wp-block-media-text__content\"> <ul class=\"wp-block-list\"> <li><strong>Fleischsammelband<\/strong>. Arbeitet neben der Walze und \u00fcbt Druck aus, dr\u00fcckt den Fisch zusammen und erm\u00f6glicht die Trennung von Fleisch und Knochen.<\/li>    <li><strong>Automatisches Feinabstimmungsger\u00e4t<\/strong>. Passt den Druck automatisch an und stellt den Abstand w\u00e4hrend des Betriebs neu ein, um eine gleichbleibende Trennqualit\u00e4t sicherzustellen.<\/li>    <li><strong>Schaber (innen und au\u00dfen)<\/strong>. Der innere Schaber entfernt Fleisch von der Trommel, w\u00e4hrend der \u00e4u\u00dfere Schaber Knochen und Haut von der Walzenoberfl\u00e4che entfernt.<\/li> <\/ul> <\/div><figure class=\"wp-block-media-text__media\"><img loading=\"lazy\" decoding=\"async\" width=\"720\" height=\"540\" src=\"https:\/\/meat-machine.com\/wp-content\/uploads\/2022\/09\/fish-deboner-machine-for-sale.webp\" alt=\"Fischentgr\u00e4tungsmaschine zu verkaufen\" class=\"wp-image-701 size-full\" title=\"\" srcset=\"https:\/\/meat-machine.com\/wp-content\/uploads\/2022\/09\/fish-deboner-machine-for-sale.webp 720w, https:\/\/meat-machine.com\/wp-content\/uploads\/2022\/09\/fish-deboner-machine-for-sale-300x225.webp 300w, https:\/\/meat-machine.com\/wp-content\/uploads\/2022\/09\/fish-deboner-machine-for-sale-16x12.webp 16w\" sizes=\"auto, (max-width: 720px) 100vw, 720px\" \/><\/figure><\/div>    <div class=\"wp-block-media-text is-stacked-on-mobile\"><figure class=\"wp-block-media-text__media\"><img loading=\"lazy\" decoding=\"async\" width=\"720\" height=\"540\" src=\"https:\/\/meat-machine.com\/wp-content\/uploads\/2022\/09\/fish-deboner-machine-1.webp\" alt=\"Fisch-Entbeinungsmaschine\" class=\"wp-image-702 size-full\" title=\"\" srcset=\"https:\/\/meat-machine.com\/wp-content\/uploads\/2022\/09\/fish-deboner-machine-1.webp 720w, https:\/\/meat-machine.com\/wp-content\/uploads\/2022\/09\/fish-deboner-machine-1-300x225.webp 300w, https:\/\/meat-machine.com\/wp-content\/uploads\/2022\/09\/fish-deboner-machine-1-16x12.webp 16w\" sizes=\"auto, (max-width: 720px) 100vw, 720px\" \/><\/figure><div class=\"wp-block-media-text__content\"> <ul class=\"wp-block-list\"> <li><strong>Griffe zur Spalt- und Riemenverstellung<\/strong>. Diese erm\u00f6glichen eine Feinabstimmung des Abstands zwischen der Walze und dem Band und passen die Spannung des Bandes f\u00fcr optimale Leistung an.<\/li>    <li><strong>Ein- und Ausl\u00e4sse<\/strong>. Der Einlass leitet den Fisch in die Maschine, w\u00e4hrend separate Ausl\u00e4sse Hackfleisch und Fischgr\u00e4ten verarbeiten.<\/li>    <li><strong>Fleischtrommel<\/strong>. Sammelt und verarbeitet das abgetrennte Fischfleisch effektiv.<\/li> <\/ul> <\/div><\/div>    <p class=\"wp-block-paragraph\">Diese umfassende Struktur erm\u00f6glicht es der Fischentbeinungsmaschine, eine hohe Effizienz und Pr\u00e4zision zu liefern, was sie in Fischverarbeitungsbetrieben unverzichtbar macht.<\/p>    <h2 class=\"wp-block-heading\" id=\"h-what-is-the-working-principle-of-the-fish-meat-bone-separator-machine\">Was ist das Funktionsprinzip der Fischfleisch-Knochentrennmaschine?<\/h2>    <div class=\"wp-block-media-text is-stacked-on-mobile\"><figure class=\"wp-block-media-text__media\"><img loading=\"lazy\" decoding=\"async\" width=\"720\" height=\"540\" src=\"https:\/\/meat-machine.com\/wp-content\/uploads\/2022\/09\/fish-bones-and-skins-come-out-of-the-machine.webp\" alt=\"Aus der Maschine kommen Fischgr\u00e4ten und -h\u00e4ute\" class=\"wp-image-104 size-full\" title=\"\" srcset=\"https:\/\/meat-machine.com\/wp-content\/uploads\/2022\/09\/fish-bones-and-skins-come-out-of-the-machine.webp 720w, https:\/\/meat-machine.com\/wp-content\/uploads\/2022\/09\/fish-bones-and-skins-come-out-of-the-machine-300x225.webp 300w\" sizes=\"auto, (max-width: 720px) 100vw, 720px\" \/><\/figure><div class=\"wp-block-media-text__content\"> <ul class=\"wp-block-list\"> <li>Der <strong>Fischfleisch-Knochentrennmaschine<\/strong> verf\u00fcgt \u00fcber ein Fleischfass und ein Gummiband zum Pressen.<\/li>    <li>W\u00e4hrend des Betriebs pressen das rollende Fleischfass und das Gummiband den Fisch zusammen, um das Fleisch in das Fass zu entnehmen.<\/li>    <li>Fischhaut und Gr\u00e4ten verbleiben au\u00dferhalb des Fleischfasses und werden mit einem Schaber entfernt.<\/li>    <li>Das verarbeitete Fischfleisch wird \u00fcber einen separaten Auslass abgef\u00fchrt.<\/li> <\/ul> <\/div><\/div>    <h2 class=\"wp-block-heading\" id=\"h-how-to-use-the-fish-deboner-machine-correctly\">Wie verwende ich die Fischentbeinungsmaschine richtig?<\/h2>    <ul class=\"wp-block-list\"> <li>Kleine Fische k\u00f6nnen Sie direkt in das Futter f\u00fcttern <strong>Fisch-Entbeinungsmaschine<\/strong> ohne Vorbereitung.<\/li>    <li>Entfernen Sie bei gro\u00dfen Fischen vor der Verarbeitung die Eingeweide und Schuppen. Es wird empfohlen, einen Entschupper und einen Fleischschneider zu verwenden.<\/li>    <li>\u00dcberpr\u00fcfen Sie die Maschine vor dem Betrieb auf etwaige Probleme und lassen Sie sie 30 Sekunden lang im Leerlauf laufen, um einen reibungslosen Betrieb sicherzustellen.<\/li>    <li>Vermeiden Sie es, w\u00e4hrend des Betriebs H\u00e4nde oder harte Gegenst\u00e4nde in die Einf\u00fcll\u00f6ffnung zu stecken.<\/li>    <li>Schalten Sie nach Beendigung der Arbeit sofort den Strom aus und entfernen Sie alle verbleibenden Fischreste im Inneren der Maschine.<\/li> <\/ul>   <div class=\"wp-block-image\"> <figure class=\"aligncenter size-full\"><img loading=\"lazy\" decoding=\"async\" width=\"720\" height=\"540\" src=\"https:\/\/meat-machine.com\/wp-content\/uploads\/2022\/09\/fish-meat-bone-separator.webp\" alt=\"Fischfleisch-Knochentrenner\" class=\"wp-image-108\" title=\"\" srcset=\"https:\/\/meat-machine.com\/wp-content\/uploads\/2022\/09\/fish-meat-bone-separator.webp 720w, https:\/\/meat-machine.com\/wp-content\/uploads\/2022\/09\/fish-meat-bone-separator-300x225.webp 300w\" sizes=\"auto, (max-width: 720px) 100vw, 720px\" \/><figcaption class=\"wp-element-caption\">Fischfleisch-Knochentrenner<\/figcaption><\/figure> <\/div>   <h2 class=\"wp-block-heading\">Parameter der Fischfleisch-Knochentrennmaschine<\/h2>    <figure class=\"wp-block-table\"><table class=\"has-fixed-layout\"><tbody><tr><td>Modell<\/td><td>Abmessung (mm)<\/td><td>Kapazit\u00e4t (kg\/h)<\/td><td>Leistung (kW)<\/td><td>Riemendicke (mm)<\/td><td>Riemenl\u00e4nge (mm)<\/td><td>Laufdurchmesser (mm)<\/td><td>Laufdicke (mm)<\/td><td>Lochst\u00e4rke (mm)<\/td><td>Gewicht (kg)<\/td><\/tr><tr><td>TZ-F150<\/td><td>850*680*900<\/td><td>180<\/td><td>2.2<\/td><td>20<\/td><td>1195<\/td><td>162<\/td><td>8<\/td><td>2.7<\/td><td>220<\/td><\/tr><tr><td>TZ-F200<\/td><td>900*880*950<\/td><td>280<\/td><td>2.2<\/td><td>20<\/td><td>1450<\/td><td>219<\/td><td>8<\/td><td>2.7<\/td><td>260<\/td><\/tr><tr><td>TZ-F300<\/td><td>1150*870*1060<\/td><td>360<\/td><td>2.2<\/td><td>20<\/td><td>1450<\/td><td>219<\/td><td>8<\/td><td>2.7<\/td><td>320<\/td><\/tr><tr><td>TZ-F350<\/td><td>1300*1000*1050<\/td><td>1500<\/td><td>2.2<\/td><td>20<\/td><td>2500<\/td><td>300<\/td><td>12<\/td><td>4\/4.5\/5\/6<\/td><td>750<\/td><\/tr><\/tbody><\/table><\/figure>   <div class=\"wp-block-image\"> <figure class=\"aligncenter size-full\"><img loading=\"lazy\" decoding=\"async\" width=\"720\" height=\"540\" src=\"https:\/\/meat-machine.com\/wp-content\/uploads\/2022\/09\/fish-deboner-machine.webp\" alt=\"Fisch-Entbeinungsmaschine\" class=\"wp-image-106\" title=\"\" srcset=\"https:\/\/meat-machine.com\/wp-content\/uploads\/2022\/09\/fish-deboner-machine.webp 720w, https:\/\/meat-machine.com\/wp-content\/uploads\/2022\/09\/fish-deboner-machine-300x225.webp 300w\" sizes=\"auto, (max-width: 720px) 100vw, 720px\" \/><figcaption class=\"wp-element-caption\">Fisch-Entbeinungsmaschine<\/figcaption><\/figure> <\/div>   <h2 class=\"wp-block-heading\" id=\"h-faq\">FAQ zum Fischfleisch-Knochentrenner<\/h2>   <div id=\"rank-math-faq\" class=\"rank-math-block\"> <div class=\"rank-math-list\"> <div id=\"faq-question-1734332979439\" class=\"rank-math-list-item\"> <h3 class=\"rank-math-question\">Kann die Maschine Fischgr\u00e4ten entfernen?<\/h3> <div class=\"rank-math-answer\">  <p>Ja, der Maschendurchmesser kann bis zu 3 mm betragen, wodurch Fischgr\u00e4ten effektiv entfernt werden.<\/p>  <\/div> <\/div> <div id=\"faq-question-1734332997476\" class=\"rank-math-list-item\"> <h3 class=\"rank-math-question\">Ist die Maschine komplett aus Edelstahl gefertigt?<\/h3> <div class=\"rank-math-answer\">  <p>Die meisten Teile bestehen aus Edelstahl, mit Ausnahme des Rahmens und des Getriebes im Motor, die aus Gusseisen bestehen.<\/p>  <\/div> <\/div> <div id=\"faq-question-1734333042417\" class=\"rank-math-list-item\"> <h3 class=\"rank-math-question\">Kann die Maschenweite angepasst werden?<\/h3> <div class=\"rank-math-answer\">  <p>Die Maschenweite ist bis maximal 5mm einstellbar.<\/p>  <\/div> <\/div> <div id=\"faq-question-1734333056183\" class=\"rank-math-list-item\"> <h3 class=\"rank-math-question\">M\u00fcssen gro\u00dfe Fische vor der Verarbeitung vorbereitet werden?<\/h3> <div class=\"rank-math-answer\">  <p>Ja, gro\u00dfe Fische m\u00fcssen ausgenommen und entschuppt werden. Kleine Fische k\u00f6nnen jedoch ohne Vorbereitung direkt verarbeitet werden.<\/p>  <\/div> <\/div> <div id=\"faq-question-1734333087423\" class=\"rank-math-list-item\"> <h3 class=\"rank-math-question\">Kann die Maschine Fischst\u00fccke statt Hackfleisch verarbeiten?<\/h3> <div class=\"rank-math-answer\">  <p>Nein, der maximale Maschendurchmesser betr\u00e4gt 5 mm und ist f\u00fcr gehacktes Fischfleisch gedacht, nicht f\u00fcr gr\u00f6\u00dfere St\u00fccke.<\/p>  <\/div> <\/div> <\/div> <\/div>  <div class=\"wp-block-image\"> <figure class=\"aligncenter size-full\"><img loading=\"lazy\" decoding=\"async\" width=\"720\" height=\"540\" src=\"https:\/\/meat-machine.com\/wp-content\/uploads\/2022\/09\/brand-new-fish-deboner-machine-shipped-to-India.webp\" alt=\"brandneue Fischentbeinungsmaschine nach Indien verschifft\" class=\"wp-image-301\" title=\"\" srcset=\"https:\/\/meat-machine.com\/wp-content\/uploads\/2022\/09\/brand-new-fish-deboner-machine-shipped-to-India.webp 720w, https:\/\/meat-machine.com\/wp-content\/uploads\/2022\/09\/brand-new-fish-deboner-machine-shipped-to-India-300x225.webp 300w\" sizes=\"auto, (max-width: 720px) 100vw, 720px\" \/><figcaption class=\"wp-element-caption\">brandneue Fischentbeinungsmaschine nach Indien verschifft<\/figcaption><\/figure> <\/div>   <h2 class=\"wp-block-heading\">Abschluss<\/h2>    <p class=\"wp-block-paragraph translation-block\">Ob Sie Fischb\u00e4llchen, Fischpaste oder andere Fischprodukte herstellen, diese Maschine ist eine ausgezeichnete Erg\u00e4nzung f\u00fcr Ihre Verarbeitungslinie.<\/p>    <p class=\"wp-block-paragraph translation-block\">Zus\u00e4tzlich zur Fischentgr\u00e4tmaschine bieten wir auch eine Reihe anderer Fischverarbeitungsger\u00e4te an. F\u00fcr weitere Details oder um ein Angebot anzufordern, kontaktieren Sie uns noch heute!<\/p>","protected":false},"excerpt":{"rendered":"<p>Die Fischentbeinungsmaschine kann Fischfleisch effizient extrahieren und es von Knochen und Haut trennen. <\/p>","protected":false},"author":1,"featured_media":107,"parent":0,"template":"","tags":[34,18],"product-type":[25],"class_list":["post-101","product","type-product","status-publish","has-post-thumbnail","hentry","tag-fish","tag-fish-deboner-machine","product-type-fish-processing-machine"],"_links":{"self":[{"href":"https:\/\/meat-machine.com\/de\/wp-json\/wp\/v2\/product\/101","targetHints":{"allow":["GET"]}}],"collection":[{"href":"https:\/\/meat-machine.com\/de\/wp-json\/wp\/v2\/product"}],"about":[{"href":"https:\/\/meat-machine.com\/de\/wp-json\/wp\/v2\/types\/product"}],"author":[{"embeddable":true,"href":"https:\/\/meat-machine.com\/de\/wp-json\/wp\/v2\/users\/1"}],"wp:featuredmedia":[{"embeddable":true,"href":"https:\/\/meat-machine.com\/de\/wp-json\/wp\/v2\/media\/107"}],"wp:attachment":[{"href":"https:\/\/meat-machine.com\/de\/wp-json\/wp\/v2\/media?parent=101"}],"wp:term":[{"taxonomy":"post_tag","embeddable":true,"href":"https:\/\/meat-machine.com\/de\/wp-json\/wp\/v2\/tags?post=101"},{"taxonomy":"product-type","embeddable":true,"href":"https:\/\/meat-machine.com\/de\/wp-json\/wp\/v2\/product-type?post=101"}],"curies":[{"name":"wp","href":"https:\/\/api.w.org\/{rel}","templated":true}]}}