{"id":33,"date":"2022-09-06T10:32:08","date_gmt":"2022-09-06T10:32:08","guid":{"rendered":"https:\/\/meat-machine.com\/?page_id=33"},"modified":"2022-09-13T02:57:11","modified_gmt":"2022-09-13T02:57:11","slug":"uber-uns","status":"publish","type":"page","link":"https:\/\/meat-machine.com\/de\/about-us\/","title":{"rendered":"\u00dcber uns"},"content":{"rendered":"<p class=\"wp-block-paragraph\">Wir sind ein auf die Produktion und Herstellung von Fleischmaschinen spezialisiertes Unternehmen. Mehr als 10 Jahre Erfahrung in der Produktion von Lebensmittelmaschinen erm\u00f6glichen es uns, hochwertige Lebensmittelproduktionsmaschinen f\u00fcr Kunden zu produzieren und unseren Kunden einzigartige, ma\u00dfgeschneiderte Dienstleistungen zu bieten.<\/p>    <h2 class=\"wp-block-heading\" id=\"h-what-machines-do-we-have\">Welche Maschinen haben wir?<\/h2>    <p class=\"wp-block-paragraph translation-block\">Bei <a href=\"https:\/\/meat-machine.com\/de\/\">Taizy Machinery<\/a> umfasst unsere Fleischverarbeitungsmaschinen <a href=\"https:\/\/meat-machine.com\/de\/produkt\/automatische-huhner-schneidemaschine\/\">automatische Fleischschneider<\/a>, <a href=\"https:\/\/meat-machine.com\/de\/produkt\/gewerblicher-gefrorener-fleischschneider\/\">Fleischschneider f\u00fcr gefrorenes Fleisch<\/a>, <a href=\"https:\/\/meat-machine.com\/de\/produkt\/fleischwurfelmaschine\/\">gefrorene Fleischw\u00fcrfler<\/a>, <a href=\"https:\/\/meat-machine.com\/de\/produkt\/knochenschleifer\/\">Knochenzerkleinerer<\/a>, <a href=\"https:\/\/meat-machine.com\/de\/produkt\/fleischknochentrenner\/\">Fleisch-Knochen-Trennmaschinen<\/a>, <a href=\"https:\/\/meat-machine.com\/de\/produkt\/fisch-entbeinungsmaschine\/\">Fischentgr\u00e4tungsmaschinen<\/a>, <a href=\"https:\/\/meat-machine.com\/de\/produkt\/maschine-zur-herstellung-von-fleischballchen\/\">Fleischb\u00e4llchen-Maschinen<\/a>, <a href=\"https:\/\/meat-machine.com\/de\/produkt\/kommerzieller-burger-patty-maker\/\">Pattymaschinen<\/a>, <a href=\"https:\/\/meat-machine.com\/de\/produkt\/kommerzieller-fleischwolf\/\">industrielle Fleischwolfmaschinen<\/a> usw. Dar\u00fcber hinaus haben wir auch gewerbliche Raucher und Rollknetmaschinen zum Verkauf. Daher bietet unser Unternehmen eine gro\u00dfe Auswahl an Fleischproduktionsger\u00e4ten. Wenn Sie irgendwelche Bed\u00fcrfnisse an Fleischmaschinen haben, z\u00f6gern Sie bitte nicht, uns zu kontaktieren.<\/p>    <h2 class=\"wp-block-heading\" id=\"h-rich-experience-in-machinery-export\">Umfangreiche Erfahrung im Maschinenexport<\/h2>    <p class=\"wp-block-paragraph\">Unsere Maschinen wurden in die USA, nach Kanada, Frankreich, Nigeria, Tansania, Saudi-Arabien, Malaysia, S\u00fcdkorea, Brasilien, Peru, Mexiko, in die Schweiz und in viele andere L\u00e4nder exportiert. Daher verf\u00fcgen wir \u00fcber reiche Erfahrung im Maschinenexport.<\/p>    <figure class=\"wp-block-image size-full\"><img loading=\"lazy\" decoding=\"async\" width=\"1024\" height=\"620\" src=\"https:\/\/meat-machine.com\/wp-content\/uploads\/2022\/09\/people-from-many-countries-have-chosen-us.webp\" alt=\"Menschen aus vielen L\u00e4ndern haben uns gew\u00e4hlt\" class=\"wp-image-153\" title=\"\" srcset=\"https:\/\/meat-machine.com\/wp-content\/uploads\/2022\/09\/people-from-many-countries-have-chosen-us.webp 1024w, https:\/\/meat-machine.com\/wp-content\/uploads\/2022\/09\/people-from-many-countries-have-chosen-us-300x182.webp 300w, https:\/\/meat-machine.com\/wp-content\/uploads\/2022\/09\/people-from-many-countries-have-chosen-us-768x465.webp 768w\" sizes=\"auto, (max-width: 1024px) 100vw, 1024px\" \/><figcaption>Menschen aus vielen L\u00e4ndern haben sich f\u00fcr uns entschieden<\/figcaption><\/figure>","protected":false},"excerpt":{"rendered":"<p>We are a company specializing in the production and manufacture of meat machinery. More than 10 years of food machinery production experience allows us to produce high-quality food production machines for customers and provide customers with unique customized services. What machines do we have? At Taizy Machinery, our meat processing machinery includes automatic meat cutters, [&hellip;]<\/p>\n","protected":false},"author":1,"featured_media":0,"parent":0,"menu_order":0,"comment_status":"closed","ping_status":"closed","template":"","meta":{"_crdt_document":"","footnotes":""},"class_list":["post-33","page","type-page","status-publish","hentry"],"_links":{"self":[{"href":"https:\/\/meat-machine.com\/de\/wp-json\/wp\/v2\/pages\/33","targetHints":{"allow":["GET"]}}],"collection":[{"href":"https:\/\/meat-machine.com\/de\/wp-json\/wp\/v2\/pages"}],"about":[{"href":"https:\/\/meat-machine.com\/de\/wp-json\/wp\/v2\/types\/page"}],"author":[{"embeddable":true,"href":"https:\/\/meat-machine.com\/de\/wp-json\/wp\/v2\/users\/1"}],"replies":[{"embeddable":true,"href":"https:\/\/meat-machine.com\/de\/wp-json\/wp\/v2\/comments?post=33"}],"version-history":[{"count":0,"href":"https:\/\/meat-machine.com\/de\/wp-json\/wp\/v2\/pages\/33\/revisions"}],"wp:attachment":[{"href":"https:\/\/meat-machine.com\/de\/wp-json\/wp\/v2\/media?parent=33"}],"curies":[{"name":"wp","href":"https:\/\/api.w.org\/{rel}","templated":true}]}}